{"id":927,"date":"2021-04-22T03:22:30","date_gmt":"2021-04-22T03:22:30","guid":{"rendered":"http:\/\/rentwell.org\/?page_id=927"},"modified":"2023-10-11T21:39:50","modified_gmt":"2023-10-11T21:39:50","slug":"landlords","status":"publish","type":"page","link":"https:\/\/rentwell.org\/vi\/landlords\/","title":{"rendered":"\u0110\u1ed1i v\u1edbi ch\u1ee7 nh\u00e0"},"content":{"rendered":"<div class=\"container\" ><div class=\"vc_row wpb_row vc_row-fluid\"><div class=\"wpb_column vc_column_container vc_col-sm-12\"><div class=\"vc_column-inner\"><div class=\"wpb_wrapper\">\n\t<div class=\"wpb_text_column wpb_content_element\" >\n\t\t<div class=\"wpb_wrapper\">\n\t\t\t<h2><span style=\"font-weight: 400;\">Ch\u00fang t\u00f4i gi\u00fap ch\u1ee7 nh\u00e0 d\u1ec5 d\u00e0ng x\u00e1c nh\u1eadn t\u01b0 c\u00e1ch \u0111\u1ee7 \u0111i\u1ec1u ki\u1ec7n c\u1ee7a ng\u01b0\u1eddi thu\u00ea nh\u00e0 ti\u1ec1m n\u0103ng, \u0111\u0103ng k\u00fd b\u1ea3o l\u00e3nh v\u00e0 y\u00eau c\u1ea7u thanh to\u00e1n n\u1ebfu c\u1ea7n.<br \/>\n\u0110\u1ecdc ti\u1ebfp \u0111\u1ec3 t\u00ecm hi\u1ec3u th\u00eam v\u1ec1 Qu\u1ef9 khuy\u1ebfn kh\u00edch ch\u1ee7 nh\u00e0 v\u00e0 c\u00e1ch ng\u01b0\u1eddi thu\u00ea nh\u00e0 c\u1ee7a b\u1ea1n c\u00f3 th\u1ec3 \u0111\u1ee7 \u0111i\u1ec1u ki\u1ec7n.<br \/>\n<\/span><\/h2>\n<ul>\n<li>\n<h1>X\u00e1c nh\u1eadn t\u00ednh \u0111\u1ee7 \u0111i\u1ec1u ki\u1ec7n c\u1ee7a ng\u01b0\u1eddi thu\u00ea nh\u00e0 ti\u1ec1m n\u0103ng <strong><a href=\"https:\/\/rentwell.org\/vi\/landlords\/eligibility\/\">\u0110\u00c2Y<\/a><br \/>\n<\/strong><\/h1>\n<\/li>\n<li>\n<h1>\u0110\u0103ng k\u00fd b\u1ea3o l\u00e3nh <a href=\"https:\/\/rentwell.org\/vi\/landlords\/rgp\/\" target=\"_blank\" rel=\"noopener\"><strong>\u0110\u00c2Y<\/strong><\/a><\/h1>\n<\/li>\n<li>\n<h1>Y\u00eau c\u1ea7u thanh to\u00e1n <a href=\"https:\/\/rentwell.org\/vi\/payout\/\" target=\"_blank\" rel=\"noopener\"><strong>\u0110\u00c2Y<\/strong><\/a><\/h1>\n<\/li>\n<\/ul>\n\n\t\t<\/div>\n\t<\/div>\n<div class=\"vc_empty_space\"   style=\"height: 22px\" ><span class=\"vc_empty_space_inner\"><\/span><\/div>\n<div class=\"vc_empty_space\"   style=\"height: 22px\" ><span class=\"vc_empty_space_inner\"><\/span><\/div>\n\t\t\t<div\n\t\t\t\tclass=\"darna-heading style1\" >\n\t\t\t\t\t\t\t\t\t<h2>Qu\u1ef9 khuy\u1ebfn kh\u00edch cho thu\u00ea \u0111\u1ea5t l\u00e0 g\u00ec?<\/h2>\n\t\t\t\t\t\t\t\t\t\t\t<\/div>\n\t\t\t<div class=\"vc_empty_space\"   style=\"height: 22px\" ><span class=\"vc_empty_space_inner\"><\/span><\/div>\n\n\t<div class=\"wpb_text_column wpb_content_element\" >\n\t\t<div class=\"wpb_wrapper\">\n\t\t\t<p><span style=\"font-weight: 400;\">M\u1ed9t s\u1ed1 qu\u1eadn v\u00e0 c\u01a1 quan k\u1ebft h\u1ee3p c\u00e1c kh\u00f3a h\u1ecdc gi\u00e1o d\u1ee5c d\u00e0nh cho ng\u01b0\u1eddi thu\u00ea nh\u00e0 Rent Well c\u1ee7a h\u1ecd v\u1edbi Qu\u1ef9 Khuy\u1ebfn kh\u00edch Ch\u1ee7 nh\u00e0. Kho\u1ea3n t\u00e0i tr\u1ee3 n\u00e0y cung c\u1ea5p cho ch\u1ee7 nh\u00e0 s\u1ef1 \u0111\u1ea3m b\u1ea3o r\u1eb1ng n\u1ebfu m\u1ed9t ng\u01b0\u1eddi t\u1ed1t nghi\u1ec7p Rent Well r\u1eddi kh\u1ecfi c\u0103n h\u1ed9 cho thu\u00ea c\u1ee7a h\u1ecd trong n\u0103m \u0111\u1ea7u ti\u00ean v\u00e0 n\u1ee3 ti\u1ec1n thu\u00ea nh\u00e0 ch\u01b0a thanh to\u00e1n, ti\u1ec1n b\u1ed3i th\u01b0\u1eddng thi\u1ec7t h\u1ea1i ho\u1eb7c ph\u00ed ph\u00e1p l\u00fd v\u01b0\u1ee3t qu\u00e1 s\u1ed1 ti\u1ec1n \u0111\u1eb7t c\u1ecdc b\u1ea3o \u0111\u1ea3m, ch\u01b0\u01a1ng tr\u00ecnh s\u1ebd tr\u1ea3 cho ch\u1ee7 nh\u00e0 \u0111\u1ec3 trang tr\u1ea3i c\u00e1c chi ph\u00ed b\u1ed5 sung \u0111\u00f3. \u0111\u1ebfn m\u1ed9t s\u1ed1 ti\u1ec1n nh\u1ea5t \u0111\u1ecbnh.<\/span><\/p>\n<h4 style=\"text-align: center; color: #00b4cb;\"><b><i>K\u1ec3 t\u1eeb khi ch\u01b0\u01a1ng tr\u00ecnh b\u1eaft \u0111\u1ea7u v\u00e0o n\u0103m 2009, ch\u1ee7 nh\u00e0 \u0111\u00e3 c\u1ea7n \u00edt h\u01a1n 1% \u0111\u1ec3 ti\u1ebfp c\u1eadn qu\u1ef9.<\/i><\/b><\/h4>\n\n\t\t<\/div>\n\t<\/div>\n<div class=\"vc_empty_space\"   style=\"height: 22px\" ><span class=\"vc_empty_space_inner\"><\/span><\/div>\n\n\t<div class=\"wpb_text_column wpb_content_element\" >\n\t\t<div class=\"wpb_wrapper\">\n\t\t\t<p>N\u1ebfu b\u1ea1n hi\u1ec7n \u0111ang s\u00e0ng l\u1ecdc ho\u1eb7c l\u00e0m vi\u1ec7c v\u1edbi m\u1ed9t c\u00e1 nh\u00e2n \u0111\u00e3 trao cho b\u1ea1n ch\u1ee9ng ch\u1ec9 t\u1ed1t nghi\u1ec7p Rent Well, b\u1ea1n c\u00f3 th\u1ec3 \u0111i\u1ec1n v\u00e0o bi\u1ec3u m\u1eabu \u0111\u1ee7 \u0111i\u1ec1u ki\u1ec7n <a href=\"https:\/\/rentwell.org\/vi\/landlords\/eligibility\/\"><span style=\"text-decoration: underline;\"><strong>\u0110\u00c2Y<\/strong><\/span><\/a> \u0111\u1ec3 x\u00e1c minh t\u00ednh x\u00e1c th\u1ef1c c\u1ee7a ch\u1ee9ng ch\u1ec9 c\u1ee7a h\u1ecd, t\u00ednh \u0111\u1ee7 \u0111i\u1ec1u ki\u1ec7n c\u1ee7a c\u00e1 nh\u00e2n \u0111\u1ec3 ti\u1ebfp c\u1eadn b\u1ea3o l\u00e3nh v\u00e0 kh\u1ea3 n\u0103ng t\u00e0i tr\u1ee3. Sau khi th\u00f4ng tin n\u00e0y \u0111\u01b0\u1ee3c g\u1eedi, b\u1ea1n s\u1ebd nh\u1eadn \u0111\u01b0\u1ee3c email tr\u1ea3 l\u1eddi trong v\u00f2ng m\u1ed9t \u0111\u1ebfn hai ng\u00e0y l\u00e0m vi\u1ec7c.<\/p>\n\n\t\t<\/div>\n\t<\/div>\n<div class=\"vc_empty_space\"   style=\"height: 22px\" ><span class=\"vc_empty_space_inner\"><\/span><\/div>\n\t\t\t<div\n\t\t\t\tclass=\"darna-heading style1\" >\n\t\t\t\t\t\t\t\t\t<h2>C\u00e1ch truy c\u1eadp qu\u1ef9<\/h2>\n\t\t\t\t\t\t\t\t\t\t\t<\/div>\n\t\t\t<div class=\"vc_empty_space\"   style=\"height: 22px\" ><span class=\"vc_empty_space_inner\"><\/span><\/div>\n\n\t<div class=\"wpb_text_column wpb_content_element\" >\n\t\t<div class=\"wpb_wrapper\">\n\t\t\t<p>\u0110\u1ec3 ti\u1ebfp c\u1eadn lo\u1ea1i t\u00e0i tr\u1ee3 n\u00e0y, ch\u1ee7 nh\u00e0 c\u00f3 <strong>t\u1ed1i \u0111a 30 ng\u00e0y k\u1ec3 t\u1eeb ng\u00e0y b\u1eaft \u0111\u1ea7u thu\u00ea c\u1ee7a sinh vi\u00ean t\u1ed1t nghi\u1ec7p<\/strong> \u0111\u1ec3 li\u00ean h\u1ec7 v\u1edbi ch\u00fang t\u00f4i v\u00e0 \u0111\u0103ng k\u00fd qu\u1ef9. Qu\u00e1 tr\u00ecnh n\u00e0y r\u1ea5t \u0111\u01a1n gi\u1ea3n v\u00e0 bao g\u1ed3m vi\u1ec7c \u0111i\u1ec1n v\u00e0o m\u1ed9t \u0111\u01a1n \u0111\u0103ng k\u00fd ng\u1eafn g\u1ecdn, g\u1eedi m\u1ed9t th\u1ecfa thu\u1eadn v\u1edbi ch\u1ee7 nh\u00e0\/nh\u00e0 cung c\u1ea5p \u0111\u00e3 k\u00fd, c\u00e1c b\u1ea3n sao c\u1ee7a h\u1ee3p \u0111\u1ed3ng thu\u00ea \u0111\u00e3 k\u00fd v\u00e0 b\u00e1o c\u00e1o t\u00ecnh tr\u1ea1ng chuy\u1ec3n \u0111\u1ebfn \u0111\u00e3 k\u00fd.<br \/>\n\u0110\u1ec3 \u0111\u0103ng k\u00fd b\u1ea3o l\u00e3nh ch\u1ee7 nh\u00e0 cho sinh vi\u00ean t\u1ed1t nghi\u1ec7p, vui l\u00f2ng \u0111i\u1ec1n v\u00e0 g\u1eedi Bi\u1ec3u m\u1eabu \u0111\u0103ng k\u00fd ch\u01b0\u01a1ng tr\u00ecnh b\u1ea3o \u0111\u1ea3m ti\u1ec1n thu\u00ea nh\u00e0 <a href=\"https:\/\/rentwell.org\/vi\/landlords\/rgp\/\"><span style=\"text-decoration: underline;\"><strong>\u0110\u00c2Y<\/strong><\/span><\/a>. Sau khi th\u00f4ng tin n\u00e0y \u0111\u01b0\u1ee3c g\u1eedi, b\u1ea1n s\u1ebd nh\u1eadn \u0111\u01b0\u1ee3c email tr\u1ea3 l\u1eddi trong v\u00f2ng m\u1ed9t \u0111\u1ebfn hai ng\u00e0y l\u00e0m vi\u1ec7c.<\/p>\n\n\t\t<\/div>\n\t<\/div>\n<div class=\"vc_empty_space\"   style=\"height: 22px\" ><span class=\"vc_empty_space_inner\"><\/span><\/div>\n\t\t\t<div\n\t\t\t\tclass=\"darna-heading style1\" >\n\t\t\t\t\t\t\t\t\t<h2>Qu\u1ef9 n\u00e0o c\u00f3 s\u1eb5n trong Khu v\u1ef1c c\u1ee7a t\u00f4i?<\/h2>\n\t\t\t\t\t\t\t\t\t\t\t<\/div>\n\t\t\t<div class=\"vc_empty_space\"   style=\"height: 22px\" ><span class=\"vc_empty_space_inner\"><\/span><\/div>\n\n\t<div class=\"wpb_text_column wpb_content_element\" >\n\t\t<div class=\"wpb_wrapper\">\n\t\t\t<p><span style=\"font-weight: 400;\">S\u1ed1 ti\u1ec1n c\u1ee7a Qu\u1ef9 Khuy\u1ebfn kh\u00edch cho thu\u00ea \u0111\u1ea5t v\u00e0 ph\u1ea1m vi b\u1ea3o hi\u1ec3m d\u1ef1a tr\u00ean c\u00e1c ngu\u1ed3n l\u1ef1c b\u1ea3n \u0111\u1ecba h\u00f3a g\u1eafn li\u1ec1n v\u1edbi n\u01a1i c\u00e1 nh\u00e2n \u0111\u00e3 t\u1ed1t nghi\u1ec7p kh\u00f3a h\u1ecdc Rent Well. M\u1ed9t s\u1ed1 qu\u1ef9 \u0111\u01b0\u1ee3c chi tr\u1ea3 b\u1edfi c\u00e1c c\u01a1 quan cung c\u1ea5p g\u00f3i Rent Well<\/span><span style=\"font-weight: 400;\">ses. Trong<\/span><span style=\"font-weight: 400;\"> c\u00e1c tr\u01b0\u1eddng h\u1ee3p kh\u00e1c, qu\u1ef9 c\u1ee7a qu\u1eadn \u0111\u01b0\u1ee3c d\u00e0nh ri\u00eang cho h\u1ed7 tr\u1ee3 b\u1ed5 sung n\u00e0y<\/span><span style=\"font-weight: 400;\">. Ngo\u00e0i ra, w<\/span><span style=\"font-weight: 400;\">trong ti\u1ec3u bang Oregon,<\/span><a href=\"https:\/\/www.oregon.gov\/ohcs\/for-providers\/Pages\/rent-guarantee-program.aspx\" target=\"_blank\" rel=\"noopener\"><span style=\"font-weight: 400;\"> B\u1ed9 Gia c\u01b0 v\u00e0 D\u1ecbch v\u1ee5 C\u1ed9ng \u0111\u1ed3ng<\/span><\/a> <span style=\"font-weight: 400;\">c\u00f3 m\u1ed9t qu\u1ef9 d\u00e0nh ri\u00eang tr\u00ean to\u00e0n ti\u1ec3u bang m\u00e0 sinh vi\u00ean t\u1ed1t nghi\u1ec7p Rent Well \u0111\u1ee7 \u0111i\u1ec1u ki\u1ec7n c\u00f3 th\u1ec3 s\u1eed d\u1ee5ng.<\/span><\/p>\n<p><span style=\"font-weight: 400;\">D\u01b0\u1edbi \u0111\u00e2y l\u00e0 b\u1ea3ng ph\u00e2n t\u00edch ng\u1eafn g\u1ecdn v\u1ec1 c\u00e1c khu v\u1ef1c v\u00e0 qu\u1eadn c\u00f3 ch\u01b0\u01a1ng tr\u00ecnh Rent Well v\u00e0 Qu\u1ef9 Khuy\u1ebfn kh\u00edch Ch\u1ee7 nh\u00e0. Tuy nhi\u00ean, ch\u00fang t\u00f4i hoan ngh\u00eanh b\u1ea1n li\u00ean h\u1ec7 tr\u1ef1c ti\u1ebfp v\u1edbi Ch\u01b0\u01a1ng tr\u00ecnh Rent Well \u0111\u1ec3 gi\u00fap \u0111i\u1ec1u h\u01b0\u1edbng h\u1ec7 th\u1ed1ng n\u00e0y cho b\u1ea1n. <\/span><\/p>\n\n\t\t<\/div>\n\t<\/div>\n<div class=\"vc_empty_space\"   style=\"height: 22px\" ><span class=\"vc_empty_space_inner\"><\/span><\/div>\n<div class=\"vc_tta-container\" data-vc-action=\"collapseAll\"><div class=\"vc_general vc_tta vc_tta-accordion vc_tta-color-grey vc_tta-style-accordion_style1 vc_tta-shape-rounded vc_tta-o-shape-group vc_tta-controls-align-left vc_tta-o-all-clickable\"><div class=\"vc_tta-panels-container\"><div class=\"vc_tta-panels\"><div class=\"vc_tta-panel\" id=\"1619061991339-97ef178e-04a8\" data-vc-content=\".vc_tta-panel-body\"><div class=\"vc_tta-panel-heading\"><h4 class=\"vc_tta-panel-title vc_tta-controls-icon-position-left\"><a href=\"#1619061991339-97ef178e-04a8\" data-vc-accordion data-vc-container=\".vc_tta-container\"><span class=\"vc_tta-title-text\">Qu\u1ef9 khuy\u1ebfn kh\u00edch cho ch\u1ee7 \u0111\u1ea5t c\u1ee7a Oregon<\/span><i class=\"vc_tta-controls-icon vc_tta-controls-icon-plus\"><\/i><\/a><\/h4><\/div><div class=\"vc_tta-panel-body\">\n\t<div class=\"wpb_text_column wpb_content_element\" >\n\t\t<div class=\"wpb_wrapper\">\n\t\t\t<p><span style=\"font-weight: 400;\">Rent Well \u0111\u01b0\u1ee3c gi\u1ea3ng d\u1ea1y \u1edf h\u01a1n 17 qu\u1eadn tr\u00ean kh\u1eafp Oregon<\/span><span style=\"font-weight: 400;\">. M\u1ed8T<\/span><span style=\"font-weight: 400;\">T\u1ea5t c\u1ea3 c\u00e1c kh\u00f3a h\u1ecdc \u0111\u01b0\u1ee3c k\u1ebft h\u1ee3p v\u1edbi D\u1ecbch v\u1ee5 C\u1ed9ng \u0111\u1ed3ng Gia c\u01b0 Oregon (OHCS) <a href=\"https:\/\/www.oregon.gov\/ohcs\/for-providers\/pages\/rent-guarantee-program.aspx\" target=\"_blank\" rel=\"noopener\">Ch\u01b0\u01a1ng tr\u00ecnh \u0111\u1ea3m b\u1ea3o ti\u1ec1n thu\u00ea nh\u00e0<\/a> (RGP). Ch\u01b0\u01a1ng tr\u00ecnh \u0110\u1ea3m b\u1ea3o Ti\u1ec1n thu\u00ea nh\u00e0 cho ph\u00e9p ch\u1ee7 nh\u00e0 ti\u1ebfp c\u1eadn t\u1edbi $5000 cho m\u1ed7i ng\u01b0\u1eddi \u0111\u1ee7 \u0111i\u1ec1u ki\u1ec7n <\/span><span style=\"font-weight: 400;\">thu\u00ea nh\u00e0<\/span><span style=\"font-weight: 400;\"> N\u1ebfu c\u1ea7n thi\u1ebft. <\/span><span style=\"font-weight: 400;\">Nh\u1eefng ng\u01b0\u1eddi thu\u00ea \u0111\u1ee7 \u0111i\u1ec1u ki\u1ec7n l\u00e0:<\/span><\/p>\n<ul>\n<li style=\"list-style-type: none;\">\n<ul>\n<li style=\"font-weight: 400;\" aria-level=\"3\"><span style=\"font-weight: 400;\">Sinh vi\u00ean t\u1ed1t nghi\u1ec7p Rent Well \u0111\u00e3 t\u00ecm \u0111\u01b0\u1ee3c nh\u00e0 \u1edf trong v\u00f2ng 18 th\u00e1ng sau khi ho\u00e0n th\u00e0nh kh\u00f3a h\u1ecdc,\u00a0<\/span><\/li>\n<li style=\"font-weight: 400;\" aria-level=\"3\"><span style=\"font-weight: 400;\">Thu nh\u1eadp th\u1ea5p v\u00e0o th\u1eddi \u0111i\u1ec3m tham gia l\u1edbp h\u1ecdc,\u00a0<\/span><\/li>\n<li style=\"font-weight: 400;\" aria-level=\"3\"><span style=\"font-weight: 400;\">C\u00f3 \u00edt nh\u1ea5t m\u1ed9t r\u00e0o c\u1ea3n \u0111\u1ed1i v\u1edbi nh\u00e0 \u1edf, v\u00e0\u00a0<\/span><\/li>\n<li style=\"font-weight: 400;\" aria-level=\"3\"><span style=\"font-weight: 400;\">Tr\u01b0\u1edbc \u0111\u00e2y ch\u01b0a bao gi\u1edd c\u00f3 ch\u1ee7 nh\u00e0 ti\u1ebfp c\u1eadn lo\u1ea1i h\u00ecnh t\u00e0i tr\u1ee3 n\u00e0y.<\/span><\/li>\n<\/ul>\n<\/li>\n<\/ul>\n<p><span style=\"font-weight: 400;\">Nh\u1eefng kho\u1ea3n ti\u1ec1n n\u00e0y c\u00f3 th\u1ec3 \u0111\u01b0\u1ee3c s\u1eed d\u1ee5ng n\u1ebfu ng\u01b0\u1eddi thu\u00ea r\u1eddi kh\u1ecfi \u0111\u01a1n v\u1ecb cho thu\u00ea trong n\u0103m \u0111\u1ea7u ti\u00ean <\/span><span style=\"font-weight: 400;\">v\u00e0<\/span><span style=\"font-weight: 400;\"> n\u1ee3 cho nh\u1eefng thi\u1ec7t h\u1ea1i ngo\u00e0i hao m\u00f2n b\u00ecnh th\u01b0\u1eddng, <\/span><span style=\"font-weight: 400;\">thi\u1ec7t h\u1ea1i<\/span><span style=\"font-weight: 400;\"> do v\u1eadt nu\u00f4i ho\u1eb7c \u0111\u1ed9ng v\u1eadt tr\u1ee3 gi\u00fap, ph\u00ed ti\u00eau h\u1ee7y, chi ph\u00ed tr\u1ee5c xu\u1ea5t v\u00e0 ti\u1ec1n thu\u00ea nh\u00e0 ch\u01b0a thanh to\u00e1n.<\/span><\/p>\n<p><span style=\"font-weight: 400;\">Ch\u01b0\u01a1ng tr\u00ecnh \u0110\u1ea3m b\u1ea3o Ti\u1ec1n thu\u00ea c\u00f3 th\u1ec3 \u0111\u01b0\u1ee3c s\u1eed d\u1ee5ng \u1edf b\u1ea5t k\u1ef3 \u0111\u00e2u trong ti\u1ec3u bang Oregon<\/span><span style=\"font-weight: 400;\">. NS<\/span><span style=\"font-weight: 400;\">n\u1ee3, OHCS l\u00e0m vi\u1ec7c v\u1edbi m\u1ed9t s\u1ed1 c\u01a1 quan khu v\u1ef1c <\/span><span style=\"font-weight: 400;\">\u0111i\u1ec1u \u0111\u00f3<\/span><span style=\"font-weight: 400;\"> \u0111\u0103ng k\u00fd v\u00e0 qu\u1ea3n l\u00fd t\u00e0i tr\u1ee3 n\u00e0y. V\u00ec nh\u1eefng quan h\u1ec7 \u0111\u1ed1i t\u00e1c \u0111\u00f3<\/span><span style=\"font-weight: 400;\">,<\/span><span style=\"font-weight: 400;\"> OHCS cho ph\u00e9p c\u00e1c nh\u00e0 cung c\u1ea5p trong khu v\u1ef1c thi\u1ebft l\u1eadp c\u00e1c khu v\u1ef1c b\u1ea3o hi\u1ec3m c\u1ee7a h\u1ecd.\u00a0<\/span><\/p>\n<p><span style=\"font-weight: 400;\">Ph\u1ea7n l\u1edbn c\u00e1c \u0111\u1ea1i l\u00fd cung c\u1ea5p c\u00e1c l\u1edbp h\u1ecdc Rent Well cho ph\u00e9p sinh vi\u00ean t\u1ed1t nghi\u1ec7p c\u1ee7a h\u1ecd<\/span><span style=\"font-weight: 400;\"> \u0111\u0103ng k\u00fd b\u1ea3o l\u00e3nh c\u1ee7a h\u1ecd \u1edf b\u1ea5t c\u1ee9 \u0111\u00e2u trong ti\u1ec3u bang. <\/span><span style=\"font-weight: 400;\">C\u00e1c<\/span> <span style=\"font-weight: 400;\">M\u1ed9t<\/span><span style=\"font-weight: 400;\">c\u00e1c c\u01a1 quan c\u00f3 gi\u1edbi h\u1ea1n \u0111\u1ecba l\u00fd l\u00e0:\u2026<\/span><\/p>\n<ul>\n<li style=\"font-weight: 400;\" aria-level=\"1\"><b>Ph\u00f2ng D\u1ecbch v\u1ee5 X\u00e3 h\u1ed9i Qu\u1eadn Clackamas <\/b><span style=\"font-weight: 400;\">- Gi\u1edbi h\u1ea1n \u1edf H\u1ea1t Clackamas. Ngo\u00e0i ra, cung c\u1ea5p m\u1ed9t qu\u1ef9 b\u1ea3o l\u00e3nh ch\u1ee7 nh\u00e0 nh\u1ecf h\u01a1n cho nh\u1eefng sinh vi\u00ean t\u1ed1t nghi\u1ec7p \u0111\u1ee7 \u0111i\u1ec1u ki\u1ec7n c\u00f3 m\u1ee9c thu nh\u1eadp t\u1eeb 60-80% AMI.\u00a0\u00a0<\/span><\/li>\n<li style=\"font-weight: 400;\" aria-level=\"1\"><b>H\u00e0nh \u0111\u1ed9ng c\u1ed9ng \u0111\u1ed3ng c\u1ee7a H\u1ea1t Washington<\/b><span style=\"font-weight: 400;\"> - Gi\u1edbi h\u1ea1n \u1edf Qu\u1eadn Washington<\/span><\/li>\n<li style=\"font-weight: 400;\" aria-level=\"1\"><b>K\u1ebft n\u1ed1i c\u1ed9ng \u0111\u1ed3ng c\u1ee7a NE Oregon<\/b><span style=\"font-weight: 400;\"> - Gi\u1edbi h\u1ea1n \u1edf c\u00e1c H\u1ea1t Baker, Grant, Union v\u00e0 Wallowa<\/span><\/li>\n<li style=\"font-weight: 400;\" aria-level=\"1\"><b>Hi\u1ec7p h\u1ed9i D\u1ecbch v\u1ee5 C\u1ed9ng \u0111\u1ed3ng <\/b><span style=\"font-weight: 400;\">- Gi\u1edbi h\u1ea1n \u1edf c\u00e1c H\u1ea1t Linn, Benton v\u00e0 Lincoln<\/span><\/li>\n<li style=\"font-weight: 400;\" aria-level=\"1\"><b>M\u1ea1ng l\u01b0\u1edbi h\u00e0nh \u0111\u1ed9ng c\u1ed9ng \u0111\u1ed3ng th\u1ed1ng nh\u1ea5t <\/b><span style=\"font-weight: 400;\">- Gi\u1edbi h\u1ea1n \u1edf Qu\u1eadn Douglas v\u00e0 Josephine<\/span><\/li>\n<li style=\"font-weight: 400;\" aria-level=\"1\"><b>H\u1ee3p t\u00e1c h\u00e0nh \u0111\u1ed9ng c\u1ed9ng \u0111\u1ed3ng Yamhill<\/b><span style=\"font-weight: 400;\"> - Gi\u1edbi h\u1ea1n \u1edf Qu\u1eadn Yamhill<\/span><\/li>\n<\/ul>\n\n\t\t<\/div>\n\t<\/div>\n<\/div><\/div><div class=\"vc_tta-panel\" id=\"1620471880724-0c48d988-913e\" data-vc-content=\".vc_tta-panel-body\"><div class=\"vc_tta-panel-heading\"><h4 class=\"vc_tta-panel-title vc_tta-controls-icon-position-left\"><a href=\"#1620471880724-0c48d988-913e\" data-vc-accordion data-vc-container=\".vc_tta-container\"><span class=\"vc_tta-title-text\">C\u00e1c qu\u1ef9 khuy\u1ebfn kh\u00edch cho ch\u1ee7 nh\u00e0 c\u1ee7a Washington<\/span><i class=\"vc_tta-controls-icon vc_tta-controls-icon-plus\"><\/i><\/a><\/h4><\/div><div class=\"vc_tta-panel-body\">\n\t<div class=\"wpb_text_column wpb_content_element\" >\n\t\t<div class=\"wpb_wrapper\">\n\t\t\t<p><span style=\"font-weight: 400;\">Ti\u1ec3u bang Washington hi\u1ec7n kh\u00f4ng c\u00f3 b\u1ea3o l\u00e3nh to\u00e0n ti\u1ec3u bang li\u00ean quan c\u1ee5 th\u1ec3 \u0111\u1ebfn c\u00e1c kh\u00f3a h\u1ecdc gi\u00e1o d\u1ee5c c\u1ee7a ng\u01b0\u1eddi thu\u00ea nh\u00e0. Tuy nhi\u00ean, c\u00f3 m\u1ed9t s\u1ed1 qu\u1ef9 khuy\u1ebfn kh\u00edch khu v\u1ef1c, nh\u1ecf h\u01a1n c\u00f3 s\u1eb5n.<\/span><\/p>\n<p><b>H\u1ea1t Clark<\/b><span style=\"font-weight: 400;\"> c\u00f3 Qu\u1ef9 B\u1ea3o l\u00e3nh Ch\u1ee7 nh\u00e0 \u0111\u01b0\u1ee3c gh\u00e9p n\u1ed1i v\u1edbi c\u00e1c l\u1edbp h\u1ecdc c\u1ee7a h\u1ecd. Qu\u1ef9 n\u00e0y \u0111\u01b0\u1ee3c SHARE gi\u00e1m s\u00e1t v\u00e0 c\u00f3 s\u1ed1 ti\u1ec1n l\u00ean \u0111\u1ebfn $1000 v\u01b0\u1ee3t qu\u00e1 ti\u1ec1n \u0111\u1eb7t c\u1ecdc b\u1ea3o \u0111\u1ea3m c\u1ee7a ng\u01b0\u1eddi thu\u00ea \u0111\u1ee7 \u0111i\u1ec1u ki\u1ec7n. Nh\u1eefng ng\u01b0\u1eddi thu\u00ea nh\u00e0 \u0111\u1ee7 \u0111i\u1ec1u ki\u1ec7n l\u00e0 nh\u1eefng c\u00e1 nh\u00e2n \u0111\u00e3 t\u1ed1t nghi\u1ec7p kh\u00f3a h\u1ecdc Rent Well trong v\u00f2ng 18 th\u00e1ng, h\u1ecd c\u00f3 thu nh\u1eadp trung b\u00ecnh khu v\u1ef1c 60% tr\u1edf xu\u1ed1ng t\u1ea1i th\u1eddi \u0111i\u1ec3m tham gia l\u1edbp h\u1ecdc, h\u1ecd cho bi\u1ebft h\u1ecd c\u00f3 \u00edt nh\u1ea5t m\u1ed9t r\u00e0o c\u1ea3n v\u1ec1 nh\u00e0 \u1edf v\u00e0 h\u1ecd ch\u01b0a bao gi\u1edd ti\u1ebfp c\u1eadn qu\u1ef9 tr\u01b0\u1edbc.<\/span><\/p>\n<p><span style=\"font-weight: 400;\">Nh\u1eefng kho\u1ea3n ti\u1ec1n n\u00e0y c\u00f3 th\u1ec3 \u0111\u01b0\u1ee3c s\u1eed d\u1ee5ng n\u1ebfu ng\u01b0\u1eddi thu\u00ea r\u1eddi kh\u1ecfi \u0111\u01a1n v\u1ecb cho thu\u00ea trong n\u0103m \u0111\u1ea7u ti\u00ean v\u00e0 n\u1ee3 c\u00e1c thi\u1ec7t h\u1ea1i ngo\u00e0i hao m\u00f2n b\u00ecnh th\u01b0\u1eddng, chi ph\u00ed t\u00f2a \u00e1n ho\u1eb7c lu\u1eadt s\u01b0 li\u00ean quan \u0111\u1ebfn vi\u1ec7c tr\u1ee5c xu\u1ea5t v\u00e0 ti\u1ec1n thu\u00ea nh\u00e0 ch\u01b0a thanh to\u00e1n.<\/span><\/p>\n<p><span style=\"font-weight: 400;\">B\u1edfi v\u00ec nh\u1eefng kho\u1ea3n ti\u1ec1n n\u00e0y \u0111\u1ebfn tr\u1ef1c ti\u1ebfp t\u1eeb H\u1ea1t Clark, c\u00e1c kho\u1ea3n ti\u1ec1n c\u1ea7n ph\u1ea3i duy tr\u00ec trong H\u1ea1t Clark, v\u00ec v\u1eady sinh vi\u00ean t\u1ed1t nghi\u1ec7p ch\u1ec9 c\u00f3 th\u1ec3 di chuy\u1ec3n trong c\u00e1c gi\u1edbi h\u1ea1n c\u1ee7a h\u1ea1t \u0111\u1ec3 v\u1eabn \u0111\u1ee7 \u0111i\u1ec1u ki\u1ec7n nh\u1eadn b\u1ea3o l\u00e3nh n\u00e0y.<\/span><\/p>\n<p><span style=\"font-weight: 400;\">B\u1ea3o l\u00e3nh \u0111\u01b0\u1ee3c b\u1ea3n \u0111\u1ecba h\u00f3a kh\u00e1c trong Bang Washington l\u00e0 th\u00f4ng qua <\/span><b>Ch\u01b0\u01a1ng tr\u00ecnh H\u1ed9i nh\u1eadp C\u1ef1u chi\u1ebfn binh t\u1ea1i C\u01a1 h\u1ed9i Nh\u00e0 \u1edf c\u1ee7a SW Washington<\/b><span style=\"font-weight: 400;\">, \u1edf Cowlitz County. Qu\u1ef9 b\u1ea3o l\u00e3nh ch\u1ee7 nh\u00e0 c\u1ee7a h\u1ecd d\u00e0nh cho sinh vi\u00ean t\u1ed1t nghi\u1ec7p t\u1eeb c\u00e1c l\u1edbp h\u1ecdc c\u1ee7a h\u1ecd v\u00e0 l\u00ean \u0111\u1ebfn $650. Khu v\u1ef1c bao ph\u1ee7 khu v\u1ef1c c\u1ee7a h\u1ecd \u0111\u01b0\u1ee3c gi\u1edbi h\u1ea1n trong Cowlitz County.<\/span><\/p>\n\n\t\t<\/div>\n\t<\/div>\n<\/div><\/div><\/div><\/div><\/div><\/div><div class=\"vc_empty_space\"   style=\"height: 22px\" ><span class=\"vc_empty_space_inner\"><\/span><\/div>\n<div class=\"vc_empty_space\"   style=\"height: 122px\" ><span class=\"vc_empty_space_inner\"><\/span><\/div>\n<\/div><\/div><\/div><\/div><\/div>","protected":false},"excerpt":{"rendered":"We make it easy for landlords to confirm a potential tenant\u2019s eligibility, register a guarantee, and request a payout if needed. Read on to learn more about Landlord Incentive Funds and how your tenants can qualify. Confirm a potential tenant\u2019s eligibility HERE Register a Guarantee HERE Request a Payout HERE What is a Landlord Incentive [...]","protected":false},"author":2,"featured_media":0,"parent":0,"menu_order":0,"comment_status":"closed","ping_status":"closed","template":"","meta":{"footnotes":""},"class_list":["post-927","page","type-page","status-publish","hentry"],"featured_image_src":null,"featured_image_src_square":null,"_links":{"self":[{"href":"https:\/\/rentwell.org\/vi\/wp-json\/wp\/v2\/pages\/927","targetHints":{"allow":["GET"]}}],"collection":[{"href":"https:\/\/rentwell.org\/vi\/wp-json\/wp\/v2\/pages"}],"about":[{"href":"https:\/\/rentwell.org\/vi\/wp-json\/wp\/v2\/types\/page"}],"author":[{"embeddable":true,"href":"https:\/\/rentwell.org\/vi\/wp-json\/wp\/v2\/users\/2"}],"replies":[{"embeddable":true,"href":"https:\/\/rentwell.org\/vi\/wp-json\/wp\/v2\/comments?post=927"}],"version-history":[{"count":0,"href":"https:\/\/rentwell.org\/vi\/wp-json\/wp\/v2\/pages\/927\/revisions"}],"wp:attachment":[{"href":"https:\/\/rentwell.org\/vi\/wp-json\/wp\/v2\/media?parent=927"}],"curies":[{"name":"wp","href":"https:\/\/api.w.org\/{rel}","templated":true}]}}