{"id":3777,"date":"2025-09-12T19:31:14","date_gmt":"2025-09-12T19:31:14","guid":{"rendered":"https:\/\/rentwell.org\/?page_id=3777"},"modified":"2025-11-19T01:13:07","modified_gmt":"2025-11-19T01:13:07","slug":"instructor-registration-confirmation","status":"publish","type":"page","link":"https:\/\/rentwell.org\/vi\/instructor-registration-confirmation\/","title":{"rendered":"X\u00e1c nh\u1eadn \u0111\u0103ng k\u00fd gi\u1ea3ng vi\u00ean"},"content":{"rendered":"<div class=\"fullwidth\" ><div class=\"vc_row wpb_row vc_row-fluid\"><div class=\"wpb_column vc_column_container vc_col-sm-12\"><div class=\"vc_column-inner\"><div class=\"wpb_wrapper\">\n\t<div class=\"wpb_text_column wpb_content_element  vc_custom_1763514782575\" >\n\t\t<div class=\"wpb_wrapper\">\n\t\t\t<h4 style=\"text-align: center;\" data-pm-slice=\"1 1 &#091;&quot;list&quot;,{},&quot;list_item&quot;,{&quot;indent&quot;:2,&quot;type&quot;:&quot;bulleted&quot;}&#093;\">C\u1ea3m \u01a1n b\u1ea1n \u0111\u00e3 n\u1ed9p \u0111\u01a1n \u0111\u0103ng k\u00fd tham gia Ch\u01b0\u01a1ng tr\u00ecnh \u0110\u00e0o t\u1ea1o Tr\u1ef1c tuy\u1ebfn Rent Well Tenant Educator eAcademy.<\/h4>\n<h4 style=\"text-align: center;\" data-pm-slice=\"1 1 &#091;&quot;list&quot;,{},&quot;list_item&quot;,{&quot;indent&quot;:2,&quot;type&quot;:&quot;bulleted&quot;}&#093;\">\u0110\u01a1n \u0111\u0103ng k\u00fd s\u1ebd \u0111\u01b0\u1ee3c xem x\u00e9t trong v\u00f2ng 1 tu\u1ea7n. B\u1ea1n s\u1ebd nh\u1eadn \u0111\u01b0\u1ee3c th\u00f4ng b\u00e1o ngay khi \u0111\u01a1n \u0111\u0103ng k\u00fd c\u1ee7a b\u1ea1n \u0111\u01b0\u1ee3c xem x\u00e9t. Cho \u0111\u1ebfn khi \u0111\u00f3, b\u1ea1n s\u1ebd kh\u00f4ng c\u00f3 quy\u1ec1n truy c\u1eadp ngay l\u1eadp t\u1ee9c v\u00e0o t\u00e0i kho\u1ea3n c\u1ee7a m\u00ecnh.<\/h4>\n<h4 style=\"text-align: center;\" data-pm-slice=\"1 1 &#091;&quot;list&quot;,{},&quot;list_item&quot;,{&quot;indent&quot;:2,&quot;type&quot;:&quot;bulleted&quot;}&#093;\">Th\u00eam m\u1ed9t s\u1ed1 m\u1eb9o \u0111\u1ec3 chu\u1ea9n b\u1ecb cho kh\u00f3a \u0111\u00e0o t\u1ea1o c\u1ee7a b\u1ea1n c\u00f3 th\u1ec3 \u0111\u01b0\u1ee3c t\u00ecm th\u1ea5y <a href=\"https:\/\/rentwell.org\/vi\/educators\/instructors-2\/\">\u0110\u00c2Y<\/a>.<\/h4>\n\n\t\t<\/div>\n\t<\/div>\n<\/div><\/div><\/div><\/div><\/div>","protected":false},"excerpt":{"rendered":"Thank you for submitting your application to register for the Rent Well Tenant Educator eAcademy. Applications are reviewed within 1 week. You will be notified once your application has been reviewed. Until then, you will not have immediate access to your account. More tips for how to prepare for your training can be found HERE.","protected":false},"author":1,"featured_media":0,"parent":0,"menu_order":0,"comment_status":"closed","ping_status":"closed","template":"","meta":{"footnotes":""},"class_list":["post-3777","page","type-page","status-publish","hentry"],"featured_image_src":null,"featured_image_src_square":null,"_links":{"self":[{"href":"https:\/\/rentwell.org\/vi\/wp-json\/wp\/v2\/pages\/3777","targetHints":{"allow":["GET"]}}],"collection":[{"href":"https:\/\/rentwell.org\/vi\/wp-json\/wp\/v2\/pages"}],"about":[{"href":"https:\/\/rentwell.org\/vi\/wp-json\/wp\/v2\/types\/page"}],"author":[{"embeddable":true,"href":"https:\/\/rentwell.org\/vi\/wp-json\/wp\/v2\/users\/1"}],"replies":[{"embeddable":true,"href":"https:\/\/rentwell.org\/vi\/wp-json\/wp\/v2\/comments?post=3777"}],"version-history":[{"count":0,"href":"https:\/\/rentwell.org\/vi\/wp-json\/wp\/v2\/pages\/3777\/revisions"}],"wp:attachment":[{"href":"https:\/\/rentwell.org\/vi\/wp-json\/wp\/v2\/media?parent=3777"}],"curies":[{"name":"wp","href":"https:\/\/api.w.org\/{rel}","templated":true}]}}