{"id":3718,"date":"2025-04-21T21:16:25","date_gmt":"2025-04-21T21:16:25","guid":{"rendered":"https:\/\/rentwell.org\/?page_id=3718"},"modified":"2025-05-17T00:12:46","modified_gmt":"2025-05-17T00:12:46","slug":"terms-and-conditions-cm","status":"publish","type":"page","link":"https:\/\/rentwell.org\/vi\/terms-and-conditions-cm\/","title":{"rendered":"\u0110i\u1ec1u kho\u1ea3n v\u00e0 \u0111i\u1ec1u ki\u1ec7n c\u1ee7a Qu\u1ea3n l\u00fd tr\u01b0\u1eddng h\u1ee3p \u0111\u01b0\u1ee3c \u0111\u00e0o t\u1ea1o"},"content":{"rendered":"<p><strong>B\u1ea2N GHI NH\u1eda TH\u1eceA THU\u1eacN C\u1ee6A CH\u01af\u01a0NG TR\u00ccNH RENT WELL \u0110\u00c3 \u0110\u01af\u1ee2C \u0110\u00c0O T\u1ea0O<\/strong><\/p>\n<p>B\u1eb1ng c\u00e1ch t\u1ea1o t\u00e0i kho\u1ea3n ng\u01b0\u1eddi d\u00f9ng, b\u1ea1n \u0111\u1ed3ng \u00fd \u0111\u00e3 \u0111\u1ecdc, hi\u1ec3u v\u00e0 s\u1ebd tu\u00e2n theo TH\u1eceA THU\u1eacN QU\u1ea2N L\u00dd TR\u01af\u1edcNG H\u1ee2P \u0110\u01af\u1ee2C \u0110\u00c0O T\u1ea0O C\u1ee6A CH\u01af\u01a0NG TR\u00ccNH RENT WELL (sau \u0111\u00e2y g\u1ecdi l\u00e0 \u201cTh\u1ecfa thu\u1eadn\u201d) \u0111\u01b0\u1ee3c k\u00fd k\u1ebft gi\u1eefa <strong>D\u1ef1 \u00e1n chuy\u1ec3n ti\u1ebfp<\/strong> (C\u01a1 quan ch\u1ee7 qu\u1ea3n) v\u00e0 b\u1ea1n (Ng\u01b0\u1eddi d\u00f9ng).<\/p>\n<h4>I. \u0110\u1ecaNH NGH\u0128A<\/h4>\n<p>Cho m\u1ee5c \u0111\u00edch c\u1ee7a Th\u1ecfa thu\u1eadn n\u00e0y, c\u00e1c t\u1eeb sau \u0111\u00e2y c\u00f3 \u00fd ngh\u0129a \u0111\u01b0\u1ee3c n\u00eau b\u00ean c\u1ea1nh:<br \/>\na. \u201cC\u00e1 nh\u00e2n li\u00ean k\u1ebft\u201d c\u00f3 ngh\u0129a l\u00e0 m\u1ed9t c\u00e1 nh\u00e2n \u0111\u01b0\u1ee3c tuy\u1ec3n d\u1ee5ng l\u00e0m nh\u00e2n vi\u00ean ho\u1eb7c l\u00e0m t\u00ecnh nguy\u1ec7n vi\u00ean t\u1ea1i m\u1ed9t \u0110\u1ed1i t\u00e1c C\u01a1 quan C\u1ed9ng \u0111\u1ed3ng \u0111\u1ee7 \u0111i\u1ec1u ki\u1ec7n tham gia Kh\u00f3a h\u1ecdc H\u1ecdc vi\u1ec7n Gi\u00e1o vi\u00ean Thu\u00ea nh\u00e0 \u0111\u1ec3 tr\u1edf th\u00e0nh Gi\u1ea3ng vi\u00ean Ch\u1ee9ng nh\u1eadn ho\u1eb7c Chuy\u00ean gia \u0111\u01b0\u1ee3c \u0110\u00e0o t\u1ea1o.<br \/>\nb. \u201cGi\u1ea3ng vi\u00ean \u0111\u01b0\u1ee3c ch\u1ee9ng nh\u1eadn\u201d c\u00f3 ngh\u0129a l\u00e0 Gi\u00e1o tr\u00ecnh c\u1ee7a c\u00e1c Gi\u1ea3ng vi\u00ean \u0111\u01b0\u1ee3c ch\u1ee9ng nh\u1eadn \u0111\u00e3 ho\u00e0n th\u00e0nh Kh\u00f3a h\u1ecdc H\u1ecdc vi\u1ec7n Gi\u00e1o d\u1ee5c Ng\u01b0\u1eddi thu\u00ea nh\u00e0 Rent Well, v\u01b0\u1ee3t qua b\u00e0i ki\u1ec3m tra ki\u1ebfn th\u1ee9c b\u1eaft bu\u1ed9c v\u00e0 k\u00fd Th\u1ecfa thu\u1eadn Gi\u1ea3ng vi\u00ean \u0111\u01b0\u1ee3c ch\u1ee9ng nh\u1eadn c\u1ee7a Ch\u01b0\u01a1ng tr\u00ecnh Rent Well.<br \/>\nc. \u201cCh\u01b0\u01a1ng tr\u00ecnh gi\u1ea3ng d\u1ea1y\u201d c\u00f3 ngh\u0129a l\u00e0 t\u00e0i li\u1ec7u gi\u00e1o d\u1ee5c c\u1ee7a ng\u01b0\u1eddi thu\u00ea Ch\u01b0\u01a1ng tr\u00ecnh Rent Well.<br \/>\nd. \u201cT\u00e0i li\u1ec7u gi\u1ea3ng d\u1ea1y\u201d c\u00f3 ngh\u0129a l\u00e0 S\u1ed5 tay sinh vi\u00ean Ch\u01b0\u01a1ng tr\u00ecnh Rent Well, S\u1ed5 tay h\u01b0\u1edbng d\u1eabn gi\u1ea3ng vi\u00ean, Bi\u1ec3u m\u1eabu th\u00f4ng tin ng\u01b0\u1eddi tham gia, \u0110\u00e1nh gi\u00e1 kh\u00f3a h\u1ecdc v\u00e0 c\u00e1c t\u00e0i li\u1ec7u kh\u00e1c \u0111\u01b0\u1ee3c ph\u00e1t tri\u1ec3n nh\u01b0 m\u1ed9t ph\u1ea7n c\u1ee7a Ch\u01b0\u01a1ng tr\u00ecnh gi\u1ea3ng d\u1ea1y.<br \/>\ne. \u201cM\u1ee5c \u0111\u00edch\u201d l\u00e0 cung c\u1ea5p th\u00f4ng tin v\u00e0 c\u00f4ng c\u1ee5 cho Nh\u00f3m \u0111\u1ed1i t\u01b0\u1ee3ng m\u1ee5c ti\u00eau \u0111\u1ec3 c\u00f3 \u0111\u01b0\u1ee3c nh\u00e0 cho thu\u00ea \u1ed5n \u0111\u1ecbnh.<br \/>\nf. \u201cT\u1ed1t nghi\u1ec7p\u201d c\u00f3 ngh\u0129a l\u00e0 H\u1ecdc vi\u00ean Kh\u00f3a \u0111\u00e0o t\u1ea1o Ng\u01b0\u1eddi thu\u00ea nh\u00e0 \u0111\u00e3 \u0111\u00e1p \u1ee9ng m\u1ecdi y\u00eau c\u1ea7u t\u1ed1t nghi\u1ec7p v\u00e0 nh\u1eadn \u0111\u01b0\u1ee3c ch\u1ee9ng ch\u1ec9 t\u1ed1t nghi\u1ec7p.<br \/>\ng. \u201cSinh vi\u00ean\u201d c\u00f3 ngh\u0129a l\u00e0 nh\u1eefng ng\u01b0\u1eddi trong Nh\u00f3m m\u1ee5c ti\u00eau tham d\u1ef1 Ch\u01b0\u01a1ng tr\u00ecnh \u0111\u00e0o t\u1ea1o d\u00e0nh cho ng\u01b0\u1eddi thu\u00ea nh\u00e0 do Gi\u1ea3ng vi\u00ean \u0111\u01b0\u1ee3c ch\u1ee9ng nh\u1eadn gi\u1ea3ng d\u1ea1y b\u1eb1ng c\u00e1ch s\u1eed d\u1ee5ng Gi\u00e1o tr\u00ecnh v\u00e0 T\u00e0i li\u1ec7u gi\u00e1o tr\u00ecnh.<br \/>\nh. \u201cKh\u00f3a \u0111\u00e0o t\u1ea1o ng\u01b0\u1eddi thu\u00ea nh\u00e0\u201d c\u00f3 ngh\u0129a l\u00e0 kh\u00f3a \u0111\u00e0o t\u1ea1o d\u00e0nh cho H\u1ecdc vi\u00ean s\u1eed d\u1ee5ng Gi\u00e1o tr\u00ecnh v\u00e0 T\u00e0i li\u1ec7u Gi\u00e1o tr\u00ecnh do Gi\u1ea3ng vi\u00ean \u0111\u01b0\u1ee3c Ch\u1ee9ng nh\u1eadn cung c\u1ea5p \u0111\u1ec3 th\u00fac \u0111\u1ea9y M\u1ee5c \u0111\u00edch.<br \/>\nk. \u201cH\u1ecdc vi\u1ec7n Gi\u00e1o d\u1ee5c Ng\u01b0\u1eddi thu\u00ea nh\u00e0\u201d c\u00f3 ngh\u0129a l\u00e0 kh\u00f3a \u0111\u00e0o t\u1ea1o ch\u1ee9ng nh\u1eadn gi\u1ea3ng vi\u00ean Rent Well do C\u01a1 quan ch\u1ee7 qu\u1ea3n cung c\u1ea5p m\u00e0 m\u1ed9t C\u00e1 nh\u00e2n li\u00ean k\u1ebft ho\u00e0n th\u00e0nh m\u1ed9t trong hai l\u1ed9 tr\u00ecnh \u0111\u1ec3 tr\u1edf th\u00e0nh Gi\u1ea3ng vi\u00ean \u0111\u01b0\u1ee3c ch\u1ee9ng nh\u1eadn ho\u1eb7c Qu\u1ea3n l\u00fd tr\u01b0\u1eddng h\u1ee3p \u0111\u01b0\u1ee3c \u0111\u00e0o t\u1ea1o.<br \/>\nl. \u201cC\u00e1 nh\u00e2n \u0111\u01b0\u1ee3c \u0111\u00e0o t\u1ea1o\u201d c\u00f3 ngh\u0129a l\u00e0 m\u1ed9t C\u00e1 nh\u00e2n li\u00ean k\u1ebft \u0111\u00e3 t\u1eebng tham gia v\u00e0\/ho\u1eb7c v\u01b0\u1ee3t qua c\u00e1c y\u00eau c\u1ea7u li\u00ean quan \u0111\u1ebfn H\u1ecdc vi\u1ec7n Gi\u00e1o d\u1ee5c Ng\u01b0\u1eddi thu\u00ea nh\u00e0 nh\u01b0ng hi\u1ec7n kh\u00f4ng \u0111\u00e1p \u1ee9ng c\u00e1c h\u01b0\u1edbng d\u1eabn d\u00e0nh cho Gi\u1ea3ng vi\u00ean \u0111\u01b0\u1ee3c ch\u1ee9ng nh\u1eadn.<br \/>\nm. \u201cNg\u01b0\u1eddi qu\u1ea3n l\u00fd tr\u01b0\u1eddng h\u1ee3p \u0111\u01b0\u1ee3c \u0111\u00e0o t\u1ea1o\u201d c\u00f3 ngh\u0129a l\u00e0 m\u1ed9t C\u00e1 nh\u00e2n li\u00ean k\u1ebft \u0111\u00e3 theo h\u1ecdc chuy\u00ean ng\u00e0nh qu\u1ea3n l\u00fd tr\u01b0\u1eddng h\u1ee3p c\u1ee7a H\u1ecdc vi\u1ec7n Gi\u00e1o d\u1ee5c Ng\u01b0\u1eddi thu\u00ea nh\u00e0 nh\u01b0ng ch\u01b0a ho\u00e0n th\u00e0nh c\u00e1c y\u00eau c\u1ea7u b\u1ed5 sung \u0111\u1ec3 tr\u1edf th\u00e0nh Gi\u1ea3ng vi\u00ean \u0111\u01b0\u1ee3c ch\u1ee9ng nh\u1eadn v\u00e0 kh\u00f4ng th\u1ec3 gi\u1ea3ng d\u1ea1y c\u00e1c Kh\u00f3a \u0111\u00e0o t\u1ea1o Ng\u01b0\u1eddi thu\u00ea nh\u00e0.<br \/>\nk. \u201c\u0110\u1ed1i t\u01b0\u1ee3ng m\u1ee5c ti\u00eau\u201d c\u00f3 ngh\u0129a l\u00e0 nh\u1eefng ng\u01b0\u1eddi c\u00f3 thu nh\u1eadp th\u1ea5p, thi\u1ebfu th\u00f4ng tin v\u1ec1 quy\u1ec1n v\u00e0 tr\u00e1ch nhi\u1ec7m c\u1ee7a ng\u01b0\u1eddi thu\u00ea nh\u00e0 v\u00e0 c\u00f3 th\u1ec3 g\u1eb7p r\u00e0o c\u1ea3n trong vi\u1ec7c s\u00e0ng l\u1ecdc ti\u1ec1n thu\u00ea nh\u00e0.<br \/>\no. \u201cNg\u01b0\u1eddi d\u00f9ng\u201d c\u00f3 ngh\u0129a l\u00e0 c\u00e1 nh\u00e2n t\u1ea1o t\u00e0i kho\u1ea3n tr\u1ef1c tuy\u1ebfn v\u1edbi m\u1ee5c \u0111\u00edch tr\u1edf th\u00e0nh H\u1ecdc vi\u00ean Rent Well, Gi\u1ea3ng vi\u00ean \u0111\u01b0\u1ee3c ch\u1ee9ng nh\u1eadn, C\u00e1 nh\u00e2n \u0111\u01b0\u1ee3c \u0111\u00e0o t\u1ea1o ho\u1eb7c Qu\u1ea3n l\u00fd tr\u01b0\u1eddng h\u1ee3p \u0111\u01b0\u1ee3c \u0111\u00e0o t\u1ea1o.<\/p>\n<h4>II.TH\u1edcI H\u1ea0N<\/h4>\n<p>Th\u1ecfa thu\u1eadn n\u00e0y c\u00f3 hi\u1ec7u l\u1ef1c k\u1ec3 t\u1eeb ng\u00e0y b\u1eaft \u0111\u1ea7u ph\u1ea7n H\u1ecdc vi\u1ec7n Gi\u00e1o d\u1ee5c Ng\u01b0\u1eddi thu\u00ea nh\u00e0 \u0111\u01b0\u1ee3c ch\u1ec9 \u0111\u1ecbnh cho Qu\u1ea3n l\u00fd Tr\u01b0\u1eddng h\u1ee3p \u0111\u01b0\u1ee3c \u0110\u00e0o t\u1ea1o v\u00e0 t\u1ed1i \u0111a hai (2) n\u0103m sau \u0111\u00f3.<\/p>\n<h4>III. TR\u00c1CH NHI\u1ec6M<\/h4>\n<p>a. Ng\u01b0\u1eddi qu\u1ea3n l\u00fd tr\u01b0\u1eddng h\u1ee3p \u0111\u01b0\u1ee3c \u0111\u00e0o t\u1ea1o s\u1ebd s\u1eed d\u1ee5ng Gi\u00e1o tr\u00ecnh, T\u00e0i li\u1ec7u gi\u00e1o tr\u00ecnh v\u00e0 H\u1ecdc vi\u1ec7n Gi\u00e1o d\u1ee5c Ng\u01b0\u1eddi thu\u00ea nh\u00e0 \u0111\u1ec3 mang l\u1ea1i l\u1ee3i \u00edch cho kh\u00e1ch h\u00e0ng m\u00e0 Ng\u01b0\u1eddi qu\u1ea3n l\u00fd tr\u01b0\u1eddng h\u1ee3p \u0111\u01b0\u1ee3c \u0111\u00e0o t\u1ea1o hi\u1ec7n t\u1ea1i ho\u1eb7c s\u1ebd l\u00e0m vi\u1ec7c c\u00f9ng trong t\u01b0\u01a1ng lai. Tuy nhi\u00ean, Ng\u01b0\u1eddi qu\u1ea3n l\u00fd tr\u01b0\u1eddng h\u1ee3p \u0111\u01b0\u1ee3c \u0111\u00e0o t\u1ea1o s\u1ebd kh\u00f4ng bao gi\u1edd gi\u1ea3ng d\u1ea1y to\u00e0n b\u1ed9 ho\u1eb7c m\u1ed9t ph\u1ea7n Kh\u00f3a \u0111\u00e0o t\u1ea1o Ng\u01b0\u1eddi thu\u00ea nh\u00e0 ho\u1eb7c \u0111\u00e0o t\u1ea1o H\u1ecdc vi\u00ean t\u1ed1t nghi\u1ec7p m\u00e0 kh\u00f4ng tr\u1edf th\u00e0nh Gi\u1ea3ng vi\u00ean \u0111\u01b0\u1ee3c ch\u1ee9ng nh\u1eadn.<br \/>\nb. Ng\u01b0\u1eddi qu\u1ea3n l\u00fd tr\u01b0\u1eddng h\u1ee3p \u0111\u01b0\u1ee3c \u0111\u00e0o t\u1ea1o s\u1ebd kh\u00f4ng \u0111\u01b0\u1ee3c ti\u1ebfp c\u1eadn h\u1ed7 tr\u1ee3 k\u1ef9 thu\u1eadt li\u00ean t\u1ee5c t\u1eeb C\u01a1 quan ch\u1ee7 qu\u1ea3n.<br \/>\nc. C\u01a1 quan ch\u1ee7 qu\u1ea3n c\u00f3 th\u1ec3 thu th\u1eadp ph\u1ea3n h\u1ed3i v\u1ec1 Ch\u01b0\u01a1ng tr\u00ecnh gi\u1ea3ng d\u1ea1y v\u00e0 T\u00e0i li\u1ec7u ch\u01b0\u01a1ng tr\u00ecnh gi\u1ea3ng d\u1ea1y t\u1eeb Qu\u1ea3n l\u00fd tr\u01b0\u1eddng h\u1ee3p \u0111\u01b0\u1ee3c \u0111\u00e0o t\u1ea1o v\u00e0 cung c\u1ea5p ph\u1ea3n h\u1ed3i \u0111\u00f3 cho C\u01a1 quan ch\u1ee7 qu\u1ea3n v\u00e0\/ho\u1eb7c \u0110\u1ed1i t\u00e1c C\u01a1 quan c\u1ed9ng \u0111\u1ed3ng \u00edt nh\u1ea5t m\u1ed9t l\u1ea7n m\u1ed7i n\u0103m.<br \/>\nd. To\u00e0n b\u1ed9 ho\u1eb7c m\u1ed9t ph\u1ea7n Gi\u00e1o tr\u00ecnh v\u00e0 T\u00e0i li\u1ec7u gi\u1ea3ng d\u1ea1y c\u1ee7a Kh\u00f3a \u0111\u00e0o t\u1ea1o Ng\u01b0\u1eddi thu\u00ea nh\u00e0 kh\u00f4ng \u0111\u01b0\u1ee3c s\u1eed d\u1ee5ng \u0111\u1ec3 t\u1ea1o ra kh\u00f3a h\u1ecdc m\u1edbi.<br \/>\ne. Ng\u01b0\u1eddi qu\u1ea3n l\u00fd tr\u01b0\u1eddng h\u1ee3p \u0111\u01b0\u1ee3c \u0111\u00e0o t\u1ea1o c\u00f3 th\u1ec3 h\u1ed7 tr\u1ee3 Gi\u1ea3ng vi\u00ean \u0111\u01b0\u1ee3c ch\u1ee9ng nh\u1eadn v\u1edbi t\u01b0 c\u00e1ch l\u00e0 tr\u1ee3 l\u00fd gi\u1ea3ng d\u1ea1y cho Kh\u00f3a \u0111\u00e0o t\u1ea1o Ng\u01b0\u1eddi thu\u00ea nh\u00e0, nh\u01b0ng h\u1ecd kh\u00f4ng \u0111\u01b0\u1ee3c t\u00ednh v\u00e0o t\u1ef7 l\u1ec7 gi\u1ea3ng vi\u00ean-h\u1ecdc vi\u00ean \u0111\u01b0\u1ee3c ch\u1ea5p nh\u1eadn l\u00e0 1:12 ho\u1eb7c 2:24.<\/p>\n<h4>IV.C\u1ea4P PH\u00c9P<\/h4>\n<p>a. QUY\u1ec0N S\u1ede H\u1eeeU CH\u01af\u01a0NG TR\u00ccNH GI\u00c1O D\u1ee4C. T\u1ea5t c\u1ea3 c\u00e1c t\u00e0i li\u1ec7u \u0111\u01b0\u1ee3c c\u1ea5p ph\u00e9p th\u00f4ng qua Th\u1ecfa thu\u1eadn n\u00e0y, bao g\u1ed3m Ch\u01b0\u01a1ng tr\u00ecnh gi\u1ea3ng d\u1ea1y, T\u00e0i li\u1ec7u ch\u01b0\u01a1ng tr\u00ecnh gi\u1ea3ng d\u1ea1y v\u00e0 Th\u01b0\u01a1ng hi\u1ec7u Rent Well, \u0111\u1ec1u thu\u1ed9c s\u1edf h\u1eefu ho\u1eb7c \u0111\u01b0\u1ee3c ki\u1ec3m so\u00e1t b\u1edfi C\u01a1 quan ch\u1ee7 qu\u1ea3n ho\u1eb7c b\u00ean \u0111\u01b0\u1ee3c ghi nh\u1eadn l\u00e0 nh\u00e0 cung c\u1ea5p m\u1ed9t ph\u1ea7n Ch\u01b0\u01a1ng tr\u00ecnh gi\u1ea3ng d\u1ea1y v\u00e0 T\u00e0i li\u1ec7u ch\u01b0\u01a1ng tr\u00ecnh gi\u1ea3ng d\u1ea1y. Chuy\u00ean gia \u0111\u01b0\u1ee3c \u0111\u00e0o t\u1ea1o \u0111\u1ed3ng \u00fd tu\u00e2n th\u1ee7 m\u1ecdi th\u00f4ng b\u00e1o v\u1ec1 b\u1ea3n quy\u1ec1n, nh\u00e3n hi\u1ec7u ho\u1eb7c c\u00e1c quy\u1ec1n s\u1edf h\u1eefu tr\u00ed tu\u1ec7 kh\u00e1c, th\u00f4ng tin ho\u1eb7c h\u1ea1n ch\u1ebf c\u00f3 trong b\u1ea5t k\u1ef3 Ch\u01b0\u01a1ng tr\u00ecnh gi\u1ea3ng d\u1ea1y v\u00e0 T\u00e0i li\u1ec7u ch\u01b0\u01a1ng tr\u00ecnh gi\u1ea3ng d\u1ea1y n\u00e0o. Kh\u00f4ng gi\u1edbi h\u1ea1n nh\u1eefng \u0111i\u1ec1u n\u00eau tr\u00ean, Chuy\u00ean gia \u0111\u01b0\u1ee3c \u0111\u00e0o t\u1ea1o \u0111\u1eb7c bi\u1ec7t th\u1eeba nh\u1eadn v\u00e0 \u0111\u1ed3ng \u00fd r\u1eb1ng t\u1ea5t c\u1ea3 th\u00f4ng tin \u0111\u01b0\u1ee3c c\u1ea5p ph\u00e9p theo Th\u1ecfa thu\u1eadn n\u00e0y \u0111\u1ec1u ph\u1ea3i tu\u00e2n theo c\u00e1c h\u1ea1n ch\u1ebf nh\u01b0 \u0111\u01b0\u1ee3c m\u00f4 t\u1ea3 t\u1ea1i \u0111\u00e2y.<br \/>\nb. B\u1ea2N QUY\u1ec0N. Theo c\u00e1c \u0111i\u1ec1u kho\u1ea3n \u0111\u01b0\u1ee3c n\u00eau trong Th\u1ecfa thu\u1eadn n\u00e0y v\u00e0 cho Th\u1eddi h\u1ea1n (tr\u1eeb khi ch\u1ea5m d\u1ee9t s\u1edbm h\u01a1n), C\u01a1 quan ch\u1ee7 qu\u1ea3n c\u1ea5p cho Qu\u1ea3n l\u00fd tr\u01b0\u1eddng h\u1ee3p \u0111\u01b0\u1ee3c \u0111\u00e0o t\u1ea1o m\u1ed9t gi\u1ea5y ph\u00e9p c\u00f3 gi\u1edbi h\u1ea1n, kh\u00f4ng th\u1ec3 chuy\u1ec3n nh\u01b0\u1ee3ng, kh\u00f4ng th\u1ec3 chuy\u1ec3n giao, mi\u1ec5n ph\u00ed b\u1ea3n quy\u1ec1n, kh\u00f4ng th\u1ec3 c\u1ea5p ph\u00e9p l\u1ea1i v\u00e0 kh\u00f4ng \u0111\u1ed9c quy\u1ec1n \u0111\u1ec3 sao ch\u00e9p v\u00e0 ph\u00e2n ph\u1ed1i m\u1ed9t s\u1ed1 ph\u1ea7n gi\u1edbi h\u1ea1n c\u1ee7a ch\u01b0\u01a1ng tr\u00ecnh gi\u1ea3ng d\u1ea1y v\u1edbi m\u1ee5c \u0111\u00edch duy nh\u1ea5t l\u00e0 h\u1ed7 tr\u1ee3 kh\u00e1ch h\u00e0ng. C\u00f3 th\u1ec3 sao ch\u00e9p to\u00e0n b\u1ed9 c\u00e1c trang ri\u00eang l\u1ebb c\u1ee7a ch\u01b0\u01a1ng tr\u00ecnh gi\u1ea3ng d\u1ea1y, nh\u01b0ng kh\u00f4ng \u0111\u01b0\u1ee3c sao ch\u00e9p to\u00e0n b\u1ed9 c\u00e1c ph\u1ea7n c\u1ee7a Ch\u01b0\u01a1ng tr\u00ecnh gi\u1ea3ng d\u1ea1y \u0111\u1ec3 ch\u1ec9 cung c\u1ea5p cho m\u1ed9t kh\u00e1ch h\u00e0ng duy nh\u1ea5t. Qu\u1ea3n l\u00fd tr\u01b0\u1eddng h\u1ee3p \u0111\u01b0\u1ee3c \u0111\u00e0o t\u1ea1o kh\u00f4ng \u0111\u01b0\u1ee3c t\u00ednh ph\u00ed cho ho\u1eb7c thay m\u1eb7t cho kh\u00e1ch h\u00e0ng \u0111\u1ec3 trang tr\u1ea3i chi ph\u00ed cung c\u1ea5p c\u00e1c trang c\u1ee7a Ch\u01b0\u01a1ng tr\u00ecnh gi\u1ea3ng d\u1ea1y.<br \/>\nc. GI\u1edaI H\u1ea0N. Ng\u01b0\u1eddi qu\u1ea3n l\u00fd tr\u01b0\u1eddng h\u1ee3p \u0111\u01b0\u1ee3c \u0111\u00e0o t\u1ea1o kh\u00f4ng \u0111\u01b0\u1ee3c sao ch\u00e9p, b\u00e1n, chia s\u1ebb ho\u1eb7c ph\u00e2n ph\u1ed1i Gi\u00e1o tr\u00ecnh v\u00e0 T\u00e0i li\u1ec7u Gi\u00e1o tr\u00ecnh n\u1ebfu kh\u00f4ng tu\u00e2n th\u1ee7 nghi\u00eam ng\u1eb7t Th\u1ecfa thu\u1eadn n\u00e0y.<br \/>\nd. KH\u00d4NG C\u1ea0NH TRANH. Ng\u01b0\u1eddi qu\u1ea3n l\u00fd tr\u01b0\u1eddng h\u1ee3p \u0111\u01b0\u1ee3c \u0111\u00e0o t\u1ea1o b\u1ecb c\u1ea5m ph\u00e1t tri\u1ec3n m\u1ed9t tr\u01b0\u1eddng h\u1ee3p t\u01b0\u01a1ng t\u1ef1 trong v\u00f2ng ba (3) n\u0103m sau khi tham gia H\u1ecdc vi\u1ec7n gi\u00e1o d\u1ee5c ng\u01b0\u1eddi thu\u00ea nh\u00e0 d\u00e0nh cho Ng\u01b0\u1eddi qu\u1ea3n l\u00fd tr\u01b0\u1eddng h\u1ee3p \u0111\u01b0\u1ee3c \u0111\u00e0o t\u1ea1o.<br \/>\ne. S\u1eecA \u0110\u1ed4I CH\u01af\u01a0NG TR\u00ccNH GI\u00c1O D\u1ee4C. Trong m\u1ecdi tr\u01b0\u1eddng h\u1ee3p, Qu\u1ea3n l\u00fd tr\u01b0\u1eddng h\u1ee3p \u0111\u01b0\u1ee3c \u0111\u00e0o t\u1ea1o kh\u00f4ng \u0111\u01b0\u1ee3c s\u1eeda \u0111\u1ed5i, thay \u0111\u1ed5i ho\u1eb7c t\u1ea1o ra c\u00e1c t\u00e1c ph\u1ea9m ph\u00e1i sinh c\u1ee7a Ch\u01b0\u01a1ng tr\u00ecnh gi\u1ea3ng d\u1ea1y v\u00e0 T\u00e0i li\u1ec7u ch\u01b0\u01a1ng tr\u00ecnh gi\u1ea3ng d\u1ea1y m\u00e0 kh\u00f4ng c\u00f3 s\u1ef1 ch\u1ea5p thu\u1eadn tr\u01b0\u1edbc b\u1eb1ng v\u0103n b\u1ea3n c\u1ee7a C\u01a1 quan ch\u1ee7 qu\u1ea3n, c\u00f3 th\u1ec3 b\u1ecb t\u1eeb ch\u1ed1i v\u00ec b\u1ea5t k\u1ef3 l\u00fd do g\u00ec.<br \/>\nf. S\u1eec D\u1ee4NG T\u00caN, TH\u01af\u01a0NG HI\u1ec6U V\u00c0 LOGO C\u1ee6A RENT WELL.<br \/>\ni. Kh\u00f4ng \u0111\u01b0\u1ee3c \u00e1p d\u1ee5ng D\u1ea5u hi\u1ec7u Rent Well cho c\u00e1c ch\u01b0\u01a1ng tr\u00ecnh gi\u00e1o d\u1ee5c cho thu\u00ea kh\u00e1c n\u1ebfu kh\u00f4ng c\u00f3 s\u1ef1 cho ph\u00e9p b\u1eb1ng v\u0103n b\u1ea3n t\u1eeb C\u01a1 quan ch\u1ee7 qu\u1ea3n.<br \/>\nii. Ng\u01b0\u1eddi qu\u1ea3n l\u00fd tr\u01b0\u1eddng h\u1ee3p \u0111\u01b0\u1ee3c \u0111\u00e0o t\u1ea1o nghi\u00eam c\u1ea5m t\u1ea1o t\u00e0i li\u1ec7u ti\u1ebfp th\u1ecb cho ch\u1ee7 nh\u00e0 c\u1ee7a ri\u00eang m\u00ecnh b\u1eb1ng c\u00e1ch s\u1eed d\u1ee5ng Rent Well Marks.<br \/>\niii. Ng\u01b0\u1eddi qu\u1ea3n l\u00fd tr\u01b0\u1eddng h\u1ee3p \u0111\u01b0\u1ee3c \u0111\u00e0o t\u1ea1o nh\u1eadn ra gi\u00e1 tr\u1ecb c\u1ee7a thi\u1ec7n ch\u00ed li\u00ean quan \u0111\u1ebfn Rent Well Marks v\u00e0 th\u1eeba nh\u1eadn r\u1eb1ng Rent Well Marks v\u00e0 t\u1ea5t c\u1ea3 c\u00e1c quy\u1ec1n trong \u0111\u00f3 bao g\u1ed3m thi\u1ec7n ch\u00ed li\u00ean quan \u0111\u1ebfn \u0111\u00f3, \u0111\u1ec1u thu\u1ed9c v\u1ec1 v\u00e0 s\u1ebd mang l\u1ea1i l\u1ee3i \u00edch cho C\u01a1 quan ch\u1ee7 qu\u1ea3n.<br \/>\niv. Ng\u01b0\u1eddi qu\u1ea3n l\u00fd tr\u01b0\u1eddng h\u1ee3p \u0111\u01b0\u1ee3c \u0111\u00e0o t\u1ea1o s\u1ebd tu\u00e2n th\u1ee7 c\u00e1c \u0111i\u1ec1u kho\u1ea3n v\u1ec1 nh\u00e3n hi\u1ec7u c\u1ee7a lu\u1eadt nh\u00e3n hi\u1ec7u c\u1ee7a L\u00e3nh th\u1ed5.<\/p>\n<h4>V. C\u1ea2NH S\u00c1T<\/h4>\n<p>Ng\u01b0\u1eddi qu\u1ea3n l\u00fd tr\u01b0\u1eddng h\u1ee3p \u0111\u01b0\u1ee3c \u0111\u00e0o t\u1ea1o \u0111\u1ed3ng \u00fd th\u00f4ng b\u00e1o ngay cho C\u01a1 quan ch\u1ee7 qu\u1ea3n v\u1ec1 b\u1ea5t k\u1ef3 h\u00e0nh vi s\u1eed d\u1ee5ng kh\u00f4ng \u0111\u00fang ho\u1eb7c tr\u00e1i ph\u00e9p n\u00e0o b\u1ecb nghi ng\u1edd ho\u1eb7c \u0111\u00e3 bi\u1ebft \u0111\u1ed1i v\u1edbi Ch\u01b0\u01a1ng tr\u00ecnh gi\u1ea3ng d\u1ea1y, T\u00e0i li\u1ec7u ch\u01b0\u01a1ng tr\u00ecnh gi\u1ea3ng d\u1ea1y, Kh\u00f3a \u0111\u00e0o t\u1ea1o ng\u01b0\u1eddi thu\u00ea ho\u1eb7c D\u1ea5u hi\u1ec7u gi\u1ebfng cho thu\u00ea c\u1ee7a b\u00ean th\u1ee9 ba. Ng\u01b0\u1eddi qu\u1ea3n l\u00fd tr\u01b0\u1eddng h\u1ee3p \u0111\u01b0\u1ee3c \u0111\u00e0o t\u1ea1o s\u1ebd kh\u00f4ng th\u1ef1c hi\u1ec7n b\u1ea5t k\u1ef3 h\u00e0nh \u0111\u1ed9ng n\u00e0o, ngo\u00e0i th\u00f4ng b\u00e1o n\u00eau tr\u00ean cho C\u01a1 quan ch\u1ee7 qu\u1ea3n, \u0111\u1ec3 th\u1ef1c thi Ch\u01b0\u01a1ng tr\u00ecnh gi\u1ea3ng d\u1ea1y, T\u00e0i li\u1ec7u ch\u01b0\u01a1ng tr\u00ecnh gi\u1ea3ng d\u1ea1y, \u0110\u00e0o t\u1ea1o ng\u01b0\u1eddi thu\u00ea ho\u1eb7c D\u1ea5u hi\u1ec7u gi\u1ebfng cho thu\u00ea. \u00dd \u0111\u1ecbnh c\u1ee7a c\u00e1c b\u00ean l\u00e0 C\u01a1 quan ch\u1ee7 qu\u1ea3n ch\u1ecbu tr\u00e1ch nhi\u1ec7m ch\u00ednh cho m\u1ecdi h\u00e0nh vi th\u1ef1c thi vi ph\u1ea1m, theo quy\u1ebft \u0111\u1ecbnh ri\u00eang c\u1ee7a C\u01a1 quan ch\u1ee7 qu\u1ea3n. Trong tr\u01b0\u1eddng h\u1ee3p C\u01a1 quan ch\u1ee7 qu\u1ea3n theo \u0111u\u1ed5i v\u1ee5 ki\u1ec7n t\u1ee5ng ho\u1eb7c th\u1ee7 t\u1ee5c h\u00e0nh ch\u00ednh ch\u1ed1ng l\u1ea1i b\u1ea5t k\u1ef3 b\u00ean th\u1ee9 ba n\u00e0o v\u00ec h\u00e0nh vi vi ph\u1ea1m D\u1ea5u hi\u1ec7u gi\u1ebfng cho thu\u00ea, \u0110\u00e0o t\u1ea1o ng\u01b0\u1eddi thu\u00ea, T\u00e0i li\u1ec7u ch\u01b0\u01a1ng tr\u00ecnh gi\u1ea3ng d\u1ea1y ho\u1eb7c Ch\u01b0\u01a1ng tr\u00ecnh gi\u1ea3ng d\u1ea1y, C\u01a1 quan ch\u1ee7 qu\u1ea3n s\u1ebd ch\u1ec9 ki\u1ec3m so\u00e1t vi\u1ec7c truy t\u1ed1 b\u1ea5t k\u1ef3 v\u1ee5 ki\u1ec7n t\u1ee5ng ho\u1eb7c th\u1ee7 t\u1ee5c n\u00e0o nh\u01b0 v\u1eady. Trong qu\u00e1 tr\u00ecnh truy t\u1ed1 b\u1ea5t k\u1ef3 v\u1ee5 ki\u1ec7n t\u1ee5ng ho\u1eb7c th\u1ee7 t\u1ee5c n\u00e0o nh\u01b0 v\u1eady, Gi\u1ea3ng vi\u00ean \u0111\u01b0\u1ee3c ch\u1ee9ng nh\u1eadn \u0111\u1ed3ng \u00fd th\u1ef1c hi\u1ec7n b\u1ea5t k\u1ef3 v\u00e0 t\u1ea5t c\u1ea3 c\u00e1c t\u00e0i li\u1ec7u v\u00e0 th\u1ef1c hi\u1ec7n c\u00e1c h\u00e0nh \u0111\u1ed9ng ho\u1eb7c vi\u1ec7c kh\u00e1c c\u00f3 th\u1ec3 c\u1ea7n thi\u1ebft \u0111\u1ec3 th\u1ef1c hi\u1ec7n vi\u1ec7c truy t\u1ed1 \u0111\u00f3, theo \u00fd ki\u1ebfn h\u1ee3p l\u00fd c\u1ee7a c\u1ed1 v\u1ea5n c\u1ee7a C\u01a1 quan ch\u1ee7 qu\u1ea3n.<\/p>\n<h4>VI. C\u00c1C \u0110I\u1ec0U KHO\u1ea2N TH\u1eceA THU\u1eacN CHUNG<\/h4>\n<p>a. GIA C\u00d4NG PH\u1ee4 V\u00c0 CHUY\u1ec2N NH\u01af\u1ee2NG. Ng\u01b0\u1eddi qu\u1ea3n l\u00fd tr\u01b0\u1eddng h\u1ee3p \u0111\u01b0\u1ee3c \u0111\u00e0o t\u1ea1o s\u1ebd kh\u00f4ng giao th\u1ea7u ph\u1ee5 c\u00f4ng vi\u1ec7c c\u1ee7a h\u1ecd theo Th\u1ecfa thu\u1eadn n\u00e0y, to\u00e0n b\u1ed9 ho\u1eb7c m\u1ed9t ph\u1ea7n.<br \/>\nb. TR\u1ea0NG TH\u00c1I NH\u00c0 TH\u1ea6U \u0110\u1ed8C L\u1eacP. Ng\u01b0\u1eddi qu\u1ea3n l\u00fd tr\u01b0\u1eddng h\u1ee3p \u0111\u01b0\u1ee3c \u0111\u00e0o t\u1ea1o kh\u00f4ng ph\u1ea3i l\u00e0 nh\u00e2n vi\u00ean c\u1ee7a C\u01a1 quan ch\u1ee7 qu\u1ea3n v\u00e0 kh\u00f4ng \u0111\u1ee7 \u0111i\u1ec1u ki\u1ec7n \u0111\u1ec3 \u0111\u01b0\u1ee3c h\u01b0\u1edfng b\u1ea5t k\u1ef3 quy\u1ec1n l\u1ee3i n\u00e0o th\u00f4ng qua C\u01a1 quan ch\u1ee7 qu\u1ea3n, bao g\u1ed3m nh\u01b0ng kh\u00f4ng gi\u1edbi h\u1ea1n \u1edf an sinh x\u00e3 h\u1ed9i li\u00ean bang, ph\u00fac l\u1ee3i y t\u1ebf, b\u1ed3i th\u01b0\u1eddng lao \u0111\u1ed9ng, b\u1ed3i th\u01b0\u1eddng th\u1ea5t nghi\u1ec7p v\u00e0 ph\u00fac l\u1ee3i h\u01b0u tr\u00ed. N\u1ebfu Ng\u01b0\u1eddi qu\u1ea3n l\u00fd tr\u01b0\u1eddng h\u1ee3p \u0111\u01b0\u1ee3c \u0111\u00e0o t\u1ea1o kh\u00f4ng ph\u1ea3i l\u00e0 nh\u00e2n vi\u00ean c\u1ee7a C\u01a1 quan ch\u1ee7 qu\u1ea3n, Ng\u01b0\u1eddi qu\u1ea3n l\u00fd tr\u01b0\u1eddng h\u1ee3p \u0111\u01b0\u1ee3c \u0111\u00e0o t\u1ea1o kh\u00f4ng \u0111\u1ee7 \u0111i\u1ec1u ki\u1ec7n \u0111\u1ec3 \u0111\u01b0\u1ee3c h\u01b0\u1edfng b\u1ea5t k\u1ef3 quy\u1ec1n l\u1ee3i n\u00e0o th\u00f4ng qua C\u01a1 quan ch\u1ee7 qu\u1ea3n, bao g\u1ed3m nh\u01b0ng kh\u00f4ng gi\u1edbi h\u1ea1n \u1edf an sinh x\u00e3 h\u1ed9i li\u00ean bang, ph\u00fac l\u1ee3i y t\u1ebf, b\u1ed3i th\u01b0\u1eddng lao \u0111\u1ed9ng, b\u1ed3i th\u01b0\u1eddng th\u1ea5t nghi\u1ec7p v\u00e0 ph\u00fac l\u1ee3i h\u01b0u tr\u00ed.<br \/>\nc. LU\u1eacT V\u00c0 DI\u1ec4N \u0110\u00c0N OREGON. Th\u1ecfa thu\u1eadn n\u00e0y s\u1ebd \u0111\u01b0\u1ee3c hi\u1ec3u theo lu\u1eadt c\u1ee7a Ti\u1ec3u bang Oregon. B\u1ea5t k\u1ef3 v\u1ee5 ki\u1ec7n t\u1ee5ng n\u00e0o gi\u1eefa C\u01a1 quan ch\u1ee7 qu\u1ea3n v\u00e0 Ng\u01b0\u1eddi qu\u1ea3n l\u00fd v\u1ee5 \u00e1n \u0111\u01b0\u1ee3c \u0111\u00e0o t\u1ea1o ph\u00e1t sinh theo Th\u1ecfa thu\u1eadn n\u00e0y ho\u1eb7c ph\u00e1t sinh t\u1eeb c\u00f4ng vi\u1ec7c \u0111\u01b0\u1ee3c th\u1ef1c hi\u1ec7n theo Th\u1ecfa thu\u1eadn n\u00e0y s\u1ebd x\u1ea3y ra, n\u1ebfu t\u1ea1i t\u00f2a \u00e1n ti\u1ec3u bang, t\u1ea1i t\u00f2a \u00e1n Qu\u1eadn Multnomah c\u00f3 th\u1ea9m quy\u1ec1n, v\u00e0 n\u1ebfu t\u1ea1i t\u00f2a \u00e1n li\u00ean bang, t\u1ea1i T\u00f2a \u00e1n Qu\u1eadn Hoa K\u1ef3 cho Ti\u1ec3u bang Oregon.<br \/>\nd. TU\u00c2N TH\u1ee6 LU\u1eacT PH\u00c1P. Li\u00ean quan \u0111\u1ebfn c\u00e1c ho\u1ea1t \u0111\u1ed9ng c\u1ee7a m\u00ecnh theo Th\u1ecfa thu\u1eadn n\u00e0y, \u0110\u1ed1i t\u00e1c C\u01a1 quan C\u1ed9ng \u0111\u1ed3ng s\u1ebd tu\u00e2n th\u1ee7 m\u1ecdi lu\u1eadt v\u00e0 quy \u0111\u1ecbnh hi\u1ec7n h\u00e0nh c\u1ee7a li\u00ean bang, ti\u1ec3u bang v\u00e0 \u0111\u1ecba ph\u01b0\u01a1ng.<br \/>\ne. S\u1eecA \u0110\u1ed4I. M\u1ed9t th\u00f4ng b\u00e1o b\u1eb1ng v\u0103n b\u1ea3n do C\u01a1 quan ch\u1ee7 tr\u00ec g\u1eedi \u0111\u1ebfn Ng\u01b0\u1eddi qu\u1ea3n l\u00fd tr\u01b0\u1eddng h\u1ee3p \u0111\u01b0\u1ee3c \u0111\u00e0o t\u1ea1o c\u00f3 th\u1ec3 s\u1eeda \u0111\u1ed5i Th\u1ecfa thu\u1eadn n\u00e0y.<br \/>\nf. TH\u00d4NG B\u00c1O. B\u1ea5t k\u1ef3 th\u00f4ng b\u00e1o n\u00e0o \u0111\u01b0\u1ee3c ph\u00e9p ho\u1eb7c y\u00eau c\u1ea7u theo Th\u1ecfa thu\u1eadn n\u00e0y s\u1ebd \u0111\u01b0\u1ee3c g\u1eedi qua email \u0111\u1ebfn Ng\u01b0\u1eddi qu\u1ea3n l\u00fd tr\u01b0\u1eddng h\u1ee3p \u0111\u01b0\u1ee3c \u0111\u00e0o t\u1ea1o b\u1edfi C\u01a1 quan li\u00ean h\u1ec7 ch\u00ednh ho\u1eb7c \u0111\u01b0\u1ee3c g\u1eedi qua email c\u0169ng nh\u01b0 qua D\u1ecbch v\u1ee5 B\u01b0u ch\u00ednh Hoa K\u1ef3 \u0111\u1ebfn Ng\u01b0\u1eddi qu\u1ea3n l\u00fd tr\u01b0\u1eddng h\u1ee3p \u0111\u01b0\u1ee3c \u0111\u00e0o t\u1ea1o.<br \/>\ng. T\u00cdNH C\u00d3 TH\u1ec2 T\u00c1CH BI\u1ec6T. N\u1ebfu b\u1ea5t k\u1ef3 \u0111i\u1ec1u kho\u1ea3n n\u00e0o c\u1ee7a Th\u1ecfa thu\u1eadn n\u00e0y \u0111\u01b0\u1ee3c ph\u00e1t hi\u1ec7n l\u00e0 b\u1ea5t h\u1ee3p ph\u00e1p ho\u1eb7c kh\u00f4ng th\u1ec3 th\u1ef1c thi, Th\u1ecfa thu\u1eadn n\u00e0y v\u1eabn s\u1ebd c\u00f3 hi\u1ec7u l\u1ef1c \u0111\u1ea7y \u0111\u1ee7 v\u00e0 \u0111i\u1ec1u kho\u1ea3n \u0111\u00f3 s\u1ebd b\u1ecb x\u00f3a b\u1ecf.<\/p>\n<p>&nbsp;<\/p>","protected":false},"excerpt":{"rendered":"<p>RENT WELL PROGRAM TRAINED CASE MANAGER MEMO OF AGREEMENT By creating a user account, you agree to have read, understood, and will follow this RENT WELL PROGRAM TRAINED CASE MANAGER AGREEMENT (the \u201cAgreement\u201d) is by and between Transition Projects (the \u201cLead Agency\u201d) and you (the \u201cUser\u201d). I. DEFINITIONS For purposes of this Agreement, the following [&hellip;]<\/p>\n","protected":false},"author":11,"featured_media":0,"parent":0,"menu_order":0,"comment_status":"closed","ping_status":"closed","template":"","meta":{"footnotes":""},"class_list":["post-3718","page","type-page","status-publish","hentry"],"featured_image_src":null,"featured_image_src_square":null,"_links":{"self":[{"href":"https:\/\/rentwell.org\/vi\/wp-json\/wp\/v2\/pages\/3718","targetHints":{"allow":["GET"]}}],"collection":[{"href":"https:\/\/rentwell.org\/vi\/wp-json\/wp\/v2\/pages"}],"about":[{"href":"https:\/\/rentwell.org\/vi\/wp-json\/wp\/v2\/types\/page"}],"author":[{"embeddable":true,"href":"https:\/\/rentwell.org\/vi\/wp-json\/wp\/v2\/users\/11"}],"replies":[{"embeddable":true,"href":"https:\/\/rentwell.org\/vi\/wp-json\/wp\/v2\/comments?post=3718"}],"version-history":[{"count":0,"href":"https:\/\/rentwell.org\/vi\/wp-json\/wp\/v2\/pages\/3718\/revisions"}],"wp:attachment":[{"href":"https:\/\/rentwell.org\/vi\/wp-json\/wp\/v2\/media?parent=3718"}],"curies":[{"name":"wp","href":"https:\/\/api.w.org\/{rel}","templated":true}]}}