{"id":3482,"date":"2023-04-29T01:47:22","date_gmt":"2023-04-29T01:47:22","guid":{"rendered":"https:\/\/rentwell.org\/?page_id=3482"},"modified":"2023-04-29T01:58:05","modified_gmt":"2023-04-29T01:58:05","slug":"tea","status":"publish","type":"page","link":"https:\/\/rentwell.org\/vi\/educators\/tea\/","title":{"rendered":"H\u1ecdc vi\u1ec7n gi\u00e1o d\u1ee5c ng\u01b0\u1eddi thu\u00ea nh\u00e0"},"content":{"rendered":"<div class=\"fullwidth\" ><div class=\"vc_row wpb_row vc_row-fluid\"><div class=\"wpb_column vc_column_container vc_col-sm-12\"><div class=\"vc_column-inner\"><div class=\"wpb_wrapper\">\t\t\t<div\n\t\t\t\tclass=\"darna-heading style1\" >\n\t\t\t\t\t\t\t\t\t<h2>L\u00e0m th\u1ebf n\u00e0o \u0111\u1ec3 tr\u1edf th\u00e0nh m\u1ed9t nh\u00e0 gi\u00e1o d\u1ee5c Rent Well<\/h2>\n\t\t\t\t\t\t\t\t\t\t\t<\/div>\n\t\t\t<div class=\"vc_empty_space\"   style=\"height: 32px\" ><span class=\"vc_empty_space_inner\"><\/span><\/div>\n\n\t<div class=\"wpb_text_column wpb_content_element\" >\n\t\t<div class=\"wpb_wrapper\">\n\t\t\t<p>Ch\u01b0\u01a1ng tr\u00ecnh Rent Well h\u1ee3p t\u00e1c v\u1edbi c\u00e1c t\u1ed5 ch\u1ee9c phi l\u1ee3i nhu\u1eadn, c\u00e1c c\u01a1 quan \u0111\u01b0\u1ee3c t\u00e0i tr\u1ee3 c\u00f4ng v\u00e0 c\u00e1c t\u1ed5 ch\u1ee9c ch\u00ednh ph\u1ee7 v\u1edbi tuy\u00ean b\u1ed1 s\u1ee9 m\u1ec7nh t\u1eadp trung v\u00e0o nh\u00e0 \u1edf. Th\u00f4ng qua c\u00e1c quan h\u1ec7 \u0111\u1ed1i t\u00e1c n\u00e0y, ch\u01b0\u01a1ng tr\u00ecnh Rent Well \u0111\u00e0o t\u1ea1o nh\u00e2n vi\u00ean c\u1ee7a c\u00e1c c\u01a1 quan n\u00e0y \u0111\u1ec3 cung c\u1ea5p ch\u01b0\u01a1ng tr\u00ecnh gi\u1ea3ng d\u1ea1y v\u00e0 gi\u00e1o d\u1ee5c t\u1ea1i c\u01a1 quan c\u1ee7a h\u1ecd. Nh\u1eefng c\u00e1i n\u00e0y <a href=\"http:\/\/rentwell.org\/vi\/caps\/\">\u0110\u1ed1i t\u00e1c \u0111\u1ea1i l\u00fd c\u1ed9ng \u0111\u1ed3ng<\/a>, ho\u1eb7c CAP, c\u00f3 th\u1ec3 y\u00eau c\u1ea7u nh\u00e2n vi\u00ean tham gia kh\u00f3a \u0111\u00e0o t\u1ea1o \u0111\u1ec3 ph\u00e1t tri\u1ec3n chuy\u00ean m\u00f4n trong l\u0129nh v\u1ef1c d\u1ecbch v\u1ee5 nh\u00e0 \u1edf ho\u1eb7c y\u00eau c\u1ea7u nh\u00e2n vi\u00ean tr\u1edf th\u00e0nh ng\u01b0\u1eddi h\u01b0\u1edbng d\u1eabn Rent Well \u0111\u01b0\u1ee3c ch\u1ee9ng nh\u1eadn \u0111\u1ea7y \u0111\u1ee7 cho \u0111\u1ea1i l\u00fd c\u1ee7a h\u1ecd.<\/p>\n\n\t\t<\/div>\n\t<\/div>\n<div class=\"vc_empty_space\"   style=\"height: 32px\" ><span class=\"vc_empty_space_inner\"><\/span><\/div>\n\n\t<div class=\"wpb_text_column wpb_content_element\" >\n\t\t<div class=\"wpb_wrapper\">\n\t\t\t<p>Vi\u1ec7c h\u1ee3p t\u00e1c v\u1edbi Rent Well c\u00f3 th\u1ec3 mang l\u1ea1i cho \u0111\u1ea1i l\u00fd c\u1ee7a b\u1ea1n:<img loading=\"lazy\" decoding=\"async\" class=\"wp-image-3463 alignright\" src=\"https:\/\/rentwell.org\/wp-content\/uploads\/2023\/04\/OwlPencil-300x300.png\" alt=\"Owl Professor\" width=\"271\" height=\"271\" srcset=\"https:\/\/rentwell.org\/wp-content\/uploads\/2023\/04\/OwlPencil-300x300.png 300w, https:\/\/rentwell.org\/wp-content\/uploads\/2023\/04\/OwlPencil-150x150.png 150w, https:\/\/rentwell.org\/wp-content\/uploads\/2023\/04\/OwlPencil-12x12.png 12w, https:\/\/rentwell.org\/wp-content\/uploads\/2023\/04\/OwlPencil.png 466w\" sizes=\"auto, (max-width: 271px) 100vw, 271px\" \/><\/p>\n<ul>\n<li>Kh\u00f3a \u0111\u00e0o t\u1ea1o tr\u1ef1c tuy\u1ebfn k\u00e9o d\u00e0i 20 gi\u1edd v\u1ec1 c\u00e1c ch\u1ee7 \u0111\u1ec1 nh\u01b0 r\u00e0o c\u1ea3n nh\u00e0 \u1edf, xem x\u00e9t b\u00e1o c\u00e1o l\u00fd l\u1ecbch, gi\u00fap c\u00e1c c\u00e1 nh\u00e2n t\u1ea1o danh m\u1ee5c nh\u00e0 \u1edf c\u1ee7a ri\u00eang h\u1ecd, hi\u1ec3u bi\u1ebft s\u00e2u s\u1eafc v\u1ec1 t\u00e0i li\u1ec7u cho thu\u00ea, ki\u1ebfn th\u1ee9c v\u1ec1 quy tr\u00ecnh tr\u1ee5c xu\u1ea5t v\u00e0 th\u00f4ng tin quan tr\u1ecdng v\u1ec1 lu\u1eadt ch\u1ee7 nh\u00e0-ng\u01b0\u1eddi thu\u00ea nh\u00e0 \u1edf \u0111\u1ecba ph\u01b0\u01a1ng .<\/li>\n<li>Ti\u1ebfp c\u1eadn c\u00e1c kh\u00f3a \u0111\u00e0o t\u1ea1o li\u00ean t\u1ee5c v\u00e0 t\u00e0i li\u1ec7u li\u00ean quan \u0111\u1ebfn lu\u1eadt ch\u1ee7 nh\u00e0-ng\u01b0\u1eddi thu\u00ea nh\u00e0.<\/li>\n<li aria-level=\"3\">Quan h\u1ec7 \u0111\u1ed1i t\u00e1c v\u1edbi <a href=\"http:\/\/www.pacificscreening.net\" target=\"_blank\" rel=\"noopener\">Kh\u00e1m s\u00e0ng l\u1ecdc Th\u00e1i B\u00ecnh D\u01b0\u01a1ng<\/a>, m\u1ed9t c\u00f4ng ty s\u00e0ng l\u1ecdc ti\u1ec1n thu\u00ea \u0111\u1ecba ph\u01b0\u01a1ng, cung c\u1ea5p cho ng\u01b0\u1eddi h\u01b0\u1edbng d\u1eabn v\u00e0 sinh vi\u00ean Rent Well quy\u1ec1n truy c\u1eadp v\u00e0o c\u00e1c b\u00e1o c\u00e1o l\u00fd l\u1ecbch t\u1ee9c th\u1eddi v\u1edbi m\u1ee9c ph\u00ed.<\/li>\n<li aria-level=\"3\">M\u1ed9t ch\u01b0\u01a1ng tr\u00ecnh gi\u1ea3ng d\u1ea1y ph\u00f9 h\u1ee3p v\u1edbi c\u00e1c ti\u00eau chu\u1ea9n c\u1ee7a Ch\u01b0\u01a1ng tr\u00ecnh B\u1ea3o \u0111\u1ea3m Ti\u1ec1n thu\u00ea nh\u00e0 Oregon.<\/li>\n<li aria-level=\"3\">Kh\u1ea3 n\u0103ng mua t\u00e0i li\u1ec7u d\u00e0nh cho sinh vi\u00ean \u0111\u01b0\u1ee3c l\u00e0m s\u1eb5n tr\u1ef1c ti\u1ebfp t\u1eeb Ch\u01b0\u01a1ng tr\u00ecnh Rent Well.<\/li>\n<\/ul>\n\n\t\t<\/div>\n\t<\/div>\n<div class=\"vc_empty_space\"   style=\"height: 32px\" ><span class=\"vc_empty_space_inner\"><\/span><\/div>\n<\/div><\/div><\/div><\/div><\/div><div class=\"fullwidth\" ><div class=\"vc_row wpb_row vc_row-fluid\"><div class=\"wpb_column vc_column_container vc_col-sm-12\"><div class=\"vc_column-inner\"><div class=\"wpb_wrapper\"><\/div><\/div><\/div><\/div><\/div>","protected":false},"excerpt":{"rendered":"How to Become A Rent Well Educator The Rent Well Program partners with nonprofits, publicly funded agencies, and governmental organizations with housing-focused mission statements. Through these partnerships, the Rent Well program trains these agencies' staff members to provide the curriculum and education at their own agency. These Community Agency Partners, or CAPs, can have staff [...]","protected":false},"author":4,"featured_media":0,"parent":123,"menu_order":0,"comment_status":"closed","ping_status":"closed","template":"","meta":{"footnotes":""},"class_list":["post-3482","page","type-page","status-publish","hentry"],"featured_image_src":null,"featured_image_src_square":null,"_links":{"self":[{"href":"https:\/\/rentwell.org\/vi\/wp-json\/wp\/v2\/pages\/3482","targetHints":{"allow":["GET"]}}],"collection":[{"href":"https:\/\/rentwell.org\/vi\/wp-json\/wp\/v2\/pages"}],"about":[{"href":"https:\/\/rentwell.org\/vi\/wp-json\/wp\/v2\/types\/page"}],"author":[{"embeddable":true,"href":"https:\/\/rentwell.org\/vi\/wp-json\/wp\/v2\/users\/4"}],"replies":[{"embeddable":true,"href":"https:\/\/rentwell.org\/vi\/wp-json\/wp\/v2\/comments?post=3482"}],"version-history":[{"count":0,"href":"https:\/\/rentwell.org\/vi\/wp-json\/wp\/v2\/pages\/3482\/revisions"}],"up":[{"embeddable":true,"href":"https:\/\/rentwell.org\/vi\/wp-json\/wp\/v2\/pages\/123"}],"wp:attachment":[{"href":"https:\/\/rentwell.org\/vi\/wp-json\/wp\/v2\/media?parent=3482"}],"curies":[{"name":"wp","href":"https:\/\/api.w.org\/{rel}","templated":true}]}}