{"id":3446,"date":"2023-04-25T20:32:35","date_gmt":"2023-04-25T20:32:35","guid":{"rendered":"https:\/\/rentwell.org\/?page_id=3446"},"modified":"2025-11-18T20:34:26","modified_gmt":"2025-11-18T20:34:26","slug":"instructors-2","status":"publish","type":"page","link":"https:\/\/rentwell.org\/vi\/educators\/instructors-2\/","title":{"rendered":"Kh\u00f3a h\u1ecdc gi\u1ea3ng vi\u00ean \u0111\u01b0\u1ee3c ch\u1ee9ng nh\u1eadn"},"content":{"rendered":"<div class=\"container\" ><div class=\"vc_row wpb_row vc_row-fluid\"><div class=\"wpb_column vc_column_container vc_col-sm-12\"><div class=\"vc_column-inner\"><div class=\"wpb_wrapper\"><div class=\"vc_empty_space\"   style=\"height: 12px\" ><span class=\"vc_empty_space_inner\"><\/span><\/div>\n\t\t\t<div\n\t\t\t\tclass=\"darna-heading style1\" >\n\t\t\t\t\t\t\t\t\t<h2>Tr\u1edf th\u00e0nh m\u1ed9t gi\u1ea3ng vi\u00ean \u0111\u01b0\u1ee3c ch\u1ee9ng nh\u1eadn<\/h2>\n\t\t\t\t\t\t\t\t\t\t\t<\/div>\n\t\t\t<div class=\"vc_empty_space\"   style=\"height: 12px\" ><span class=\"vc_empty_space_inner\"><\/span><\/div>\n<div class=\"vc_empty_space\"   style=\"height: 12px\" ><span class=\"vc_empty_space_inner\"><\/span><\/div>\n\n\t<div class=\"wpb_text_column wpb_content_element\" >\n\t\t<div class=\"wpb_wrapper\">\n\t\t\t<h3>Gi\u1ebfng thu\u00ea <strong>Ng\u01b0\u1eddi h\u01b0\u1edbng d\u1eabn \u0111\u01b0\u1ee3c ch\u1ee9ng nh\u1eadn<\/strong> B\u1ea3n nh\u1ea1c c\u00f3 s\u1eb5n cho nh\u00e2n vi\u00ean t\u1ea1i <a href=\"http:\/\/rentwell.org\/vi\/caps\/\">\u0111\u1ea1i l\u00fd h\u1ee3p t\u00e1c<\/a> nh\u1eefng ng\u01b0\u1eddi mu\u1ed1n d\u1ea1y c\u00e1c kh\u00f3a h\u1ecdc Rent Well t\u1ea1i \u0111\u1ea1i l\u00fd c\u1ee7a h\u1ecd cho kh\u00e1ch h\u00e0ng ho\u1eb7c c\u00f4ng ch\u00fang. N\u1ebfu b\u1ea1n quan t\u00e2m \u0111\u1ebfn vi\u1ec7c gi\u1ea3ng d\u1ea1y kh\u00f3a h\u1ecdc Rent Well theo phong c\u00e1ch b\u00e0i gi\u1ea3ng cho nh\u1eefng ng\u01b0\u1eddi mu\u1ed1n t\u00ecm hi\u1ec3u th\u00eam v\u1ec1 quy\u1ec1n v\u00e0 tr\u00e1ch nhi\u1ec7m c\u1ee7a h\u1ecd v\u1edbi t\u01b0 c\u00e1ch l\u00e0 ng\u01b0\u1eddi thu\u00ea nh\u00e0, h\u00e3y \u0111\u0103ng k\u00fd b\u00ean d\u01b0\u1edbi!<\/h3>\n<h4>Ng\u01b0\u1eddi d\u00f9ng m\u1edbi \u0111\u01b0\u1ee3c ch\u1ea5p nh\u1eadn h\u00e0ng tu\u1ea7n. Vui l\u00f2ng cho ph\u00e9p t\u1ed1i \u0111a m\u1ed9t tu\u1ea7n \u0111\u1ec3 \u0111\u01a1n \u0111\u0103ng k\u00fd c\u1ee7a b\u1ea1n \u0111\u01b0\u1ee3c xem x\u00e9t v\u00e0 ph\u00ea duy\u1ec7t. \u0110i\u1ec1u n\u00e0y c\u00f3 ngh\u0129a l\u00e0 b\u1ea1n s\u1ebd kh\u00f4ng c\u00f3 quy\u1ec1n truy c\u1eadp t\u00e0i kho\u1ea3n ngay l\u1eadp t\u1ee9c sau khi n\u1ed9p \u0111\u01a1n \u0111\u0103ng k\u00fd, v\u00e0 b\u1ea1n kh\u00f4ng n\u00ean \u0111\u0103ng k\u00fd nhi\u1ec1u h\u01a1n m\u1ed9t l\u1ea7n. Vui l\u00f2ng s\u1eed d\u1ee5ng email c\u1ee7a c\u01a1 quan khi \u0111\u0103ng k\u00fd \u0111\u1ec3 tr\u00e1nh tr\u00ec ho\u00e3n trong vi\u1ec7c truy c\u1eadp.<\/h4>\n\n\t\t<\/div>\n\t<\/div>\n<div class=\"vc_empty_space\"   style=\"height: 12px\" ><span class=\"vc_empty_space_inner\"><\/span><\/div>\n<div class=\"vc_empty_space\"   style=\"height: 12px\" ><span class=\"vc_empty_space_inner\"><\/span><\/div>\n\n\t<div class=\"wpb_text_column wpb_content_element\" >\n\t\t<div class=\"wpb_wrapper\">\n\t\t\t<h5><span style=\"text-decoration: underline;\">\u0110I\u1ec0U KI\u1ec6N Y\u00caU C\u1ea6U<\/span>: B\u1ea1n ph\u1ea3i l\u00e0m vi\u1ec7c t\u1ea1i m\u1ed9t c\u01a1 quan \u0111\u01b0\u1ee3c c\u1ea5p ph\u00e9p th\u1ef1c hi\u1ec7n ch\u01b0\u01a1ng tr\u00ecnh gi\u1ea3ng d\u1ea1y Rent Well, \u0111\u01b0\u1ee3c g\u1ecdi l\u00e0 \u0110\u1ed1i t\u00e1c C\u01a1 quan C\u1ed9ng \u0111\u1ed3ng (CAP). Ki\u1ec3m tra xem \u0111\u1ea1i l\u00fd c\u1ee7a b\u1ea1n c\u00f3 ph\u1ea3i l\u00e0 \u0111\u1ed1i t\u00e1c t\u00edch c\u1ef1c hay kh\u00f4ng <a href=\"http:\/\/rentwell.org\/vi\/caps\/\">\u0110\u00c2Y.<\/a><\/h5>\n\n\t\t<\/div>\n\t<\/div>\n<div class=\"vc_empty_space\"   style=\"height: 12px\" ><span class=\"vc_empty_space_inner\"><\/span><\/div>\n<div class=\"vc_empty_space\"   style=\"height: 12px\" ><span class=\"vc_empty_space_inner\"><\/span><\/div>\n<div class=\"vc_btn3-container  wpb_animate_when_almost_visible wpb_fadeIn fadeIn vc_btn3-center\" >\n\t<a class=\"vc_general vc_btn3 vc_btn3-size-lg vc_btn3-shape-rounded vc_btn3-style-modern vc_btn3-color-info\" href=\"https:\/\/advancenetlabs.org\/rw-instructor\/\" title=\"\u0110\u0103ng k\u00fd kh\u00f3a h\u1ecdc \u0111\u00e0o t\u1ea1o chuy\u00ean nghi\u1ec7p\" target=\"_blank\" rel=\"noopener\">\u0110\u0103ng k\u00fd kh\u00f3a h\u1ecdc gi\u1ea3ng vi\u00ean \u0111\u01b0\u1ee3c ch\u1ee9ng nh\u1eadn<\/a><\/div>\n<div class=\"vc_separator wpb_content_element vc_separator_align_center vc_sep_width_100 vc_sep_pos_align_center vc_separator_no_text vc_sep_color_turquoise\" ><span class=\"vc_sep_holder vc_sep_holder_l\"><span  class=\"vc_sep_line\"><\/span><\/span><span class=\"vc_sep_holder vc_sep_holder_r\"><span  class=\"vc_sep_line\"><\/span><\/span>\n<\/div><div class=\"vc_empty_space\"   style=\"height: 12px\" ><span class=\"vc_empty_space_inner\"><\/span><\/div>\n<div class=\"vc_empty_space\"   style=\"height: 12px\" ><span class=\"vc_empty_space_inner\"><\/span><\/div>\n<div class=\"vc_empty_space\"   style=\"height: 12px\" ><span class=\"vc_empty_space_inner\"><\/span><\/div>\n\n\t<div class=\"wpb_text_column wpb_content_element\" >\n\t\t<div class=\"wpb_wrapper\">\n\t\t\t<h3 style=\"text-align: center;\"><strong>Nh\u1eefng g\u00ec mong \u0111\u1ee3i khi tham gia kh\u00f3a h\u1ecdc Gi\u1ea3ng vi\u00ean \u0111\u01b0\u1ee3c ch\u1ee9ng nh\u1eadn<br \/>\n<\/strong><\/h3>\n<p style=\"text-align: left;\">Kh\u00f3a h\u1ecdc d\u00e0nh cho ng\u01b0\u1eddi h\u01b0\u1edbng d\u1eabn \u0111\u01b0\u1ee3c ch\u1ee9ng nh\u1eadn c\u00f3 s\u1eb5n tr\u1ef1c tuy\u1ebfn d\u01b0\u1edbi d\u1ea1ng kh\u00f3a \u0111\u00e0o t\u1ea1o eCource + H\u1ed9i th\u1ea3o tr\u1ef1c tuy\u1ebfn ti\u1ebfp theo. Kh\u00f3a h\u1ecdc \u0111i\u1ec7n t\u1eed ph\u1ea3n \u00e1nh m\u00f4 h\u00ecnh ch\u01b0\u01a1ng tr\u00ecnh gi\u1ea3ng d\u1ea1y d\u00e0nh cho sinh vi\u00ean v\u00e0 \u0111\u01b0\u1ee3c thi\u1ebft k\u1ebf \u0111\u1ec3 th\u1ef1c hi\u1ec7n theo t\u1ed1c \u0111\u1ed9 c\u1ee7a ri\u00eang b\u1ea1n. S\u1ebd m\u1ea5t 15-20 gi\u1edd \u0111\u1ec3 ho\u00e0n th\u00e0nh Kh\u00f3a h\u1ecdc \u0111i\u1ec7n t\u1eed, c\u1ed9ng th\u00eam 3 gi\u1edd cho kh\u00f3a \u0111\u00e0o t\u1ea1o H\u1ed9i th\u1ea3o tr\u00ean web. Ch\u00fang t\u00f4i th\u1ef1c s\u1ef1 khuy\u00ean b\u1ea1n n\u00ean ho\u00e0n th\u00e0nh kh\u00f3a \u0111\u00e0o t\u1ea1o c\u1ee7a m\u00ecnh trong v\u00f2ng 90 ng\u00e0y \u0111\u1ec3 l\u01b0u gi\u1eef th\u00f4ng tin. <span style=\"text-decoration: underline;\"><em>Lo\u1ea1i h\u00ecnh \u0111\u00e0o t\u1ea1o n\u00e0y c\u00f3 gi\u00e1 $400\/ng\u01b0\u1eddi<\/em><\/span> v\u00e0 \u0111\u01b0\u1ee3c d\u1ea1y trong 12 ph\u1ea7n, nh\u01b0 \u0111\u01b0\u1ee3c th\u1ea5y d\u01b0\u1edbi \u0111\u00e2y.<\/p>\n\n\t\t<\/div>\n\t<\/div>\n\n\t<div  class=\"wpb_single_image wpb_content_element vc_align_center\">\n\t\t\n\t\t<figure class=\"wpb_wrapper vc_figure\">\n\t\t\t<div class=\"vc_single_image-wrapper   vc_box_border_grey\"><img loading=\"lazy\" decoding=\"async\" width=\"1024\" height=\"576\" src=\"https:\/\/rentwell.org\/wp-content\/uploads\/2022\/08\/CourseSections-1024x576.png\" class=\"vc_single_image-img attachment-large\" alt=\"Course Overview\" srcset=\"https:\/\/rentwell.org\/wp-content\/uploads\/2022\/08\/CourseSections-1024x576.png 1024w, https:\/\/rentwell.org\/wp-content\/uploads\/2022\/08\/CourseSections-300x169.png 300w, https:\/\/rentwell.org\/wp-content\/uploads\/2022\/08\/CourseSections-768x432.png 768w, https:\/\/rentwell.org\/wp-content\/uploads\/2022\/08\/CourseSections-1536x864.png 1536w, https:\/\/rentwell.org\/wp-content\/uploads\/2022\/08\/CourseSections-18x10.png 18w, https:\/\/rentwell.org\/wp-content\/uploads\/2022\/08\/CourseSections.png 1919w\" sizes=\"auto, (max-width: 1024px) 100vw, 1024px\" \/><\/div>\n\t\t<\/figure>\n\t<\/div>\n<div class=\"vc_empty_space\"   style=\"height: 12px\" ><span class=\"vc_empty_space_inner\"><\/span><\/div>\n\n\t<div class=\"wpb_text_column wpb_content_element\" >\n\t\t<div class=\"wpb_wrapper\">\n\t\t\t<p><strong>Sau ph\u1ea7n gi\u1edbi thi\u1ec7u<\/strong>: B\u1ea1n s\u1ebd \u0111\u01b0\u1ee3c y\u00eau c\u1ea7u ho\u00e0n th\u00e0nh Th\u1ecfa thu\u1eadn Gi\u1ea3ng vi\u00ean Ch\u1ee9ng nh\u1eadn n\u00eau r\u00f5 tr\u00e1ch nhi\u1ec7m c\u1ee7a b\u1ea1n v\u1edbi t\u01b0 c\u00e1ch l\u00e0 m\u1ed9t gi\u1ea3ng vi\u00ean. Sau khi ch\u00fang t\u00f4i nh\u1eadn \u0111\u01b0\u1ee3c th\u1ecfa thu\u1eadn c\u1ee7a b\u1ea1n, ch\u00fang t\u00f4i s\u1ebd g\u1eedi t\u00e0i li\u1ec7u c\u1ee7a b\u1ea1n \u0111\u1ebfn \u0111\u1ecba ch\u1ec9 g\u1eedi th\u01b0 m\u00e0 b\u1ea1n \u0111\u00e3 cung c\u1ea5p.<\/p>\n<p><strong>Sau Ph\u1ea7n 12<\/strong>: Nh\u1eefng ng\u01b0\u1eddi h\u01b0\u1edbng d\u1eabn s\u1eafp tr\u1edf th\u00e0nh s\u1ebd \u0111\u01b0\u1ee3c nh\u1eafc \u0111\u0103ng k\u00fd m\u1ed9t trong nh\u1eefng kh\u00f3a h\u1ecdc h\u00e0ng th\u00e1ng c\u1ee7a ch\u00fang t\u00f4i <span style=\"text-decoration: underline;\">H\u1ed9i th\u1ea3o tr\u00ean web ti\u1ebfp theo<\/span>. Ch\u00fang t\u00f4i th\u01b0\u1eddng t\u1ed5 ch\u1ee9c c\u00e1c bu\u1ed5i n\u00e0y v\u00e0o th\u1ee9 T\u01b0 tu\u1ea7n th\u1ee9 3 c\u1ee7a m\u1ed7i th\u00e1ng t\u1eeb 2:00-5:00 chi\u1ec1u. Trong H\u1ed9i th\u1ea3o tr\u00ean web, b\u1ea1n s\u1ebd c\u00f3 c\u01a1 h\u1ed9i g\u1eb7p g\u1ee1 nh\u1eefng ng\u01b0\u1eddi kh\u00e1c tham gia kh\u00f3a \u0111\u00e0o t\u1ea1o v\u00e0 t\u00ecm hi\u1ec3u v\u1ec1 ph\u01b0\u01a1ng ph\u00e1p gi\u1ea3ng d\u1ea1y c\u00f3 hi\u1ec3u bi\u1ebft v\u1ec1 ch\u1ea5n th\u01b0\u01a1ng, \u0111i\u1ec1u h\u01b0\u1edbng t\u00e0i kho\u1ea3n gi\u1ea3ng vi\u00ean c\u1ee7a b\u1ea1n, truy c\u1eadp t\u00e0i li\u1ec7u, v.v.<\/p>\n<p><strong>CH\u1ec8 d\u00e0nh cho Gi\u1ea3ng vi\u00ean c\u1ee7a Bang Washington: <\/strong>B\u1ea1n c\u0169ng ph\u1ea3i tham d\u1ef1 H\u1ed9i th\u1ea3o Lu\u1eadt Washington c\u1ee7a ch\u00fang t\u00f4i, \u0111\u01b0\u1ee3c t\u1ed5 ch\u1ee9c v\u00e0o th\u1ee9 N\u0103m tu\u1ea7n th\u1ee9 ba h\u00e0ng th\u00e1ng t\u1eeb 2:30 \u0111\u1ebfn 5:00 chi\u1ec1u. Trong H\u1ed9i th\u1ea3o, ch\u00fang t\u00f4i s\u1ebd th\u1ea3o lu\u1eadn v\u1ec1 t\u1ea5t c\u1ea3 c\u00e1c \u0111i\u1ec3m trong s\u1ed5 tay h\u01b0\u1edbng d\u1eabn c\u1ee7a b\u1ea1n li\u00ean quan \u0111\u1ebfn lu\u1eadt v\u00e0 ch\u00ednh s\u00e1ch c\u1ee5 th\u1ec3 c\u1ee7a WA.<\/p>\n<p><strong>Sau khi tham d\u1ef1 (c\u00e1c) H\u1ed9i th\u1ea3o tr\u00ean web: <\/strong>B\u1ea1n s\u1ebd nh\u1eadn \u0111\u01b0\u1ee3c email ch\u00fac m\u1eebng v\u00e0 <span style=\"text-decoration: underline;\">Thu\u00ea ch\u1ee9ng ch\u1ec9 gi\u1ea3ng d\u1ea1y Gi\u1ea3ng vi\u00ean \u0111\u01b0\u1ee3c ch\u1ee9ng nh\u1eadn t\u1ed1t<\/span>! Sau khi b\u1ea1n l\u00e0 Ng\u01b0\u1eddi h\u01b0\u1edbng d\u1eabn \u0111\u01b0\u1ee3c ch\u1ee9ng nh\u1eadn, t\u00e0i kho\u1ea3n Rent Well c\u1ee7a b\u1ea1n s\u1ebd \u0111\u01b0\u1ee3c c\u1eadp nh\u1eadt c\u00e1c thu\u1ed9c t\u00ednh m\u1edbi \u0111\u1ec3 truy c\u1eadp t\u00e0i li\u1ec7u kh\u00f3a h\u1ecdc, s\u1ed5 \u0111\u1eb7t h\u00e0ng, v.v.<\/p>\n<p><strong>S\u00e0ng l\u1ecdc Th\u00e1i B\u00ecnh D\u01b0\u01a1ng (K\u00e9o b\u00e1o c\u00e1o gi\u00e1o d\u1ee5c):<\/strong> Trong ph\u1ea7n 5 c\u1ee7a ch\u01b0\u01a1ng tr\u00ecnh gi\u1ea3ng d\u1ea1y, h\u1ecdc sinh c\u00f3 th\u1ec3 k\u00e9o m\u00e0n h\u00ecnh c\u1ee7a m\u00ecnh \u0111\u1ec3 xem x\u00e9t c\u00e1c r\u00e0o c\u1ea3n c\u00f3 th\u1ec3 c\u00f3 khi thu\u00ea nh\u00e0. N\u1ebfu b\u1ea1n s\u1ebd s\u1eed d\u1ee5ng C\u1ed5ng th\u00f4ng tin gi\u1ea3ng vi\u00ean Pacific Screening \u0111\u1ec3 truy c\u1eadp b\u00e1o c\u00e1o c\u1ee7a h\u1ecdc sinh, ch\u00fang t\u00f4i s\u1ebd g\u1eedi cho b\u1ea1n th\u1ecfa thu\u1eadn b\u1ea3o m\u1eadt c\u1ee7a ch\u1ee7 t\u00e0i kho\u1ea3n Pacific Screening \u0111\u1ec3 b\u1ea1n ho\u00e0n t\u1ea5t. N\u1ebfu c\u01a1 quan c\u1ee7a b\u1ea1n ch\u01b0a th\u1ef1c hi\u1ec7n, ch\u00fang t\u00f4i s\u1ebd c\u1ea7n m\u1ed9t \u0111\u1ea1i di\u1ec7n c\u1ee7a c\u01a1 quan k\u00fd th\u1ecfa thu\u1eadn thu\u00ea bao v\u00e0 g\u1eedi c\u00e1c t\u00e0i li\u1ec7u b\u1ed5 sung \u0111\u01b0\u1ee3c n\u00eau trong th\u1ecfa thu\u1eadn. Vi\u1ec7c k\u00e9o b\u00e1o c\u00e1o gi\u00e1o d\u1ee5c hi\u1ec7n c\u00f3 gi\u00e1 $20 cho m\u1ed7i l\u1ea7n s\u00e0ng l\u1ecdc v\u00e0 m\u1ed9t h\u00f3a \u0111\u01a1n t\u00edch l\u0169y s\u1ebd \u0111\u01b0\u1ee3c g\u1eedi \u0111\u1ebfn ng\u01b0\u1eddi li\u00ean h\u1ec7 l\u1eadp h\u00f3a \u0111\u01a1n c\u1ee7a b\u1ea1n v\u00e0o cu\u1ed1i m\u1ed7i th\u00e1ng.<br \/>\n<em>L\u01b0u \u00fd: N\u1ebfu c\u01a1 quan c\u1ee7a b\u1ea1n c\u00f3 th\u1ec3 truy c\u1eadp \u0111\u1ec3 l\u1ea5y b\u00e1o c\u00e1o \u0111\u1ea7y \u0111\u1ee7 th\u00f4ng qua m\u1ed9t d\u1ecbch v\u1ee5 kh\u00e1c, b\u1ea1n c\u00f3 th\u1ec3 s\u1eed d\u1ee5ng ph\u01b0\u01a1ng ph\u00e1p \u0111\u00f3.<\/em><\/p>\n\n\t\t<\/div>\n\t<\/div>\n<div class=\"vc_empty_space\"   style=\"height: 12px\" ><span class=\"vc_empty_space_inner\"><\/span><\/div>\n<\/div><\/div><\/div><\/div><\/div><div class=\"fullwidth\" ><div class=\"vc_row wpb_row vc_row-fluid\"><div class=\"wpb_column vc_column_container vc_col-sm-12\"><div class=\"vc_column-inner\"><div class=\"wpb_wrapper\"><div  class=\"vc_toggle vc_toggle_default vc_toggle_color_turquoise  vc_toggle_size_lg    wpb_animate_when_almost_visible wpb_fadeIn fadeIn\">\n\t<div class=\"vc_toggle_title\"><h4>C\u00e2u h\u1ecfi th\u01b0\u1eddng g\u1eb7p v\u1ec1 \u0111\u01b0\u1eddng \u0111i c\u1ee7a ng\u01b0\u1eddi h\u01b0\u1edbng d\u1eabn \u0111\u01b0\u1ee3c ch\u1ee9ng nh\u1eadn<\/h4><i class=\"vc_toggle_icon\"><\/i><\/div>\n\t<div class=\"vc_toggle_content\"><p><strong>H\u1ecfi: Chi ph\u00ed c\u1ee7a lo\u1ea1i h\u00ecnh \u0111\u00e0o t\u1ea1o n\u00e0y l\u00e0 bao nhi\u00eau?<\/strong><br \/>\n\u0110\u00e1p: Kh\u00f3a h\u1ecdc d\u00e0nh cho ng\u01b0\u1eddi h\u01b0\u1edbng d\u1eabn \u0111\u01b0\u1ee3c ch\u1ee9ng nh\u1eadn c\u00f3 ph\u00ed \u0111\u0103ng k\u00fd l\u00e0 $400. <em dir=\"ltr\">Ch\u00fang t\u00f4i cung c\u1ea5p \u01b0u \u0111\u00e3i \u0111\u0103ng k\u00fd nh\u00f3m li\u00ean t\u1ee5c trong c\u00f9ng ng\u00e0y \u0111\u1ec3 mua 3 l\u01b0\u1ee3t \u0111\u0103ng k\u00fd d\u00e0nh cho ng\u01b0\u1eddi h\u01b0\u1edbng d\u1eabn v\u00e0 nh\u1eadn l\u01b0\u1ee3t \u0111\u0103ng k\u00fd th\u1ee9 4 mi\u1ec5n ph\u00ed<\/em>.<\/p>\n<p><strong>H\u1ecfi: T\u00f4i c\u00f3 th\u1ec3 tr\u1edf th\u00e0nh Gi\u1ea3ng vi\u00ean \u0111\u01b0\u1ee3c Ch\u1ee9ng nh\u1eadn n\u1ebfu t\u00f4i kh\u00f4ng l\u00e0m vi\u1ec7c cho \u0110\u1ed1i t\u00e1c C\u01a1 quan C\u1ed9ng \u0111\u1ed3ng c\u1ee7a Rent Well kh\u00f4ng?<\/strong><br \/>\n\u0110\u00e1p: Kh\u00f4ng, \u0111\u1ea1i l\u00fd c\u1ee7a b\u1ea1n ph\u1ea3i \u0111\u01b0\u1ee3c c\u1ea5p ph\u00e9p th\u1ef1c hi\u1ec7n ch\u01b0\u01a1ng tr\u00ecnh gi\u1ea3ng d\u1ea1y c\u00f3 b\u1ea3n quy\u1ec1n tr\u01b0\u1edbc khi nh\u00e2n vi\u00ean c\u00f3 th\u1ec3 tham gia kh\u00f3a \u0111\u00e0o t\u1ea1o v\u1edbi ng\u01b0\u1eddi h\u01b0\u1edbng d\u1eabn.<br \/>\nXem li\u1ec7u \u0111\u1ea1i l\u00fd c\u1ee7a b\u1ea1n \u0111\u00e3 l\u00e0 CAP hay \u0111\u0103ng k\u00fd t\u1ea1i \u0111\u00e2y: <a href=\"http:\/\/rentwell.org\/vi\/caps\/\">Rentwell.org\/caps.<\/a><\/p>\n<p><strong>H\u1ecfi: Khi n\u00e0o t\u00f4i c\u00f3 th\u1ec3 b\u1eaft \u0111\u1ea7u d\u1ea1y l\u1edbp Rent Well?<\/strong><br \/>\n\u0110\u00e1p: Th\u00f4ng th\u01b0\u1eddng, trong v\u00f2ng 30 ng\u00e0y sau khi b\u1ea1n \u0111\u01b0\u1ee3c ch\u1ee9ng nh\u1eadn \u0111\u1ea7y \u0111\u1ee7. Ch\u00fang t\u00f4i y\u00eau c\u1ea7u ng\u01b0\u1eddi h\u01b0\u1edbng d\u1eabn th\u00f4ng b\u00e1o cho ch\u00fang t\u00f4i v\u1ec1 c\u00e1c l\u1edbp h\u1ecdc s\u1eafp t\u1edbi tr\u01b0\u1edbc 30 ng\u00e0y, nh\u01b0ng c\u00f3 th\u1ec3 c\u00f3 tr\u01b0\u1eddng h\u1ee3p ngo\u1ea1i l\u1ec7.<\/p>\n<p><strong>H\u1ecfi: T\u00f4i c\u00f3 th\u1ec3 \u0111\u1ed3ng gi\u1ea3ng d\u1ea1y m\u1ed9t kh\u00f3a h\u1ecdc v\u1edbi m\u1ed9t Gi\u1ea3ng vi\u00ean \u0111\u01b0\u1ee3c Ch\u1ee9ng nh\u1eadn kh\u00e1c kh\u00f4ng?<br \/>\n<\/strong>\u0110: Ch\u1eafc ch\u1eafn r\u1ed3i. Khi th\u00f4ng b\u00e1o cho ch\u00fang t\u00f4i v\u1ec1 l\u1edbp h\u1ecdc s\u1eafp t\u1edbi c\u1ee7a b\u1ea1n, h\u00e3y nh\u1edb li\u1ec7t k\u00ea t\u1ea5t c\u1ea3 nh\u1eefng ng\u01b0\u1eddi h\u01b0\u1edbng d\u1eabn gi\u1ea3ng d\u1ea1y kh\u00f3a h\u1ecdc.<\/p>\n<p><strong>H\u1ecfi: S\u00e1ch b\u00e0i t\u1eadp h\u1ecdc sinh gi\u00e1 bao nhi\u00eau v\u00e0 t\u00f4i c\u00f3 th\u1ec3 mua ch\u00fang \u1edf \u0111\u00e2u?<\/strong><br \/>\nTr\u1ea3 l\u1eddi: S\u00e1ch b\u00e0i t\u1eadp d\u00e0nh cho h\u1ecdc sinh c\u00f3 s\u1eb5n v\u1edbi gi\u00e1 $16 m\u1ed7i cu\u1ed1n th\u00f4ng qua Square Store c\u1ee7a ch\u00fang t\u00f4i. B\u1ea1n c\u00f3 th\u1ec3 t\u00ecm th\u1ea5y li\u00ean k\u1ebft b\u1eb1ng c\u00e1ch nh\u1ea5p v\u00e0o \u00f4 \u201c\u0110\u1eb7t s\u00e1ch\u201d tr\u00ean trang ch\u1ee7 t\u00e0i kho\u1ea3n ng\u01b0\u1eddi h\u01b0\u1edbng d\u1eabn \u0111\u00e3 c\u1eadp nh\u1eadt c\u1ee7a b\u1ea1n.<\/p>\n<p><strong>H\u1ecfi: Ch\u1ee9ng ch\u1ec9 ng\u01b0\u1eddi h\u01b0\u1edbng d\u1eabn c\u1ee7a t\u00f4i c\u00f3 hi\u1ec7u l\u1ef1c trong bao l\u00e2u v\u00e0 quy tr\u00ecnh ch\u1ee9ng nh\u1eadn l\u1ea1i l\u00e0 g\u00ec?<br \/>\n<\/strong>\u0110\u00e1p: Ch\u1ee9ng ch\u1ec9 gi\u1ea3ng vi\u00ean c\u00f3 gi\u00e1 tr\u1ecb ~3 n\u0103m v\u00e0 h\u1ebft h\u1ea1n v\u00e0o ng\u00e0y 30 th\u00e1ng 1 c\u1ee7a n\u0103m th\u1ee9 ba. \u0110\u1ec3 gi\u1eef ch\u1ee9ng ch\u1ec9 gi\u1ea3ng d\u1ea1y c\u1ee7a b\u1ea1n, ng\u01b0\u1eddi h\u01b0\u1edbng d\u1eabn ph\u1ea3i tham d\u1ef1 H\u1ed9i th\u1ea3o tr\u00ean web c\u1eadp nh\u1eadt lu\u1eadt hi\u1ec7n mi\u1ec5n ph\u00ed.<\/p>\n<p><strong>H\u1ecfi: Ch\u1ee9ng ch\u1ec9 gi\u1ea3ng vi\u00ean c\u1ee7a t\u00f4i c\u00f3 th\u1ec3 \u0111\u01b0\u1ee3c chuy\u1ec3n sang c\u01a1 quan kh\u00e1c n\u1ebfu ch\u1ee7 lao \u0111\u1ed9ng c\u1ee7a t\u00f4i thay \u0111\u1ed5i kh\u00f4ng?<\/strong><br \/>\n\u0110\u00e1p: C\u00f3, ch\u1ee9ng ch\u1ec9 gi\u1ea3ng vi\u00ean c\u00f3 th\u1ec3 \u0111\u01b0\u1ee3c chuy\u1ec3n giao cho c\u01a1 quan kh\u00e1c t\u00f9y thu\u1ed9c v\u00e0o m\u1ed9t s\u1ed1 y\u1ebfu t\u1ed1. C\u01a1 quan m\u00e0 b\u1ea1n chuy\u1ec3n \u0111\u1ebfn ph\u1ea3i l\u00e0 ho\u1eb7c tr\u1edf th\u00e0nh m\u1ed9t <a href=\"https:\/\/rentwell.org\/vi\/educators\/caps\/\" target=\"_blank\" rel=\"noopener\">\u0110\u1ed1i t\u00e1c \u0111\u1ea1i l\u00fd c\u1ed9ng \u0111\u1ed3ng<\/a>v\u00e0 b\u1ea1n ph\u1ea3i \u0111\u01b0\u1ee3c ch\u1ee9ng nh\u1eadn, \u0111\u01b0\u1ee3c ch\u1ee9ng nh\u1eadn l\u1ea1i ho\u1eb7c \u0111\u00e3 d\u1ea1y m\u1ed9t l\u1edbp trong n\u0103m qua. N\u1ebfu th\u1eddi gian tr\u00ean m\u1ed9t n\u0103m, b\u1ea1n c\u1ea7n ph\u1ea3i h\u1ecdc l\u1ea1i kh\u00f3a h\u1ecdc.<\/p>\n<h3>N\u1ebfu b\u1ea1n c\u00f3 b\u1ea5t k\u1ef3 c\u00e2u h\u1ecfi n\u00e0o kh\u00e1c, vui l\u00f2ng nh\u1eafn tin cho ch\u00fang t\u00f4i qua <a href=\"https:\/\/support.rentwell.org\/en\/support\/tickets\/new\">Trang li\u00ean l\u1ea1c.<\/a><\/h3>\n<\/div>\n<\/div>\n<div class=\"vc_separator wpb_content_element vc_separator_align_center vc_sep_width_100 vc_sep_pos_align_center vc_separator_no_text vc_sep_color_turquoise\" ><span class=\"vc_sep_holder vc_sep_holder_l\"><span  class=\"vc_sep_line\"><\/span><\/span><span class=\"vc_sep_holder vc_sep_holder_r\"><span  class=\"vc_sep_line\"><\/span><\/span>\n<\/div><div class=\"vc_empty_space\"   style=\"height: 12px\" ><span class=\"vc_empty_space_inner\"><\/span><\/div>\n<\/div><\/div><\/div><\/div><\/div><div class=\"container\" ><div class=\"vc_row wpb_row vc_row-fluid\"><div class=\"wpb_column vc_column_container vc_col-sm-6\"><div class=\"vc_column-inner\"><div class=\"wpb_wrapper\">\n\t<div class=\"wpb_text_column wpb_content_element\" >\n\t\t<div class=\"wpb_wrapper\">\n\t\t\t<p><span style=\"text-decoration: underline;\">Theo d\u00f5i ng\u01b0\u1eddi qu\u1ea3n l\u00fd tr\u01b0\u1eddng h\u1ee3p<\/span><br \/>\nN\u1ebfu b\u1ea1n quan t\u00e2m h\u01a1n \u0111\u1ebfn vi\u1ec7c ph\u00e1t tri\u1ec3n ki\u1ebfn th\u1ee9c trong l\u0129nh v\u1ef1c v\u1eadn \u0111\u1ed9ng nh\u00e0 \u1edf m\u00e0 kh\u00f4ng gi\u1ea3ng d\u1ea1y c\u00e1c kh\u00f3a h\u1ecdc Rent Well; t\u00ecm hi\u1ec3u th\u00eam v\u1ec1 ch\u00fang t\u00f4i <a href=\"http:\/\/rentwell.org\/vi\/casemanagers\/\">Theo d\u00f5i Tr\u00ecnh qu\u1ea3n l\u00fd tr\u01b0\u1eddng h\u1ee3p<\/a>.<\/p>\n\n\t\t<\/div>\n\t<\/div>\n<div class=\"vc_empty_space\"   style=\"height: 12px\" ><span class=\"vc_empty_space_inner\"><\/span><\/div>\n<\/div><\/div><\/div><div class=\"wpb_column vc_column_container vc_col-sm-6\"><div class=\"vc_column-inner\"><div class=\"wpb_wrapper\">\n\t<div class=\"wpb_text_column wpb_content_element\" >\n\t\t<div class=\"wpb_wrapper\">\n\t\t\t<p><span style=\"text-decoration: underline;\">B\u1ea1n \u0111\u00e3 l\u00e0 Gi\u1ea3ng vi\u00ean \u0111\u01b0\u1ee3c Ch\u1ee9ng nh\u1eadn?<\/span><br \/>\nB\u1ea1n c\u00f3 th\u1ec3 truy c\u1eadp th\u00f4ng tin kh\u00f3a h\u1ecdc, t\u00e0i li\u1ec7u l\u1edbp h\u1ecdc, di\u1ec5n \u0111\u00e0n c\u1ed9ng \u0111\u1ed3ng ng\u01b0\u1eddi h\u01b0\u1edbng d\u1eabn tr\u1ef1c tuy\u1ebfn, v.v. \u0110\u0103ng nh\u1eadp <a href=\"https:\/\/almarketplace.csod.com\/login\/render.aspx?id=rentwell\" target=\"_blank\" rel=\"noopener\">\u0110\u00c2Y<\/a> \u0111\u1ec3 truy c\u1eadp v\u00e0o c\u1ed5ng th\u00f4ng tin h\u01b0\u1edbng d\u1eabn c\u1ee7a b\u1ea1n.<\/p>\n\n\t\t<\/div>\n\t<\/div>\n<\/div><\/div><\/div><\/div><\/div>","protected":false},"excerpt":{"rendered":"Become a Certified Instructor The Rent Well Certified Instructor Track is available to staff at partnered agencies who would like to teach Rent Well courses at their agency to clients or the public. If you are interested in teaching a lecture-style Rent Well course to those who want to learn more about their rights and [...]","protected":false},"author":6,"featured_media":0,"parent":123,"menu_order":0,"comment_status":"closed","ping_status":"closed","template":"","meta":{"footnotes":""},"class_list":["post-3446","page","type-page","status-publish","hentry"],"featured_image_src":null,"featured_image_src_square":null,"_links":{"self":[{"href":"https:\/\/rentwell.org\/vi\/wp-json\/wp\/v2\/pages\/3446","targetHints":{"allow":["GET"]}}],"collection":[{"href":"https:\/\/rentwell.org\/vi\/wp-json\/wp\/v2\/pages"}],"about":[{"href":"https:\/\/rentwell.org\/vi\/wp-json\/wp\/v2\/types\/page"}],"author":[{"embeddable":true,"href":"https:\/\/rentwell.org\/vi\/wp-json\/wp\/v2\/users\/6"}],"replies":[{"embeddable":true,"href":"https:\/\/rentwell.org\/vi\/wp-json\/wp\/v2\/comments?post=3446"}],"version-history":[{"count":0,"href":"https:\/\/rentwell.org\/vi\/wp-json\/wp\/v2\/pages\/3446\/revisions"}],"up":[{"embeddable":true,"href":"https:\/\/rentwell.org\/vi\/wp-json\/wp\/v2\/pages\/123"}],"wp:attachment":[{"href":"https:\/\/rentwell.org\/vi\/wp-json\/wp\/v2\/media?parent=3446"}],"curies":[{"name":"wp","href":"https:\/\/api.w.org\/{rel}","templated":true}]}}