{"id":3432,"date":"2023-04-12T21:58:15","date_gmt":"2023-04-12T21:58:15","guid":{"rendered":"https:\/\/rentwell.org\/?page_id=3432"},"modified":"2025-10-28T14:04:27","modified_gmt":"2025-10-28T14:04:27","slug":"casemanagers","status":"publish","type":"page","link":"https:\/\/rentwell.org\/vi\/educators\/casemanagers\/","title":{"rendered":"Theo d\u00f5i ng\u01b0\u1eddi qu\u1ea3n l\u00fd tr\u01b0\u1eddng h\u1ee3p"},"content":{"rendered":"<div class=\"container\" ><div class=\"vc_row wpb_row vc_row-fluid\"><div class=\"wpb_column vc_column_container vc_col-sm-12\"><div class=\"vc_column-inner\"><div class=\"wpb_wrapper\"><div class=\"vc_empty_space\"   style=\"height: 12px\" ><span class=\"vc_empty_space_inner\"><\/span><\/div>\n\t\t\t<div\n\t\t\t\tclass=\"darna-heading style1\" >\n\t\t\t\t\t\t\t\t\t<h2>Tham gia kh\u00f3a h\u1ecdc qu\u1ea3n l\u00fd h\u1ed3 s\u01a1<\/h2>\n\t\t\t\t\t\t\t\t\t\t\t<\/div>\n\t\t\t<div class=\"vc_empty_space\"   style=\"height: 12px\" ><span class=\"vc_empty_space_inner\"><\/span><\/div>\n<div class=\"vc_empty_space\"   style=\"height: 12px\" ><span class=\"vc_empty_space_inner\"><\/span><\/div>\n\n\t<div class=\"wpb_text_column wpb_content_element\" >\n\t\t<div class=\"wpb_wrapper\">\n\t\t\t<h3><span data-preserver-spaces=\"true\">Gi\u1ebfng thu\u00ea\u00a0<\/span><strong><span data-preserver-spaces=\"true\">Ng\u01b0\u1eddi qu\u1ea3n l\u00fd h\u1ed3 s\u01a1<\/span><\/strong><span data-preserver-spaces=\"true\"> Track \u0111\u01b0\u1ee3c thi\u1ebft k\u1ebf cho c\u00e1c nh\u00e0 qu\u1ea3n l\u00fd tr\u01b0\u1eddng h\u1ee3p v\u00e0 ng\u01b0\u1eddi \u1ee7ng h\u1ed9 nh\u00e0 \u1edf t\u1ea1i OREGON \u0111ang t\u00ecm ki\u1ebfm s\u1ef1 ph\u00e1t tri\u1ec3n chuy\u00ean m\u00f4n \u0111\u1ec3 m\u1edf r\u1ed9ng ki\u1ebfn th\u1ee9c c\u1ee7a h\u1ecd trong l\u0129nh v\u1ef1c nh\u00e0 \u1edf. N\u1ebfu b\u1ea1n mu\u1ed1n t\u00ecm hi\u1ec3u th\u00eam v\u1ec1 c\u00e1c quy \u0111\u1ecbnh v\u1ec1 ch\u1ee7 nh\u00e0-ng\u01b0\u1eddi thu\u00ea nh\u00e0 v\u00e0 c\u00e1ch gi\u00fap kh\u00e1ch h\u00e0ng v\u01b0\u1ee3t qua r\u00e0o c\u1ea3n nh\u00e0 \u1edf, track n\u00e0y d\u00e0nh cho b\u1ea1n.<\/span><\/h3>\n<h3><span style=\"font-weight: 400;\">\u00a0<\/span><\/h3>\n\n\t\t<\/div>\n\t<\/div>\n<div class=\"vc_empty_space\"   style=\"height: 12px\" ><span class=\"vc_empty_space_inner\"><\/span><\/div>\n<div class=\"vc_empty_space\"   style=\"height: 12px\" ><span class=\"vc_empty_space_inner\"><\/span><\/div>\n<div class=\"vc_btn3-container  wpb_animate_when_almost_visible wpb_fadeIn fadeIn vc_btn3-center\" >\n\t<a class=\"vc_general vc_btn3 vc_btn3-size-lg vc_btn3-shape-rounded vc_btn3-style-modern vc_btn3-color-info\" href=\"https:\/\/advancenetlabs.org\/rw-casemanager\/\" title=\"\u0110\u0103ng k\u00fd kh\u00f3a h\u1ecdc \u0111\u00e0o t\u1ea1o chuy\u00ean nghi\u1ec7p\" target=\"_blank\" rel=\"noopener\">\u0110\u0103ng k\u00fd kh\u00f3a h\u1ecdc qu\u1ea3n l\u00fd h\u1ed3 s\u01a1<\/a><\/div>\n<div class=\"vc_separator wpb_content_element vc_separator_align_center vc_sep_width_100 vc_sep_pos_align_center vc_separator_no_text vc_sep_color_turquoise\" ><span class=\"vc_sep_holder vc_sep_holder_l\"><span  class=\"vc_sep_line\"><\/span><\/span><span class=\"vc_sep_holder vc_sep_holder_r\"><span  class=\"vc_sep_line\"><\/span><\/span>\n<\/div><div class=\"vc_empty_space\"   style=\"height: 12px\" ><span class=\"vc_empty_space_inner\"><\/span><\/div>\n<div class=\"vc_empty_space\"   style=\"height: 12px\" ><span class=\"vc_empty_space_inner\"><\/span><\/div>\n\n\t<div class=\"wpb_text_column wpb_content_element\" >\n\t\t<div class=\"wpb_wrapper\">\n\t\t\t<h3 style=\"text-align: center;\"><strong>\u0110i\u1ec1u g\u00ec s\u1ebd x\u1ea3y ra khi tham gia Kh\u00f3a h\u1ecdc Qu\u1ea3n l\u00fd h\u1ed3 s\u01a1<\/strong><\/h3>\n<p>Kh\u00f3a h\u1ecdc Qu\u1ea3n l\u00fd h\u1ed3 s\u01a1 c\u00f3 s\u1eb5n d\u01b0\u1edbi d\u1ea1ng m\u1ed9t ngu\u1ed3n t\u00e0i li\u1ec7u \u0111i\u1ec7n t\u1eed tr\u1ef1c tuy\u1ebfn ph\u1ea3n \u00e1nh m\u00f4 h\u00ecnh ch\u01b0\u01a1ng tr\u00ecnh gi\u1ea3ng d\u1ea1y d\u00e0nh cho sinh vi\u00ean. Lo\u1ea1i h\u00ecnh \u0111\u00e0o t\u1ea1o n\u00e0y c\u00f3 chi ph\u00ed $200 v\u00e0 \u0111\u01b0\u1ee3c d\u1ea1y th\u00e0nh 12 ph\u1ea7n nh\u01b0 b\u00ean d\u01b0\u1edbi. Kh\u00f3a h\u1ecdc \u0111i\u1ec7n t\u1eed \u0111\u01b0\u1ee3c thi\u1ebft k\u1ebf \u0111\u1ec3 b\u1ea1n c\u00f3 th\u1ec3 th\u1ef1c hi\u1ec7n theo t\u1ed1c \u0111\u1ed9 c\u1ee7a ri\u00eang m\u00ecnh v\u00e0 s\u1ebd m\u1ea5t 15-20 gi\u1edd \u0111\u1ec3 ho\u00e0n th\u00e0nh. Sau khi ho\u00e0n th\u00e0nh, b\u1ea1n s\u1ebd nh\u1eadn \u0111\u01b0\u1ee3c ch\u1ee9ng ch\u1ec9 ho\u00e0n th\u00e0nh v\u00e0 c\u00f3 th\u1ec3 xem l\u1ea1i c\u0169ng nh\u01b0 s\u1eed d\u1ee5ng t\u00e0i li\u1ec7u kh\u00f3a h\u1ecdc b\u1ea5t k\u1ef3 l\u00fac n\u00e0o \u0111\u1ec3 xem l\u1ea1i.<\/p>\n\n\t\t<\/div>\n\t<\/div>\n\n\t<div  class=\"wpb_single_image wpb_content_element vc_align_center\">\n\t\t\n\t\t<figure class=\"wpb_wrapper vc_figure\">\n\t\t\t<div class=\"vc_single_image-wrapper   vc_box_border_grey\"><img loading=\"lazy\" decoding=\"async\" width=\"1024\" height=\"576\" src=\"https:\/\/rentwell.org\/wp-content\/uploads\/2022\/08\/CourseSections-1024x576.png\" class=\"vc_single_image-img attachment-large\" alt=\"Course Overview\" srcset=\"https:\/\/rentwell.org\/wp-content\/uploads\/2022\/08\/CourseSections-1024x576.png 1024w, https:\/\/rentwell.org\/wp-content\/uploads\/2022\/08\/CourseSections-300x169.png 300w, https:\/\/rentwell.org\/wp-content\/uploads\/2022\/08\/CourseSections-768x432.png 768w, https:\/\/rentwell.org\/wp-content\/uploads\/2022\/08\/CourseSections-1536x864.png 1536w, https:\/\/rentwell.org\/wp-content\/uploads\/2022\/08\/CourseSections-18x10.png 18w, https:\/\/rentwell.org\/wp-content\/uploads\/2022\/08\/CourseSections.png 1919w\" sizes=\"auto, (max-width: 1024px) 100vw, 1024px\" \/><\/div>\n\t\t<\/figure>\n\t<\/div>\n<div class=\"vc_empty_space\"   style=\"height: 12px\" ><span class=\"vc_empty_space_inner\"><\/span><\/div>\n<\/div><\/div><\/div><\/div><\/div><div class=\"fullwidth\" ><div class=\"vc_row wpb_row vc_row-fluid\"><div class=\"wpb_column vc_column_container vc_col-sm-12\"><div class=\"vc_column-inner\"><div class=\"wpb_wrapper\"><div class=\"vc_empty_space\"   style=\"height: 32px\" ><span class=\"vc_empty_space_inner\"><\/span><\/div>\n<div  class=\"vc_toggle vc_toggle_default vc_toggle_color_turquoise  vc_toggle_size_lg vc_toggle_active   wpb_animate_when_almost_visible wpb_fadeIn fadeIn\">\n\t<div class=\"vc_toggle_title\"><h4>C\u00e2u h\u1ecfi th\u01b0\u1eddng g\u1eb7p v\u1ec1 theo d\u00f5i tr\u00ecnh qu\u1ea3n l\u00fd h\u1ed3 s\u01a1<\/h4><i class=\"vc_toggle_icon\"><\/i><\/div>\n\t<div class=\"vc_toggle_content\"><p><strong>H\u1ecfi: Chi ph\u00ed c\u1ee7a lo\u1ea1i h\u00ecnh \u0111\u00e0o t\u1ea1o n\u00e0y l\u00e0 bao nhi\u00eau?<br \/>\n<\/strong>\u0110\u00e1p: Kh\u00f3a h\u1ecdc Qu\u1ea3n l\u00fd h\u1ed3 s\u01a1 c\u00f3 ph\u00ed \u0111\u0103ng k\u00fd $200.<\/p>\n<p><strong>H\u1ecfi: T\u00f4i c\u00f3 th\u1ec3 tham gia Kh\u00f3a h\u1ecdc Qu\u1ea3n l\u00fd H\u1ed3 s\u01a1 m\u00e0 kh\u00f4ng c\u1ea7n c\u01a1 quan c\u1ee7a t\u00f4i tr\u1edf th\u00e0nh \u0110\u1ed1i t\u00e1c c\u1ee7a C\u01a1 quan C\u1ed9ng \u0111\u1ed3ng kh\u00f4ng?<\/strong><br \/>\n\u0110\u00e1p: C\u00f3, b\u1ea1n \u0111\u01b0\u1ee3c t\u1ef1 do \u0111\u0103ng k\u00fd Kh\u00f3a h\u1ecdc Qu\u1ea3n l\u00fd h\u1ed3 s\u01a1 c\u00f3 v\u00e0 kh\u00f4ng c\u00f3 li\u00ean k\u1ebft.<\/p>\n<p><strong>H\u1ecfi: T\u00f4i c\u00f3 th\u1ec3 d\u1ea1y l\u1edbp Rent Well sau khi tham gia Kh\u00f3a h\u1ecdc Qu\u1ea3n l\u00fd h\u1ed3 s\u01a1 kh\u00f4ng?<br \/>\n<\/strong>Tr\u1ea3 l\u1eddi: Kh\u00f4ng, ph\u1ea7n n\u00e0y kh\u00f4ng d\u1ea1y cho b\u1ea1n t\u1ea5t c\u1ea3 c\u00e1c k\u1ef9 n\u0103ng b\u1ea1n c\u1ea7n \u0111\u1ec3 \u0111i\u1ec1u h\u00e0nh m\u1ed9t l\u1edbp h\u1ecdc. T\u00ecm hi\u1ec3u th\u00eam v\u1ec1 <a href=\"http:\/\/rentwell.org\/vi\/instructors\/\">L\u1ed9 tr\u00ecnh gi\u1ea3ng vi\u00ean \u0111\u01b0\u1ee3c ch\u1ee9ng nh\u1eadn<\/a>.<\/p>\n<\/div>\n<\/div>\n<div class=\"vc_empty_space\"   style=\"height: 12px\" ><span class=\"vc_empty_space_inner\"><\/span><\/div>\n<\/div><\/div><\/div><\/div><\/div><div class=\"container\" ><div class=\"vc_row wpb_row vc_row-fluid\"><div class=\"wpb_column vc_column_container vc_col-sm-6\"><div class=\"vc_column-inner\"><div class=\"wpb_wrapper\">\n\t<div class=\"wpb_text_column wpb_content_element\" >\n\t\t<div class=\"wpb_wrapper\">\n\t\t\t<p><span style=\"text-decoration: underline;\"><span style=\"font-weight: 400;\">Kh\u00f3a h\u1ecdc gi\u1ea3ng vi\u00ean \u0111\u01b0\u1ee3c ch\u1ee9ng nh\u1eadn<br \/>\n<\/span><\/span><span style=\"font-weight: 400;\">N\u1ebfu b\u1ea1n quan t\u00e2m h\u01a1n \u0111\u1ebfn vi\u1ec7c d\u1ea1y l\u1edbp Rent Well theo phong c\u00e1ch b\u00e0i gi\u1ea3ng cho nh\u1eefng ng\u01b0\u1eddi mu\u1ed1n t\u00ecm hi\u1ec3u th\u00eam v\u1ec1 quy\u1ec1n v\u00e0 tr\u00e1ch nhi\u1ec7m c\u1ee7a h\u1ecd v\u1edbi t\u01b0 c\u00e1ch l\u00e0 ng\u01b0\u1eddi thu\u00ea nh\u00e0; t\u00ecm hi\u1ec3u th\u00eam v\u1ec1 ch\u00fang t\u00f4i <a href=\"http:\/\/rentwell.org\/vi\/instructors\/\">L\u1ed9 tr\u00ecnh gi\u1ea3ng vi\u00ean \u0111\u01b0\u1ee3c ch\u1ee9ng nh\u1eadn<\/a>.<br \/>\n<\/span><\/p>\n\n\t\t<\/div>\n\t<\/div>\n<div class=\"vc_empty_space\"   style=\"height: 12px\" ><span class=\"vc_empty_space_inner\"><\/span><\/div>\n<\/div><\/div><\/div><div class=\"wpb_column vc_column_container vc_col-sm-6\"><div class=\"vc_column-inner\"><div class=\"wpb_wrapper\"><\/div><\/div><\/div><\/div><\/div>","protected":false},"excerpt":{"rendered":"Take the Case Manager Course The Rent Well\u00a0Case Manager Track is designed for case managers and housing advocates in OREGON looking for professional development to expand their knowledge in the housing field. If you want to learn more about tenant-landlord regulations and ways to help clients overcome housing barriers, this track is for you. \u00a0 [...]","protected":false},"author":6,"featured_media":0,"parent":123,"menu_order":0,"comment_status":"closed","ping_status":"closed","template":"","meta":{"footnotes":""},"class_list":["post-3432","page","type-page","status-publish","hentry"],"featured_image_src":null,"featured_image_src_square":null,"_links":{"self":[{"href":"https:\/\/rentwell.org\/vi\/wp-json\/wp\/v2\/pages\/3432","targetHints":{"allow":["GET"]}}],"collection":[{"href":"https:\/\/rentwell.org\/vi\/wp-json\/wp\/v2\/pages"}],"about":[{"href":"https:\/\/rentwell.org\/vi\/wp-json\/wp\/v2\/types\/page"}],"author":[{"embeddable":true,"href":"https:\/\/rentwell.org\/vi\/wp-json\/wp\/v2\/users\/6"}],"replies":[{"embeddable":true,"href":"https:\/\/rentwell.org\/vi\/wp-json\/wp\/v2\/comments?post=3432"}],"version-history":[{"count":0,"href":"https:\/\/rentwell.org\/vi\/wp-json\/wp\/v2\/pages\/3432\/revisions"}],"up":[{"embeddable":true,"href":"https:\/\/rentwell.org\/vi\/wp-json\/wp\/v2\/pages\/123"}],"wp:attachment":[{"href":"https:\/\/rentwell.org\/vi\/wp-json\/wp\/v2\/media?parent=3432"}],"curies":[{"name":"wp","href":"https:\/\/api.w.org\/{rel}","templated":true}]}}