{"id":3347,"date":"2022-08-31T04:30:36","date_gmt":"2022-08-31T04:30:36","guid":{"rendered":"https:\/\/rentwell.org\/?page_id=3347"},"modified":"2024-08-26T22:52:32","modified_gmt":"2024-08-26T22:52:32","slug":"updates","status":"publish","type":"page","link":"https:\/\/rentwell.org\/vi\/about\/updates\/","title":{"rendered":"D\u1ecbch v\u1ee5 &amp; C\u1eadp nh\u1eadt v\u1ecb tr\u00ed"},"content":{"rendered":"<div class=\"fullwidth\" ><div class=\"vc_row wpb_row vc_row-fluid\"><div class=\"wpb_column vc_column_container vc_col-sm-12\"><div class=\"vc_column-inner\"><div class=\"wpb_wrapper\">\t\t\t<div\n\t\t\t\tclass=\"darna-heading style1\" >\n\t\t\t\t\t\t\t\t\t<h2>V\u1ecb tr\u00ed s\u1eb5n c\u00f3<\/h2>\n\t\t\t\t\t\t\t\t\t\t\t<\/div>\n\t\t\t<div class=\"vc_empty_space\"   style=\"height: 32px\" ><span class=\"vc_empty_space_inner\"><\/span><\/div>\n\n\t<div class=\"wpb_text_column wpb_content_element\" >\n\t\t<div class=\"wpb_wrapper\">\n\t\t\t<p>Ch\u01b0\u01a1ng tr\u00ecnh Rent Well r\u1ea5t quan t\u00e2m \u0111\u1ebfn vi\u1ec7c \u0111\u1ea3m b\u1ea3o r\u1eb1ng ng\u01b0\u1eddi thu\u00ea nh\u00e0 nh\u1eadn \u0111\u01b0\u1ee3c th\u00f4ng tin chi ti\u1ebft kh\u00f4ng ch\u1ec9 v\u1ec1 nh\u1eefng \u0111i\u1ec1u c\u01a1 b\u1ea3n c\u1ee7a quy tr\u00ecnh thu\u00ea nh\u00e0 m\u00e0 c\u00f2n v\u1ec1 lu\u1eadt nh\u00e0 \u1edf \u0111\u1ecba ph\u01b0\u01a1ng trong khu v\u1ef1c \u1ea3nh h\u01b0\u1edfng \u0111\u1ebfn h\u00e0nh tr\u00ecnh t\u00ecm nh\u00e0 \u1edf c\u1ee7a h\u1ecd. V\u00ec \u0111i\u1ec1u n\u00e0y, <span style=\"text-decoration: underline;\">ch\u01b0\u01a1ng tr\u00ecnh gi\u1ea3ng d\u1ea1y hi\u1ec7n ch\u1ec9 c\u00f3 \u1edf c\u00e1c bang Oregon v\u00e0 Washington.<\/span><\/p>\n<p>C\u01b0 d\u00e2n Oregon c\u00f3 th\u1ec3 truy c\u1eadp ch\u01b0\u01a1ng tr\u00ecnh gi\u1ea3ng d\u1ea1y th\u00f4ng qua c\u00e1c l\u1edbp h\u1ecdc tr\u1ef1c ti\u1ebfp, c\u00e1c l\u1edbp h\u1ecdc ki\u1ec3u h\u1ed9i th\u1ea3o tr\u00ean web v\u1edbi ng\u01b0\u1eddi h\u01b0\u1edbng d\u1eabn v\u00e0 Kh\u00f3a h\u1ecdc \u0111i\u1ec7n t\u1eed \u0111\u1ed9c l\u1eadp. C\u01b0 d\u00e2n Washington c\u00f3 quy\u1ec1n truy c\u1eadp v\u00e0o c\u00e1c kh\u00f3a h\u1ecdc tr\u1ef1c ti\u1ebfp v\u00e0 theo ki\u1ec3u h\u1ed9i th\u1ea3o tr\u00ean web do h\u1ea1n ch\u1ebf v\u1ec1 kinh ph\u00ed.<\/p>\n<p>Th\u0103m c\u1ee7a ch\u00fang t\u00f4i <strong><a href=\"https:\/\/rentwell.org\/vi\/educators\/caps\/\">trang CAP<\/a><\/strong> \u0111\u1ec3 xem t\u1ea5t c\u1ea3 c\u00e1c c\u01a1 quan \u0111\u1ed1i t\u00e1c \u0111ang ho\u1ea1t \u0111\u1ed9ng.<\/p>\n<p><img loading=\"lazy\" decoding=\"async\" class=\"aligncenter wp-image-3351\" src=\"https:\/\/rentwell.org\/wp-content\/uploads\/2022\/08\/USPinPointmap_1515280103_RWC-3-300x165.png\" alt=\"UPDATES AND SERVICES\" width=\"424\" height=\"233\" srcset=\"https:\/\/rentwell.org\/wp-content\/uploads\/2022\/08\/USPinPointmap_1515280103_RWC-3-300x165.png 300w, https:\/\/rentwell.org\/wp-content\/uploads\/2022\/08\/USPinPointmap_1515280103_RWC-3-1024x562.png 1024w, https:\/\/rentwell.org\/wp-content\/uploads\/2022\/08\/USPinPointmap_1515280103_RWC-3-768x422.png 768w, https:\/\/rentwell.org\/wp-content\/uploads\/2022\/08\/USPinPointmap_1515280103_RWC-3-1536x843.png 1536w, https:\/\/rentwell.org\/wp-content\/uploads\/2022\/08\/USPinPointmap_1515280103_RWC-3-2048x1124.png 2048w, https:\/\/rentwell.org\/wp-content\/uploads\/2022\/08\/USPinPointmap_1515280103_RWC-3-18x10.png 18w\" sizes=\"auto, (max-width: 424px) 100vw, 424px\" \/><\/p>\n\n\t\t<\/div>\n\t<\/div>\n<div class=\"vc_empty_space\"   style=\"height: 32px\" ><span class=\"vc_empty_space_inner\"><\/span><\/div>\n<div class=\"vc_empty_space\"   style=\"height: 32px\" ><span class=\"vc_empty_space_inner\"><\/span><\/div>\n<\/div><\/div><\/div><\/div><\/div>","protected":false},"excerpt":{"rendered":"Location Availability The Rent Well Program takes great care in ensuring that tenants get detailed information not just about the basics of the renting process but about local housing laws in their area that impact their housing journey. Because of this, the curriculum is currently only available in Oregon and Washington states. Oregon residents can [...]","protected":false},"author":4,"featured_media":0,"parent":115,"menu_order":0,"comment_status":"closed","ping_status":"closed","template":"","meta":{"footnotes":""},"class_list":["post-3347","page","type-page","status-publish","hentry"],"featured_image_src":null,"featured_image_src_square":null,"_links":{"self":[{"href":"https:\/\/rentwell.org\/vi\/wp-json\/wp\/v2\/pages\/3347","targetHints":{"allow":["GET"]}}],"collection":[{"href":"https:\/\/rentwell.org\/vi\/wp-json\/wp\/v2\/pages"}],"about":[{"href":"https:\/\/rentwell.org\/vi\/wp-json\/wp\/v2\/types\/page"}],"author":[{"embeddable":true,"href":"https:\/\/rentwell.org\/vi\/wp-json\/wp\/v2\/users\/4"}],"replies":[{"embeddable":true,"href":"https:\/\/rentwell.org\/vi\/wp-json\/wp\/v2\/comments?post=3347"}],"version-history":[{"count":0,"href":"https:\/\/rentwell.org\/vi\/wp-json\/wp\/v2\/pages\/3347\/revisions"}],"up":[{"embeddable":true,"href":"https:\/\/rentwell.org\/vi\/wp-json\/wp\/v2\/pages\/115"}],"wp:attachment":[{"href":"https:\/\/rentwell.org\/vi\/wp-json\/wp\/v2\/media?parent=3347"}],"curies":[{"name":"wp","href":"https:\/\/api.w.org\/{rel}","templated":true}]}}