{"id":3346,"date":"2022-08-31T03:55:59","date_gmt":"2022-08-31T03:55:59","guid":{"rendered":"https:\/\/rentwell.org\/?page_id=3346"},"modified":"2023-04-29T04:12:08","modified_gmt":"2023-04-29T04:12:08","slug":"ourjourney","status":"publish","type":"page","link":"https:\/\/rentwell.org\/vi\/about\/ourjourney\/","title":{"rendered":"H\u00e0nh tr\u00ecnh c\u1ee7a ch\u00fang t\u00f4i"},"content":{"rendered":"<div class=\"fullwidth\" ><div class=\"vc_row wpb_row vc_row-fluid\"><div class=\"wpb_column vc_column_container vc_col-sm-12\"><div class=\"vc_column-inner\"><div class=\"wpb_wrapper\">\t\t\t<div\n\t\t\t\tclass=\"darna-heading style1\" >\n\t\t\t\t\t\t\t\t\t<h2>Nh\u1eefng g\u00ec ch\u00fang t\u00f4i \u0111\u00e3 l\u00e0m<\/h2>\n\t\t\t\t\t\t\t\t\t\t\t<\/div>\n\t\t\t<div class=\"vc_empty_space\"   style=\"height: 24px\" ><span class=\"vc_empty_space_inner\"><\/span><\/div>\n\n\t<div class=\"wpb_text_column wpb_content_element\" >\n\t\t<div class=\"wpb_wrapper\">\n\t\t\t<p><img loading=\"lazy\" decoding=\"async\" class=\"alignright wp-image-3344\" src=\"https:\/\/rentwell.org\/wp-content\/uploads\/2022\/08\/BookPen-300x300.png\" alt=\"OUR HISTORY\" width=\"144\" height=\"144\" srcset=\"https:\/\/rentwell.org\/wp-content\/uploads\/2022\/08\/BookPen-300x300.png 300w, https:\/\/rentwell.org\/wp-content\/uploads\/2022\/08\/BookPen-150x150.png 150w, https:\/\/rentwell.org\/wp-content\/uploads\/2022\/08\/BookPen-12x12.png 12w, https:\/\/rentwell.org\/wp-content\/uploads\/2022\/08\/BookPen-600x600.png 600w, https:\/\/rentwell.org\/wp-content\/uploads\/2022\/08\/BookPen.png 646w\" sizes=\"auto, (max-width: 144px) 100vw, 144px\" \/><\/p>\n<p>K\u1ec3 t\u1eeb khi Rent Well \u0111\u01b0\u1ee3c th\u00e0nh l\u1eadp v\u00e0o n\u0103m 2009, n\u00f3 \u0111\u01b0\u1ee3c gi\u00e1m s\u00e1t chung b\u1edfi m\u1ed9t s\u1ed1 c\u01a1 quan v\u00e0 m\u1ed9t \u1ee7y ban c\u00f3 t\u00ean l\u00e0 Renter&#039;s Education ALLiance (REAL.) \u1ee6y ban n\u00e0y bao g\u1ed3m nh\u1eefng ng\u01b0\u1eddi \u1ee7ng h\u1ed9 nh\u00e0 \u1edf, ng\u01b0\u1eddi qu\u1ea3n l\u00fd h\u1ed3 s\u01a1, t\u1ed5 ch\u1ee9c phi l\u1ee3i nhu\u1eadn, ng\u01b0\u1eddi thu\u00ea nh\u00e0, nh\u00e0 cung c\u1ea5p nh\u00e0 \u1edf, ng\u01b0\u1eddi qu\u1ea3n l\u00fd t\u00e0i s\u1ea3n v\u00e0 c\u00e1c t\u1ed5 ch\u1ee9c ch\u00ednh ph\u1ee7 xung quanh khu v\u1ef1c Portland Metro. Ch\u01b0\u01a1ng tr\u00ecnh gi\u1ea3ng d\u1ea1y \u0111\u01b0\u1ee3c vi\u1ebft b\u1edfi m\u1ed9t nh\u00e0 ph\u00e1t tri\u1ec3n ch\u01b0\u01a1ng tr\u00ecnh gi\u1ea3ng d\u1ea1y chuy\u00ean nghi\u1ec7p v\u00e0 \u0111\u01b0\u1ee3c H\u1ed9i \u0111\u1ed3ng Nh\u00e0 \u1edf C\u00f4ng b\u1eb1ng Oregon, D\u1ecbch v\u1ee5 Tr\u1ee3 gi\u00fap Ph\u00e1p l\u00fd c\u1ee7a Oregon, Li\u00ean minh C\u1ed9ng \u0111\u1ed3ng Ng\u01b0\u1eddi thu\u00ea nh\u00e0 v\u00e0 Multifamily NW xem x\u00e9t.<\/p>\n<p>Ch\u01b0\u01a1ng tr\u00ecnh gi\u1ea3ng d\u1ea1y \u0111\u01b0\u1ee3c \u1ee6y ban REAL, Homeforward v\u00e0 Th\u00e0nh ph\u1ed1 Portland duy tr\u00ec cho \u0111\u1ebfn n\u0103m 2016. V\u00e0o th\u00e1ng 7 n\u0103m 2016, quy\u1ec1n s\u1edf h\u1eefu v\u00e0 qu\u1ea3n l\u00fd c\u1ee7a Rent Well \u0111\u00e3 \u0111\u01b0\u1ee3c chuy\u1ec3n giao cho Transition Projects, nh\u00e0 cung c\u1ea5p c\u00e1c kh\u00f3a h\u1ecdc Rent Well l\u1edbn nh\u1ea5t. K\u1ec3 t\u1eeb khi h\u1ee3p nh\u1ea5t vi\u1ec7c gi\u00e1m s\u00e1t ch\u01b0\u01a1ng tr\u00ecnh, nhi\u1ec1u c\u1eadp nh\u1eadt, th\u00e0nh c\u00f4ng v\u00e0 m\u1edf r\u1ed9ng \u0111\u00e3 x\u1ea3y ra.<\/p>\n\n\t\t<\/div>\n\t<\/div>\n<div class=\"vc_empty_space\"   style=\"height: 32px\" ><span class=\"vc_empty_space_inner\"><\/span><\/div>\n<div class=\"vc_separator wpb_content_element vc_separator_align_center vc_sep_width_100 vc_sep_pos_align_center vc_sep_color_peacoc vc_separator-has-text\" ><span class=\"vc_sep_holder vc_sep_holder_l\"><span  class=\"vc_sep_line\"><\/span><\/span><h4>2017<\/h4><span class=\"vc_sep_holder vc_sep_holder_r\"><span  class=\"vc_sep_line\"><\/span><\/span>\n<\/div><div class=\"vc_empty_space\"   style=\"height: 32px\" ><span class=\"vc_empty_space_inner\"><\/span><\/div>\n\n\t<div class=\"wpb_text_column wpb_content_element\" >\n\t\t<div class=\"wpb_wrapper\">\n\t\t\t<ul>\n<li><strong>Th\u00e1ng b\u1ea3y:<\/strong> Ch\u00fang t\u00f4i k\u1ef7 ni\u1ec7m vi\u1ec7c th\u00f4ng qua th\u00e0nh c\u00f4ng D\u1ef1 lu\u1eadt Nh\u00e0 \u1edf Oregon (HB) 2724, \u0111\u1ea1o lu\u1eadt \u0111\u00e3 t\u1ea1o ra Ch\u01b0\u01a1ng tr\u00ecnh \u0110\u1ea3m b\u1ea3o Ti\u1ec1n thu\u00ea nh\u00e0 tr\u00ean to\u00e0n ti\u1ec3u bang \u0111\u1ec3 k\u1ebft h\u1ee3p v\u1edbi c\u00e1c kh\u00f3a h\u1ecdc gi\u00e1o d\u1ee5c d\u00e0nh cho ng\u01b0\u1eddi thu\u00ea nh\u00e0 \u0111\u01b0\u1ee3c ch\u1ee9ng nh\u1eadn, nh\u01b0 Rent Well.<\/li>\n<li><strong>Th\u00e1ng m\u01b0\u1eddi m\u1ed9t:<\/strong> T\u00ednh \u0111\u1ebfn nay, 5.000 sinh vi\u00ean Rent Well \u0111\u00e3 t\u1ed1t nghi\u1ec7p<\/li>\n<\/ul>\n\n\t\t<\/div>\n\t<\/div>\n<div class=\"vc_empty_space\"   style=\"height: 32px\" ><span class=\"vc_empty_space_inner\"><\/span><\/div>\n<div class=\"vc_separator wpb_content_element vc_separator_align_center vc_sep_width_100 vc_sep_pos_align_center vc_sep_color_peacoc vc_separator-has-text\" ><span class=\"vc_sep_holder vc_sep_holder_l\"><span  class=\"vc_sep_line\"><\/span><\/span><h4>2018<\/h4><span class=\"vc_sep_holder vc_sep_holder_r\"><span  class=\"vc_sep_line\"><\/span><\/span>\n<\/div><div class=\"vc_empty_space\"   style=\"height: 32px\" ><span class=\"vc_empty_space_inner\"><\/span><\/div>\n\n\t<div class=\"wpb_text_column wpb_content_element\" >\n\t\t<div class=\"wpb_wrapper\">\n\t\t\t<ul>\n<li style=\"text-align: left;\"><strong>Th\u00e1ng Gi\u00eang: <\/strong>Phi\u00ean b\u1ea3n 3.0 c\u1ee7a ch\u01b0\u01a1ng tr\u00ecnh gi\u1ea3ng d\u1ea1y Oregon v\u00e0 Washington \u0111\u00e3 \u0111\u01b0\u1ee3c ph\u00e1t h\u00e0nh. Phi\u00ean b\u1ea3n n\u00e0y l\u00e0 b\u1ea3n c\u1eadp nh\u1eadt \u0111\u1ea7u ti\u00ean k\u1ec3 t\u1eeb n\u0103m 2014 v\u00e0 k\u1ebft h\u1ee3p c\u00e1c ghi ch\u00fa trong s\u00e1ch h\u01b0\u1edbng d\u1eabn d\u00e0nh cho ng\u01b0\u1eddi h\u01b0\u1edbng d\u1eabn v\u1edbi s\u1ed5 tay d\u00e0nh cho sinh vi\u00ean \u0111\u1ec3 ng\u01b0\u1eddi h\u01b0\u1edbng d\u1eabn c\u00f3 th\u1ec3 c\u00f3 m\u1ed9t s\u1ed5 tay \u0111\u1ec3 gi\u1ea3ng d\u1ea1y thay v\u00ec hai.<\/li>\n<li><strong>C\u00f3 th\u1ec3:<\/strong> Ch\u01b0\u01a1ng tr\u00ecnh Rent Well \u0111\u00e3 nh\u1eadn \u0111\u01b0\u1ee3c kho\u1ea3n tr\u1ee3 c\u1ea5p $25k t\u1eeb Qu\u1ef9 C\u1ed9ng \u0111\u1ed3ng Oregon \u0111\u1ec3 d\u1ecbch t\u00e0i li\u1ec7u d\u00e0nh cho ng\u01b0\u1eddi h\u01b0\u1edbng d\u1eabn v\u00e0 sinh vi\u00ean Oregon sang ti\u1ebfng T\u00e2y Ban Nha.<\/li>\n<\/ul>\n\n\t\t<\/div>\n\t<\/div>\n<div class=\"vc_empty_space\"   style=\"height: 32px\" ><span class=\"vc_empty_space_inner\"><\/span><\/div>\n<div class=\"vc_separator wpb_content_element vc_separator_align_center vc_sep_width_100 vc_sep_pos_align_center vc_sep_color_peacoc vc_separator-has-text\" ><span class=\"vc_sep_holder vc_sep_holder_l\"><span  class=\"vc_sep_line\"><\/span><\/span><h4>2019<\/h4><span class=\"vc_sep_holder vc_sep_holder_r\"><span  class=\"vc_sep_line\"><\/span><\/span>\n<\/div><div class=\"vc_empty_space\"   style=\"height: 32px\" ><span class=\"vc_empty_space_inner\"><\/span><\/div>\n\n\t<div class=\"wpb_text_column wpb_content_element\" >\n\t\t<div class=\"wpb_wrapper\">\n\t\t\t<ul>\n<li><strong>Th\u00e1ng s\u00e1u:<\/strong> M\u1ed9t l\u1ea7n n\u1eefa, ch\u00fang t\u00f4i \u0103n m\u1eebng vi\u1ec7c th\u00f4ng qua th\u00e0nh c\u00f4ng D\u1ef1 lu\u1eadt Th\u01b0\u1ee3ng vi\u1ec7n Oregon (SB) 278, m\u1edf r\u1ed9ng kh\u1ea3 n\u0103ng \u0111\u1ee7 \u0111i\u1ec1u ki\u1ec7n tham gia Ch\u01b0\u01a1ng tr\u00ecnh B\u1ea3o \u0111\u1ea3m Ti\u1ec1n thu\u00ea nh\u00e0 cho c\u00e1c c\u00e1 nh\u00e2n t\u1eeb 16 \u0111\u1ebfn 26 tu\u1ed5i \u0111ang \u0111\u01b0\u1ee3c ch\u0103m s\u00f3c nu\u00f4i d\u01b0\u1ee1ng ho\u1eb7c h\u1ec7 th\u1ed1ng t\u01b0 ph\u00e1p v\u1ecb th\u00e0nh ni\u00ean trong v\u00f2ng 10 n\u0103m qua.<\/li>\n<li><strong>Th\u00e1ng t\u00e1m:<\/strong> Phi\u00ean b\u1ea3n 4.0 c\u1ee7a ch\u01b0\u01a1ng tr\u00ecnh gi\u1ea3ng d\u1ea1y Oregon v\u00e0 Washington \u0111\u00e3 \u0111\u01b0\u1ee3c ho\u00e0n thi\u1ec7n v\u00e0 ph\u00e1t h\u00e0nh. \u0110i\u1ec1u n\u00e0y \u0111\u00e3 t\u00e1ch c\u00e1c lu\u1eadt v\u00e0 ch\u01b0\u01a1ng tr\u00ecnh gi\u1ea3ng d\u1ea1y c\u1ee5 th\u1ec3 c\u1ee7a Oregon v\u00e0 Washington th\u00e0nh c\u00e1c phi\u00ean b\u1ea3n ri\u00eang c\u1ee7a s\u00e1ch h\u01b0\u1edbng d\u1eabn d\u00e0nh cho sinh vi\u00ean v\u00e0 ng\u01b0\u1eddi h\u01b0\u1edbng d\u1eabn.<\/li>\n<\/ul>\n\n\t\t<\/div>\n\t<\/div>\n<div class=\"vc_empty_space\"   style=\"height: 32px\" ><span class=\"vc_empty_space_inner\"><\/span><\/div>\n<div class=\"vc_separator wpb_content_element vc_separator_align_center vc_sep_width_100 vc_sep_pos_align_center vc_sep_color_peacoc vc_separator-has-text\" ><span class=\"vc_sep_holder vc_sep_holder_l\"><span  class=\"vc_sep_line\"><\/span><\/span><h4>2020<\/h4><span class=\"vc_sep_holder vc_sep_holder_r\"><span  class=\"vc_sep_line\"><\/span><\/span>\n<\/div><div class=\"vc_empty_space\"   style=\"height: 32px\" ><span class=\"vc_empty_space_inner\"><\/span><\/div>\n\n\t<div class=\"wpb_text_column wpb_content_element\" >\n\t\t<div class=\"wpb_wrapper\">\n\t\t\t<ul>\n<li><strong>Th\u00e1ng 2:<\/strong> Ch\u01b0\u01a1ng tr\u00ecnh \u1ee7ng h\u1ed9 vi\u1ec7c s\u1eeda \u0111\u1ed5i k\u1ef9 thu\u1eadt D\u1ef1 lu\u1eadt Th\u01b0\u1ee3ng vi\u1ec7n (SB) 1533 s\u1ebd \u0111\u01b0\u1ee3c th\u00f4ng qua. D\u1ef1 lu\u1eadt n\u00e0y s\u1ebd l\u00e0m r\u00f5 c\u00e1c chi ti\u1ebft nh\u1ecf nh\u01b0ng quan tr\u1ecdng trong D\u1ef1 lu\u1eadt B\u1ea3o \u0111\u1ea3m Ti\u1ec1n thu\u00ea nh\u00e0 ban \u0111\u1ea7u \u0111\u1ec3 gi\u00fap sinh vi\u00ean t\u1ed1t nghi\u1ec7p Rent Well v\u00e0 ng\u01b0\u1eddi qu\u1ea3n l\u00fd t\u00e0i s\u1ea3n c\u1ee7a h\u1ecd d\u1ec5 ti\u1ebfp c\u1eadn h\u01a1n v\u1edbi b\u1ea3o l\u00e3nh n\u00e0y. Th\u1eadt kh\u00f4ng may, d\u1ef1 lu\u1eadt \u0111\u00e3 kh\u00f4ng \u0111\u01b0\u1ee3c th\u1ef1c hi\u1ec7n ngo\u00e0i phi\u00ean h\u1ecdp.<\/li>\n<li><strong>B\u01b0\u1edbc \u0111\u1ec1u:<\/strong> Ch\u00fang t\u00f4i \u0111\u00e3 thu\u00ea m\u1ed9t Chuy\u00ean gia h\u1ed7 tr\u1ee3 h\u00e0nh ch\u00ednh ch\u00ednh th\u1ee9c. Nh\u00e2n s\u1ef1 cho b\u1ed9 ph\u1eadn h\u00e0nh ch\u00ednh c\u1ee7a ch\u01b0\u01a1ng tr\u00ecnh \u0111\u00e3 t\u0103ng t\u1eeb m\u1ed9t l\u00ean hai v\u1ecb tr\u00ed to\u00e0n th\u1eddi gian.<\/li>\n<li><strong>C\u00f3 th\u1ec3<\/strong>: \u0110\u00e2y l\u00e0 m\u1ed9t th\u00e1ng quan tr\u1ecdng \u0111\u1ed1i v\u1edbi ch\u00fang t\u00f4i! Sinh vi\u00ean Rent Well th\u1ee9 10.000 \u0111\u00e3 t\u1ed1t nghi\u1ec7p. \u0110\u1ed3ng th\u1eddi, do \u0111\u1ea1i d\u1ecbch COVID, c\u00e1c thay \u0111\u1ed5i \u0111\u00e3 \u0111\u01b0\u1ee3c th\u1ef1c hi\u1ec7n \u0111\u1ed1i v\u1edbi kh\u00f3a h\u1ecdc tr\u1ef1c ti\u1ebfp ban \u0111\u1ea7u \u0111\u1ec3 bi\u1ebfn n\u00f3 th\u00e0nh phi\u00ean b\u1ea3n ch\u01b0\u01a1ng tr\u00ecnh gi\u1ea3ng d\u1ea1y theo phong c\u00e1ch h\u1ed9i th\u1ea3o tr\u00ean web d\u00e0nh cho b\u1ea1n b\u00e8.<\/li>\n<\/ul>\n\n\t\t<\/div>\n\t<\/div>\n<div class=\"vc_empty_space\"   style=\"height: 32px\" ><span class=\"vc_empty_space_inner\"><\/span><\/div>\n<div class=\"vc_separator wpb_content_element vc_separator_align_center vc_sep_width_100 vc_sep_pos_align_center vc_sep_color_peacoc vc_separator-has-text\" ><span class=\"vc_sep_holder vc_sep_holder_l\"><span  class=\"vc_sep_line\"><\/span><\/span><h4>2021<\/h4><span class=\"vc_sep_holder vc_sep_holder_r\"><span  class=\"vc_sep_line\"><\/span><\/span>\n<\/div><div class=\"vc_empty_space\"   style=\"height: 32px\" ><span class=\"vc_empty_space_inner\"><\/span><\/div>\n\n\t<div class=\"wpb_text_column wpb_content_element\" >\n\t\t<div class=\"wpb_wrapper\">\n\t\t\t<ul>\n<li><strong>Th\u00e1ng Gi\u00eang:<\/strong> Rent Well \u0111\u00e3 nh\u1eadn \u0111\u01b0\u1ee3c kho\u1ea3n t\u00e0i tr\u1ee3 $500k t\u1eeb D\u1ecbch v\u1ee5 C\u1ed9ng \u0111\u1ed3ng v\u00e0 Nh\u00e0 \u1edf Oregon \u0111\u1ec3 chuy\u1ec3n \u0111\u1ed5i ch\u01b0\u01a1ng tr\u00ecnh gi\u1ea3ng d\u1ea1y th\u00e0nh m\u1ed9t \u1ee9ng d\u1ee5ng di \u0111\u1ed9ng v\u00e0 kh\u00f3a h\u1ecdc \u0111i\u1ec7n t\u1eed \u0111\u1ed9c l\u1eadp b\u1eb1ng b\u1ea3y ng\u00f4n ng\u1eef kh\u00e1c nhau: ti\u1ebfng Anh, ti\u1ebfng T\u00e2y Ban Nha, ti\u1ebfng Nga, ti\u1ebfng Trung gi\u1ea3n th\u1ec3, ti\u1ebfng Trung ph\u1ed3n th\u1ec3, ti\u1ebfng Vi\u1ec7t v\u00e0 ti\u1ebfng \u0110\u1ee9c.<\/li>\n<li><strong>C\u00f3 th\u1ec3:<\/strong> Cu\u1ed1i c\u00f9ng, ch\u00fang t\u00f4i \u0111\u00e3 c\u00f3 th\u1ec3 \u0103n m\u1eebng vi\u1ec7c th\u00f4ng qua th\u00e0nh c\u00f4ng D\u1ef1 lu\u1eadt H\u1ea1 vi\u1ec7n Oregon (HB) 2101, l\u00e0 d\u1ef1 lu\u1eadt s\u1eeda \u0111\u1ed5i k\u1ef9 thu\u1eadt \u0111\u01b0\u1ee3c th\u1ef1c hi\u1ec7n l\u1ea1i t\u1eeb n\u0103m 2019 \u0111\u1ec3 gi\u00fap sinh vi\u00ean t\u1ed1t nghi\u1ec7p Rent Well d\u1ec5 ti\u1ebfp c\u1eadn h\u01a1n v\u1edbi b\u1ea3o \u0111\u1ea3m c\u1ee7a Oregon.<\/li>\n<li><strong>Th\u00e1ng b\u1ea3y<\/strong>: Rentwell.org \u0111\u01b0\u1ee3c thi\u1ebft k\u1ebf m\u1edbi \u0111\u00e3 \u0111\u01b0\u1ee3c ph\u00e1t h\u00e0nh.<\/li>\n<li><strong>Th\u00e1ng t\u00e1m:<\/strong> Phi\u00ean b\u1ea3n eCourse c\u1ee7a H\u1ecdc vi\u1ec7n Gi\u00e1o d\u1ee5c Ng\u01b0\u1eddi thu\u00ea nh\u00e0 \u0111\u00e3 \u0111\u01b0\u1ee3c ph\u00e1t h\u00e0nh. \u0110i\u1ec1u n\u00e0y cho ph\u00e9p nh\u1eefng c\u00e1 nh\u00e2n mu\u1ed1n tr\u1edf th\u00e0nh ng\u01b0\u1eddi h\u01b0\u1edbng d\u1eabn ho\u1eb7c chuy\u00ean gia \u0111\u01b0\u1ee3c \u0111\u00e0o t\u1ea1o c\u00f3 kh\u1ea3 n\u0103ng ti\u1ebfp c\u1eadn kh\u00f3a \u0111\u00e0o t\u1ea1o theo th\u1eddi gian ri\u00eang c\u1ee7a h\u1ecd v\u00e0 kh\u00f4ng ph\u1ea3i ch\u1edd \u0111\u00e0o t\u1ea1o h\u00e0ng qu\u00fd.<\/li>\n<li><strong>Th\u00e1ng M\u01b0\u1eddi:<\/strong> S\u1ef1 h\u1ee3p t\u00e1c gi\u1eefa Pacific Screening v\u00e0 Rent Well cho ph\u00e9p t\u1ea1o ra m\u1ed9t trang web s\u00e0ng l\u1ecdc m\u1edbi \u0111\u1ec3 c\u1ea3 ng\u01b0\u1eddi h\u01b0\u1edbng d\u1eabn v\u00e0 sinh vi\u00ean \u0111\u1ec1u c\u00f3 th\u1ec3 truy c\u1eadp v\u00e0o c\u00e1c b\u00e1o c\u00e1o c\u01a1 b\u1ea3n d\u1ec5 \u0111\u1ecdc, c\u1eadp nh\u1eadt k\u1ecbp th\u1eddi.<\/li>\n<\/ul>\n\n\t\t<\/div>\n\t<\/div>\n<div class=\"vc_empty_space\"   style=\"height: 32px\" ><span class=\"vc_empty_space_inner\"><\/span><\/div>\n<div class=\"vc_separator wpb_content_element vc_separator_align_center vc_sep_width_100 vc_sep_pos_align_center vc_sep_color_peacoc vc_separator-has-text\" ><span class=\"vc_sep_holder vc_sep_holder_l\"><span  class=\"vc_sep_line\"><\/span><\/span><h4>2022<\/h4><span class=\"vc_sep_holder vc_sep_holder_r\"><span  class=\"vc_sep_line\"><\/span><\/span>\n<\/div><div class=\"vc_empty_space\"   style=\"height: 32px\" ><span class=\"vc_empty_space_inner\"><\/span><\/div>\n\n\t<div class=\"wpb_text_column wpb_content_element\" >\n\t\t<div class=\"wpb_wrapper\">\n\t\t\t<ul>\n<li><strong>Th\u00e1ng Gi\u00eang:<\/strong> Rent Well ch\u00ednh th\u1ee9c \u0111\u01b0\u1ee3c m\u1ec7nh danh l\u00e0 ti\u00eau chu\u1ea9n v\u00e0ng v\u1ec1 gi\u00e1o d\u1ee5c ng\u01b0\u1eddi thu\u00ea nh\u00e0 \u1edf bang Oregon v\u00e0 tr\u1edf th\u00e0nh ch\u01b0\u01a1ng tr\u00ecnh gi\u1ea3ng d\u1ea1y gi\u00e1o d\u1ee5c ng\u01b0\u1eddi thu\u00ea nh\u00e0 duy nh\u1ea5t \u0111\u01b0\u1ee3c ti\u1ec3u bang ph\u00ea duy\u1ec7t k\u1ebft h\u1ee3p v\u1edbi Ch\u01b0\u01a1ng tr\u00ecnh \u0110\u1ea3m b\u1ea3o Ti\u1ec1n thu\u00ea nh\u00e0. Ngo\u00e0i ra, nh\u00e2n s\u1ef1 c\u1ee7a ch\u01b0\u01a1ng tr\u00ecnh c\u0169ng t\u0103ng t\u1eeb hai l\u00ean s\u00e1u nh\u00e2n vi\u00ean to\u00e0n th\u1eddi gian. Vi\u1ec7c b\u1ed5 sung nh\u00e2n s\u1ef1 nh\u1eb1m h\u1ed7 tr\u1ee3 sinh vi\u00ean c\u1ee7a eCourse ho\u00e0n th\u00e0nh ch\u01b0\u01a1ng tr\u00ecnh gi\u1ea3ng d\u1ea1y, \u0111\u1ed3ng th\u1eddi c\u00f3 m\u1ed9t ng\u01b0\u1eddi \u0111\u1ea7u m\u1ed1i h\u1ed7 tr\u1ee3 ng\u01b0\u1eddi h\u01b0\u1edbng d\u1eabn \u1edf c\u00e1c c\u01a1 quan kh\u00e1c v\u00e0 ph\u00e1t tri\u1ec3n m\u1ed1i quan h\u1ec7 v\u1edbi c\u00e1c nh\u00e0 qu\u1ea3n l\u00fd t\u00e0i s\u1ea3n.<\/li>\n<li><strong>Th\u00e1ng 2:<\/strong> Kh\u00f3a h\u1ecdc \u0111i\u1ec7n t\u1eed ch\u00ednh th\u1ee9c m\u1edf c\u1eeda cho c\u00f4ng ch\u00fang. Nh\u1edd ngu\u1ed3n t\u00e0i tr\u1ee3 b\u1ed5 sung t\u1eeb D\u1ecbch v\u1ee5 C\u1ed9ng \u0111\u1ed3ng v\u00e0 Nh\u00e0 \u1edf Oregon, kh\u00f3a h\u1ecdc \u0111i\u1ec7n t\u1eed s\u1ebd mi\u1ec5n ph\u00ed cho t\u1ed1i \u0111a 5.000 ng\u01b0\u1eddi d\u00e2n Oregon c\u00f3 thu nh\u1eadp th\u1ea5p m\u1ed7i n\u0103m.<\/li>\n<li><strong>B\u01b0\u1edbc \u0111\u1ec1u:<\/strong> Ch\u00fang t\u00f4i \u0111\u00e3 kh\u1edfi c\u00f4ng Apply Oregon, m\u1ed9t li\u00ean doanh gi\u1eefa Rent Well v\u00e0 Pacific Screening, nh\u1eb1m thu h\u1eb9p kho\u1ea3ng c\u00e1ch gi\u1eefa sinh vi\u00ean t\u1ed1t nghi\u1ec7p v\u00e0 ch\u1ee7 nh\u00e0 \u1edf Oregon. Ngo\u00e0i ra, phi\u00ean b\u1ea3n 5, hay c\u00f2n g\u1ecdi l\u00e0 phi\u00ean b\u1ea3n 2022 c\u1ee7a ch\u01b0\u01a1ng tr\u00ecnh gi\u1ea3ng d\u1ea1y Oregon v\u00e0 Washington \u0111\u00e3 \u0111\u01b0\u1ee3c ph\u00e1t h\u00e0nh.<\/li>\n<\/ul>\n\n\t\t<\/div>\n\t<\/div>\n<div class=\"vc_empty_space\"   style=\"height: 32px\" ><span class=\"vc_empty_space_inner\"><\/span><\/div>\n<\/div><\/div><\/div><\/div><\/div><div class=\"fullwidth\" ><div class=\"vc_row wpb_row vc_row-fluid\"><div class=\"wpb_column vc_column_container vc_col-sm-12\"><div class=\"vc_column-inner\"><div class=\"wpb_wrapper\">\n\t<div class=\"wpb_text_column wpb_content_element\" >\n\t\t<div class=\"wpb_wrapper\">\n\t\t\t<p>&nbsp;<\/p>\n\n\t\t<\/div>\n\t<\/div>\n<\/div><\/div><\/div><\/div><\/div>","protected":false},"excerpt":{"rendered":"What We have Been Up To Since Rent Well was created in 2009, it was collectively overseen by several agencies and a committee known as the Renter's Education ALliance (REAL.) This committee was comprised of housing advocates, case managers, non-profits, tenants, housing providers, property managers, and governmental organizations from around the Portland Metro area. The [...]","protected":false},"author":4,"featured_media":0,"parent":115,"menu_order":0,"comment_status":"closed","ping_status":"closed","template":"","meta":{"footnotes":""},"class_list":["post-3346","page","type-page","status-publish","hentry"],"featured_image_src":null,"featured_image_src_square":null,"_links":{"self":[{"href":"https:\/\/rentwell.org\/vi\/wp-json\/wp\/v2\/pages\/3346","targetHints":{"allow":["GET"]}}],"collection":[{"href":"https:\/\/rentwell.org\/vi\/wp-json\/wp\/v2\/pages"}],"about":[{"href":"https:\/\/rentwell.org\/vi\/wp-json\/wp\/v2\/types\/page"}],"author":[{"embeddable":true,"href":"https:\/\/rentwell.org\/vi\/wp-json\/wp\/v2\/users\/4"}],"replies":[{"embeddable":true,"href":"https:\/\/rentwell.org\/vi\/wp-json\/wp\/v2\/comments?post=3346"}],"version-history":[{"count":0,"href":"https:\/\/rentwell.org\/vi\/wp-json\/wp\/v2\/pages\/3346\/revisions"}],"up":[{"embeddable":true,"href":"https:\/\/rentwell.org\/vi\/wp-json\/wp\/v2\/pages\/115"}],"wp:attachment":[{"href":"https:\/\/rentwell.org\/vi\/wp-json\/wp\/v2\/media?parent=3346"}],"curies":[{"name":"wp","href":"https:\/\/api.w.org\/{rel}","templated":true}]}}