{"id":121,"date":"2015-07-18T09:28:32","date_gmt":"2015-07-18T09:28:32","guid":{"rendered":"https:\/\/rentwell.org\/?page_id=121"},"modified":"2023-09-05T17:48:35","modified_gmt":"2023-09-05T17:48:35","slug":"tenants","status":"publish","type":"page","link":"https:\/\/rentwell.org\/vi\/tenants\/","title":{"rendered":"\u0110\u1ed1i v\u1edbi ng\u01b0\u1eddi thu\u00ea nh\u00e0"},"content":{"rendered":"<div class=\"fullwidth\" ><div class=\"vc_row wpb_row vc_row-fluid\"><div class=\"wpb_column vc_column_container vc_col-sm-12\"><div class=\"vc_column-inner\"><div class=\"wpb_wrapper\">\t\t\t<div\n\t\t\t\tclass=\"darna-heading style1\" >\n\t\t\t\t\t\t\t\t\t<h2>Rent Well l\u00e0 g\u00ec?<\/h2>\n\t\t\t\t\t\t\t\t\t\t\t<\/div>\n\t\t\t<div class=\"vc_empty_space\"   style=\"height: 12px\" ><span class=\"vc_empty_space_inner\"><\/span><\/div>\n<\/div><\/div><\/div><\/div><\/div><div class=\"container\" ><div class=\"vc_row wpb_row vc_row-fluid\"><div class=\"wpb_column vc_column_container vc_col-sm-8\"><div class=\"vc_column-inner\"><div class=\"wpb_wrapper\">\n\t<div class=\"wpb_text_column wpb_content_element\" >\n\t\t<div class=\"wpb_wrapper\">\n\t\t\t<p><span style=\"font-weight: 400;\">Rent Well l\u00e0 kh\u00f3a h\u1ecdc gi\u00e1o d\u1ee5c d\u00e0nh cho ng\u01b0\u1eddi thu\u00ea nh\u00e0 nh\u1eb1m h\u01b0\u1edbng d\u1eabn c\u00e1c c\u00e1 nh\u00e2n v\u1ec1 quy\u1ec1n v\u00e0 tr\u00e1ch nhi\u1ec7m c\u1ee7a h\u1ecd v\u1edbi t\u01b0 c\u00e1ch l\u00e0 ng\u01b0\u1eddi thu\u00ea nh\u00e0. Kh\u00f3a h\u1ecdc \u0111\u01b0\u1ee3c gi\u1ea3ng d\u1ea1y tr\u1ef1c ti\u1ebfp ho\u1eb7c qua Zoom t\u1ea1i nhi\u1ec1u c\u01a1 quan d\u1ecbch v\u1ee5 v\u00e0 phi l\u1ee3i nhu\u1eadn \u1edf Oregon v\u00e0 Washington. Kh\u00f3a h\u1ecdc n\u00e0y c\u0169ng c\u00f3 s\u1eb5n d\u01b0\u1edbi d\u1ea1ng kh\u00f3a h\u1ecdc \u0111i\u1ec7n t\u1eed tr\u1ef1c tuy\u1ebfn c\u00f3 th\u1ec3 \u0111\u01b0\u1ee3c ho\u00e0n th\u00e0nh theo t\u1ed1c \u0111\u1ed9 c\u1ee7a ri\u00eang b\u1ea1n.<\/span><\/p>\n<p>Li\u1ec7u<span style=\"font-weight: 400;\"> N\u1ebfu b\u1ea1n quan t\u00e2m \u0111\u1ebfn vi\u1ec7c bi\u1ebft c\u00e1c quy\u1ec1n c\u1ee7a m\u00ecnh v\u1edbi t\u01b0 c\u00e1ch l\u00e0 ng\u01b0\u1eddi thu\u00ea nh\u00e0, t\u00ecm hi\u1ec3u c\u00e1ch ch\u1ee7 nh\u00e0 c\u00f3 th\u1ec3 s\u00e0ng l\u1ecdc b\u1ea1n ho\u1eb7c mu\u1ed1n n\u00e2ng cao k\u1ef9 n\u0103ng s\u0103n t\u00ecm c\u0103n h\u1ed9 c\u1ee7a m\u00ecnh, Rent Well l\u00e0 d\u00e0nh cho b\u1ea1n. Kh\u00f3a h\u1ecdc gi\u00e1o d\u1ee5c ng\u01b0\u1eddi thu\u00ea nh\u00e0 n\u00e0y \u0111\u01b0\u1ee3c chia th\u00e0nh <\/span><span style=\"font-weight: 400;\">12<\/span><span style=\"font-weight: 400;\"> c\u00e1c ph\u1ea7n. Trong l\u1edbp h\u1ecdc n\u00e0y, b\u1ea1n s\u1ebd h\u01b0\u1edbng d\u1eabn quy tr\u00ecnh cho thu\u00ea v\u00e0 th\u1ea3o lu\u1eadn v\u1ec1 c\u00e1c ch\u1ee7 \u0111\u1ec1 sau v\u00e0 h\u01a1n th\u1ebf n\u1eefa:<\/span><\/p>\n\n\t\t<\/div>\n\t<\/div>\n<div class=\"vc_empty_space\"   style=\"height: 12px\" ><span class=\"vc_empty_space_inner\"><\/span><\/div>\n<\/div><\/div><\/div><div class=\"wpb_column vc_column_container vc_col-sm-4\"><div class=\"vc_column-inner\"><div class=\"wpb_wrapper\">\n\t<div  class=\"wpb_single_image wpb_content_element vc_align_center\">\n\t\t\n\t\t<figure class=\"wpb_wrapper vc_figure\">\n\t\t\t<div class=\"vc_single_image-wrapper   vc_box_border_grey\"><img loading=\"lazy\" decoding=\"async\" width=\"292\" height=\"300\" src=\"https:\/\/rentwell.org\/wp-content\/uploads\/2022\/02\/houseKeys_730222651-01-292x300.png\" class=\"vc_single_image-img attachment-medium\" alt=\"House Keys\" srcset=\"https:\/\/rentwell.org\/wp-content\/uploads\/2022\/02\/houseKeys_730222651-01-292x300.png 292w, https:\/\/rentwell.org\/wp-content\/uploads\/2022\/02\/houseKeys_730222651-01-768x790.png 768w, https:\/\/rentwell.org\/wp-content\/uploads\/2022\/02\/houseKeys_730222651-01-12x12.png 12w, https:\/\/rentwell.org\/wp-content\/uploads\/2022\/02\/houseKeys_730222651-01.png 918w\" sizes=\"auto, (max-width: 292px) 100vw, 292px\" \/><\/div>\n\t\t<\/figure>\n\t<\/div>\n<\/div><\/div><\/div><\/div><\/div><div class=\"container\" ><div class=\"vc_row wpb_row vc_row-fluid\"><div class=\"wpb_column vc_column_container vc_col-sm-6\"><div class=\"vc_column-inner\"><div class=\"wpb_wrapper\">\n\t<div class=\"wpb_text_column wpb_content_element\" >\n\t\t<div class=\"wpb_wrapper\">\n\t\t\t<ul>\n<li style=\"font-weight: 400;\" aria-level=\"2\"><span style=\"font-weight: 400;\">Lu\u1eadt \u1ea3nh h\u01b0\u1edfng nh\u01b0 th\u1ebf n\u00e0o \u0111\u1ebfn m\u1ed1i quan h\u1ec7 c\u1ee7a b\u1ea1n v\u1edbi ch\u1ee7 nh\u00e0<\/span><\/li>\n<li style=\"font-weight: 400;\" aria-level=\"2\"><span style=\"font-weight: 400;\">C\u00e1ch ch\u1ee7 nh\u00e0 s\u00e0ng l\u1ecdc nh\u1eefng ng\u01b0\u1eddi cho thu\u00ea ti\u1ec1m n\u0103ng<\/span><\/li>\n<li style=\"font-weight: 400;\" aria-level=\"2\"><span style=\"font-weight: 400;\">C\u00e1c lo\u1ea1i l\u1ef1a ch\u1ecdn nh\u00e0 \u1edf kh\u00e1c nhau<\/span><\/li>\n<li style=\"font-weight: 400;\" aria-level=\"2\"><span style=\"font-weight: 400;\">X\u00e1c \u0111\u1ecbnh nh\u00e0 \u1edf c\u1ee7a b\u1ea1n mu\u1ed1n so v\u1edbi nhu c\u1ea7u<\/span><\/li>\n<li style=\"font-weight: 400;\" aria-level=\"2\"><span style=\"font-weight: 400;\">L\u00e0m th\u1ebf n\u00e0o \u0111\u1ec3 \u0111\u0103ng k\u00fd m\u1ed9t \u0111\u01a1n v\u1ecb<\/span><\/li>\n<li style=\"font-weight: 400;\" aria-level=\"2\"><span style=\"font-weight: 400;\">Xem x\u00e9t c\u00e1c h\u1ee3p \u0111\u1ed3ng cho thu\u00ea<\/span><\/li>\n<li style=\"font-weight: 400;\" aria-level=\"2\"><span style=\"font-weight: 400;\">L\u00e0m th\u1ebf n\u00e0o \u0111\u1ec3 \u0111\u1ed1i ph\u00f3 v\u1edbi <\/span><span style=\"font-weight: 400;\">m\u1ed9t th\u00f4ng b\u00e1o ch\u1ea5m d\u1ee9t<\/span><span style=\"font-weight: 400;\"> v\u00e0 qu\u00e1 tr\u00ecnh tr\u1ee5c xu\u1ea5t<\/span><span style=\"font-weight: 400;\">es<\/span><\/li>\n<li style=\"font-weight: 400;\" aria-level=\"2\"><span style=\"font-weight: 400;\">Hi\u1ec3u ch\u1ee7 nh\u00e0 mong \u0111\u1ee3i \u0111i\u1ec1u g\u00ec \u1edf b\u1ea1n<\/span><\/li>\n<\/ul>\n\n\t\t<\/div>\n\t<\/div>\n<\/div><\/div><\/div><div class=\"wpb_column vc_column_container vc_col-sm-6\"><div class=\"vc_column-inner\"><div class=\"wpb_wrapper\">\n\t<div class=\"wpb_text_column wpb_content_element\" >\n\t\t<div class=\"wpb_wrapper\">\n\t\t\t<ul>\n<li style=\"font-weight: 400;\" aria-level=\"2\"><span style=\"font-weight: 400;\">Bi\u1ebft<\/span> <span style=\"font-weight: 400;\">ch\u1ee7 nh\u00e0 c\u1ee7a b\u1ea1n ch\u1ecbu tr\u00e1ch nhi\u1ec7m g\u00ec<\/span><\/li>\n<li style=\"font-weight: 400;\" aria-level=\"2\"><span style=\"font-weight: 400;\">L\u00e0m th\u1ebf n\u00e0o \u0111\u1ec3 tr\u1edf th\u00e0nh ng\u01b0\u1eddi thu\u00ea nh\u00e0 v\u00e0 h\u00e0ng x\u00f3m t\u1ed1t<\/span><\/li>\n<li style=\"font-weight: 400;\" aria-level=\"2\"><span style=\"font-weight: 400;\">L\u00e0m th\u1ebf n\u00e0o \u0111\u1ec3 gi\u1eef cho ng\u00f4i nh\u00e0 c\u1ee7a b\u1ea1n kh\u1ecfe m\u1ea1nh v\u00e0 an to\u00e0n<\/span><\/li>\n<li style=\"font-weight: 400;\" aria-level=\"2\"><span style=\"font-weight: 400;\">Th\u1ebf n\u00e0o <\/span><span style=\"font-weight: 400;\">c\u1ee7a b\u1ea1n<\/span><span style=\"font-weight: 400;\"> c\u00e1c l\u1ef1a ch\u1ecdn c\u00f3 th\u1ec3 \u1ea3nh h\u01b0\u1edfng \u0111\u1ebfn t\u00ecnh h\u00ecnh nh\u00e0 \u1edf c\u1ee7a b\u1ea1n<\/span><\/li>\n<li style=\"font-weight: 400;\" aria-level=\"2\"><span style=\"font-weight: 400;\">C\u00e1ch giao ti\u1ebfp v\u1edbi ch\u1ee7 nh\u00e0 v\u00e0 h\u00e0ng x\u00f3m c\u1ee7a b\u1ea1n<\/span><\/li>\n<li style=\"font-weight: 400;\" aria-level=\"2\"><span style=\"font-weight: 400;\">Hi\u1ec3u quan \u0111i\u1ec3m c\u1ee7a ch\u1ee7 nh\u00e0<\/span><\/li>\n<li style=\"font-weight: 400;\" aria-level=\"2\"><span style=\"font-weight: 400;\">\u0110\u1eb7t m\u1ee5c ti\u00eau v\u00e0 c\u00e1c b\u01b0\u1edbc h\u00e0nh \u0111\u1ed9ng \u0111\u1ec3 \u0111\u1ea1t \u0111\u01b0\u1ee3c k\u1ebf ho\u1ea1ch nh\u00e0 \u1edf c\u1ee7a b\u1ea1n<\/span><\/li>\n<\/ul>\n\n\t\t<\/div>\n\t<\/div>\n<\/div><\/div><\/div><\/div><\/div><div class=\"container\" ><div class=\"vc_row wpb_row vc_row-fluid\"><div class=\"wpb_column vc_column_container vc_col-sm-12\"><div class=\"vc_column-inner\"><div class=\"wpb_wrapper\"><div class=\"vc_empty_space\"   style=\"height: 12px\" ><span class=\"vc_empty_space_inner\"><\/span><\/div>\n<div class=\"vc_empty_space\"   style=\"height: 12px\" ><span class=\"vc_empty_space_inner\"><\/span><\/div>\n\t\t\t<div\n\t\t\t\tclass=\"darna-heading style1\" >\n\t\t\t\t\t\t\t\t\t<h2>T\u1ea1i sao thu\u00ea t\u1ed1t?<\/h2>\n\t\t\t\t\t\t\t\t\t\t\t<\/div>\n\t\t\t<div class=\"vc_empty_space\"   style=\"height: 12px\" ><span class=\"vc_empty_space_inner\"><\/span><\/div>\n\n\t<div class=\"wpb_text_column wpb_content_element\" >\n\t\t<div class=\"wpb_wrapper\">\n\t\t\t<p>Nhi\u1ec1u c\u00e1 nh\u00e2n mu\u1ed1n tham gia Rent Well \u0111\u00e3 b\u1ecb t\u1eeb ch\u1ed1i c\u1ea5p nh\u00e0 nhi\u1ec1u l\u1ea7n v\u00e0 \u0111\u1ebfn l\u1edbp h\u1ecdc n\u00e0y \u0111\u1ec3 t\u00ecm c\u00e1ch v\u01b0\u1ee3t qua \u0111i\u1ec1u \u0111\u00f3. M\u1ed9t s\u1ed1 c\u00e1 nh\u00e2n \u0111ang l\u00e0m vi\u1ec7c v\u1edbi nh\u1eefng ng\u01b0\u1eddi qu\u1ea3n l\u00fd h\u1ed3 s\u01a1 \u0111\u1ec3 \u0111\u0103ng k\u00fd h\u1ecd v\u00e0o l\u1edbp h\u1ecdc trong khi nh\u1eefng ng\u01b0\u1eddi kh\u00e1c c\u00f3 th\u1ec3 l\u00e0 nh\u1eefng ng\u01b0\u1eddi thu\u00ea nh\u00e0 l\u1ea7n \u0111\u1ea7u, ch\u01b0a bao gi\u1edd \u0111\u1ecdc h\u1ee3p \u0111\u1ed3ng thu\u00ea nh\u00e0 tr\u01b0\u1edbc \u0111\u00e2y v\u00e0 mu\u1ed1n chu\u1ea9n b\u1ecb s\u1eb5n s\u00e0ng.<\/p>\n<p>Sinh vi\u00ean Rent Well kh\u00f4ng ch\u1ec9 h\u1ecdc c\u00e1c c\u00f4ng c\u1ee5 gi\u00fap h\u1ecd duy tr\u00ec nh\u00e0 \u1edf \u1ed5n \u0111\u1ecbnh trong t\u01b0\u01a1ng lai m\u00e0 c\u00f2n \u0111\u01b0\u1ee3c xem b\u1ea3n sao b\u00e1o c\u00e1o l\u00fd l\u1ecbch thu\u00ea nh\u00e0 c\u1ee7a m\u00ecnh, t\u01b0\u01a1ng t\u1ef1 nh\u01b0 b\u00e1o c\u00e1o m\u00e0 ch\u1ee7 nh\u00e0 s\u1ebd xem v\u00e0 l\u00e0m c\u0103n c\u1ee9 \u0111\u01b0a ra quy\u1ebft \u0111\u1ecbnh cho thu\u00ea. H\u1ecdc sinh c\u0169ng t\u1ea1o ra m\u1ed9t danh m\u1ee5c nh\u00e0 \u1edf \u0111\u01b0\u1ee3c c\u00e1 nh\u00e2n h\u00f3a \u0111\u1ec3 tr\u00ecnh b\u00e0y v\u1edbi c\u00e1c ch\u1ee7 nh\u00e0 ti\u1ec1m n\u0103ng v\u00e0 cung c\u1ea5p cho h\u1ecd th\u00eam th\u00f4ng tin v\u1ec1 l\u00fd l\u1ecbch c\u0169ng nh\u01b0 th\u1ebf m\u1ea1nh c\u1ee7a h\u1ecd. Cu\u1ed1i c\u00f9ng, nh\u1eefng sinh vi\u00ean t\u1ed1t nghi\u1ec7p \u0111\u1ee7 \u0111i\u1ec1u ki\u1ec7n c\u00f3 th\u1ec3 mang \u0111\u1ebfn cho c\u00e1c ch\u1ee7 nh\u00e0 ti\u1ec1m n\u0103ng c\u01a1 h\u1ed9i \u0111\u0103ng k\u00fd Ch\u01b0\u01a1ng tr\u00ecnh khuy\u1ebfn kh\u00edch ch\u1ee7 nh\u00e0 \u0111i k\u00e8m v\u1edbi ch\u1ee9ng ch\u1ec9 t\u1ed1t nghi\u1ec7p Rent Well.<\/p>\n\n\t\t<\/div>\n\t<\/div>\n<\/div><\/div><\/div><\/div><\/div><div class=\"container\" ><div class=\"vc_row wpb_row vc_row-fluid\"><div class=\"wpb_column vc_column_container vc_col-sm-12\"><div class=\"vc_column-inner\"><div class=\"wpb_wrapper\"><div class=\"vc_empty_space\"   style=\"height: 12px\" ><span class=\"vc_empty_space_inner\"><\/span><\/div>\n\t\t\t<div\n\t\t\t\tclass=\"darna-heading style1\" >\n\t\t\t\t\t\t\t\t\t<h2>Qu\u1ef9 khuy\u1ebfn kh\u00edch cho thu\u00ea \u0111\u1ea5t l\u00e0 g\u00ec?<\/h2>\n\t\t\t\t\t\t\t\t\t\t\t<\/div>\n\t\t\t<div class=\"vc_empty_space\"   style=\"height: 12px\" ><span class=\"vc_empty_space_inner\"><\/span><\/div>\n<\/div><\/div><\/div><\/div><\/div><div class=\"container\" ><div class=\"vc_row wpb_row vc_row-fluid\"><div class=\"wpb_column vc_column_container vc_col-sm-12\"><div class=\"vc_column-inner\"><div class=\"wpb_wrapper\">\n\t<div class=\"wpb_text_column wpb_content_element\" >\n\t\t<div class=\"wpb_wrapper\">\n\t\t\t<p><img loading=\"lazy\" decoding=\"async\" class=\"alignleft wp-image-3315 size-medium\" src=\"https:\/\/rentwell.org\/wp-content\/uploads\/2022\/02\/CertificateCapMoney_1906283497RWC-300x200.png\" alt=\"tenant education\" width=\"300\" height=\"200\" srcset=\"https:\/\/rentwell.org\/wp-content\/uploads\/2022\/02\/CertificateCapMoney_1906283497RWC-300x200.png 300w, https:\/\/rentwell.org\/wp-content\/uploads\/2022\/02\/CertificateCapMoney_1906283497RWC-1024x684.png 1024w, https:\/\/rentwell.org\/wp-content\/uploads\/2022\/02\/CertificateCapMoney_1906283497RWC-768x513.png 768w, https:\/\/rentwell.org\/wp-content\/uploads\/2022\/02\/CertificateCapMoney_1906283497RWC-18x12.png 18w, https:\/\/rentwell.org\/wp-content\/uploads\/2022\/02\/CertificateCapMoney_1906283497RWC-600x400.png 600w, https:\/\/rentwell.org\/wp-content\/uploads\/2022\/02\/CertificateCapMoney_1906283497RWC.png 1505w\" sizes=\"auto, (max-width: 300px) 100vw, 300px\" \/>Qu\u1ef9 Khuy\u1ebfn kh\u00edch Ch\u1ee7 nh\u00e0 l\u00e0 kho\u1ea3n t\u00e0i tr\u1ee3 cung c\u1ea5p cho c\u00e1c ch\u1ee7 nh\u00e0 ti\u1ec1m n\u0103ng s\u1ef1 \u0111\u1ea3m b\u1ea3o r\u1eb1ng n\u1ebfu m\u1ed9t sinh vi\u00ean t\u1ed1t nghi\u1ec7p Rent Well \u0111\u1ee7 \u0111i\u1ec1u ki\u1ec7n r\u1eddi kh\u1ecfi c\u0103n h\u1ed9 cho thu\u00ea c\u1ee7a h\u1ecd trong n\u0103m \u0111\u1ea7u ti\u00ean v\u00e0 n\u1ee3 ti\u1ec1n thu\u00ea nh\u00e0, thi\u1ec7t h\u1ea1i ho\u1eb7c ph\u00ed ph\u00e1p l\u00fd ch\u01b0a thanh to\u00e1n ngo\u00e0i s\u1ed1 ti\u1ec1n \u0111\u1eb7t c\u1ecdc b\u1ea3o \u0111\u1ea3m, th\u00ec ch\u01b0\u01a1ng tr\u00ecnh s\u1ebd thanh to\u00e1n ch\u1ee7 nh\u00e0 l\u00ean \u0111\u1ebfn m\u1ed9t s\u1ed1 ti\u1ec1n nh\u1ea5t \u0111\u1ecbnh \u0111\u1ec3 trang tr\u1ea3i nh\u1eefng chi ph\u00ed b\u1ed5 sung. S\u1ed1 ti\u1ec1n thay \u0111\u1ed5i t\u00f9y theo v\u1ecb tr\u00ed. TRONG <a href=\"https:\/\/en.wikipedia.org\/wiki\/Oregon_City,_Oregon\" target=\"_blank\" rel=\"noopener\">Oregon<\/a>, b\u1ea3o \u0111\u1ea3m l\u00ean \u0111\u1ebfn $5,000 ngo\u00e0i ti\u1ec1n \u0111\u1eb7t c\u1ecdc. Kho\u1ea3n t\u00e0i tr\u1ee3 n\u00e0y c\u00f3 th\u1ec3 l\u00e0 s\u1ef1 kh\u00e1c bi\u1ec7t gi\u1eefa t\u1eeb ch\u1ed1i v\u00e0 ph\u00ea duy\u1ec7t.<\/p>\n\n\t\t<\/div>\n\t<\/div>\n<\/div><\/div><\/div><\/div><\/div><div class=\"container\" ><div class=\"vc_row wpb_row vc_row-fluid\"><div class=\"wpb_column vc_column_container vc_col-sm-12\"><div class=\"vc_column-inner\"><div class=\"wpb_wrapper\"><div class=\"vc_empty_space\"   style=\"height: 12px\" ><span class=\"vc_empty_space_inner\"><\/span><\/div>\n\t\t\t<div\n\t\t\t\tclass=\"darna-heading style1\" >\n\t\t\t\t\t\t\t\t\t<h2>\u0110\u0103ng k\u00fd v\u00e0o m\u1ed9t l\u1edbp h\u1ecdc<\/h2>\n\t\t\t\t\t\t\t\t\t\t\t<\/div>\n\t\t\t<div class=\"vc_empty_space\"   style=\"height: 12px\" ><span class=\"vc_empty_space_inner\"><\/span><\/div>\n\n\t<div class=\"wpb_text_column wpb_content_element\" >\n\t\t<div class=\"wpb_wrapper\">\n\t\t\t<p>B\u1ea1n c\u00f3 hai l\u1ef1a ch\u1ecdn \u0111\u1ec3 \u0111\u0103ng k\u00fd v\u00e0o m\u1ed9t l\u1edbp h\u1ecdc.<\/p>\n<ol>\n<li><strong>L\u1edbp h\u1ecdc tr\u1ef1c ti\u1ebfp ho\u1eb7c Zoom<\/strong> \u0111\u01b0\u1ee3c gi\u1ea3ng d\u1ea1y t\u1ea1i c\u00e1c c\u01a1 quan cung c\u1ea5p Rent Well v\u1edbi nh\u1eefng ng\u01b0\u1eddi h\u01b0\u1edbng d\u1eabn Rent Well, ho\u1eb7c<\/li>\n<li>C\u00e1c <strong>eCourse<\/strong> r\u1eb1ng b\u1ea1n c\u00f3 th\u1ec3 t\u1ef1 m\u00ecnh th\u1ef1c hi\u1ec7n th\u1eddi gian v\u00e0 ti\u1ebfn \u0111\u1ed9 v\u1edbi s\u1ef1 tr\u1ee3 gi\u00fap t\u1eeb Chuy\u00ean gia h\u1ed7 tr\u1ee3 c\u00e1 nh\u00e2n.<\/li>\n<\/ol>\n<p>B\u1ea1n c\u00f3 th\u1ec3 kh\u00e1m ph\u00e1 c\u00e1c t\u00f9y ch\u1ecdn c\u1ee7a m\u00ecnh b\u1eb1ng c\u00e1ch nh\u1ea5p v\u00e0o c\u00e1c li\u00ean k\u1ebft b\u00ean d\u01b0\u1edbi.<\/p>\n\n\t\t<\/div>\n\t<\/div>\n<\/div><\/div><\/div><\/div><\/div><div class=\"container\" ><div class=\"vc_row wpb_row vc_row-fluid\"><div class=\"wpb_column vc_column_container vc_col-sm-6\"><div class=\"vc_column-inner\"><div class=\"wpb_wrapper\">\n\t<div class=\"wpb_text_column wpb_content_element\" >\n\t\t<div class=\"wpb_wrapper\">\n\t\t\t<p style=\"text-align: center;\"><span style=\"font-weight: 400;\"><a href=\"https:\/\/rentwell.org\/vi\/tenants\/classes\/\" target=\"_blank\" rel=\"noopener\"><img loading=\"lazy\" decoding=\"async\" class=\"aligncenter wp-image-3314\" src=\"https:\/\/rentwell.org\/wp-content\/uploads\/2022\/02\/Dictionary_265066928.png\" alt=\"person classes\" width=\"249\" height=\"252\" srcset=\"https:\/\/rentwell.org\/wp-content\/uploads\/2022\/02\/Dictionary_265066928.png 238w, https:\/\/rentwell.org\/wp-content\/uploads\/2022\/02\/Dictionary_265066928-12x12.png 12w\" sizes=\"auto, (max-width: 249px) 100vw, 249px\" \/><\/a> T\u00ecm hi\u1ec3u th\u00eam v\u1ec1 c\u00e1c l\u1edbp h\u1ecdc tr\u1ef1c ti\u1ebfp. <b><strong><a href=\"https:\/\/rentwell.org\/vi\/tenants\/classes\/\" target=\"_blank\" rel=\"noopener\">T\u00ecm hi\u1ec3u th\u00eam&gt;<\/a><\/strong><\/b><\/span><\/p>\n\n\t\t<\/div>\n\t<\/div>\n<\/div><\/div><\/div><div class=\"wpb_column vc_column_container vc_col-sm-6\"><div class=\"vc_column-inner\"><div class=\"wpb_wrapper\">\n\t<div class=\"wpb_text_column wpb_content_element\" >\n\t\t<div class=\"wpb_wrapper\">\n\t\t\t<p><a href=\"https:\/\/rentwell.org\/vi\/tenants\/ecourse\/\" target=\"_blank\" rel=\"noopener\"><img loading=\"lazy\" decoding=\"async\" class=\"aligncenter wp-image-3313\" src=\"https:\/\/rentwell.org\/wp-content\/uploads\/2022\/02\/educatoricons_683388169-02.png\" alt=\"eCourse\" width=\"253\" height=\"253\" srcset=\"https:\/\/rentwell.org\/wp-content\/uploads\/2022\/02\/educatoricons_683388169-02.png 157w, https:\/\/rentwell.org\/wp-content\/uploads\/2022\/02\/educatoricons_683388169-02-150x150.png 150w, https:\/\/rentwell.org\/wp-content\/uploads\/2022\/02\/educatoricons_683388169-02-12x12.png 12w\" sizes=\"auto, (max-width: 253px) 100vw, 253px\" \/><\/a><\/p>\n<p style=\"text-align: center;\">T\u00ecm hi\u1ec3u th\u00eam v\u1ec1 eCourse.<strong> <a href=\"https:\/\/rentwell.org\/vi\/tenants\/ecourse\/\">T\u00ecm hi\u1ec3u th\u00eam&gt;<\/a><\/strong><\/p>\n\n\t\t<\/div>\n\t<\/div>\n<\/div><\/div><\/div><\/div><\/div><div class=\"fullwidth\" ><div class=\"vc_row wpb_row vc_row-fluid\"><div class=\"wpb_column vc_column_container vc_col-sm-12\"><div class=\"vc_column-inner\"><div class=\"wpb_wrapper\">\n\t<div class=\"wpb_text_column wpb_content_element\" >\n\t\t<div class=\"wpb_wrapper\">\n\t\t\t<p>&nbsp;<\/p>\n\n\t\t<\/div>\n\t<\/div>\n<\/div><\/div><\/div><\/div><\/div><div class=\"fullwidth\" ><div class=\"vc_row wpb_row vc_row-fluid\"><div class=\"wpb_column vc_column_container vc_col-sm-12\"><div class=\"vc_column-inner\"><div class=\"wpb_wrapper\"><\/div><\/div><\/div><\/div><\/div><div class=\"fullwidth\" ><div class=\"vc_row wpb_row vc_row-fluid\"><div class=\"wpb_column vc_column_container vc_col-sm-12\"><div class=\"vc_column-inner\"><div class=\"wpb_wrapper\"><\/div><\/div><\/div><\/div><\/div><div class=\"fullwidth\" ><div class=\"vc_row wpb_row vc_row-fluid\"><div class=\"wpb_column vc_column_container vc_col-sm-12\"><div class=\"vc_column-inner\"><div class=\"wpb_wrapper\"><\/div><\/div><\/div><\/div><\/div>","protected":false},"excerpt":{"rendered":"What is Rent Well? Rent Well is a tenant education course that teaches individuals their rights and responsibilities as renters. The course is taught in person or on Zoom at many non-profit and service agencies in Oregon and Washington. This course is also available as an online eCourse that can be completed at your own [...]","protected":false},"author":2,"featured_media":0,"parent":0,"menu_order":0,"comment_status":"closed","ping_status":"closed","template":"","meta":{"footnotes":""},"class_list":["post-121","page","type-page","status-publish","hentry"],"featured_image_src":null,"featured_image_src_square":null,"_links":{"self":[{"href":"https:\/\/rentwell.org\/vi\/wp-json\/wp\/v2\/pages\/121","targetHints":{"allow":["GET"]}}],"collection":[{"href":"https:\/\/rentwell.org\/vi\/wp-json\/wp\/v2\/pages"}],"about":[{"href":"https:\/\/rentwell.org\/vi\/wp-json\/wp\/v2\/types\/page"}],"author":[{"embeddable":true,"href":"https:\/\/rentwell.org\/vi\/wp-json\/wp\/v2\/users\/2"}],"replies":[{"embeddable":true,"href":"https:\/\/rentwell.org\/vi\/wp-json\/wp\/v2\/comments?post=121"}],"version-history":[{"count":0,"href":"https:\/\/rentwell.org\/vi\/wp-json\/wp\/v2\/pages\/121\/revisions"}],"wp:attachment":[{"href":"https:\/\/rentwell.org\/vi\/wp-json\/wp\/v2\/media?parent=121"}],"curies":[{"name":"wp","href":"https:\/\/api.w.org\/{rel}","templated":true}]}}