{"id":115,"date":"2015-07-18T09:24:26","date_gmt":"2015-07-18T09:24:26","guid":{"rendered":"https:\/\/rentwell.org\/?page_id=115"},"modified":"2023-07-04T21:38:52","modified_gmt":"2023-07-04T21:38:52","slug":"about","status":"publish","type":"page","link":"https:\/\/rentwell.org\/vi\/about\/","title":{"rendered":"Gi\u1edbi thi\u1ec7u v\u1ec1 ch\u01b0\u01a1ng tr\u00ecnh"},"content":{"rendered":"<div class=\"container\" ><div class=\"vc_row wpb_row vc_row-fluid\"><div class=\"wpb_column vc_column_container vc_col-sm-6\"><div class=\"vc_column-inner\"><div class=\"wpb_wrapper\">\t\t\t<div\n\t\t\t\tclass=\"darna-heading style1\" >\n\t\t\t\t\t\t\t\t\t<h2>l\u1ecbch s\u1eed c\u1ee7a ch\u00fang t\u00f4i<\/h2>\n\t\t\t\t\t\t\t\t\t\t\t<\/div>\n\t\t\t<div class=\"vc_empty_space\"   style=\"height: 22px\" ><span class=\"vc_empty_space_inner\"><\/span><\/div>\n<div class=\"vc_empty_space\"   style=\"height: 22px\" ><span class=\"vc_empty_space_inner\"><\/span><\/div>\n\n\t<div class=\"wpb_text_column wpb_content_element\" >\n\t\t<div class=\"wpb_wrapper\">\n\t\t\t<p><strong>Thu\u00ea t\u1ed1t<\/strong> b\u1eaft \u0111\u1ea7u v\u1edbi t\u01b0 c\u00e1ch l\u00e0 m\u1ed9t ch\u01b0\u01a1ng tr\u00ecnh gi\u00e1o d\u1ee5c ng\u01b0\u1eddi thu\u00ea nh\u00e0 \u1edf khu v\u1ef1c \u0111\u00f4 th\u1ecb Portland tin r\u1eb1ng m\u1ecdi ng\u01b0\u1eddi \u0111\u1ec1u c\u00f3 quy\u1ec1n \u0111\u01b0\u1ee3c s\u1ed1ng t\u1ed1t, sung t\u00fac v\u00e0 thu\u00ea nh\u00e0 t\u1ed1t. Ch\u01b0\u01a1ng tr\u00ecnh gi\u1ea3ng d\u1ea1y \u0111\u01b0\u1ee3c t\u1ea1o ra v\u00e0o n\u0103m 2009 trong th\u1eddi k\u1ef3 suy tho\u00e1i b\u1edfi m\u1ed9t nh\u00f3m nh\u1eefng ng\u01b0\u1eddi \u1ee7ng h\u1ed9 nh\u00e0 \u1edf \u0111\u1ea7y nhi\u1ec7t huy\u1ebft, nh\u1eefng ng\u01b0\u1eddi th\u1ef1c s\u1ef1 tin r\u1eb1ng nh\u1eefng ng\u01b0\u1eddi thu\u00ea nh\u00e0 c\u1ea7n c\u01a1 h\u1ed9i th\u1ee9 hai n\u00ean c\u00f3 c\u01a1 h\u1ed9i \u0111\u1ec3 c\u00f3 \u0111\u01b0\u1ee3c m\u1ed9t c\u01a1 h\u1ed9i. Vi\u1ec7c qu\u1ea3n l\u00fd ch\u01b0\u01a1ng tr\u00ecnh \u0111\u00e3 \u0111\u01b0\u1ee3c chuy\u1ec3n giao cho c\u00e1c D\u1ef1 \u00e1n Chuy\u1ec3n ti\u1ebfp v\u00e0o n\u0103m 2016. D\u01b0\u1edbi s\u1ef1 l\u00e3nh \u0111\u1ea1o c\u1ee7a h\u1ecd, Rent Well \u0111\u00e3 tr\u1edf th\u00e0nh m\u1ed9t ch\u01b0\u01a1ng tr\u00ecnh to\u00e0n ti\u1ec3u bang \u1edf Oregon, v\u1edbi c\u00e1c chi nh\u00e1nh \u1edf Trung v\u00e0 Nam Washington v\u00e0 \u0111\u1ed3ng ngh\u0129a v\u1edbi vi\u1ec7c gi\u00e1o d\u1ee5c ng\u01b0\u1eddi thu\u00ea nh\u00e0.<\/p>\n\n\t\t<\/div>\n\t<\/div>\n<\/div><\/div><\/div><div class=\"wpb_column vc_column_container vc_col-sm-6\"><div class=\"vc_column-inner\"><div class=\"wpb_wrapper\"><div class=\"vc_empty_space\"   style=\"height: 22px\" ><span class=\"vc_empty_space_inner\"><\/span><\/div>\n<div class=\"vc_empty_space\"   style=\"height: 22px\" ><span class=\"vc_empty_space_inner\"><\/span><\/div>\n<div class=\"vc_empty_space\"   style=\"height: 22px\" ><span class=\"vc_empty_space_inner\"><\/span><\/div>\n<div class=\"vc_empty_space\"   style=\"height: 22px\" ><span class=\"vc_empty_space_inner\"><\/span><\/div>\n\n\t<div class=\"wpb_video_widget wpb_content_element vc_clearfix   vc_video-aspect-ratio-169 vc_video-el-width-100 vc_video-align-left\" >\n\t\t<div class=\"wpb_wrapper\">\n\t\t\t\n\t\t\t<div class=\"wpb_video_wrapper\"><iframe loading=\"lazy\" title=\"Rent Well is Tenant Gi\u00e1o d\u1ee5c\" width=\"500\" height=\"281\" src=\"https:\/\/www.youtube.com\/embed\/79R0-QtBqvs?feature=oembed\" frameborder=\"0\" allow=\"accelerometer; autoplay; clipboard-write; encrypted-media; gyroscope; picture-in-picture; web-share\" referrerpolicy=\"strict-origin-when-cross-origin\" allowfullscreen><\/iframe><\/div>\n\t\t<\/div>\n\t<\/div>\n<\/div><\/div><\/div><\/div><\/div><div class=\"container\" ><div class=\"vc_row wpb_row vc_row-fluid\"><div class=\"wpb_column vc_column_container vc_col-sm-12\"><div class=\"vc_column-inner\"><div class=\"wpb_wrapper\"><div class=\"vc_empty_space\"   style=\"height: 22px\" ><span class=\"vc_empty_space_inner\"><\/span><\/div>\n<div class=\"vc_empty_space\"   style=\"height: 22px\" ><span class=\"vc_empty_space_inner\"><\/span><\/div>\n\n\t<div class=\"wpb_text_column wpb_content_element\" >\n\t\t<div class=\"wpb_wrapper\">\n\t\t\t<h2>V\u1ec1 kh\u00f3a h\u1ecdc<\/h2>\n\n\t\t<\/div>\n\t<\/div>\n<div class=\"vc_empty_space\"   style=\"height: 22px\" ><span class=\"vc_empty_space_inner\"><\/span><\/div>\n\n\t<div class=\"wpb_text_column wpb_content_element\" >\n\t\t<div class=\"wpb_wrapper\">\n\t\t\t<p>V\u1ec1 m\u1eb7t l\u1ecbch s\u1eed, ch\u01b0\u01a1ng tr\u00ecnh gi\u1ea3ng d\u1ea1y n\u00e0y \u0111\u01b0\u1ee3c ph\u00e1t tri\u1ec3n cho nh\u1eefng ng\u01b0\u1eddi tr\u01b0\u1edbc \u0111\u00e2y g\u1eb7p r\u00e0o c\u1ea3n v\u1ec1 nh\u00e0 \u1edf. Nh\u1eefng r\u00e0o c\u1ea3n n\u00e0y c\u00f3 th\u1ec3 bao g\u1ed3m ti\u1ec1n s\u1eed v\u00f4 gia c\u01b0 ho\u1eb7c nh\u1eefng kho\u1ea3ng tr\u1ed1ng \u0111\u00e1ng ch\u00fa \u00fd trong l\u1ecbch s\u1eed thu\u00ea nh\u00e0, v\u1ea5n \u0111\u1ec1 nghi\u1ec7n ng\u1eadp, li\u00ean quan \u0111\u1ebfn t\u01b0 ph\u00e1p h\u00ecnh s\u1ef1, tr\u1ee5c xu\u1ea5t, t\u00edn d\u1ee5ng k\u00e9m v\u00e0 n\u1ee3 t\u00e0i s\u1ea3n trong qu\u00e1 kh\u1ee9 c\u00f9ng nh\u1eefng v\u1ea5n \u0111\u1ec1 kh\u00e1c. Tuy nhi\u00ean, kh\u00f3a h\u1ecdc n\u00e0y c\u00f3 th\u1ec3 r\u1ea5t c\u00f3 l\u1ee3i cho b\u1ea5t k\u1ef3 ai mu\u1ed1n bi\u1ebft th\u00eam v\u1ec1 c\u00e1c quy\u1ec1n v\u00e0 tr\u00e1ch nhi\u1ec7m c\u1ee7a h\u1ecd v\u1edbi t\u01b0 c\u00e1ch l\u00e0 ng\u01b0\u1eddi thu\u00ea nh\u00e0.<\/p>\n<p>Ch\u01b0\u01a1ng tr\u00ecnh gi\u1ea3ng d\u1ea1y c\u1ee7a Rent Well \u0111\u01b0\u1ee3c chia th\u00e0nh 12 ph\u1ea7n, th\u1eddi l\u01b0\u1ee3ng 70 ph\u00fat v\u00e0 c\u00f3 th\u1ec3 \u0111\u01b0\u1ee3c gi\u1ea3ng d\u1ea1y tr\u1ef1c ti\u1ebfp ho\u1eb7c qua c\u00e1c l\u1edbp h\u1ecdc theo ki\u1ec3u h\u1ed9i th\u1ea3o tr\u00ean web b\u1edfi c\u00e1c gi\u1ea3ng vi\u00ean \u0111\u01b0\u1ee3c ch\u1ee9ng nh\u1eadn ho\u1eb7c h\u1ecdc vi\u00ean c\u00f3 th\u1ec3 xem qua phi\u00ean b\u1ea3n eCourse \u0111\u1ed9c l\u1eadp c\u1ee7a ch\u00fang t\u00f4i.<\/p>\n<p>C\u00e1c ph\u1ea7n n\u00e0y bao g\u1ed3m m\u1ecdi th\u1ee9 t\u1eeb Lu\u1eadt Nh\u00e0 \u1edf C\u00f4ng b\u1eb1ng, quy tr\u00ecnh s\u00e0ng l\u1ecdc cho thu\u00ea, c\u00e1ch n\u00f3i chuy\u1ec7n v\u1edbi ch\u1ee7 nh\u00e0 ti\u1ec1m n\u0103ng v\u1ec1 c\u00e1c r\u00e0o c\u1ea3n s\u00e0ng l\u1ecdc, s\u1eeda ch\u1eefa v\u00e0 x\u00e2y d\u1ef1ng t\u00edn d\u1ee5ng, c\u00e1ch duy tr\u00ec m\u1ed9t ng\u00f4i nh\u00e0 l\u00e0nh m\u1ea1nh, quy tr\u00ecnh tr\u1ee5c xu\u1ea5t, v.v. Sinh vi\u00ean c\u0169ng nh\u1eadn \u0111\u01b0\u1ee3c m\u1ed9t b\u1ea3n sao b\u00e1o c\u00e1o s\u00e0ng l\u1ecdc cho thu\u00ea c\u1ee7a ch\u00ednh h\u1ecd, nh\u1edd v\u00e0o s\u1ef1 h\u1ee3p t\u00e1c v\u1edbi <a href=\"https:\/\/pacificscreening.com\" target=\"_blank\" rel=\"noopener\">Kh\u00e1m s\u00e0ng l\u1ecdc Th\u00e1i B\u00ecnh D\u01b0\u01a1ng<\/a>.<\/p>\n\n\t\t<\/div>\n\t<\/div>\n\n\t<div  class=\"wpb_single_image wpb_content_element vc_align_center\">\n\t\t\n\t\t<figure class=\"wpb_wrapper vc_figure\">\n\t\t\t<div class=\"vc_single_image-wrapper   vc_box_border_grey\"><img loading=\"lazy\" decoding=\"async\" width=\"1024\" height=\"576\" src=\"https:\/\/rentwell.org\/wp-content\/uploads\/2022\/08\/CourseSections-1024x576.png\" class=\"vc_single_image-img attachment-large\" alt=\"Course Overview\" srcset=\"https:\/\/rentwell.org\/wp-content\/uploads\/2022\/08\/CourseSections-1024x576.png 1024w, https:\/\/rentwell.org\/wp-content\/uploads\/2022\/08\/CourseSections-300x169.png 300w, https:\/\/rentwell.org\/wp-content\/uploads\/2022\/08\/CourseSections-768x432.png 768w, https:\/\/rentwell.org\/wp-content\/uploads\/2022\/08\/CourseSections-1536x864.png 1536w, https:\/\/rentwell.org\/wp-content\/uploads\/2022\/08\/CourseSections-18x10.png 18w, https:\/\/rentwell.org\/wp-content\/uploads\/2022\/08\/CourseSections.png 1919w\" sizes=\"auto, (max-width: 1024px) 100vw, 1024px\" \/><\/div>\n\t\t<\/figure>\n\t<\/div>\n<div class=\"vc_empty_space\"   style=\"height: 24px\" ><span class=\"vc_empty_space_inner\"><\/span><\/div>\n<\/div><\/div><\/div><\/div><\/div>","protected":false},"excerpt":{"rendered":"Our history Rent Well began as a Portland metro area tenant education program that believes everyone has the right to live well, be well, and rent well. The curriculum was created in 2009 during the recession by a passionate group of housing champions who sincerely believed that renters who needed a second chance should have [...]","protected":false},"author":4,"featured_media":0,"parent":0,"menu_order":0,"comment_status":"closed","ping_status":"closed","template":"","meta":{"footnotes":""},"class_list":["post-115","page","type-page","status-publish","hentry"],"featured_image_src":null,"featured_image_src_square":null,"_links":{"self":[{"href":"https:\/\/rentwell.org\/vi\/wp-json\/wp\/v2\/pages\/115","targetHints":{"allow":["GET"]}}],"collection":[{"href":"https:\/\/rentwell.org\/vi\/wp-json\/wp\/v2\/pages"}],"about":[{"href":"https:\/\/rentwell.org\/vi\/wp-json\/wp\/v2\/types\/page"}],"author":[{"embeddable":true,"href":"https:\/\/rentwell.org\/vi\/wp-json\/wp\/v2\/users\/4"}],"replies":[{"embeddable":true,"href":"https:\/\/rentwell.org\/vi\/wp-json\/wp\/v2\/comments?post=115"}],"version-history":[{"count":0,"href":"https:\/\/rentwell.org\/vi\/wp-json\/wp\/v2\/pages\/115\/revisions"}],"wp:attachment":[{"href":"https:\/\/rentwell.org\/vi\/wp-json\/wp\/v2\/media?parent=115"}],"curies":[{"name":"wp","href":"https:\/\/api.w.org\/{rel}","templated":true}]}}