{"id":1128,"date":"2021-10-07T00:50:28","date_gmt":"2021-10-07T00:50:28","guid":{"rendered":"https:\/\/rentwell.org\/?page_id=1128"},"modified":"2023-12-19T18:34:44","modified_gmt":"2023-12-19T18:34:44","slug":"rgp","status":"publish","type":"page","link":"https:\/\/rentwell.org\/vi\/landlords\/rgp\/","title":{"rendered":"\u0110\u1ec7 tr\u00ecnh ch\u01b0\u01a1ng tr\u00ecnh \u0111\u1ea3m b\u1ea3o ti\u1ec1n thu\u00ea"},"content":{"rendered":"<div class=\"fullwidth\" ><div class=\"vc_row wpb_row vc_row-fluid\"><div class=\"wpb_column vc_column_container vc_col-sm-12\"><div class=\"vc_column-inner\"><div class=\"wpb_wrapper\">\t\t\t<div\n\t\t\t\tclass=\"darna-heading style1\" >\n\t\t\t\t\t\t\t\t\t<h2>\u0110\u1ec7 tr\u00ecnh ch\u01b0\u01a1ng tr\u00ecnh \u0111\u1ea3m b\u1ea3o ti\u1ec1n thu\u00ea<\/h2>\n\t\t\t\t\t\t\t\t\t\t\t<\/div>\n\t\t\t<\/div><\/div><\/div><\/div><\/div><div class=\"fullwidth\" ><div class=\"vc_row wpb_row vc_row-fluid\"><div class=\"wpb_column vc_column_container vc_col-sm-12\"><div class=\"vc_column-inner\"><div class=\"wpb_wrapper\">\n\t<div class=\"wpb_text_column wpb_content_element\" >\n\t\t<div class=\"wpb_wrapper\">\n\t\t\t<p>Vui l\u00f2ng \u0111i\u1ec1n v\u00e0o m\u1eabu Th\u1ecfa thu\u1eadn b\u00ean d\u01b0\u1edbi, \u0111\u00ednh k\u00e8m c\u00e1c t\u00e0i li\u1ec7u b\u1ed5 sung v\u00e0 g\u1eedi trong v\u00f2ng 30 ng\u00e0y k\u1ec3 t\u1eeb ng\u00e0y ng\u01b0\u1eddi thu\u00ea nh\u00e0 \u0111\u1ebfn \u1edf. G\u00f3i n\u00e0y ph\u1ea3i bao g\u1ed3m:<\/p>\n<ol>\n<li>\u00a0B\u1ea3n sao \u0111\u00e3 k\u00fd c\u1ee7a H\u1ee3p \u0111\u1ed3ng thu\u00ea \/ cho thu\u00ea<\/li>\n<li>B\u1ea3n sao c\u1ee7a B\u00e1o c\u00e1o T\u00ecnh tr\u1ea1ng Chuy\u1ec3n \u0111\u1ebfn \/ Ki\u1ec3m tra c\u00f3 ch\u1eef k\u00fd c\u1ee7a c\u1ea3 ch\u1ee7 nh\u00e0 v\u00e0 ng\u01b0\u1eddi thu\u00ea nh\u00e0 v\u00e0<\/li>\n<li>Th\u1ecfa thu\u1eadn c\u1ee7a Nh\u00e0 cung c\u1ea5p Ch\u01b0\u01a1ng tr\u00ecnh \u0110\u1ea3m b\u1ea3o Ti\u1ec1n thu\u00ea nh\u00e0\/Ch\u1ee7 nh\u00e0 \u0111\u01b0\u1ee3c ch\u1ee7 nh\u00e0 k\u00fd (b\u1eb1ng \u0111i\u1ec7n t\u1eed ho\u1eb7c v\u1eadt l\u00fd)<\/li>\n<\/ol>\n<p>*Vi\u1ec7c g\u1eedi bi\u1ec3u m\u1eabu n\u00e0y kh\u00f4ng ph\u1ea3i l\u00e0 s\u1ef1 \u0111\u1ea3m b\u1ea3o v\u1ec1 kh\u1ea3 n\u0103ng \u0111\u1ee7 \u0111i\u1ec1u ki\u1ec7n nh\u1eadn qu\u1ef9 ho\u1eb7c ph\u00ea duy\u1ec7t b\u1ea3o l\u00e3nh. M\u1ed9t th\u00e0nh vi\u00ean trong nh\u00f3m s\u1ebd xem x\u00e9t v\u00e0 theo d\u00f5i trong v\u00f2ng 10 ng\u00e0y l\u00e0m vi\u1ec7c v\u1ec1 c\u00e1c b\u01b0\u1edbc ti\u1ebfp theo. N\u1ebfu b\u1ea1n kh\u00f4ng th\u1ec3 t\u1ea3i t\u1ec7p l\u00ean trang g\u1eedi, vui l\u00f2ng \u0111\u00ednh k\u00e8m ch\u00fang v\u00e0o email t\u1edbi <a href=\"mailto:info@rentwell.org\">info@rentwell.org<\/a>.<\/p>\n\n\t\t<\/div>\n\t<\/div>\n<\/div><\/div><\/div><\/div><\/div><div class=\"fullwidth\" ><div class=\"vc_row wpb_row vc_row-fluid\"><div class=\"wpb_column vc_column_container vc_col-sm-12\"><div class=\"vc_column-inner\"><div class=\"wpb_wrapper\">\n<div class=\"wpcf7 no-js\" id=\"wpcf7-f1127-o1\" lang=\"en-US\" dir=\"ltr\" data-wpcf7-id=\"1127\">\n<div class=\"screen-reader-response\"><p role=\"status\" aria-live=\"polite\" aria-atomic=\"true\"><\/p> <ul><\/ul><\/div>\n<form action=\"\/vi\/wp-json\/wp\/v2\/pages\/1128#wpcf7-f1127-o1\" method=\"post\" class=\"wpcf7-form init\" aria-label=\"M\u00e2u li\u00ean h\u00ea\u0323\" enctype=\"multipart\/form-data\" novalidate=\"novalidate\" data-status=\"init\" data-trp-original-action=\"\/vi\/wp-json\/wp\/v2\/pages\/1128#wpcf7-f1127-o1\">\n<fieldset class=\"hidden-fields-container\"><input type=\"hidden\" name=\"_wpcf7\" value=\"1127\" \/><input type=\"hidden\" name=\"_wpcf7_version\" value=\"6.1.5\" \/><input type=\"hidden\" name=\"_wpcf7_locale\" value=\"en_US\" \/><input type=\"hidden\" name=\"_wpcf7_unit_tag\" value=\"wpcf7-f1127-o1\" \/><input type=\"hidden\" name=\"_wpcf7_container_post\" value=\"0\" \/><input type=\"hidden\" name=\"_wpcf7_posted_data_hash\" value=\"\" \/>\n<\/fieldset>\n<div class=\"cap-form\" id=\"form\">\n\t<h1 class=\"text-center\">th\u00f4ng tin t\u00e0i s\u1ea3n\n\t<\/h1>\n\t<div class=\"left wd-100\">\n\t\t<div class=\"left wd-100\">\n\t\t\t<p><label> Ng\u01b0\u1eddi qu\u1ea3n l\u00fd b\u1ea5t \u0111\u1ed9ng s\u1ea3n \/ Ch\u1ee7 nh\u00e0 \/ T\u00ean ch\u1ee7 s\u1edf h\u1eefu:<br \/>\n<span class=\"wpcf7-form-control-wrap\" data-name=\"ll-name\"><input size=\"40\" maxlength=\"400\" class=\"wpcf7-form-control wpcf7-text wpcf7-validates-as-required\" aria-required=\"true\" aria-invalid=\"false\" value=\"\" type=\"text\" name=\"ll-name\" \/><\/span> <\/label>\n\t\t\t<\/p>\n\t\t<\/div>\n\t\t<div class=\"left wd-100\">\n\t\t\t<p><label> \u0110\u1ecba ch\u1ec9 g\u1eedi th\u01b0:<br \/>\n<span class=\"wpcf7-form-control-wrap\" data-name=\"ll-address\"><input size=\"40\" maxlength=\"400\" class=\"wpcf7-form-control wpcf7-text wpcf7-validates-as-required\" aria-required=\"true\" aria-invalid=\"false\" value=\"\" type=\"text\" name=\"ll-address\" \/><\/span> <\/label>\n\t\t\t<\/p>\n\t\t<\/div>\n\t\t<div class=\"left wd-50\">\n\t\t\t<p><label> S\u1ed1 \u0111i\u1ec7n tho\u1ea1i:<br \/>\n<span class=\"wpcf7-form-control-wrap\" data-name=\"ll-telephone\"><input size=\"40\" maxlength=\"400\" class=\"wpcf7-form-control wpcf7-text wpcf7-validates-as-required\" aria-required=\"true\" aria-invalid=\"false\" value=\"\" type=\"text\" name=\"ll-telephone\" \/><\/span> <\/label>\n\t\t\t<\/p>\n\t\t<\/div>\n\t\t<div class=\"left wd-50\">\n\t\t\t<p><label> \u0110i\u0323a chi\u0309 email:<br \/>\n<span class=\"wpcf7-form-control-wrap\" data-name=\"ll-email\"><input size=\"40\" maxlength=\"400\" class=\"wpcf7-form-control wpcf7-email wpcf7-validates-as-required wpcf7-text wpcf7-validates-as-email\" aria-required=\"true\" aria-invalid=\"false\" value=\"\" type=\"email\" name=\"ll-email\" \/><\/span> <\/label>\n\t\t\t<\/p>\n\t\t<\/div>\n\t\t<div class=\"left wd-100\">\n\t\t\t<h2 class=\"text-center\">Th\u00f4ng tin t\u1ed1t nghi\u1ec7p v\u1ec1 ng\u01b0\u1eddi thu\u00ea \/ thu\u00ea nh\u00e0\n\t\t\t<\/h2>\n\t\t<\/div>\n\t\t<div class=\"left wd-100\">\n\t\t\t<p><label> T\u00ean ng\u01b0\u1eddi thu\u00ea:<br \/>\n<span class=\"wpcf7-form-control-wrap\" data-name=\"t-names\"><input size=\"40\" maxlength=\"400\" class=\"wpcf7-form-control wpcf7-text wpcf7-validates-as-required\" aria-required=\"true\" aria-invalid=\"false\" value=\"\" type=\"text\" name=\"t-names\" \/><\/span> <\/label>\n\t\t\t<\/p>\n\t\t<\/div>\n\t\t<div class=\"left wd-50\">\n\t\t\t<p><label> S\u1ed1 ID Ch\u1ee9ng ch\u1ec9 (n\u1ebfu c\u00f3):<br \/>\n<span class=\"wpcf7-form-control-wrap\" data-name=\"t-certid\"><input size=\"40\" maxlength=\"400\" class=\"wpcf7-form-control wpcf7-text wpcf7-validates-as-required\" aria-required=\"true\" aria-invalid=\"false\" value=\"\" type=\"text\" name=\"t-certid\" \/><\/span> <\/label>\n\t\t\t<\/p>\n\t\t<\/div>\n\t\t<div class=\"left wd-50\">\n\t\t\t<p><label> C\u01a1 quan ho\u1eb7c Qu\u1eadn n\u01a1i Ch\u1ee9ng ch\u1ec9 \u0111\u01b0\u1ee3c c\u1ea5p:<br \/>\n<span class=\"wpcf7-form-control-wrap\" data-name=\"t-agency\"><input size=\"40\" maxlength=\"400\" class=\"wpcf7-form-control wpcf7-text wpcf7-validates-as-required\" aria-required=\"true\" aria-invalid=\"false\" value=\"\" type=\"text\" name=\"t-agency\" \/><\/span> <\/label>\n\t\t\t<\/p>\n\t\t<\/div>\n\t\t<div class=\"left wd-100\">\n\t\t\t<p><label> \u0110\u1ecba ch\u1ec9 h\u1ecd \u0111ang chuy\u1ec3n \u0111\u1ebfn:<br \/>\n<span class=\"wpcf7-form-control-wrap\" data-name=\"t-address\"><input size=\"40\" maxlength=\"400\" class=\"wpcf7-form-control wpcf7-text wpcf7-validates-as-required\" aria-required=\"true\" aria-invalid=\"false\" value=\"\" type=\"text\" name=\"t-address\" \/><\/span> <\/label>\n\t\t\t<\/p>\n\t\t<\/div>\n\t\t<div class=\"left wd-50\">\n\t\t\t<p><label> Qu\u1eadn:<br \/>\n<span class=\"wpcf7-form-control-wrap\" data-name=\"t-county\"><input size=\"40\" maxlength=\"400\" class=\"wpcf7-form-control wpcf7-text wpcf7-validates-as-required\" aria-required=\"true\" aria-invalid=\"false\" value=\"\" type=\"text\" name=\"t-county\" \/><\/span> <\/label>\n\t\t\t<\/p>\n\t\t<\/div>\n\t\t<div class=\"left wd-50\">\n\t\t\t<p><label> S\u1ed1 \u0111i\u1ec7n tho\u1ea1i:<br \/>\n<span class=\"wpcf7-form-control-wrap\" data-name=\"t-phone\"><input size=\"40\" maxlength=\"400\" class=\"wpcf7-form-control wpcf7-text wpcf7-validates-as-required\" aria-required=\"true\" aria-invalid=\"false\" value=\"\" type=\"text\" name=\"t-phone\" \/><\/span> <\/label>\n\t\t\t<\/p>\n\t\t<\/div>\n\t\t<div class=\"left wd-50\">\n\t\t\t<p><label> E-mail:<br \/>\n<span class=\"wpcf7-form-control-wrap\" data-name=\"t-email\"><input size=\"40\" maxlength=\"400\" class=\"wpcf7-form-control wpcf7-text wpcf7-validates-as-required\" aria-required=\"true\" aria-invalid=\"false\" value=\"\" type=\"text\" name=\"t-email\" \/><\/span> <\/label>\n\t\t\t<\/p>\n\t\t<\/div>\n\t\t<div class=\"left wd-50\">\n\t\t\t<p><label> Ng\u00e0y &quot;Hi\u1ec7u l\u1ef1c&quot; c\u1ee7a H\u1ee3p \u0111\u1ed3ng thu\u00ea nh\u00e0 l\u00e0 g\u00ec:<br \/>\n<span class=\"wpcf7-form-control-wrap\" data-name=\"effective-date\"><input class=\"wpcf7-form-control wpcf7-date wpcf7-validates-as-required wpcf7-validates-as-date\" aria-required=\"true\" aria-invalid=\"false\" value=\"\" type=\"date\" name=\"effective-date\" \/><\/span> <\/label>\n\t\t\t<\/p>\n\t\t<\/div>\n\t\t<div class=\"left wd-50\">\n\t\t\t<p><label> S\u1ed1 ti\u1ec1n thu\u00ea h\u00e0ng th\u00e1ng:<br \/>\n<span class=\"wpcf7-form-control-wrap\" data-name=\"t-rent\"><input size=\"40\" maxlength=\"400\" class=\"wpcf7-form-control wpcf7-text wpcf7-validates-as-required\" aria-required=\"true\" aria-invalid=\"false\" value=\"\" type=\"text\" name=\"t-rent\" \/><\/span> <\/label>\n\t\t\t<\/p>\n\t\t<\/div>\n\t\t<div class=\"left wd-50\">\n\t\t\t<p><label> C\u00e1c kho\u1ea3n ti\u1ec1n g\u1eedi \/ ph\u00ed kh\u00e1c:<br \/>\n<span class=\"wpcf7-form-control-wrap\" data-name=\"t-deposit\"><input size=\"40\" maxlength=\"400\" class=\"wpcf7-form-control wpcf7-text wpcf7-validates-as-required\" aria-required=\"true\" aria-invalid=\"false\" value=\"\" type=\"text\" name=\"t-deposit\" \/><\/span> <\/label>\n\t\t\t<\/p>\n\t\t<\/div>\n\t\t<div class=\"left wd-100\">\n\t\t\t<p><b> S\u1ef1 \u1ee7ng h\u1ed9 c\u1ee7a s\u1ef1 \u0111\u1ea3m b\u1ea3o n\u00e0y c\u00f3 l\u00e0m cho quy\u1ebft \u0111\u1ecbnh cho ng\u01b0\u1eddi n\u00e0y thu\u00ea c\u1ee7a b\u1ea1n d\u1ec5 d\u00e0ng h\u01a1n kh\u00f4ng?: <\/b><br \/>\n<span class=\"wpcf7-form-control-wrap\" data-name=\"wo-certificate\"><span class=\"wpcf7-form-control wpcf7-checkbox wpcf7-validates-as-required\"><span class=\"wpcf7-list-item first\"><label><input type=\"checkbox\" name=\"wo-certificate[]\" value=\"Yes\" \/><span class=\"wpcf7-list-item-label\">\u0111\u00fang<\/span><\/label><\/span><span class=\"wpcf7-list-item last\"><label><input type=\"checkbox\" name=\"wo-certificate[]\" value=\"No\" \/><span class=\"wpcf7-list-item-label\">Kh\u00f4ng<\/span><\/label><\/span><\/span><\/span>\n\t\t\t<\/p>\n\t\t<\/div>\n\t\t<div class=\"left wd-100\">\n\t\t\t<p><label> T\u00f4i x\u00e1c minh nh\u1eefng \u0111i\u1ec1u sau:<br \/>\n<span class=\"wpcf7-form-control-wrap\" data-name=\"verify\"><select class=\"wpcf7-form-control wpcf7-select wpcf7-validates-as-required\" aria-required=\"true\" aria-invalid=\"false\" name=\"verify\"><option value=\"\">-Vui l\u00f2ng ch\u1ecdn m\u1ed9t l\u1ef1a ch\u1ecdn-<\/option><option value=\"I am the Property Manager\/Owner and I certify that I have read the terms and conditions below.\">T\u00f4i l\u00e0 Ng\u01b0\u1eddi qu\u1ea3n l\u00fd \/ Ch\u1ee7 s\u1edf h\u1eefu b\u1ea5t \u0111\u1ed9ng s\u1ea3n v\u00e0 t\u00f4i x\u00e1c nh\u1eadn r\u1eb1ng t\u00f4i \u0111\u00e3 \u0111\u1ecdc c\u00e1c \u0111i\u1ec1u kho\u1ea3n v\u00e0 \u0111i\u1ec1u ki\u1ec7n b\u00ean d\u01b0\u1edbi.<\/option><option value=\"I am the gradate and I certify that you can reach out to my Property Manager to complete this application on my behalf.\">T\u00f4i l\u00e0 ng\u01b0\u1eddi ch\u1ea5m \u0111i\u1ec3m v\u00e0 t\u00f4i x\u00e1c nh\u1eadn r\u1eb1ng b\u1ea1n c\u00f3 th\u1ec3 li\u00ean h\u1ec7 v\u1edbi Ng\u01b0\u1eddi qu\u1ea3n l\u00fd t\u00e0i s\u1ea3n c\u1ee7a t\u00f4i \u0111\u1ec3 thay m\u1eb7t t\u00f4i ho\u00e0n th\u00e0nh \u0111\u01a1n \u0111\u0103ng k\u00fd n\u00e0y.<\/option><\/select><\/span> <\/label>\n\t\t\t<\/p>\n\t\t<\/div>\n\t\t<p><b>C\u00e1c \u0110i\u1ec1u kho\u1ea3n v\u00e0 \u0110i\u1ec1u ki\u1ec7n c\u00f3 th\u1ec3 \u0111\u01b0\u1ee3c t\u00ecm th\u1ea5y <a href=\"https:\/\/rentwell.org\/vi\/rgp-terms\/\">\u1edf \u0111\u00e2y.<\/a><\/b>\n\t\t<\/p>\n\t\t<div class=\"left wd-50\">\n\t\t\t<p><label> T\u00ean c\u1ee7a b\u1ea1n:<br \/>\n<span class=\"wpcf7-form-control-wrap\" data-name=\"your-name\"><input size=\"40\" maxlength=\"400\" class=\"wpcf7-form-control wpcf7-text wpcf7-validates-as-required\" aria-required=\"true\" aria-invalid=\"false\" value=\"\" type=\"text\" name=\"your-name\" \/><\/span> <\/label>\n\t\t\t<\/p>\n\t\t<\/div>\n\t\t<div class=\"left wd-50\">\n\t\t\t<p><label> Ng\u00e0y:<br \/>\n<span class=\"wpcf7-form-control-wrap\" data-name=\"date\"><input size=\"40\" maxlength=\"400\" class=\"wpcf7-form-control wpcf7-text wpcf7-validates-as-required\" aria-required=\"true\" aria-invalid=\"false\" value=\"\" type=\"text\" name=\"date\" \/><\/span> <\/label>\n\t\t\t<\/p>\n\t\t<\/div>\n\t\t<p>N\u1ebfu c\u00f3 s\u1eb5n trong th\u1eddi gian n\u00e0y, vui l\u00f2ng t\u1ea3i l\u00ean c\u00e1c b\u1ea3n sao c\u1ee7a h\u1ee3p \u0111\u1ed3ng thu\u00ea nh\u00e0 v\u00e0 b\u00e1o c\u00e1o t\u00ecnh tr\u1ea1ng chuy\u1ec3n \u0111\u1ebfn c\u00f3 ch\u1eef k\u00fd c\u1ee7a c\u1ea3 ch\u1ee7 nh\u00e0 v\u00e0 ng\u01b0\u1eddi thu\u00ea.<br \/>\n<span class=\"wpcf7-form-control-wrap\" data-name=\"Lease\"><input size=\"40\" class=\"wpcf7-form-control wpcf7-file\" accept=\".pdf,.jpeg,.png\" aria-invalid=\"false\" type=\"file\" name=\"Lease\" \/><\/span><br \/>\n<span class=\"wpcf7-form-control-wrap\" data-name=\"Move-in\"><input size=\"40\" class=\"wpcf7-form-control wpcf7-file\" accept=\".pdf,.jpeg,.png\" aria-invalid=\"false\" type=\"file\" name=\"Move-in\" \/><\/span><br \/>\n<span class=\"wpcf7-form-control-wrap\" data-name=\"Other\"><input size=\"40\" class=\"wpcf7-form-control wpcf7-file\" accept=\".pdf,.jpeg,.png\" aria-invalid=\"false\" type=\"file\" name=\"Other\" \/><\/span>\n\t\t<\/p>\n\t\t<div class=\"wd-100 left\">\n\t\t\t<div id=\"cf7sr-69e7366d280b0\" class=\"cf7sr-g-recaptcha\" data-theme=\"light\" data-type=\"image\" data-size=\"normal\" data-sitekey=\"6LdKT5UbAAAAAGZjvOXFuNwBoBIzrWM7ONlKFU_c\"><\/div><span class=\"wpcf7-form-control-wrap cf7sr-recaptcha\" data-name=\"cf7sr-recaptcha\"><input type=\"hidden\" name=\"cf7sr-recaptcha\" value=\"\" class=\"wpcf7-form-control\"><\/span><br \/>\n<input class=\"wpcf7-form-control wpcf7-submit has-spinner\" type=\"submit\" value=\"N\u1ed9p\" \/>\n\t\t\t<\/p>\n\t\t<\/div>\n\t<\/div>\n<\/div><p style=\"display: none !important;\" class=\"akismet-fields-container\" data-prefix=\"_wpcf7_ak_\"><label>\u0394<textarea name=\"_wpcf7_ak_hp_textarea\" cols=\"45\" rows=\"8\" maxlength=\"100\"><\/textarea><\/label><input type=\"hidden\" id=\"ak_js_1\" name=\"_wpcf7_ak_js\" value=\"85\"\/><script>document.getElementById( \"ak_js_1\" ).setAttribute( \"value\", ( new Date() ).getTime() );<\/script><\/p><input type='hidden' class='wpcf7-pum' value='{\"closepopup\":false,\"closedelay\":0,\"openpopup\":false,\"openpopup_id\":0}' \/><div class=\"wpcf7-response-output\" aria-hidden=\"true\"><\/div>\n<input type=\"hidden\" name=\"trp-form-language\" value=\"vi\"\/><\/form>\n<\/div>\n<\/div><\/div><\/div><\/div><\/div>","protected":false},"excerpt":{"rendered":"Rent Guarantee Program Submission Please fill out the Agreement form below, attach additional documents, and submit it within 30 days of the tenant\u2019s occupancy. The packet must include: \u00a0Signed Copy of the Lease\/Rental Agreement Copy of the Move-In Condition Report\/Inspection signed by both the landlord and tenant and The Rent Guarantee Program Provider\/Landlord Agreement signed [...]","protected":false},"author":4,"featured_media":0,"parent":927,"menu_order":0,"comment_status":"closed","ping_status":"closed","template":"","meta":{"footnotes":""},"class_list":["post-1128","page","type-page","status-publish","hentry"],"featured_image_src":null,"featured_image_src_square":null,"_links":{"self":[{"href":"https:\/\/rentwell.org\/vi\/wp-json\/wp\/v2\/pages\/1128","targetHints":{"allow":["GET"]}}],"collection":[{"href":"https:\/\/rentwell.org\/vi\/wp-json\/wp\/v2\/pages"}],"about":[{"href":"https:\/\/rentwell.org\/vi\/wp-json\/wp\/v2\/types\/page"}],"author":[{"embeddable":true,"href":"https:\/\/rentwell.org\/vi\/wp-json\/wp\/v2\/users\/4"}],"replies":[{"embeddable":true,"href":"https:\/\/rentwell.org\/vi\/wp-json\/wp\/v2\/comments?post=1128"}],"version-history":[{"count":0,"href":"https:\/\/rentwell.org\/vi\/wp-json\/wp\/v2\/pages\/1128\/revisions"}],"up":[{"embeddable":true,"href":"https:\/\/rentwell.org\/vi\/wp-json\/wp\/v2\/pages\/927"}],"wp:attachment":[{"href":"https:\/\/rentwell.org\/vi\/wp-json\/wp\/v2\/media?parent=1128"}],"curies":[{"name":"wp","href":"https:\/\/api.w.org\/{rel}","templated":true}]}}