{"id":1116,"date":"2021-08-31T20:37:06","date_gmt":"2021-08-31T20:37:06","guid":{"rendered":"https:\/\/rentwell.org\/?page_id=1116"},"modified":"2023-12-18T22:15:36","modified_gmt":"2023-12-18T22:15:36","slug":"rgp-terms","status":"publish","type":"page","link":"https:\/\/rentwell.org\/vi\/rgp-terms\/","title":{"rendered":"\u0110i\u1ec1u kho\u1ea3n v\u00e0 \u0110i\u1ec1u ki\u1ec7n RGP"},"content":{"rendered":"<div class=\"fullwidth\" ><div class=\"vc_row wpb_row vc_row-fluid\"><div class=\"wpb_column vc_column_container vc_col-sm-12\"><div class=\"vc_column-inner\"><div class=\"wpb_wrapper\">\t\t\t<div\n\t\t\t\tclass=\"darna-heading style1\" >\n\t\t\t\t\t\t\t\t\t<h2>C\u00e1c \u0111i\u1ec1u kho\u1ea3n v\u00e0 \u0111i\u1ec1u ki\u1ec7n<\/h2>\n\t\t\t\t\t\t\t\t\t\t\t<\/div>\n\t\t\t<\/div><\/div><\/div><\/div><\/div><div class=\"fullwidth\" ><div class=\"vc_row wpb_row vc_row-fluid\"><div class=\"wpb_column vc_column_container vc_col-sm-12\"><div class=\"vc_column-inner\"><div class=\"wpb_wrapper\">\n\t<div class=\"wpb_text_column wpb_content_element\" >\n\t\t<div class=\"wpb_wrapper\">\n\t\t\t<p>Ch\u1ee7 nh\u00e0 l\u00e0 m\u1ed9t nh\u00e0 th\u1ea7u \u0111\u1ed9c l\u1eadp v\u00e0 kh\u00f4ng ph\u1ea3i l\u00e0 m\u1ed9t \u0111\u1ea1i l\u00fd c\u1ee7a D\u1ecbch v\u1ee5 C\u1ed9ng \u0111\u1ed3ng v\u00e0 Gia c\u01b0 Oregon. Ch\u1ee7 nh\u00e0 \u0111\u1ed3ng \u00fd cho ng\u01b0\u1eddi thu\u00ea nh\u00e0 thu\u00ea \/ cho thu\u00ea nh\u00e0 theo Th\u1ecfa thu\u1eadn cho thu\u00ea nh\u00e0 \/ cho thu\u00ea nh\u00e0 trong th\u1eddi h\u1ea1n \u00edt nh\u1ea5t 12 th\u00e1ng k\u1ec3 t\u1eeb ng\u00e0y h\u1ee3p \u0111\u1ed3ng b\u1eaft \u0111\u1ea7u, v\u1edbi \u0111i\u1ec1u ki\u1ec7n ng\u01b0\u1eddi thu\u00ea v\u1eabn tu\u00e2n th\u1ee7 Th\u1ecfa thu\u1eadn cho thu\u00ea nh\u00e0 \/ Ch\u1ee7 nh\u00e0; tuy nhi\u00ean, h\u1ee3p \u0111\u1ed3ng thu\u00ea theo th\u00e1ng c\u00f3 th\u1ec3 ch\u1ea5p nh\u1eadn \u0111\u01b0\u1ee3c. Vi\u1ec7c k\u00fd t\u00ean v\u00e0o bi\u1ec3u m\u1eabu n\u00e0y kh\u00f4ng t\u1eeb b\u1ecf b\u1ea5t k\u1ef3 quy\u1ec1n h\u1ee3p ph\u00e1p n\u00e0o d\u00e0nh cho ch\u1ee7 nh\u00e0 theo ORS 90; tuy nhi\u00ean, c\u00e1c th\u00f4ng b\u00e1o v\u00f4 c\u1edb trong v\u00f2ng 12 th\u00e1ng \u0111\u1ea7u ti\u00ean c\u01b0 tr\u00fa c\u00f3 th\u1ec3 \u1ea3nh h\u01b0\u1edfng \u0111\u1ebfn y\u00eau c\u1ea7u h\u1ed7 tr\u1ee3 c\u1ee7a ch\u01b0\u01a1ng tr\u00ecnh n\u00e0y c\u1ee7a ch\u1ee7 nh\u00e0. B\u1ea3o l\u00e3nh ch\u1ec9 c\u00f3 hi\u1ec7u l\u1ef1c \u0111\u1ed1i v\u1edbi nh\u1eefng thi\u1ec7t h\u1ea1i x\u1ea3y ra trong v\u00f2ng 12 th\u00e1ng \u0111\u1ea7u ti\u00ean c\u1ee7a th\u1eddi gian thu\u00ea nh\u00e0. Ng\u01b0\u1eddi thu\u00ea nh\u00e0 ph\u1ea3i r\u1eddi kh\u1ecfi ho\u1eb7c b\u1ecb \u0111u\u1ed5i kh\u1ecfi n\u01a1i c\u01b0 tr\u00fa trong kho\u1ea3ng th\u1eddi gian 12 th\u00e1ng n\u00e0y \u0111\u1ec3 ch\u1ee7 nh\u00e0 c\u00f3 th\u1ec3 y\u00eau c\u1ea7u h\u1ed7 tr\u1ee3 ch\u01b0\u01a1ng tr\u00ecnh.<\/p>\n<p>B\u1ea3o l\u00e3nh t\u00f9y thu\u1ed9c v\u00e0o ngu\u1ed3n t\u00e0i ch\u00ednh hi\u1ec7n c\u00f3 t\u1ea1i th\u1eddi \u0111i\u1ec3m y\u00eau c\u1ea7u v\u00e0 \u0111\u01b0\u1ee3c gi\u1edbi h\u1ea1n t\u1ed5ng c\u1ed9ng l\u00e0 $5.000 cho t\u1ea5t c\u1ea3 c\u00e1c thi\u1ec7t h\u1ea1i cho m\u1ed7i l\u1ea7n thu\u00ea nh\u00e0. B\u1ea3o l\u00e3nh ch\u1ec9 bao g\u1ed3m nh\u1eefng chi ph\u00ed m\u00e0 ch\u01b0\u01a1ng tr\u00ecnh cho ph\u00e9p v\u00e0 v\u01b0\u1ee3t qu\u00e1 s\u1ed1 ti\u1ec1n \u0111\u1eb7t c\u1ecdc.<\/p>\n<p>Ch\u1ee7 nh\u00e0 \u0111\u1ed3ng \u00fd th\u00f4ng b\u00e1o cho nh\u00e0 cung c\u1ea5p ch\u01b0\u01a1ng tr\u00ecnh n\u1ebfu ng\u01b0\u1eddi thu\u00ea nh\u00e0 b\u1ecf \u0111i ho\u1eb7c b\u1ecb \u0111u\u1ed5i kh\u1ecfi n\u01a1i c\u01b0 tr\u00fa trong v\u00f2ng 12 th\u00e1ng \u0111\u1ea7u ti\u00ean c\u1ee7a th\u1eddi gian thu\u00ea nh\u00e0, ngay c\u1ea3 khi kh\u00f4ng y\u00eau c\u1ea7u tr\u1ee3 gi\u00fap.<\/p>\n<p>Ch\u1ee7 nh\u00e0 \u0111\u1ed3ng \u00fd g\u1eedi y\u00eau c\u1ea7u v\u1ec1 qu\u1ef9 b\u1ea3o l\u00e3nh, v\u1edbi t\u1ea5t c\u1ea3 c\u00e1c gi\u1ea5y t\u1edd c\u1ea7n thi\u1ebft n\u1ebfu thi\u1ec7t h\u1ea1i v\u01b0\u1ee3t qu\u00e1 ti\u1ec1n \u0111\u1eb7t c\u1ecdc, cho nh\u00e0 cung c\u1ea5p ch\u01b0\u01a1ng tr\u00ecnh trong v\u00f2ng 30 ng\u00e0y theo l\u1ecbch k\u1ec3 t\u1eeb ng\u00e0y ng\u01b0\u1eddi thu\u00ea r\u1eddi kh\u1ecfi n\u01a1i c\u01b0 tr\u00fa ho\u1eb7c b\u1ecb \u0111u\u1ed5i ra kh\u1ecfi nh\u00e0 v\u00ec kh\u00f4ng tu\u00e2n th\u1ee7 Ch\u1ee7 nh\u00e0 \/ H\u1ee3p \u0111\u1ed3ng thu\u00ea nh\u00e0.<\/p>\n<p>Ch\u1ee7 nh\u00e0 \u0111\u1ed3ng \u00fd kh\u00f4ng ho\u00e0n l\u1ea1i b\u1ea5t k\u1ef3 chi ph\u00ed n\u00e0o m\u00e0 ch\u01b0\u01a1ng tr\u00ecnh \u0111\u00e3 tr\u1ea3 t\u1eeb ng\u01b0\u1eddi thu\u00ea nh\u00e0 ho\u1eb7c t\u1eeb Ch\u01b0\u01a1ng tr\u00ecnh B\u1ea3o l\u00e3nh Ch\u1ee7 nh\u00e0 do L\u1ef1a ch\u1ecdn Nh\u00e0 \u1edf, ho\u1eb7c b\u1ea5t k\u1ef3 b\u00ean th\u1ee9 ba n\u00e0o kh\u00e1c, ch\u1eb3ng h\u1ea1n nh\u01b0 b\u1ea3o hi\u1ec3m. N\u1ebfu m\u1ed9t ph\u00e1n quy\u1ebft \u0111\u00e3 \u0111\u01b0\u1ee3c \u0111\u1ec7 tr\u00ecnh ch\u1ed1ng l\u1ea1i ng\u01b0\u1eddi thu\u00ea nh\u00e0, ch\u1ee7 nh\u00e0 s\u1ebd \u0111\u1ec7 tr\u00ecnh m\u1ed9t ph\u00e1n quy\u1ebft th\u1ecfa m\u00e3n trong v\u00f2ng 30 ng\u00e0y theo l\u1ecbch k\u1ec3 t\u1eeb ng\u00e0y nh\u1eadn \u0111\u01b0\u1ee3c kho\u1ea3n thanh to\u00e1n v\u00e0 g\u1eedi m\u1ed9t b\u1ea3n sao c\u1ee7a s\u1ef1 h\u00e0i l\u00f2ng \u0111\u00f3 cho OHCS.<\/p>\n<p>Ch\u1ee7 nh\u00e0 \u0111\u1ed3ng \u00fd tu\u00e2n th\u1ee7 t\u1ea5t c\u1ea3 c\u00e1c lu\u1eadt, quy \u0111\u1ecbnh v\u00e0 h\u01b0\u1edbng d\u1eabn trong ch\u01b0\u01a1ng tr\u00ecnh, bao g\u1ed3m, nh\u01b0ng kh\u00f4ng gi\u1edbi h\u1ea1n \u1edf c\u00e1c y\u00eau c\u1ea7u c\u1ee5 th\u1ec3 c\u1ee7a ch\u01b0\u01a1ng tr\u00ecnh, ch\u00ednh s\u00e1ch c\u00f4ng v\u1ec1 b\u1ea3o v\u1ec7 quy\u1ec1n c\u00f4ng d\u00e2n, c\u00e1c nhi\u1ec7m v\u1ee5 h\u00e0nh ch\u00ednh c\u1ee7a ch\u00ednh ph\u1ee7 \u1ea3nh h\u01b0\u1edfng \u0111\u1ebfn h\u1ec7 th\u1ed1ng k\u1ebf to\u00e1n v\u00e0 l\u01b0u tr\u1eef h\u1ed3 s\u01a1 c\u1ee7a ch\u1ee7 nh\u00e0, v\u00e0 b\u1ea5t k\u1ef3 quy t\u1eafc, quy \u0111\u1ecbnh ho\u1eb7c h\u01b0\u1edbng d\u1eabn n\u00e0o do nh\u00e0 cung c\u1ea5p ch\u01b0\u01a1ng tr\u00ecnh \u00e1p \u0111\u1eb7t.<\/p>\n<p>Ch\u1ee7 nh\u00e0 \u0111\u1ed3ng \u00fd v\u1edbi c\u00e1c quy\u1ec1n v\u00e0 tr\u00e1ch nhi\u1ec7m gi\u00e1m s\u00e1t c\u1ee7a nh\u00e0 cung c\u1ea5p ch\u01b0\u01a1ng tr\u00ecnh v\u00e0 OHCS c\u0169ng nh\u01b0 c\u00e1c ph\u01b0\u01a1ng ph\u00e1p m\u00e0 nh\u00e0 cung c\u1ea5p ch\u01b0\u01a1ng tr\u00ecnh v\u00e0 OHCS s\u1eed d\u1ee5ng \u0111\u1ec3 gi\u00e1m s\u00e1t.<\/p>\n<p>Ch\u1ee7 nh\u00e0 \u0111\u1ed3ng \u00fd v\u1edbi c\u00e1c quy\u1ec1n kh\u00f4ng th\u1ec3 thu h\u1ed3i \u0111\u1ec3 ki\u1ec3m tra n\u01a1i \u1edf \u0111\u01b0\u1ee3c nh\u00e0 cung c\u1ea5p ch\u01b0\u01a1ng tr\u00ecnh ho\u1eb7c OHCS x\u00e1c \u0111\u1ecbnh trong th\u1ecfa thu\u1eadn khi c\u00f3 th\u00f4ng b\u00e1o h\u1ee3p l\u00fd, nh\u1eb1m m\u1ee5c \u0111\u00edch gi\u00e1m s\u00e1t v\u00e0 \/ ho\u1eb7c x\u00e1c minh c\u00e1c chi ph\u00ed \u0111\u01b0\u1ee3c y\u00eau c\u1ea7u trong \u0111\u01a1n xin h\u1ed7 tr\u1ee3.<\/p>\n<p>Vi\u1ec7c ch\u1ea5m d\u1ee9t th\u1ecfa thu\u1eadn c\u00f3 th\u1ec3 x\u1ea3y ra theo ch\u1ec9 th\u1ecb nh\u01b0 v\u1eady c\u1ee7a nh\u00e0 cung c\u1ea5p ch\u01b0\u01a1ng tr\u00ecnh ho\u1eb7c c\u1ee7a OHCS th\u00f4ng qua nh\u00e0 cung c\u1ea5p ch\u01b0\u01a1ng tr\u00ecnh. OHCS s\u1ebd kh\u00f4ng ch\u1ecbu tr\u00e1ch nhi\u1ec7m tr\u01b0\u1edbc b\u1ea5t k\u1ef3 b\u00ean n\u00e0o c\u1ee7a th\u1ecfa thu\u1eadn ho\u1eb7c v\u1edbi nh\u1eefng ng\u01b0\u1eddi kh\u00e1c v\u1ec1 vi\u1ec7c ch\u1ec9 \u0111\u1ea1o r\u1eb1ng th\u1ecfa thu\u1eadn \u0111\u00f3 b\u1ecb ch\u1ea5m d\u1ee9t.<\/p>\n<p>Ch\u1eef k\u00fd c\u1ee7a b\u1ea1n cho ph\u00e9p Rent Well chia s\u1ebb t\u00ean t\u00e0i s\u1ea3n c\u1ee7a b\u1ea1n v\u00e0 th\u00f4ng tin li\u00ean h\u1ec7 c\u01a1 b\u1ea3n ch\u1ec9 cho m\u1ee5c \u0111\u00edch ti\u1ebfp th\u1ecb n\u1ed9i b\u1ed9. \u0110\u1ec3 ch\u1ecdn kh\u00f4ng tham gia, h\u00e3y g\u1eedi email cho ch\u00fang t\u00f4i theo \u0111\u1ecba ch\u1ec9 <a href=\"mailto:support@rentwell.org\">support@rentwell.org<\/a>. B\u1eb1ng c\u00e1ch k\u00fd v\u00e0o Ch\u01b0\u01a1ng tr\u00ecnh \u0111\u1ea3m b\u1ea3o ti\u1ec1n thu\u00ea n\u00e0y<\/p>\n<p>Bi\u1ec3u m\u1eabu Th\u1ecfa thu\u1eadn nh\u00e0 cung c\u1ea5p \/ ch\u1ee7 nh\u00e0, t\u00f4i x\u00e1c nh\u1eadn r\u1eb1ng th\u00f4ng tin n\u00e0y l\u00e0 \u0111\u00fang v\u00e0 ch\u00ednh x\u00e1c theo hi\u1ec3u bi\u1ebft c\u1ee7a t\u00f4i v\u00e0 t\u00f4i \u0111\u1ed3ng \u00fd tu\u00e2n theo t\u1ea5t c\u1ea3 c\u00e1c quy t\u1eafc, quy \u0111\u1ecbnh v\u00e0 h\u01b0\u1edbng d\u1eabn \u0111\u01b0\u1ee3c quy \u0111\u1ecbnh trong Th\u1ecfa thu\u1eadn n\u00e0y.<\/p>\n\n\t\t<\/div>\n\t<\/div>\n<\/div><\/div><\/div><\/div><\/div>","protected":false},"excerpt":{"rendered":"Terms and Conditions The landlord is an independent contractor and not an agent of Oregon Housing and Community Services. The landlord agrees to rent\/lease a residence to the tenant in accordance with the Landlord\/Tenant Agreement for a period of at least 12 months from the date the agreement begins, providing tenant remains in compliance with [...]","protected":false},"author":4,"featured_media":0,"parent":0,"menu_order":0,"comment_status":"closed","ping_status":"closed","template":"","meta":{"footnotes":""},"class_list":["post-1116","page","type-page","status-publish","hentry"],"featured_image_src":null,"featured_image_src_square":null,"_links":{"self":[{"href":"https:\/\/rentwell.org\/vi\/wp-json\/wp\/v2\/pages\/1116","targetHints":{"allow":["GET"]}}],"collection":[{"href":"https:\/\/rentwell.org\/vi\/wp-json\/wp\/v2\/pages"}],"about":[{"href":"https:\/\/rentwell.org\/vi\/wp-json\/wp\/v2\/types\/page"}],"author":[{"embeddable":true,"href":"https:\/\/rentwell.org\/vi\/wp-json\/wp\/v2\/users\/4"}],"replies":[{"embeddable":true,"href":"https:\/\/rentwell.org\/vi\/wp-json\/wp\/v2\/comments?post=1116"}],"version-history":[{"count":0,"href":"https:\/\/rentwell.org\/vi\/wp-json\/wp\/v2\/pages\/1116\/revisions"}],"wp:attachment":[{"href":"https:\/\/rentwell.org\/vi\/wp-json\/wp\/v2\/media?parent=1116"}],"curies":[{"name":"wp","href":"https:\/\/api.w.org\/{rel}","templated":true}]}}