{"id":1109,"date":"2021-08-26T20:59:20","date_gmt":"2021-08-26T20:59:20","guid":{"rendered":"https:\/\/rentwell.org\/?page_id=1109"},"modified":"2024-11-21T19:14:45","modified_gmt":"2024-11-21T19:14:45","slug":"agreement","status":"publish","type":"page","link":"https:\/\/rentwell.org\/vi\/tenants\/ecourse\/agreement\/","title":{"rendered":"\u0110i\u1ec1u kho\u1ea3n v\u00e0 th\u1ecfa thu\u1eadn c\u1ee7a sinh vi\u00ean"},"content":{"rendered":"<div class=\"fullwidth\" ><div class=\"vc_row wpb_row vc_row-fluid\"><div class=\"wpb_column vc_column_container vc_col-sm-12\"><div class=\"vc_column-inner\"><div class=\"wpb_wrapper\">\t\t\t<div\n\t\t\t\tclass=\"darna-heading style1\" >\n\t\t\t\t\t\t\t\t\t<h2>\u0110i\u1ec1u kho\u1ea3n v\u00e0 Th\u1ecfa thu\u1eadn<\/h2>\n\t\t\t\t\t\t\t\t\t\t\t<\/div>\n\t\t\t<div class=\"vc_empty_space\"   style=\"height: 32px\" ><span class=\"vc_empty_space_inner\"><\/span><\/div>\n<\/div><\/div><\/div><\/div><\/div><div class=\"fullwidth\" ><div class=\"vc_row wpb_row vc_row-fluid\"><div class=\"wpb_column vc_column_container vc_col-sm-12\"><div class=\"vc_column-inner\"><div class=\"wpb_wrapper\">\n\t<div class=\"wpb_text_column wpb_content_element\" >\n\t\t<div class=\"wpb_wrapper\">\n\t\t\t<p>T\u00f4i hi\u1ec3u r\u1eb1ng ch\u01b0\u01a1ng tr\u00ecnh gi\u1ea3ng d\u1ea1y n\u00e0y ch\u1ec9 d\u00e0nh cho m\u1ee5c \u0111\u00edch gi\u00e1o d\u1ee5c chung v\u00e0 kh\u00f4ng c\u1ea5u th\u00e0nh t\u01b0 v\u1ea5n ph\u00e1p l\u00fd. Ngo\u00e0i ra, ch\u01b0\u01a1ng tr\u00ecnh n\u00e0y kh\u00f4ng thay th\u1ebf cho l\u1eddi khuy\u00ean c\u1ee7a lu\u1eadt s\u01b0. N\u1ebfu b\u1ea1n c\u00f3 c\u00e2u h\u1ecfi ph\u00e1p l\u00fd c\u1ee5 th\u1ec3, b\u1ea1n n\u00ean li\u00ean h\u1ec7 v\u1edbi lu\u1eadt s\u01b0. Ch\u01b0\u01a1ng tr\u00ecnh gi\u1ea3ng d\u1ea1y n\u00e0y \u0111\u01b0\u1ee3c vi\u1ebft v\u00e0o th\u00e1ng 10 n\u0103m 2009 v\u00e0 \u0111\u01b0\u1ee3c c\u1eadp nh\u1eadt v\u00e0o n\u0103m 2014, 2017 v\u00e0 2019. M\u1eb7c d\u00f9 \u0111\u00e3 n\u1ed7 l\u1ef1c h\u1ebft s\u1ee9c \u0111\u1ec3 cung c\u1ea5p th\u00f4ng tin ch\u00ednh x\u00e1c trong ch\u01b0\u01a1ng tr\u00ecnh gi\u1ea3ng d\u1ea1y n\u00e0y, Th\u00e0nh ph\u1ed1 Portland, D\u1ef1 \u00e1n chuy\u1ec3n ti\u1ebfp, Ch\u01b0\u01a1ng tr\u00ecnh Rent Well v\u00e0 c\u00e1c gi\u1ea3ng vi\u00ean \u0111\u01b0\u1ee3c ch\u1ee9ng nh\u1eadn c\u1ee7a Rent Well kh\u00f4ng ch\u1ecbu tr\u00e1ch nhi\u1ec7m v\u1ec1 b\u1ea5t k\u1ef3 th\u00f4ng tin sai l\u1ec7ch ho\u1eb7c th\u00f4ng tin l\u1ed7i th\u1eddi n\u00e0o \u0111\u01b0\u1ee3c tr\u00ecnh b\u00e0y trong ch\u01b0\u01a1ng tr\u00ecnh gi\u1ea3ng d\u1ea1y n\u00e0y.<\/p>\n<p>Rent Well l\u00e0 m\u1ed9t lo\u1ea1t c\u00e1c c\u00f4ng c\u1ee5 gi\u00e1o d\u1ee5c gi\u00fap ch\u1ee7 nh\u00e0 v\u00e0 ng\u01b0\u1eddi thu\u00ea nh\u00e0 c\u00f9ng nhau l\u00e0m vi\u1ec7c \u0111\u1ec3 c\u00f3 nh\u00e0 cho thu\u00ea \u1ed5n \u0111\u1ecbnh, an to\u00e0n v\u00e0 l\u00e0nh m\u1ea1nh. Rent Well v\u00e0 c\u00e1c t\u00e0i li\u1ec7u gi\u00e1o d\u1ee5c v\u00e0 ch\u01b0\u01a1ng tr\u00ecnh gi\u1ea3ng d\u1ea1y c\u1ee7a n\u00f3 l\u00e0 c\u00e1c nh\u00e3n hi\u1ec7u \u0111\u00e3 \u0111\u0103ng k\u00fd c\u1ee7a TRANSITION PROJECTS, INC., v\u00e0 do \u0111\u00f3, t\u00f4i hi\u1ec3u r\u1eb1ng t\u00f4i kh\u00f4ng th\u1ec3 s\u1eed d\u1ee5ng b\u1ea5t k\u1ef3 t\u00e0i li\u1ec7u ho\u1eb7c ch\u01b0\u01a1ng tr\u00ecnh gi\u1ea3ng d\u1ea1y n\u00e0o m\u1ed9t c\u00e1ch to\u00e0n b\u1ed9 ho\u1eb7c m\u1ed9t ph\u1ea7n \u0111\u1ec3 t\u00e1i t\u1ea1o ho\u1eb7c sao ch\u00e9p m\u00e0 kh\u00f4ng c\u00f3 s\u1ef1 \u0111\u1ed3ng \u00fd tr\u01b0\u1edbc b\u1eb1ng v\u0103n b\u1ea3n.<\/p>\n<p>T\u00f4i hi\u1ec3u r\u1eb1ng m\u1eb7c d\u00f9 t\u00f4i c\u00f3 th\u1ec3 ho\u00e0n th\u00e0nh m\u1ecdi h\u01b0\u1edbng d\u1eabn \u0111\u1ec3 t\u1ed1t nghi\u1ec7p kh\u00f3a h\u1ecdc gi\u00e1o d\u1ee5c d\u00e0nh cho ng\u01b0\u1eddi thu\u00ea nh\u00e0 Rent Well do TRANSITION PROJECTS cung c\u1ea5p, nh\u01b0ng v\u1eabn c\u00f3 nh\u1eefng y\u00eau c\u1ea7u b\u1ed5 sung \u0111\u1ec3 ti\u1ebfp c\u1eadn qu\u1ef9 khuy\u1ebfn kh\u00edch d\u00e0nh cho ch\u1ee7 nh\u00e0 ngo\u00e0i vi\u1ec7c t\u00f4i ch\u1ec9 tham d\u1ef1 v\u00e0 ho\u00e0n th\u00e0nh kh\u00f3a h\u1ecdc Rent Well. <span data-teams=\"true\">\u0110\u1ec3 \u0111\u1ee7 \u0111i\u1ec1u ki\u1ec7n tham gia Ch\u01b0\u01a1ng tr\u00ecnh \u0111\u1ea3m b\u1ea3o ti\u1ec1n thu\u00ea nh\u00e0 (RGP), t\u00f4i c\u1ea7n ch\u1ee9ng nh\u1eadn r\u1eb1ng s\u1ed1 ti\u1ec1n thu nh\u1eadp h\u00e0ng th\u00e1ng c\u1ee7a t\u00f4i b\u1eb1ng ho\u1eb7c th\u1ea5p h\u01a1n 60% thu nh\u1eadp gia \u0111\u00ecnh trung b\u00ecnh theo \u0111\u1ecbnh ngh\u0129a c\u1ee7a thu nh\u1eadp v\u00e0 gi\u1edbi h\u1ea1n ti\u1ec1n thu\u00ea nh\u00e0 c\u1ee7a n\u0103m hi\u1ec7n t\u1ea1i c\u1ee7a HOME v\u00e0 CDBG Grants<\/span> (<a href=\"https:\/\/www.oregon.gov\/ohcs\/compliance-monitoring\/Pages\/rent-income-limits.aspx\" target=\"_blank\" rel=\"noopener\">www.oregon.gov\/ohcs\/pages\/research-income-rent-limits.aspx)<\/a> v\u00e0 t\u00f4i g\u1eb7p r\u00e0o c\u1ea3n trong vi\u1ec7c c\u00f3 \u0111\u01b0\u1ee3c nh\u00e0 \u1edf c\u1ed1 \u0111\u1ecbnh nh\u01b0 \u0111\u00e3 x\u00e1c \u0111\u1ecbnh tr\u00ean m\u1eabu th\u00f4ng tin sinh vi\u00ean c\u1ee7a t\u00f4i. T\u00f4i \u0111ang cung c\u1ea5p cho ng\u01b0\u1eddi h\u01b0\u1edbng d\u1eabn, ng\u01b0\u1eddi qu\u1ea3n l\u00fd tr\u01b0\u1eddng h\u1ee3p ho\u1eb7c\/v\u00e0 s\u1ef1 cho ph\u00e9p c\u1ee7a c\u01a1 quan c\u1ee7a h\u1ecd \u0111\u1ec3 cung c\u1ea5p Rent Well, m\u1ed9t ch\u01b0\u01a1ng tr\u00ecnh c\u1ee7a D\u1ef1 \u00e1n chuy\u1ec3n ti\u1ebfp, t\u00e0i li\u1ec7u ch\u1ee9ng minh t\u00f4i \u0111\u1ee7 \u0111i\u1ec1u ki\u1ec7n tham gia Ch\u01b0\u01a1ng tr\u00ecnh \u0111\u1ea3m b\u1ea3o ti\u1ec1n thu\u00ea nh\u00e0 (RGP). Vi\u1ec7c x\u00e1c minh n\u00e0y bao g\u1ed3m, nh\u01b0ng kh\u00f4ng gi\u1edbi h\u1ea1n \u1edf, m\u1ed9t b\u1ea3n sao c\u1ee7a m\u1eabu s\u00e0ng l\u1ecdc gi\u00e1o d\u1ee5c ng\u01b0\u1eddi thu\u00ea nh\u00e0, th\u01b0 thu n\u1ee3, b\u00e1o c\u00e1o d\u00e2n s\u1ef1, h\u1ed3 s\u01a1 c\u1ea3nh s\u00e1t, s\u1ed5 c\u00e1i cho thu\u00ea, b\u00e1o c\u00e1o t\u00edn d\u1ee5ng, th\u01b0 gi\u1edbi thi\u1ec7u, ghi ch\u00fa qu\u1ea3n l\u00fd tr\u01b0\u1eddng h\u1ee3p v\u00e0\/ho\u1eb7c b\u1ea3n sao danh m\u1ee5c nh\u00e0 \u1edf\/th\u01b0 xin vi\u1ec7c.<\/p>\n<p>T\u00f4i hi\u1ec3u r\u1eb1ng b\u1ea3n ph\u00e1t h\u00e0nh n\u00e0y l\u00e0 c\u1ea7n thi\u1ebft \u0111\u1ec3 Ch\u01b0\u01a1ng tr\u00ecnh Rent Well \u0111\u0103ng k\u00fd th\u00e0nh c\u00f4ng Qu\u1ef9 khuy\u1ebfn kh\u00edch ch\u1ee7 nh\u00e0, ch\u1eb3ng h\u1ea1n nh\u01b0 Ch\u01b0\u01a1ng tr\u00ecnh \u0111\u1ea3m b\u1ea3o ti\u1ec1n thu\u00ea nh\u00e0, thay m\u1eb7t cho t\u00f4i. T\u00f4i cho ph\u00e9p xem x\u00e9t v\u00e0 x\u00e1c minh t\u00ednh \u0111\u1ee7 \u0111i\u1ec1u ki\u1ec7n c\u1ee7a t\u00f4i \u0111\u1ed1i v\u1edbi Ch\u01b0\u01a1ng tr\u00ecnh \u0111\u1ea3m b\u1ea3o ti\u1ec1n thu\u00ea nh\u00e0 (RGP) v\u1edbi Oregon Housing and Community Services, c\u01a1 quan gi\u00e1m s\u00e1t ngu\u1ed3n t\u00e0i tr\u1ee3 RGP, c\u0169ng nh\u01b0 v\u1edbi c\u00e1c ch\u1ee7 nh\u00e0 t\u01b0\u01a1ng lai m\u00e0 t\u00f4i mu\u1ed1n s\u1eed d\u1ee5ng ch\u1ee9ng ch\u1ec9 Rent Well c\u1ee7a m\u00ecnh trong t\u1ed1i \u0111a 18 th\u00e1ng sau ng\u00e0y t\u1ed1t nghi\u1ec7p c\u1ee7a t\u00f4i.<\/p>\n<p>Sau khi ch\u1ee9ng ch\u1ec9 v\u00e0 Ch\u01b0\u01a1ng tr\u00ecnh \u0110\u1ea3m b\u1ea3o Ti\u1ec1n thu\u00ea nh\u00e0 \u0111\u01b0\u1ee3c \u0111\u0103ng k\u00fd v\u1edbi ch\u1ee7 nh\u00e0 t\u01b0\u01a1ng lai c\u1ee7a t\u00f4i, t\u00f4i cho ph\u00e9p Rent Well \u0111\u01b0\u1ee3c n\u00f3i chuy\u1ec7n v\u1edbi ch\u1ee7 nh\u00e0 c\u1ee7a t\u00f4i trong t\u1ed1i \u0111a 13 th\u00e1ng sau ng\u00e0y chuy\u1ec3n \u0111\u1ebfn c\u1ee7a h\u1ee3p \u0111\u1ed3ng thu\u00ea nh\u00e0 m\u1edbi c\u1ee7a t\u00f4i. Th\u00f4ng b\u00e1o n\u00e0y s\u1ebd li\u00ean quan \u0111\u1ebfn vi\u1ec7c li\u1ec7u c\u00f3 c\u1ea7n s\u1eed d\u1ee5ng qu\u1ef9 RGP thay m\u1eb7t t\u00f4i hay kh\u00f4ng n\u1ebfu t\u00f4i chuy\u1ec3n \u0111i trong n\u0103m \u0111\u1ea7u ti\u00ean c\u1ee7a h\u1ee3p \u0111\u1ed3ng thu\u00ea nh\u00e0 v\u00e0 \u0111\u1ec3 l\u1ea1i b\u1ea5t k\u1ef3 kho\u1ea3n ti\u1ec1n thu\u00ea nh\u00e0, thi\u1ec7t h\u1ea1i ho\u1eb7c chi ph\u00ed ph\u00e1p l\u00fd n\u00e0o ch\u01b0a thanh to\u00e1n.<\/p>\n<p>N\u1ebfu kh\u00f4ng k\u00fd v\u00e0o \u0111\u00e2y v\u00e0 quy\u1ec1n truy c\u1eadp v\u00e0o c\u00e1c t\u00e0i li\u1ec7u c\u1ea7n thi\u1ebft b\u1ecb t\u1eeb ch\u1ed1i, th\u00ec Qu\u1ef9 khuy\u1ebfn kh\u00edch ch\u1ee7 nh\u00e0 kh\u00f4ng th\u1ec3 \u0111\u01b0\u1ee3c \u0111\u0103ng k\u00fd v\u00e0 t\u00f4i hi\u1ec3u r\u1eb1ng t\u00f4i s\u1ebd ch\u1ecbu tr\u00e1ch nhi\u1ec7m cho b\u1ea5t k\u1ef3 v\u00e0 t\u1ea5t c\u1ea3 c\u00e1c kho\u1ea3n n\u1ee3 li\u00ean quan \u0111\u1ebfn quy\u1ec1n thu\u00ea nh\u00e0 c\u1ee7a m\u00ecnh. T\u00f4i t\u1ef1 nguy\u1ec7n \u0111\u1ed3ng \u00fd v\u00e0 hi\u1ec3u r\u1eb1ng t\u00f4i c\u00f3 th\u1ec3, b\u1ea5t c\u1ee9 l\u00fac n\u00e0o, thu h\u1ed3i b\u1eb1ng v\u0103n b\u1ea3n cho \u0111\u01a1n v\u1ecb cung c\u1ea5p ho\u1eb7c nh\u1eadn th\u00f4ng tin; tuy nhi\u00ean, vi\u1ec7c thu h\u1ed3i nh\u01b0 v\u1eady s\u1ebd kh\u00f4ng \u00e1p d\u1ee5ng cho b\u1ea5t k\u1ef3 th\u00f4ng tin n\u00e0o \u0111\u00e3 \u0111\u01b0\u1ee3c c\u00f4ng b\u1ed1. T\u00f4i c\u00f3 quy\u1ec1n xem th\u00f4ng tin \u0111\u01b0\u1ee3c cung c\u1ea5p theo b\u1ea3n ph\u00e1t h\u00e0nh n\u00e0y b\u1ea5t c\u1ee9 l\u00fac n\u00e0o.<\/p>\n<p>Gi\u1ea5y \u1ee7y quy\u1ec1n c\u1ee7a t\u00f4i gi\u1ea3i ph\u00f3ng Ch\u01b0\u01a1ng tr\u00ecnh Rent Well, D\u1ef1 \u00e1n chuy\u1ec3n ti\u1ebfp, D\u1ecbch v\u1ee5 nh\u00e0 \u1edf v\u00e0 c\u1ed9ng \u0111\u1ed3ng Oregon v\u00e0 ch\u1ee7 nh\u00e0\/ng\u01b0\u1eddi qu\u1ea3n l\u00fd b\u1ea5t \u0111\u1ed9ng s\u1ea3n c\u1ee7a t\u00f4i kh\u1ecfi m\u1ecdi tr\u00e1ch nhi\u1ec7m ph\u00e1p l\u00fd \u0111\u1ed1i v\u1edbi c\u00e1c thi\u1ec7t h\u1ea1i ph\u00e1t sinh t\u1eeb vi\u1ec7c t\u00ecm hi\u1ec3u, thu th\u1eadp, cung c\u1ea5p v\u00e0\/ho\u1eb7c th\u1ef1c hi\u1ec7n h\u00e0nh \u0111\u1ed9ng d\u1ef1a tr\u00ean th\u00f4ng tin \u0111\u01b0\u1ee3c n\u00eau trong gi\u1ea5y \u1ee7y quy\u1ec1n n\u00e0y.<\/p>\n<p>B\u1eb1ng c\u00e1ch nh\u1eadp ho\u1eb7c k\u00fd t\u00ean c\u1ee7a t\u00f4i b\u00ean d\u01b0\u1edbi, t\u00f4i x\u00e1c nh\u1eadn, v\u00e0o ng\u00e0y n\u00e0y, r\u1eb1ng th\u00f4ng tin m\u00e0 t\u00f4i \u0111\u00e3 nh\u1eadp v\u00e0 \u0111\u00ednh k\u00e8m v\u00e0o bi\u1ec3u m\u1eabu n\u00e0y l\u00e0 \u0111\u00fang v\u00e0 ch\u00ednh x\u00e1c theo hi\u1ec3u bi\u1ebft t\u1ed1t nh\u1ea5t c\u1ee7a t\u00f4i. T\u00f4i hi\u1ec3u r\u1eb1ng vi\u1ec7c cung c\u1ea5p c\u00e1c tuy\u00ean b\u1ed1 sai s\u1ef1 th\u1eadt c\u1ea5u th\u00e0nh h\u00e0nh vi gian l\u1eadn. M\u1ee5c 1001 c\u1ee7a Ti\u00eau \u0111\u1ec1 18 c\u1ee7a B\u1ed9 lu\u1eadt Hoa K\u1ef3 quy \u0111\u1ecbnh vi\u1ec7c c\u1ed1 \u00fd \u0111\u01b0a ra c\u00e1c tuy\u00ean b\u1ed1 sai s\u1ef1 th\u1eadt v\u1ec1 vi\u1ec7c tr\u00ecnh b\u00e0y sai s\u1ef1 th\u1eadt cho b\u1ea5t k\u1ef3 b\u1ed9 ho\u1eb7c c\u01a1 quan n\u00e0o c\u1ee7a Hoa K\u1ef3 ho\u1eb7c b\u1ea5t k\u1ef3 v\u1ea5n \u0111\u1ec1 n\u00e0o thu\u1ed9c th\u1ea9m quy\u1ec1n c\u1ee7a b\u1ed9 ho\u1eb7c c\u01a1 quan \u0111\u00f3 l\u00e0 m\u1ed9t t\u1ed9i h\u00ecnh s\u1ef1. L\u00e0m sai l\u1ec7ch, che gi\u1ea5u ho\u1eb7c che \u0111\u1eady b\u1eb1ng b\u1ea5t k\u1ef3 th\u1ee7 \u0111o\u1ea1n, k\u1ebf ho\u1ea1ch ho\u1eb7c thi\u1ebft b\u1ecb n\u00e0o v\u1ec1 t\u00e0i li\u1ec7u ho\u1eb7c \u0111\u01b0a ra b\u1ea5t k\u1ef3 tuy\u00ean b\u1ed1 ho\u1eb7c tuy\u00ean b\u1ed1 sai s\u1ef1 th\u1eadt, h\u01b0 c\u1ea5u ho\u1eb7c gian l\u1eadn n\u00e0o \u0111\u1ec1u ph\u1ea3i ch\u1ecbu m\u1ee9c ph\u1ea1t t\u1ed1i \u0111a l\u00e0 $10.000 ho\u1eb7c ph\u1ea1t t\u00f9 kh\u00f4ng qu\u00e1 5 n\u0103m ho\u1eb7c c\u1ea3 hai v\u00e0 c\u00f3 th\u1ec3 y\u00eau c\u1ea7u ho\u00e0n tr\u1ea3 b\u1ea5t k\u1ef3 ho\u1eb7c to\u00e0n b\u1ed9 s\u1ed1 ti\u1ec1n \u0111\u00e3 nh\u1eadn th\u00f4ng qua Ch\u01b0\u01a1ng tr\u00ecnh \u0111\u1ea3m b\u1ea3o ti\u1ec1n thu\u00ea nh\u00e0, c\u00e1c ngh\u0129a v\u1ee5 v\u00e0 h\u00ecnh ph\u1ea1t theo B\u1ed9 lu\u1eadt Hoa K\u1ef3 ho\u1eb7c \u0110\u1ea1o lu\u1eadt khi\u1ebfu n\u1ea1i sai s\u1ef1 th\u1eadt c\u1ee7a Oregon (ORS 180.750 \u0111\u1ebfn 180.785) v\u00e0 c\u00e1c bi\u1ec7n ph\u00e1p kh\u1eafc ph\u1ee5c kh\u00e1c theo lu\u1eadt \u0111\u1ecbnh.<\/p>\n<p>T\u00f4i x\u00e1c nh\u1eadn r\u1eb1ng t\u00f4i \u0111\u00e3 \u0111\u1ecdc b\u1ea3n ph\u00e1t h\u00e0nh n\u00e0y ho\u1eb7c \u0111\u00e3 \u0111\u01b0\u1ee3c \u0111\u1ecdc cho nghe v\u00e0 t\u00f4i hi\u1ec3u n\u1ed9i dung c\u1ee7a n\u00f3. T\u00f4i hi\u1ec3u r\u1eb1ng t\u00f4i c\u00f3 quy\u1ec1n nh\u1eadn m\u1ed9t b\u1ea3n sao c\u1ee7a b\u1ea3n ph\u00e1t h\u00e0nh n\u00e0y.<\/p>\n\n\t\t<\/div>\n\t<\/div>\n<div class=\"vc_empty_space\"   style=\"height: 32px\" ><span class=\"vc_empty_space_inner\"><\/span><\/div>\n<\/div><\/div><\/div><\/div><\/div><div class=\"fullwidth\" ><div class=\"vc_row wpb_row vc_row-fluid\"><div class=\"wpb_column vc_column_container vc_col-sm-12\"><div class=\"vc_column-inner\"><div class=\"wpb_wrapper\"><\/div><\/div><\/div><\/div><\/div>","protected":false},"excerpt":{"rendered":"Terms and Agreement I understand this curriculum is for general educational use only and does not constitute legal advice. Further, it is not a substitute for the advice of an attorney. If you have a specific legal question, you should contact an attorney. This curriculum was written in October 2009 and updated in 2014, 2017, [...]","protected":false},"author":4,"featured_media":0,"parent":3301,"menu_order":0,"comment_status":"closed","ping_status":"closed","template":"","meta":{"footnotes":""},"class_list":["post-1109","page","type-page","status-publish","hentry"],"featured_image_src":null,"featured_image_src_square":null,"_links":{"self":[{"href":"https:\/\/rentwell.org\/vi\/wp-json\/wp\/v2\/pages\/1109","targetHints":{"allow":["GET"]}}],"collection":[{"href":"https:\/\/rentwell.org\/vi\/wp-json\/wp\/v2\/pages"}],"about":[{"href":"https:\/\/rentwell.org\/vi\/wp-json\/wp\/v2\/types\/page"}],"author":[{"embeddable":true,"href":"https:\/\/rentwell.org\/vi\/wp-json\/wp\/v2\/users\/4"}],"replies":[{"embeddable":true,"href":"https:\/\/rentwell.org\/vi\/wp-json\/wp\/v2\/comments?post=1109"}],"version-history":[{"count":0,"href":"https:\/\/rentwell.org\/vi\/wp-json\/wp\/v2\/pages\/1109\/revisions"}],"up":[{"embeddable":true,"href":"https:\/\/rentwell.org\/vi\/wp-json\/wp\/v2\/pages\/3301"}],"wp:attachment":[{"href":"https:\/\/rentwell.org\/vi\/wp-json\/wp\/v2\/media?parent=1109"}],"curies":[{"name":"wp","href":"https:\/\/api.w.org\/{rel}","templated":true}]}}