{"id":106,"date":"2015-07-18T09:20:40","date_gmt":"2015-07-18T09:20:40","guid":{"rendered":"https:\/\/rentwell.org\/?page_id=106"},"modified":"2024-03-12T23:25:59","modified_gmt":"2024-03-12T23:25:59","slug":"home-1","status":"publish","type":"page","link":"https:\/\/rentwell.org\/vi\/","title":{"rendered":"Nh\u00e0"},"content":{"rendered":"<div class=\"container\" ><div class=\"vc_row wpb_row vc_row-fluid text-center margin-bottom-100\"><div class=\"col-md-5 col-sm-12 col-xs-12 wpb_column vc_column_container vc_col-sm-5\"><div class=\"vc_column-inner\"><div class=\"wpb_wrapper\"><div class=\"vc_empty_space  home-space\"   style=\"height: 250px\" ><span class=\"vc_empty_space_inner\"><\/span><\/div>\n\n\t<div  class=\"wpb_single_image wpb_content_element vc_align_center   home-image\">\n\t\t\n\t\t<figure class=\"wpb_wrapper vc_figure\">\n\t\t\t<div class=\"vc_single_image-wrapper   vc_box_border_grey\"><img loading=\"lazy\" decoding=\"async\" width=\"260\" height=\"300\" src=\"https:\/\/rentwell.org\/wp-content\/uploads\/2023\/02\/program-of-Transition-Projects.png\" class=\"vc_single_image-img attachment-medium\" alt=\"rent well program\" srcset=\"https:\/\/rentwell.org\/wp-content\/uploads\/2023\/02\/program-of-Transition-Projects.png 260w, https:\/\/rentwell.org\/wp-content\/uploads\/2023\/02\/program-of-Transition-Projects-10x12.png 10w\" sizes=\"auto, (max-width: 260px) 100vw, 260px\" \/><\/div>\n\t\t<\/figure>\n\t<\/div>\n<\/div><\/div><\/div><div class=\"col-md-7 col-sm-12 col-xs-12 wpb_column vc_column_container vc_col-sm-7\"><div class=\"vc_column-inner vc_custom_1437475347965\"><div class=\"wpb_wrapper\">\t\t\t<div\n\t\t\t\tclass=\"darna-heading style1\" >\n\t\t\t\t\t\t\t\t\t<h2>L\u1ea5y ch\u00eca kh\u00f3a, gi\u1eef ch\u00eca kh\u00f3a<\/h2>\n\t\t\t\t\t\t\t\t\t\t\t<\/div>\n\t\t\t\n\t<div class=\"wpb_text_column wpb_content_element  vc_custom_1710285956748\" >\n\t\t<div class=\"wpb_wrapper\">\n\t\t\t<p><strong>Rent Well, m\u1ed9t ch\u01b0\u01a1ng tr\u00ecnh D\u1ef1 \u00e1n chuy\u1ec3n ti\u1ebfp, <\/strong>l\u00e0 ch\u01b0\u01a1ng tr\u00ecnh gi\u00e1o d\u1ee5c ng\u01b0\u1eddi thu\u00ea nh\u00e0 k\u00e9o d\u00e0i 15 gi\u1edd nh\u1eb1m gi\u00fap trao quy\u1ec1n cho c\u01b0 d\u00e2n OR &amp; WA ki\u1ebfn th\u1ee9c v\u00e0 k\u1ef9 n\u0103ng \u0111\u1ec3 \u0111i\u1ec1u h\u01b0\u1edbng vi\u1ec7c thu\u00ea nh\u00e0 th\u00e0nh c\u00f4ng. C\u00e1c b\u00e0i h\u1ecdc bao g\u1ed3m vi\u1ec7c l\u1eadp ng\u00e2n s\u00e1ch, quy tr\u00ecnh n\u1ed9p \u0111\u01a1n, k\u1ef9 n\u0103ng giao ti\u1ebfp, quy\u1ec1n c\u1ee7a ng\u01b0\u1eddi thu\u00ea nh\u00e0, k\u1ef3 v\u1ecdng c\u1ee7a ch\u1ee7 nh\u00e0, b\u1ea3o tr\u00ec c\u0103n h\u1ed9, m\u1eb9o di chuy\u1ec3n, v.v.<\/p>\n<p>C\u00e1c kh\u00f3a h\u1ecdc c\u1ee7a Rent Well c\u00f3 s\u1eb5n theo ba phong c\u00e1ch kh\u00e1c nhau \u0111\u1ec3 \u0111\u00e1p \u1ee9ng nhu c\u1ea7u c\u1ee7a c\u1ed9ng \u0111\u1ed3ng: c\u00e1c bu\u1ed5i h\u1ecdc tr\u1ef1c ti\u1ebfp, ki\u1ec3u h\u1ed9i th\u1ea3o tr\u00ean web v\u00e0 d\u01b0\u1edbi d\u1ea1ng Kh\u00f3a h\u1ecdc \u0111i\u1ec7n t\u1eed tr\u1ef1c tuy\u1ebfn. T\u1ea1i th\u1eddi \u0111i\u1ec3m \u0111\u00f3, eCourse ch\u1ec9 d\u00e0nh cho c\u01b0 d\u00e2n Oregon. C\u00e1c l\u1edbp h\u1ecdc tr\u1ef1c ti\u1ebfp v\u00e0 theo phong c\u00e1ch h\u1ed9i th\u1ea3o tr\u1ef1c tuy\u1ebfn \u0111\u01b0\u1ee3c gi\u1ea3ng d\u1ea1y b\u1edfi nh\u1eefng ng\u01b0\u1eddi h\u01b0\u1edbng d\u1eabn \u0111\u01b0\u1ee3c ch\u1ee9ng nh\u1eadn t\u1ea1i c\u00e1c c\u01a1 quan \u0111\u1ed1i t\u00e1c, nh\u1eefng ng\u01b0\u1eddi \u0111\u00e3 ho\u00e0n th\u00e0nh H\u1ecdc vi\u1ec7n gi\u00e1o d\u1ee5c d\u00e0nh cho ng\u01b0\u1eddi thu\u00ea nh\u00e0 c\u1ee7a ch\u00fang t\u00f4i v\u00e0 lu\u00f4n c\u1eadp nh\u1eadt c\u00e1c ch\u1ee9ng nh\u1eadn l\u1ea1i. Kh\u00f3a \u0111\u00e0o t\u1ea1o n\u00e0y l\u00e0 s\u1ef1 \u0111\u00e0o s\u00e2u chuy\u00ean s\u00e2u v\u1ec1 c\u00e1ch gi\u1ea3ng d\u1ea1y kh\u00f3a h\u1ecdc t\u1ea1i \u0111\u1ea1i l\u00fd c\u1ee7a h\u1ecd.<\/p>\n<h4 style=\"text-align: center;\"><strong>Ch\u00fang t\u00f4i tin r\u1eb1ng m\u1ecdi ng\u01b0\u1eddi \u0111\u1ec1u x\u1ee9ng \u0111\u00e1ng c\u00f3 quy\u1ec1n \u0111\u01b0\u1ee3c s\u1ed1ng sung t\u00fac, sung t\u00fac v\u00e0 Rent Well.<\/strong><\/h4>\n\n\t\t<\/div>\n\t<\/div>\n\t\t\t\t\t\t<a class=\"darna-button size-xs style1 icon-left\"\n\t\t\t   href=\"https:\/\/rentwell.org\/vi\/about\/\"\n\t\t\t   title=\"T\u00ccM HI\u1ec2U TH\u00caM\"\n\t\t\t   target=\"_self\"\n\t\t\t\t>\n\t\t\t\tT\u00ccM HI\u1ec2U TH\u00caM\t\t\t<\/a>\n\t\t\t\t\t<\/div><\/div><\/div><\/div><\/div><div class=\"container\" ><div class=\"vc_row wpb_row vc_row-fluid text-center\"><div class=\"wpb_column vc_column_container vc_col-sm-12\"><div class=\"vc_column-inner\"><div class=\"wpb_wrapper\">\t\t\t<div\n\t\t\t\tclass=\"darna-heading style1\" >\n\t\t\t\t\t\t\t\t\t<h2>D\u1ecbch v\u1ee5 c\u1ee7a ch\u00fang t\u00f4i<\/h2>\n\t\t\t\t\t\t\t\t\t\t\t<\/div>\n\t\t\t<div class=\"vc_empty_space\"   style=\"height: 42px\" ><span class=\"vc_empty_space_inner\"><\/span><\/div>\n<\/div><\/div><\/div><div class=\"wpb_column vc_column_container vc_col-sm-4\"><div class=\"vc_column-inner\"><div class=\"wpb_wrapper\">\n\t<div  class=\"wpb_single_image wpb_content_element vc_align_center\">\n\t\t\n\t\t<figure class=\"wpb_wrapper vc_figure\">\n\t\t\t<div class=\"vc_single_image-wrapper   vc_box_border_grey\"><img loading=\"lazy\" decoding=\"async\" width=\"150\" height=\"150\" src=\"https:\/\/rentwell.org\/wp-content\/uploads\/2023\/04\/Home_TenantIcon-150x150.png\" class=\"vc_single_image-img attachment-thumbnail\" alt=\"\" srcset=\"https:\/\/rentwell.org\/wp-content\/uploads\/2023\/04\/Home_TenantIcon-150x150.png 150w, https:\/\/rentwell.org\/wp-content\/uploads\/2023\/04\/Home_TenantIcon-300x300.png 300w, https:\/\/rentwell.org\/wp-content\/uploads\/2023\/04\/Home_TenantIcon-1024x1024.png 1024w, https:\/\/rentwell.org\/wp-content\/uploads\/2023\/04\/Home_TenantIcon-768x768.png 768w, https:\/\/rentwell.org\/wp-content\/uploads\/2023\/04\/Home_TenantIcon-12x12.png 12w, https:\/\/rentwell.org\/wp-content\/uploads\/2023\/04\/Home_TenantIcon-600x600.png 600w, https:\/\/rentwell.org\/wp-content\/uploads\/2023\/04\/Home_TenantIcon.png 1316w\" sizes=\"auto, (max-width: 150px) 100vw, 150px\" \/><\/div>\n\t\t<\/figure>\n\t<\/div>\n<div class=\"vc_empty_space\"   style=\"height: 12px\" ><span class=\"vc_empty_space_inner\"><\/span><\/div>\n\n\t<div class=\"wpb_text_column wpb_content_element\" >\n\t\t<div class=\"wpb_wrapper\">\n\t\t\t<h2 style=\"text-align: center;\">D\u00c0NH CHO NG\u01af\u1edcI D\u00d9NG<\/h2>\n<p style=\"text-align: center;\">T\u00ecm hi\u1ec3u c\u00e1ch gi\u1ea3m thi\u1ec3u c\u00e1c r\u00e0o c\u1ea3n \u0111\u1ed1i v\u1edbi nh\u00e0 \u1edf c\u1ee7a b\u1ea1n b\u1eb1ng c\u00e1ch tham gia kh\u00f3a h\u1ecdc gi\u00e1o d\u1ee5c d\u00e0nh cho ng\u01b0\u1eddi thu\u00ea nh\u00e0 c\u1ee7a Rent Well.<\/p>\n\n\t\t<\/div>\n\t<\/div>\n\t\t\t\t\t\t<a class=\"darna-button size-md style1 icon-left\"\n\t\t\t   href=\"https:\/\/rentwell.org\/vi\/tenants\/\"\n\t\t\t   title=\"\u0110\u1ecdc th\u00eam\"\n\t\t\t   target=\"_self\"\n\t\t\t\t>\n\t\t\t\t\u0110\u1ecdc th\u00eam\t\t\t<\/a>\n\t\t\t\t\t<div class=\"vc_empty_space\"   style=\"height: 12px\" ><span class=\"vc_empty_space_inner\"><\/span><\/div>\n<\/div><\/div><\/div><div class=\"wpb_column vc_column_container vc_col-sm-4\"><div class=\"vc_column-inner\"><div class=\"wpb_wrapper\">\n\t<div  class=\"wpb_single_image wpb_content_element vc_align_center\">\n\t\t\n\t\t<figure class=\"wpb_wrapper vc_figure\">\n\t\t\t<div class=\"vc_single_image-wrapper   vc_box_border_grey\"><img loading=\"lazy\" decoding=\"async\" width=\"150\" height=\"150\" src=\"https:\/\/rentwell.org\/wp-content\/uploads\/2023\/04\/Home_AgencyIcon-150x150.png\" class=\"vc_single_image-img attachment-thumbnail\" alt=\"\" srcset=\"https:\/\/rentwell.org\/wp-content\/uploads\/2023\/04\/Home_AgencyIcon-150x150.png 150w, https:\/\/rentwell.org\/wp-content\/uploads\/2023\/04\/Home_AgencyIcon-300x300.png 300w, https:\/\/rentwell.org\/wp-content\/uploads\/2023\/04\/Home_AgencyIcon-1024x1024.png 1024w, https:\/\/rentwell.org\/wp-content\/uploads\/2023\/04\/Home_AgencyIcon-768x768.png 768w, https:\/\/rentwell.org\/wp-content\/uploads\/2023\/04\/Home_AgencyIcon-12x12.png 12w, https:\/\/rentwell.org\/wp-content\/uploads\/2023\/04\/Home_AgencyIcon-600x600.png 600w, https:\/\/rentwell.org\/wp-content\/uploads\/2023\/04\/Home_AgencyIcon.png 1259w\" sizes=\"auto, (max-width: 150px) 100vw, 150px\" \/><\/div>\n\t\t<\/figure>\n\t<\/div>\n<div class=\"vc_empty_space\"   style=\"height: 12px\" ><span class=\"vc_empty_space_inner\"><\/span><\/div>\n\n\t<div class=\"wpb_text_column wpb_content_element\" >\n\t\t<div class=\"wpb_wrapper\">\n\t\t\t<h2 style=\"text-align: center;\">D\u00c0NH CHO GI\u00c1O VI\u00caN<\/h2>\n<p style=\"text-align: center;\">H\u1ed7 tr\u1ee3 kh\u00e1ch h\u00e0ng trong h\u00e0nh tr\u00ecnh nh\u00e0 \u1edf c\u1ee7a h\u1ecd b\u1eb1ng c\u00e1ch tr\u1edf th\u00e0nh nh\u00e0 gi\u00e1o d\u1ee5c ho\u1eb7c \u0111\u1ed1i t\u00e1c c\u1ee7a c\u01a1 quan c\u1ed9ng \u0111\u1ed3ng.<\/p>\n\n\t\t<\/div>\n\t<\/div>\n\t\t\t\t\t\t<a class=\"darna-button size-md style1 icon-left\"\n\t\t\t   href=\"https:\/\/rentwell.org\/vi\/educators\/\"\n\t\t\t   title=\"\u0110\u1ecdc th\u00eam\"\n\t\t\t   target=\"_self\"\n\t\t\t\t>\n\t\t\t\t\u0110\u1ecdc th\u00eam\t\t\t<\/a>\n\t\t\t\t\t<div class=\"vc_empty_space\"   style=\"height: 48px\" ><span class=\"vc_empty_space_inner\"><\/span><\/div>\n<\/div><\/div><\/div><div class=\"wpb_column vc_column_container vc_col-sm-4\"><div class=\"vc_column-inner\"><div class=\"wpb_wrapper\">\n\t<div  class=\"wpb_single_image wpb_content_element vc_align_center\">\n\t\t\n\t\t<figure class=\"wpb_wrapper vc_figure\">\n\t\t\t<div class=\"vc_single_image-wrapper   vc_box_border_grey\"><img loading=\"lazy\" decoding=\"async\" width=\"150\" height=\"150\" src=\"https:\/\/rentwell.org\/wp-content\/uploads\/2023\/04\/Home_LandlordIcon-150x150.png\" class=\"vc_single_image-img attachment-thumbnail\" alt=\"\" srcset=\"https:\/\/rentwell.org\/wp-content\/uploads\/2023\/04\/Home_LandlordIcon-150x150.png 150w, https:\/\/rentwell.org\/wp-content\/uploads\/2023\/04\/Home_LandlordIcon-300x300.png 300w, https:\/\/rentwell.org\/wp-content\/uploads\/2023\/04\/Home_LandlordIcon-1024x1024.png 1024w, https:\/\/rentwell.org\/wp-content\/uploads\/2023\/04\/Home_LandlordIcon-768x768.png 768w, https:\/\/rentwell.org\/wp-content\/uploads\/2023\/04\/Home_LandlordIcon-12x12.png 12w, https:\/\/rentwell.org\/wp-content\/uploads\/2023\/04\/Home_LandlordIcon-600x600.png 600w, https:\/\/rentwell.org\/wp-content\/uploads\/2023\/04\/Home_LandlordIcon.png 1456w\" sizes=\"auto, (max-width: 150px) 100vw, 150px\" \/><\/div>\n\t\t<\/figure>\n\t<\/div>\n<div class=\"vc_empty_space\"   style=\"height: 12px\" ><span class=\"vc_empty_space_inner\"><\/span><\/div>\n\n\t<div class=\"wpb_text_column wpb_content_element\" >\n\t\t<div class=\"wpb_wrapper\">\n\t\t\t<h2 style=\"text-align: center;\">\u0110\u1ed0I V\u1edaI LANDLORDS<\/h2>\n<p style=\"text-align: center;\">T\u00ecm hi\u1ec3u th\u00eam v\u1ec1 nh\u1eefng l\u1ee3i \u00edch c\u1ee7a vi\u1ec7c cho sinh vi\u00ean t\u1ed1t nghi\u1ec7p Rent Well thu\u00ea nh\u00e0, ch\u1eb3ng h\u1ea1n nh\u01b0 qu\u1ef9 khuy\u1ebfn kh\u00edch ch\u1ee7 nh\u00e0.<\/p>\n\n\t\t<\/div>\n\t<\/div>\n\t\t\t\t\t\t<a class=\"darna-button size-md style1 icon-left\"\n\t\t\t   href=\"https:\/\/rentwell.org\/vi\/landlords\/\"\n\t\t\t   title=\"\u0110\u1ecdc th\u00eam\"\n\t\t\t   target=\"_self\"\n\t\t\t\t>\n\t\t\t\t\u0110\u1ecdc th\u00eam\t\t\t<\/a>\n\t\t\t\t\t<div class=\"vc_empty_space\"   style=\"height: 12px\" ><span class=\"vc_empty_space_inner\"><\/span><\/div>\n<\/div><\/div><\/div><\/div><\/div>","protected":false},"excerpt":{"rendered":"Get the Keys, Keep the Keys Rent Well, a program of Transition Projects, is a 15-hour tenant education program that helps empower OR &amp; WA residents with the knowledge and skills to navigate renting successfully. The lessons cover budgeting, the application process, communication skills, tenant rights, landlord expectations, unit maintenance, moving tips, and much more. [...]","protected":false},"author":2,"featured_media":0,"parent":0,"menu_order":0,"comment_status":"closed","ping_status":"closed","template":"","meta":{"footnotes":""},"class_list":["post-106","page","type-page","status-publish","hentry"],"featured_image_src":null,"featured_image_src_square":null,"_links":{"self":[{"href":"https:\/\/rentwell.org\/vi\/wp-json\/wp\/v2\/pages\/106","targetHints":{"allow":["GET"]}}],"collection":[{"href":"https:\/\/rentwell.org\/vi\/wp-json\/wp\/v2\/pages"}],"about":[{"href":"https:\/\/rentwell.org\/vi\/wp-json\/wp\/v2\/types\/page"}],"author":[{"embeddable":true,"href":"https:\/\/rentwell.org\/vi\/wp-json\/wp\/v2\/users\/2"}],"replies":[{"embeddable":true,"href":"https:\/\/rentwell.org\/vi\/wp-json\/wp\/v2\/comments?post=106"}],"version-history":[{"count":0,"href":"https:\/\/rentwell.org\/vi\/wp-json\/wp\/v2\/pages\/106\/revisions"}],"wp:attachment":[{"href":"https:\/\/rentwell.org\/vi\/wp-json\/wp\/v2\/media?parent=106"}],"curies":[{"name":"wp","href":"https:\/\/api.w.org\/{rel}","templated":true}]}}