{"id":927,"date":"2021-04-22T03:22:30","date_gmt":"2021-04-22T03:22:30","guid":{"rendered":"http:\/\/rentwell.org\/?page_id=927"},"modified":"2023-10-11T21:39:50","modified_gmt":"2023-10-11T21:39:50","slug":"landlords","status":"publish","type":"page","link":"https:\/\/rentwell.org\/es\/landlords\/","title":{"rendered":"Para propietarios"},"content":{"rendered":"<div class=\"container\" ><div class=\"vc_row wpb_row vc_row-fluid\"><div class=\"wpb_column vc_column_container vc_col-sm-12\"><div class=\"vc_column-inner\"><div class=\"wpb_wrapper\">\n\t<div class=\"wpb_text_column wpb_content_element\" >\n\t\t<div class=\"wpb_wrapper\">\n\t\t\t<h2><span style=\"font-weight: 400;\">Hacemos que sea f\u00e1cil para los propietarios confirmar la elegibilidad de un posible inquilino, registrar una garant\u00eda y solicitar un pago si es necesario.<br \/>\nSiga leyendo para obtener m\u00e1s informaci\u00f3n sobre los fondos de incentivos para propietarios y c\u00f3mo sus inquilinos pueden calificar.<br \/>\n<\/span><\/h2>\n<ul>\n<li>\n<h1>Confirmar la elegibilidad de un posible inquilino <strong><a href=\"https:\/\/rentwell.org\/es\/landlords\/eligibility\/\">AQU\u00cd<\/a><br \/>\n<\/strong><\/h1>\n<\/li>\n<li>\n<h1>Registra una garant\u00eda <a href=\"https:\/\/rentwell.org\/es\/landlords\/rgp\/\" target=\"_blank\" rel=\"noopener\"><strong>AQU\u00cd<\/strong><\/a><\/h1>\n<\/li>\n<li>\n<h1>Solicitar un pago <a href=\"https:\/\/rentwell.org\/es\/payout\/\" target=\"_blank\" rel=\"noopener\"><strong>AQU\u00cd<\/strong><\/a><\/h1>\n<\/li>\n<\/ul>\n\n\t\t<\/div>\n\t<\/div>\n<div class=\"vc_empty_space\"   style=\"height: 22px\" ><span class=\"vc_empty_space_inner\"><\/span><\/div>\n<div class=\"vc_empty_space\"   style=\"height: 22px\" ><span class=\"vc_empty_space_inner\"><\/span><\/div>\n\t\t\t<div\n\t\t\t\tclass=\"darna-heading style1\" >\n\t\t\t\t\t\t\t\t\t<h2>\u00bfQu\u00e9 es un Fondo de Incentivos para Propietarios?<\/h2>\n\t\t\t\t\t\t\t\t\t\t\t<\/div>\n\t\t\t<div class=\"vc_empty_space\"   style=\"height: 22px\" ><span class=\"vc_empty_space_inner\"><\/span><\/div>\n\n\t<div class=\"wpb_text_column wpb_content_element\" >\n\t\t<div class=\"wpb_wrapper\">\n\t\t\t<p><span style=\"font-weight: 400;\">Algunos condados y agencias combinan sus cursos de educaci\u00f3n para inquilinos Rent Well con un fondo de incentivos para propietarios. Este financiamiento brinda a los propietarios la seguridad de que si un graduado de Rent Well deja su unidad de alquiler dentro del primer a\u00f1o y debe alquiler impago, da\u00f1os u honorarios legales m\u00e1s all\u00e1 de lo que cubre el dep\u00f3sito de seguridad, el programa pagar\u00e1 al propietario para cubrir esos costos adicionales. a una cierta cantidad.<\/span><\/p>\n<h4 style=\"text-align: center; color: #00b4cb;\"><b><i>Desde que comenz\u00f3 el programa en 2009, menos de 1% de propietarios han necesitado acceder a los fondos.<\/i><\/b><\/h4>\n\n\t\t<\/div>\n\t<\/div>\n<div class=\"vc_empty_space\"   style=\"height: 22px\" ><span class=\"vc_empty_space_inner\"><\/span><\/div>\n\n\t<div class=\"wpb_text_column wpb_content_element\" >\n\t\t<div class=\"wpb_wrapper\">\n\t\t\t<p>Si actualmente est\u00e1 evaluando o trabajando con una persona que le entreg\u00f3 un certificado de graduaci\u00f3n de Rent Well, puede completar el formulario de elegibilidad <a href=\"https:\/\/rentwell.org\/es\/landlords\/eligibility\/\"><span style=\"text-decoration: underline;\"><strong>AQU\u00cd<\/strong><\/span><\/a> para verificar la autenticidad de su certificado, la elegibilidad de la persona para acceder a la garant\u00eda y la disponibilidad de financiaci\u00f3n. Una vez que se env\u00ede esta informaci\u00f3n, recibir\u00e1 un correo electr\u00f3nico dentro de uno o dos d\u00edas h\u00e1biles.<\/p>\n\n\t\t<\/div>\n\t<\/div>\n<div class=\"vc_empty_space\"   style=\"height: 22px\" ><span class=\"vc_empty_space_inner\"><\/span><\/div>\n\t\t\t<div\n\t\t\t\tclass=\"darna-heading style1\" >\n\t\t\t\t\t\t\t\t\t<h2>C\u00f3mo acceder al fondo<\/h2>\n\t\t\t\t\t\t\t\t\t\t\t<\/div>\n\t\t\t<div class=\"vc_empty_space\"   style=\"height: 22px\" ><span class=\"vc_empty_space_inner\"><\/span><\/div>\n\n\t<div class=\"wpb_text_column wpb_content_element\" >\n\t\t<div class=\"wpb_wrapper\">\n\t\t\t<p>Para acceder a este tipo de financiaci\u00f3n, el propietario tiene <strong>hasta 30 d\u00edas a partir de la fecha de inicio del contrato de arrendamiento del graduado<\/strong> para contactarnos y registrar el fondo. Este proceso es simple e incluye completar una breve solicitud, enviar un contrato de arrendador\/proveedor firmado, copias del contrato de arrendamiento firmado y un informe de condiciones de mudanza firmado.<br \/>\nPara registrar la garant\u00eda de propietario de un graduado, complete y env\u00ede el Formulario de env\u00edo del Programa de garant\u00eda de alquiler <a href=\"https:\/\/rentwell.org\/es\/landlords\/rgp\/\"><span style=\"text-decoration: underline;\"><strong>AQU\u00cd<\/strong><\/span><\/a>. Una vez que se env\u00ede esta informaci\u00f3n, recibir\u00e1 un correo electr\u00f3nico dentro de uno o dos d\u00edas h\u00e1biles.<\/p>\n\n\t\t<\/div>\n\t<\/div>\n<div class=\"vc_empty_space\"   style=\"height: 22px\" ><span class=\"vc_empty_space_inner\"><\/span><\/div>\n\t\t\t<div\n\t\t\t\tclass=\"darna-heading style1\" >\n\t\t\t\t\t\t\t\t\t<h2>\u00bfQu\u00e9 fondo est\u00e1 disponible en mi \u00e1rea?<\/h2>\n\t\t\t\t\t\t\t\t\t\t\t<\/div>\n\t\t\t<div class=\"vc_empty_space\"   style=\"height: 22px\" ><span class=\"vc_empty_space_inner\"><\/span><\/div>\n\n\t<div class=\"wpb_text_column wpb_content_element\" >\n\t\t<div class=\"wpb_wrapper\">\n\t\t\t<p><span style=\"font-weight: 400;\">Los montos del Fondo de incentivos para propietarios y el \u00e1rea de cobertura se basan en recursos localizados vinculados al lugar donde la persona se gradu\u00f3 del curso Rent Well. Algunos fondos est\u00e1n cubiertos por las agencias que brindan la clase Rent Well.<\/span><span style=\"font-weight: 400;\">ses. En<\/span><span style=\"font-weight: 400;\"> En otros casos, los fondos del condado se dedican a este apoyo adicional.<\/span><span style=\"font-weight: 400;\">. Adem\u00e1s, w<\/span><span style=\"font-weight: 400;\">En el estado de Oregon, el<\/span><a href=\"https:\/\/www.oregon.gov\/ohcs\/for-providers\/Pages\/rent-guarantee-program.aspx\" target=\"_blank\" rel=\"noopener\"><span style=\"font-weight: 400;\"> Departamento de Vivienda y Servicios Comunitarios<\/span><\/a> <span style=\"font-weight: 400;\">tiene un fondo estatal dedicado que los graduados elegibles de Rent Well pueden utilizar.<\/span><\/p>\n<p><span style=\"font-weight: 400;\">A continuaci\u00f3n, se muestra un breve desglose de las \u00e1reas y condados que tienen programas Rent Well y los Fondos de incentivos para propietarios. Sin embargo, es m\u00e1s que bienvenido a comunicarse directamente con el Programa Rent Well para ayudarlo a navegar este sistema por usted. <\/span><\/p>\n\n\t\t<\/div>\n\t<\/div>\n<div class=\"vc_empty_space\"   style=\"height: 22px\" ><span class=\"vc_empty_space_inner\"><\/span><\/div>\n<div class=\"vc_tta-container\" data-vc-action=\"collapseAll\"><div class=\"vc_general vc_tta vc_tta-accordion vc_tta-color-grey vc_tta-style-accordion_style1 vc_tta-shape-rounded vc_tta-o-shape-group vc_tta-controls-align-left vc_tta-o-all-clickable\"><div class=\"vc_tta-panels-container\"><div class=\"vc_tta-panels\"><div class=\"vc_tta-panel\" id=\"1619061991339-97ef178e-04a8\" data-vc-content=\".vc_tta-panel-body\"><div class=\"vc_tta-panel-heading\"><h4 class=\"vc_tta-panel-title vc_tta-controls-icon-position-left\"><a href=\"#1619061991339-97ef178e-04a8\" data-vc-accordion data-vc-container=\".vc_tta-container\"><span class=\"vc_tta-title-text\">Fondos de incentivos para propietarios de Oreg\u00f3n<\/span><i class=\"vc_tta-controls-icon vc_tta-controls-icon-plus\"><\/i><\/a><\/h4><\/div><div class=\"vc_tta-panel-body\">\n\t<div class=\"wpb_text_column wpb_content_element\" >\n\t\t<div class=\"wpb_wrapper\">\n\t\t\t<p><span style=\"font-weight: 400;\">Rent Well se imparte en m\u00e1s de 17 condados de Oregon<\/span><span style=\"font-weight: 400;\">. A<\/span><span style=\"font-weight: 400;\">Todos los cursos est\u00e1n emparejados con el Servicio Comunitario de Vivienda de Oreg\u00f3n (OHCS) <a href=\"https:\/\/www.oregon.gov\/ohcs\/for-providers\/pages\/rent-guarantee-program.aspx\" target=\"_blank\" rel=\"noopener\">Programa de garant\u00eda de alquiler<\/a> (RGP). El Programa de Garant\u00eda de Renta le permite al arrendador acceder hasta $5000 por persona elegible <\/span><span style=\"font-weight: 400;\">tenencia<\/span><span style=\"font-weight: 400;\"> si es necesario. <\/span><span style=\"font-weight: 400;\">Los inquilinos elegibles son:<\/span><\/p>\n<ul>\n<li style=\"list-style-type: none;\">\n<ul>\n<li style=\"font-weight: 400;\" aria-level=\"3\"><span style=\"font-weight: 400;\">Los graduados de Rent Well que hayan encontrado una vivienda dentro de los 18 meses posteriores a la finalizaci\u00f3n del curso,\u00a0<\/span><\/li>\n<li style=\"font-weight: 400;\" aria-level=\"3\"><span style=\"font-weight: 400;\">Eran de bajos ingresos al momento de tomar la clase,\u00a0<\/span><\/li>\n<li style=\"font-weight: 400;\" aria-level=\"3\"><span style=\"font-weight: 400;\">Tener al menos una barrera para la vivienda, y\u00a0<\/span><\/li>\n<li style=\"font-weight: 400;\" aria-level=\"3\"><span style=\"font-weight: 400;\">Nunca antes un arrendador hab\u00eda tenido acceso a este tipo de financiaci\u00f3n.<\/span><\/li>\n<\/ul>\n<\/li>\n<\/ul>\n<p><span style=\"font-weight: 400;\">Estos fondos se pueden usar si un inquilino deja la unidad de alquiler dentro del primer a\u00f1o. <\/span><span style=\"font-weight: 400;\">y<\/span><span style=\"font-weight: 400;\"> adeuda por da\u00f1os m\u00e1s all\u00e1 del desgaste normal, <\/span><span style=\"font-weight: 400;\">da\u00f1os y perjuicios<\/span><span style=\"font-weight: 400;\"> debido a mascotas o animales de asistencia, tarifas de eliminaci\u00f3n, costos de desalojo y alquiler impago.<\/span><\/p>\n<p><span style=\"font-weight: 400;\">El Programa de Garant\u00eda de Alquiler se puede utilizar en cualquier lugar del estado de Oregon.<\/span><span style=\"font-weight: 400;\">. H<\/span><span style=\"font-weight: 400;\">Sin embargo, OHCS trabaja con varias agencias regionales <\/span><span style=\"font-weight: 400;\">ese<\/span><span style=\"font-weight: 400;\"> registrarse y administrar esta financiaci\u00f3n. Debido a esas asociaciones<\/span><span style=\"font-weight: 400;\">,<\/span><span style=\"font-weight: 400;\"> OHCS permite a los proveedores regionales establecer sus \u00e1reas de cobertura.\u00a0<\/span><\/p>\n<p><span style=\"font-weight: 400;\">La mayor\u00eda de las agencias que ofrecen clases de Rent Well permiten a sus graduados<\/span><span style=\"font-weight: 400;\"> registre su garant\u00eda en cualquier lugar del estado. <\/span><span style=\"font-weight: 400;\">los<\/span> <span style=\"font-weight: 400;\">a<\/span><span style=\"font-weight: 400;\">Las gencias que tienen restricciones geogr\u00e1ficas son: ...<\/span><\/p>\n<ul>\n<li style=\"font-weight: 400;\" aria-level=\"1\"><b>Departamento de Servicios Sociales del Condado de Clackamas <\/b><span style=\"font-weight: 400;\">- Limitado al condado de Clackamas. Adem\u00e1s, proporciona un fondo de garant\u00eda del propietario m\u00e1s peque\u00f1o para los graduados elegibles cuyo nivel de ingresos est\u00e9 entre 60-80% AMI.\u00a0\u00a0<\/span><\/li>\n<li style=\"font-weight: 400;\" aria-level=\"1\"><b>Acci\u00f3n comunitaria del condado de Washington<\/b><span style=\"font-weight: 400;\"> - Limitado al condado de Washington<\/span><\/li>\n<li style=\"font-weight: 400;\" aria-level=\"1\"><b>Conexiones comunitarias de NE Oregon<\/b><span style=\"font-weight: 400;\"> - Limitado a los condados de Baker, Grant, Union y Wallowa<\/span><\/li>\n<li style=\"font-weight: 400;\" aria-level=\"1\"><b>Consorcio de servicios comunitarios <\/b><span style=\"font-weight: 400;\">- Limitado a los condados de Linn, Benton y Lincoln<\/span><\/li>\n<li style=\"font-weight: 400;\" aria-level=\"1\"><b>Red de Acci\u00f3n Comunitaria Unida <\/b><span style=\"font-weight: 400;\">- Limitado a los condados de Douglas y Josephine<\/span><\/li>\n<li style=\"font-weight: 400;\" aria-level=\"1\"><b>Asociaci\u00f3n de acci\u00f3n comunitaria de Yamhill<\/b><span style=\"font-weight: 400;\"> - Limitado al condado de Yamhill<\/span><\/li>\n<\/ul>\n\n\t\t<\/div>\n\t<\/div>\n<\/div><\/div><div class=\"vc_tta-panel\" id=\"1620471880724-0c48d988-913e\" data-vc-content=\".vc_tta-panel-body\"><div class=\"vc_tta-panel-heading\"><h4 class=\"vc_tta-panel-title vc_tta-controls-icon-position-left\"><a href=\"#1620471880724-0c48d988-913e\" data-vc-accordion data-vc-container=\".vc_tta-container\"><span class=\"vc_tta-title-text\">Fondos de incentivos para propietarios de Washington<\/span><i class=\"vc_tta-controls-icon vc_tta-controls-icon-plus\"><\/i><\/a><\/h4><\/div><div class=\"vc_tta-panel-body\">\n\t<div class=\"wpb_text_column wpb_content_element\" >\n\t\t<div class=\"wpb_wrapper\">\n\t\t\t<p><span style=\"font-weight: 400;\">El estado de Washington no tiene actualmente una garant\u00eda estatal espec\u00edficamente relacionada con los cursos de educaci\u00f3n para inquilinos. Sin embargo, hay algunos fondos de incentivos regionales m\u00e1s peque\u00f1os disponibles.<\/span><\/p>\n<p><b>Condado de Clark<\/b><span style=\"font-weight: 400;\"> tiene un Fondo de Garant\u00eda de Propietarios que est\u00e1 emparejado con sus clases. Este fondo es supervisado por SHARE y es por un monto de hasta $1000 m\u00e1s all\u00e1 del dep\u00f3sito de seguridad del inquilino elegible. Los inquilinos elegibles son personas que se graduaron del curso Rent Well dentro de los 18 meses, ten\u00edan ingresos medios del \u00e1rea 60% o menos al momento de tomar la clase, declararon que ten\u00edan al menos una barrera para la vivienda y nunca hab\u00edan accedido al fondo. antes de.<\/span><\/p>\n<p><span style=\"font-weight: 400;\">Estos fondos se pueden usar si un inquilino abandona la unidad de alquiler dentro del primer a\u00f1o y adeuda da\u00f1os m\u00e1s all\u00e1 del uso y desgaste normal, costos judiciales o de abogado relacionados con un desalojo y alquiler impago.<\/span><\/p>\n<p><span style=\"font-weight: 400;\">Debido a que estos fondos provienen directamente del condado de Clark, los fondos deben permanecer dentro del condado de Clark, por lo que el graduado solo puede mudarse dentro de los l\u00edmites del condado para seguir siendo elegible para esta garant\u00eda.<\/span><\/p>\n<p><span style=\"font-weight: 400;\">La otra garant\u00eda localizada dentro del estado de Washington es a trav\u00e9s del <\/span><b>Programa de integraci\u00f3n de veteranos en Housing Opportunities of SW Washington<\/b><span style=\"font-weight: 400;\">, en el condado de Cowlitz. Su fondo de garant\u00eda del propietario es para graduados de sus clases y es de hasta $650. Su \u00e1rea de cobertura regional se limita al condado de Cowlitz.<\/span><\/p>\n\n\t\t<\/div>\n\t<\/div>\n<\/div><\/div><\/div><\/div><\/div><\/div><div class=\"vc_empty_space\"   style=\"height: 22px\" ><span class=\"vc_empty_space_inner\"><\/span><\/div>\n<div class=\"vc_empty_space\"   style=\"height: 122px\" ><span class=\"vc_empty_space_inner\"><\/span><\/div>\n<\/div><\/div><\/div><\/div><\/div>","protected":false},"excerpt":{"rendered":"We make it easy for landlords to confirm a potential tenant\u2019s eligibility, register a guarantee, and request a payout if needed. Read on to learn more about Landlord Incentive Funds and how your tenants can qualify. Confirm a potential tenant\u2019s eligibility HERE Register a Guarantee HERE Request a Payout HERE What is a Landlord Incentive [...]","protected":false},"author":2,"featured_media":0,"parent":0,"menu_order":0,"comment_status":"closed","ping_status":"closed","template":"","meta":{"footnotes":""},"class_list":["post-927","page","type-page","status-publish","hentry"],"featured_image_src":null,"featured_image_src_square":null,"_links":{"self":[{"href":"https:\/\/rentwell.org\/es\/wp-json\/wp\/v2\/pages\/927","targetHints":{"allow":["GET"]}}],"collection":[{"href":"https:\/\/rentwell.org\/es\/wp-json\/wp\/v2\/pages"}],"about":[{"href":"https:\/\/rentwell.org\/es\/wp-json\/wp\/v2\/types\/page"}],"author":[{"embeddable":true,"href":"https:\/\/rentwell.org\/es\/wp-json\/wp\/v2\/users\/2"}],"replies":[{"embeddable":true,"href":"https:\/\/rentwell.org\/es\/wp-json\/wp\/v2\/comments?post=927"}],"version-history":[{"count":0,"href":"https:\/\/rentwell.org\/es\/wp-json\/wp\/v2\/pages\/927\/revisions"}],"wp:attachment":[{"href":"https:\/\/rentwell.org\/es\/wp-json\/wp\/v2\/media?parent=927"}],"curies":[{"name":"wp","href":"https:\/\/api.w.org\/{rel}","templated":true}]}}