{"id":3777,"date":"2025-09-12T19:31:14","date_gmt":"2025-09-12T19:31:14","guid":{"rendered":"https:\/\/rentwell.org\/?page_id=3777"},"modified":"2025-11-19T01:13:07","modified_gmt":"2025-11-19T01:13:07","slug":"instructor-registration-confirmation","status":"publish","type":"page","link":"https:\/\/rentwell.org\/es\/instructor-registration-confirmation\/","title":{"rendered":"Confirmaci\u00f3n de inscripci\u00f3n de instructor"},"content":{"rendered":"<div class=\"fullwidth\" ><div class=\"vc_row wpb_row vc_row-fluid\"><div class=\"wpb_column vc_column_container vc_col-sm-12\"><div class=\"vc_column-inner\"><div class=\"wpb_wrapper\">\n\t<div class=\"wpb_text_column wpb_content_element  vc_custom_1763514782575\" >\n\t\t<div class=\"wpb_wrapper\">\n\t\t\t<h4 style=\"text-align: center;\" data-pm-slice=\"1 1 &#091;&quot;list&quot;,{},&quot;list_item&quot;,{&quot;indent&quot;:2,&quot;type&quot;:&quot;bulleted&quot;}&#093;\">Gracias por enviar su solicitud para inscribirse en la Academia electr\u00f3nica para educadores de inquilinos Rent Well.<\/h4>\n<h4 style=\"text-align: center;\" data-pm-slice=\"1 1 &#091;&quot;list&quot;,{},&quot;list_item&quot;,{&quot;indent&quot;:2,&quot;type&quot;:&quot;bulleted&quot;}&#093;\">Las solicitudes se revisan en el plazo de una semana. Se le notificar\u00e1 una vez que su solicitud haya sido revisada. Hasta entonces, no tendr\u00e1 acceso inmediato a su cuenta.<\/h4>\n<h4 style=\"text-align: center;\" data-pm-slice=\"1 1 &#091;&quot;list&quot;,{},&quot;list_item&quot;,{&quot;indent&quot;:2,&quot;type&quot;:&quot;bulleted&quot;}&#093;\">M\u00e1s consejos para preparar su formaci\u00f3n <a href=\"https:\/\/rentwell.org\/es\/educators\/instructors-2\/\">AQU\u00cd<\/a>.<\/h4>\n\n\t\t<\/div>\n\t<\/div>\n<\/div><\/div><\/div><\/div><\/div>","protected":false},"excerpt":{"rendered":"Gracias por enviar su solicitud para inscribirse en la Academia electr\u00f3nica para educadores de inquilinos Rent Well. Las solicitudes se revisan en el plazo de una semana. Se le notificar\u00e1 una vez que su solicitud haya sido revisada. Hasta entonces, no tendr\u00e1 acceso inmediato a su cuenta. AQU\u00cd encontrar\u00e1 m\u00e1s consejos sobre c\u00f3mo prepararse para la formaci\u00f3n.","protected":false},"author":1,"featured_media":0,"parent":0,"menu_order":0,"comment_status":"closed","ping_status":"closed","template":"","meta":{"footnotes":""},"class_list":["post-3777","page","type-page","status-publish","hentry"],"featured_image_src":null,"featured_image_src_square":null,"_links":{"self":[{"href":"https:\/\/rentwell.org\/es\/wp-json\/wp\/v2\/pages\/3777","targetHints":{"allow":["GET"]}}],"collection":[{"href":"https:\/\/rentwell.org\/es\/wp-json\/wp\/v2\/pages"}],"about":[{"href":"https:\/\/rentwell.org\/es\/wp-json\/wp\/v2\/types\/page"}],"author":[{"embeddable":true,"href":"https:\/\/rentwell.org\/es\/wp-json\/wp\/v2\/users\/1"}],"replies":[{"embeddable":true,"href":"https:\/\/rentwell.org\/es\/wp-json\/wp\/v2\/comments?post=3777"}],"version-history":[{"count":0,"href":"https:\/\/rentwell.org\/es\/wp-json\/wp\/v2\/pages\/3777\/revisions"}],"wp:attachment":[{"href":"https:\/\/rentwell.org\/es\/wp-json\/wp\/v2\/media?parent=3777"}],"curies":[{"name":"wp","href":"https:\/\/api.w.org\/{rel}","templated":true}]}}