{"id":3482,"date":"2023-04-29T01:47:22","date_gmt":"2023-04-29T01:47:22","guid":{"rendered":"https:\/\/rentwell.org\/?page_id=3482"},"modified":"2023-04-29T01:58:05","modified_gmt":"2023-04-29T01:58:05","slug":"tea","status":"publish","type":"page","link":"https:\/\/rentwell.org\/es\/educators\/tea\/","title":{"rendered":"Academia de educadores de inquilinos"},"content":{"rendered":"<div class=\"fullwidth\" ><div class=\"vc_row wpb_row vc_row-fluid\"><div class=\"wpb_column vc_column_container vc_col-sm-12\"><div class=\"vc_column-inner\"><div class=\"wpb_wrapper\">\t\t\t<div\n\t\t\t\tclass=\"darna-heading style1\" >\n\t\t\t\t\t\t\t\t\t<h2>C\u00f3mo convertirse en un educador de Rent Well<\/h2>\n\t\t\t\t\t\t\t\t\t\t\t<\/div>\n\t\t\t<div class=\"vc_empty_space\"   style=\"height: 32px\" ><span class=\"vc_empty_space_inner\"><\/span><\/div>\n\n\t<div class=\"wpb_text_column wpb_content_element\" >\n\t\t<div class=\"wpb_wrapper\">\n\t\t\t<p>El programa Rent Well se asocia con organizaciones sin fines de lucro, agencias financiadas con fondos p\u00fablicos y organizaciones gubernamentales con declaraciones de misi\u00f3n centradas en la vivienda. A trav\u00e9s de estas asociaciones, el programa Rent Well capacita al personal de estas agencias para brindar el plan de estudios y la educaci\u00f3n en su propia agencia. Estos <a href=\"http:\/\/rentwell.org\/es\/caps\/\">Socios de agencias comunitarias<\/a>, o CAP, pueden hacer que los miembros del personal asistan a capacitaci\u00f3n para el desarrollo profesional en el campo de los servicios de vivienda o que los miembros del personal se conviertan en instructores de Rent Well totalmente certificados para su agencia.<\/p>\n\n\t\t<\/div>\n\t<\/div>\n<div class=\"vc_empty_space\"   style=\"height: 32px\" ><span class=\"vc_empty_space_inner\"><\/span><\/div>\n\n\t<div class=\"wpb_text_column wpb_content_element\" >\n\t\t<div class=\"wpb_wrapper\">\n\t\t\t<p>Una asociaci\u00f3n con Rent Well puede proporcionarle a su agencia:<img loading=\"lazy\" decoding=\"async\" class=\"wp-image-3463 alignright\" src=\"https:\/\/rentwell.org\/wp-content\/uploads\/2023\/04\/OwlPencil-300x300.png\" alt=\"Owl Professor\" width=\"271\" height=\"271\" srcset=\"https:\/\/rentwell.org\/wp-content\/uploads\/2023\/04\/OwlPencil-300x300.png 300w, https:\/\/rentwell.org\/wp-content\/uploads\/2023\/04\/OwlPencil-150x150.png 150w, https:\/\/rentwell.org\/wp-content\/uploads\/2023\/04\/OwlPencil-12x12.png 12w, https:\/\/rentwell.org\/wp-content\/uploads\/2023\/04\/OwlPencil.png 466w\" sizes=\"auto, (max-width: 271px) 100vw, 271px\" \/><\/p>\n<ul>\n<li>Una extensa capacitaci\u00f3n en l\u00ednea de 20 horas sobre temas como barreras de vivienda, revisi\u00f3n de informes de antecedentes, ayuda a las personas a crear sus propias carteras de vivienda, comprensi\u00f3n profunda de los documentos de alquiler, conocimiento sobre el proceso de desalojo e informaci\u00f3n cr\u00edtica sobre las leyes locales entre propietarios e inquilinos. .<\/li>\n<li>Acceso a capacitaciones y materiales continuos relacionados con la ley de propietarios e inquilinos.<\/li>\n<li aria-level=\"3\">Una asociaci\u00f3n con <a href=\"http:\/\/www.pacificscreening.net\" target=\"_blank\" rel=\"noopener\">Proyecci\u00f3n del Pac\u00edfico<\/a>, una empresa local de investigaci\u00f3n de alquileres que proporciona a los instructores y estudiantes de Rent Well acceso a informes de antecedentes instant\u00e1neos y con costo.<\/li>\n<li aria-level=\"3\">Un plan de estudios alineado con los est\u00e1ndares del Programa de Garant\u00eda de Alquiler de Oreg\u00f3n.<\/li>\n<li aria-level=\"3\">La posibilidad de comprar materiales estudiantiles prefabricados directamente desde el programa Rent Well.<\/li>\n<\/ul>\n\n\t\t<\/div>\n\t<\/div>\n<div class=\"vc_empty_space\"   style=\"height: 32px\" ><span class=\"vc_empty_space_inner\"><\/span><\/div>\n<\/div><\/div><\/div><\/div><\/div><div class=\"fullwidth\" ><div class=\"vc_row wpb_row vc_row-fluid\"><div class=\"wpb_column vc_column_container vc_col-sm-12\"><div class=\"vc_column-inner\"><div class=\"wpb_wrapper\"><\/div><\/div><\/div><\/div><\/div>","protected":false},"excerpt":{"rendered":"How to Become A Rent Well Educator The Rent Well Program partners with nonprofits, publicly funded agencies, and governmental organizations with housing-focused mission statements. Through these partnerships, the Rent Well program trains these agencies' staff members to provide the curriculum and education at their own agency. These Community Agency Partners, or CAPs, can have staff [...]","protected":false},"author":4,"featured_media":0,"parent":123,"menu_order":0,"comment_status":"closed","ping_status":"closed","template":"","meta":{"footnotes":""},"class_list":["post-3482","page","type-page","status-publish","hentry"],"featured_image_src":null,"featured_image_src_square":null,"_links":{"self":[{"href":"https:\/\/rentwell.org\/es\/wp-json\/wp\/v2\/pages\/3482","targetHints":{"allow":["GET"]}}],"collection":[{"href":"https:\/\/rentwell.org\/es\/wp-json\/wp\/v2\/pages"}],"about":[{"href":"https:\/\/rentwell.org\/es\/wp-json\/wp\/v2\/types\/page"}],"author":[{"embeddable":true,"href":"https:\/\/rentwell.org\/es\/wp-json\/wp\/v2\/users\/4"}],"replies":[{"embeddable":true,"href":"https:\/\/rentwell.org\/es\/wp-json\/wp\/v2\/comments?post=3482"}],"version-history":[{"count":0,"href":"https:\/\/rentwell.org\/es\/wp-json\/wp\/v2\/pages\/3482\/revisions"}],"up":[{"embeddable":true,"href":"https:\/\/rentwell.org\/es\/wp-json\/wp\/v2\/pages\/123"}],"wp:attachment":[{"href":"https:\/\/rentwell.org\/es\/wp-json\/wp\/v2\/media?parent=3482"}],"curies":[{"name":"wp","href":"https:\/\/api.w.org\/{rel}","templated":true}]}}