{"id":3478,"date":"2023-04-28T23:48:11","date_gmt":"2023-04-28T23:48:11","guid":{"rendered":"https:\/\/rentwell.org\/?page_id=3478"},"modified":"2025-07-08T22:30:45","modified_gmt":"2025-07-08T22:30:45","slug":"app","status":"publish","type":"page","link":"https:\/\/rentwell.org\/es\/educators\/app\/","title":{"rendered":"Convi\u00e9rtete en PAC"},"content":{"rendered":"<div class=\"fullwidth\" ><div class=\"vc_row wpb_row vc_row-fluid\"><div class=\"wpb_column vc_column_container vc_col-sm-12\"><div class=\"vc_column-inner\"><div class=\"wpb_wrapper\"><\/div><\/div><\/div><\/div><\/div><div class=\"fullwidth\" ><div class=\"vc_row wpb_row vc_row-fluid\"><div class=\"wpb_column vc_column_container vc_col-sm-12\"><div class=\"vc_column-inner\"><div class=\"wpb_wrapper\">\t\t\t<div\n\t\t\t\tclass=\"darna-heading style1\" >\n\t\t\t\t\t\t\t\t\t<h2>Convertirse en un CAP<\/h2>\n\t\t\t\t\t\t\t\t\t\t\t<\/div>\n\t\t\t\n\t<div class=\"wpb_text_column wpb_content_element\" >\n\t\t<div class=\"wpb_wrapper\">\n\t\t\t<blockquote>\n<div>\n<div>\n<div>Si no vio su agencia en nuestro activo <a href=\"http:\/\/rentwell.org\/es\/caps\/\">lista de la PAC<\/a>, su agencia deber\u00e1 completar la solicitud CAP antes de que pueda registrarse para convertirse en instructor de Rent Well. Este proceso implica enviar informaci\u00f3n b\u00e1sica sobre su agencia, revisar y reconocer los t\u00e9rminos del acuerdo. Su solicitud se enviar\u00e1 al programa Rent Well para su revisi\u00f3n. Los requisitos m\u00ednimos para un CAP son ser una agencia gubernamental sin fines de lucro, financiada con fondos p\u00fablicos o centrada en viviendas ubicada en Oreg\u00f3n o Washington. Si se aprueba, recibir\u00e1 una factura por la tarifa \u00fanica de licencia de $200. Si su agencia no cumple con los requisitos m\u00ednimos para convertirse en CAP, se rechazar\u00e1 la solicitud y no recibir\u00e1 una factura.<\/div>\n<\/div>\n<\/div>\n<\/blockquote>\n\n\t\t<\/div>\n\t<\/div>\n<\/div><\/div><\/div><\/div><\/div><div class=\"container\" ><div class=\"vc_row wpb_row vc_row-fluid\"><div class=\"wpb_column vc_column_container vc_col-sm-12\"><div class=\"vc_column-inner\"><div class=\"wpb_wrapper\">\n\t<div class=\"wpb_text_column wpb_content_element\" >\n\t\t<div class=\"wpb_wrapper\">\n\t\t\t\n<div class=\"wpcf7 no-js\" id=\"wpcf7-f3625-o1\" lang=\"en-US\" dir=\"ltr\" data-wpcf7-id=\"3625\">\n<div class=\"screen-reader-response\"><p role=\"status\" aria-live=\"polite\" aria-atomic=\"true\"><\/p> <ul><\/ul><\/div>\n<form action=\"\/es\/wp-json\/wp\/v2\/pages\/3478#wpcf7-f3625-o1\" method=\"post\" class=\"wpcf7-form init\" aria-label=\"Formulario de contacto\" novalidate=\"novalidate\" data-status=\"init\" data-trp-original-action=\"\/es\/wp-json\/wp\/v2\/pages\/3478#wpcf7-f3625-o1\">\n<fieldset class=\"hidden-fields-container\"><input type=\"hidden\" name=\"_wpcf7\" value=\"3625\" \/><input type=\"hidden\" name=\"_wpcf7_version\" value=\"6.1.5\" \/><input type=\"hidden\" name=\"_wpcf7_locale\" value=\"en_US\" \/><input type=\"hidden\" name=\"_wpcf7_unit_tag\" value=\"wpcf7-f3625-o1\" \/><input type=\"hidden\" name=\"_wpcf7_container_post\" value=\"0\" \/><input type=\"hidden\" name=\"_wpcf7_posted_data_hash\" value=\"\" \/>\n<\/fieldset>\n<div class=\"cap-form\" id=\"form\">\n<\/div>\n<h1 class=\"text-center\">Informaci\u00f3n general de la agencia\n<\/h1>\n<div class=\"left wd-100\">\n\t<div class=\"left wd-50\">\n\t\t<p><label> Nombre de agencia:<br \/>\n<span class=\"wpcf7-form-control-wrap\" data-name=\"agency-name\"><input size=\"40\" maxlength=\"400\" class=\"wpcf7-form-control wpcf7-text wpcf7-validates-as-required\" aria-required=\"true\" aria-invalid=\"false\" value=\"\" type=\"text\" name=\"agency-name\" \/><\/span> <\/label>\n\t\t<\/p>\n\t<\/div>\n\t<div class=\"left wd-50\">\n\t\t<p><label> Sitio web de la agencia:<br \/>\n<span class=\"wpcf7-form-control-wrap\" data-name=\"website\"><input size=\"40\" maxlength=\"400\" class=\"wpcf7-form-control wpcf7-text wpcf7-validates-as-required\" aria-required=\"true\" aria-invalid=\"false\" value=\"\" type=\"text\" name=\"website\" \/><\/span> <\/label>\n\t\t<\/p>\n\t<\/div>\n<\/div>\n<div class=\"left wd-100\">\n\t<div class=\"left wd-50\">\n\t\t<p><label> Tama\u00f1o del personal:<br \/>\n<span class=\"wpcf7-form-control-wrap\" data-name=\"agency-size\"><input size=\"40\" maxlength=\"400\" class=\"wpcf7-form-control wpcf7-text wpcf7-validates-as-required\" aria-required=\"true\" aria-invalid=\"false\" value=\"\" type=\"text\" name=\"agency-size\" \/><\/span> <\/label>\n\t\t<\/p>\n\t<\/div>\n\t<div class=\"left wd-50\">\n\t\t<p><label> A\u00f1o de fundaci\u00f3n de la agencia:<br \/>\n<span class=\"wpcf7-form-control-wrap\" data-name=\"agency-founded\"><input size=\"40\" maxlength=\"400\" class=\"wpcf7-form-control wpcf7-text wpcf7-validates-as-required\" aria-required=\"true\" aria-invalid=\"false\" value=\"\" type=\"text\" name=\"agency-founded\" \/><\/span> <\/label>\n\t\t<\/p>\n\t<\/div>\n<\/div>\n<div class=\"left wd-100\">\n\t<p><label> Tipo de agencia:<\/label><br \/>\n<span class=\"wpcf7-form-control-wrap\" data-name=\"radio-agency-type\"><span class=\"wpcf7-form-control wpcf7-radio\"><span class=\"wpcf7-list-item first\"><label><input type=\"radio\" name=\"radio-agency-type\" value=\"Registered Nonprofit\" \/><span class=\"wpcf7-list-item-label\">Organizaci\u00f3n sin fines de lucro registrada<\/span><\/label><\/span><span class=\"wpcf7-list-item\"><label><input type=\"radio\" name=\"radio-agency-type\" value=\"Publicly Funded Agency\" \/><span class=\"wpcf7-list-item-label\">Agencia financiada con fondos p\u00fablicos<\/span><\/label><\/span><span class=\"wpcf7-list-item last\"><label><input type=\"radio\" name=\"radio-agency-type\" value=\"Governmental Housing Provider\" \/><span class=\"wpcf7-list-item-label\">Proveedor de vivienda gubernamental<\/span><\/label><\/span><\/span><\/span>\n\t<\/p>\n<\/div>\n<div class=\"left wd-50\">\n\t<p><label> N\u00famero de tel\u00e9fono principal de la agencia:<br \/>\n<span class=\"wpcf7-form-control-wrap\" data-name=\"mainphone\"><input size=\"40\" maxlength=\"400\" class=\"wpcf7-form-control wpcf7-text wpcf7-validates-as-required\" aria-required=\"true\" aria-invalid=\"false\" value=\"\" type=\"text\" name=\"mainphone\" \/><\/span> <\/label>\n\t<\/p>\n<\/div>\n<div class=\"left wd-50\">\n\t<p><label> Direcci\u00f3n de la agencia principal:<br \/>\n<span class=\"wpcf7-form-control-wrap\" data-name=\"address\"><input size=\"40\" maxlength=\"400\" class=\"wpcf7-form-control wpcf7-text wpcf7-validates-as-required\" aria-required=\"true\" aria-invalid=\"false\" value=\"\" type=\"text\" name=\"address\" \/><\/span> <\/label>\n\t<\/p>\n<\/div>\n<div class=\"left wd-50\">\n\t<p><label> Ciudad:<br \/>\n<span class=\"wpcf7-form-control-wrap\" data-name=\"city\"><input size=\"40\" maxlength=\"400\" class=\"wpcf7-form-control wpcf7-text wpcf7-validates-as-required\" aria-required=\"true\" aria-invalid=\"false\" value=\"\" type=\"text\" name=\"city\" \/><\/span> <\/label>\n\t<\/p>\n<\/div>\n<div class=\"left wd-50\">\n\t<p><label> Estado:<br \/>\n<span class=\"wpcf7-form-control-wrap\" data-name=\"state\"><input size=\"40\" maxlength=\"400\" class=\"wpcf7-form-control wpcf7-text wpcf7-validates-as-required\" aria-required=\"true\" aria-invalid=\"false\" value=\"\" type=\"text\" name=\"state\" \/><\/span> <\/label>\n\t<\/p>\n<\/div>\n<div class=\"left wd-50\">\n\t<p><label> Cremallera:<br \/>\n<span class=\"wpcf7-form-control-wrap\" data-name=\"zip\"><input size=\"40\" maxlength=\"400\" class=\"wpcf7-form-control wpcf7-text wpcf7-validates-as-required\" aria-required=\"true\" aria-invalid=\"false\" value=\"\" type=\"text\" name=\"zip\" \/><\/span> <\/label>\n\t<\/p>\n<\/div>\n<div class=\"left wd-50\">\n\t<p><label> Condado\/Condados atendidos:<br \/>\n<span class=\"wpcf7-form-control-wrap\" data-name=\"county\"><input size=\"40\" maxlength=\"400\" class=\"wpcf7-form-control wpcf7-text wpcf7-validates-as-required\" aria-required=\"true\" aria-invalid=\"false\" value=\"\" type=\"text\" name=\"county\" \/><\/span> <\/label>\n\t<\/p>\n<\/div>\n<div class=\"left wd-50\">\n\t<p><label> Nombre y cargo del director ejecutivo:<br \/>\n<span class=\"wpcf7-form-control-wrap\" data-name=\"title\"><input size=\"40\" maxlength=\"400\" class=\"wpcf7-form-control wpcf7-text wpcf7-validates-as-required\" aria-required=\"true\" aria-invalid=\"false\" value=\"\" type=\"text\" name=\"title\" \/><\/span> <\/label>\n\t<\/p>\n<\/div>\n<div class=\"left wd-50\">\n\t<p><label> Correo electr\u00f3nico del director ejecutivo:<br \/>\n<span class=\"wpcf7-form-control-wrap\" data-name=\"director-email\"><input size=\"40\" maxlength=\"400\" class=\"wpcf7-form-control wpcf7-text wpcf7-validates-as-required\" aria-required=\"true\" aria-invalid=\"false\" value=\"\" type=\"text\" name=\"director-email\" \/><\/span> <\/label>\n\t<\/p>\n<\/div>\n<div class=\"left wd-50\">\n\t<p><label>Poblaciones atendidas:<br \/>\n<span class=\"wpcf7-form-control-wrap\" data-name=\"served\"><input size=\"40\" maxlength=\"400\" class=\"wpcf7-form-control wpcf7-text wpcf7-validates-as-required\" aria-required=\"true\" aria-invalid=\"false\" value=\"\" type=\"text\" name=\"served\" \/><\/span> <\/label>\n\t<\/p>\n<\/div>\n<div class=\"left wd-50\">\n\t<p><label>\u00bfSu agencia ofrece servicios culturalmente espec\u00edficos?<br \/>\n<span class=\"wpcf7-form-control-wrap\" data-name=\"culturally-specific\"><input size=\"40\" maxlength=\"400\" class=\"wpcf7-form-control wpcf7-text wpcf7-validates-as-required\" aria-required=\"true\" aria-invalid=\"false\" value=\"\" type=\"text\" name=\"culturally-specific\" \/><\/span> <\/label>\n\t<\/p>\n<\/div>\n<div class=\"left wd-50\">\n\t<p><label>Declaraci\u00f3n de misi\u00f3n:<br \/>\n<span class=\"wpcf7-form-control-wrap\" data-name=\"mission\"><textarea cols=\"40\" rows=\"10\" maxlength=\"2000\" class=\"wpcf7-form-control wpcf7-textarea wpcf7-validates-as-required\" aria-required=\"true\" aria-invalid=\"false\" name=\"mission\"><\/textarea><\/span> <\/label>\n\t<\/p>\n<\/div>\n<div class=\"left wd-50\">\n\t<p><label>\u00bfC\u00f3mo se alinear\u00e1 la utilizaci\u00f3n del plan de estudios Rent Well con la misi\u00f3n de su agencia?<br \/>\n<span class=\"wpcf7-form-control-wrap\" data-name=\"answer\"><textarea cols=\"40\" rows=\"10\" maxlength=\"2000\" class=\"wpcf7-form-control wpcf7-textarea wpcf7-validates-as-required\" aria-required=\"true\" aria-invalid=\"false\" name=\"answer\"><\/textarea><\/span> <\/label>\n\t<\/p>\n<\/div>\n<div class=\"left wd-100\">\n\t<p><label>\u00bfSu agencia planea organizar clases p\u00fablicas o privadas?<\/label><br \/>\n<span class=\"wpcf7-form-control-wrap\" data-name=\"menu-classtype\"><select class=\"wpcf7-form-control wpcf7-select wpcf7-validates-as-required\" aria-required=\"true\" aria-invalid=\"false\" name=\"menu-classtype\"><option value=\"Public (open to the general public)\">P\u00fablico (abierto al p\u00fablico en general)<\/option><option value=\"Private (only for agency participants)\">Privado (s\u00f3lo para participantes de la agencia)<\/option><option value=\"Both Public &amp; Private\">Tanto p\u00fablico como privado<\/option><option value=\"Undecided\">Indeciso<\/option><\/select><\/span>\n\t<\/p>\n<\/div>\n<div class=\"left wd-100\">\n<\/div>\n<div>\n<\/div>\n<h1 class=\"text-center\">tu informaci\u00f3n de contacto\n<\/h1>\n<div class=\"left wd-100\">\n\t<div class=\"left wd-50\">\n\t\t<p><label> Nombre completo:<br \/>\n<span class=\"wpcf7-form-control-wrap\" data-name=\"full-name\"><input size=\"40\" maxlength=\"400\" class=\"wpcf7-form-control wpcf7-text wpcf7-validates-as-required\" aria-required=\"true\" aria-invalid=\"false\" value=\"\" type=\"text\" name=\"full-name\" \/><\/span> <\/label>\n\t\t<\/p>\n\t<\/div>\n\t<div class=\"left wd-50\">\n\t\t<p><label> T\u00edtulo profesional:<br \/>\n<span class=\"wpcf7-form-control-wrap\" data-name=\"job-title\"><input size=\"40\" maxlength=\"400\" class=\"wpcf7-form-control wpcf7-text wpcf7-validates-as-required\" aria-required=\"true\" aria-invalid=\"false\" value=\"\" type=\"text\" name=\"job-title\" \/><\/span> <\/label>\n\t\t<\/p>\n\t<\/div>\n\t<div class=\"left wd-50\">\n\t\t<p><label> N\u00famero de tel\u00e9fono del trabajo:<br \/>\n<span class=\"wpcf7-form-control-wrap\" data-name=\"your-number\"><input size=\"40\" maxlength=\"400\" class=\"wpcf7-form-control wpcf7-text wpcf7-validates-as-required\" aria-required=\"true\" aria-invalid=\"false\" value=\"\" type=\"text\" name=\"your-number\" \/><\/span> <\/label>\n\t\t<\/p>\n\t<\/div>\n\t<div class=\"left wd-50\">\n\t\t<p><label> Correo electr\u00f3nico del trabajo:<br \/>\n<span class=\"wpcf7-form-control-wrap\" data-name=\"your-email\"><input size=\"40\" maxlength=\"400\" class=\"wpcf7-form-control wpcf7-email wpcf7-validates-as-required wpcf7-text wpcf7-validates-as-email\" aria-required=\"true\" aria-invalid=\"false\" value=\"\" type=\"email\" name=\"your-email\" \/><\/span> <\/label>\n\t\t<\/p>\n\t<\/div>\n\t<div>\n\t<\/div>\n\t<h1 class=\"text-center\">Informaci\u00f3n de contacto de enlace\n\t<\/h1>\n<\/div>\n<div class=\"left wd-100\">\n\t<p>El enlace designado actuar\u00e1 como el principal punto de contacto de su agencia para el programa Rent Well. El enlace es responsable de mantener los datos de los estudiantes registrados correctamente y mantener una lista de los instructores activos de su agencia.\n\t<\/p>\n<\/div>\n<div class=\"left wd-100\">\n\t<p><label> \u00bfActuar\u00e1 como enlace de su agencia? De lo contrario, proporcione su informaci\u00f3n de contacto a continuaci\u00f3n.<\/label><br \/>\n<span class=\"wpcf7-form-control-wrap\" data-name=\"radio-acting-liaison\"><span class=\"wpcf7-form-control wpcf7-radio\"><span class=\"wpcf7-list-item first\"><label><input type=\"radio\" name=\"radio-acting-liaison\" value=\"Yes\" \/><span class=\"wpcf7-list-item-label\">s\u00ed<\/span><\/label><\/span><span class=\"wpcf7-list-item last\"><label><input type=\"radio\" name=\"radio-acting-liaison\" value=\"No\" \/><span class=\"wpcf7-list-item-label\">No<\/span><\/label><\/span><\/span><\/span>\n\t<\/p>\n<\/div>\n<div class=\"left wd-50\">\n\t<p><label>Nombre del enlace:<br \/>\n<span class=\"wpcf7-form-control-wrap\" data-name=\"liaison-name\"><input size=\"40\" maxlength=\"400\" class=\"wpcf7-form-control wpcf7-text\" aria-invalid=\"false\" value=\"\" type=\"text\" name=\"liaison-name\" \/><\/span> <\/label>\n\t<\/p>\n<\/div>\n<div class=\"left wd-50\">\n\t<p><label>T\u00edtulo del enlace:<br \/>\n<span class=\"wpcf7-form-control-wrap\" data-name=\"liaison-title\"><input size=\"40\" maxlength=\"400\" class=\"wpcf7-form-control wpcf7-text\" aria-invalid=\"false\" value=\"\" type=\"text\" name=\"liaison-title\" \/><\/span> <\/label>\n\t<\/p>\n<\/div>\n<div class=\"left wd-50\">\n\t<p><label>N\u00famero de tel\u00e9fono:<br \/>\n<span class=\"wpcf7-form-control-wrap\" data-name=\"Liaison-number\"><input size=\"40\" maxlength=\"400\" class=\"wpcf7-form-control wpcf7-text\" aria-invalid=\"false\" value=\"\" type=\"text\" name=\"Liaison-number\" \/><\/span> <\/label>\n\t<\/p>\n<\/div>\n<div class=\"left wd-50\">\n\t<p><label>Correo electr\u00f3nico del enlace:<br \/>\n<span class=\"wpcf7-form-control-wrap\" data-name=\"Liaison-email\"><input size=\"40\" maxlength=\"400\" class=\"wpcf7-form-control wpcf7-text\" aria-invalid=\"false\" value=\"\" type=\"text\" name=\"Liaison-email\" \/><\/span> <\/label>\n\t<\/p>\n<\/div>\n<div>\n<\/div>\n<h1 class=\"text-center\">Educaci\u00f3n para inquilinos Informaci\u00f3n sobre evaluaci\u00f3n del alquiler\n<\/h1>\n<div class=\"wd-100\">\n\t<p>Gracias a nuestra asociaci\u00f3n con Pacific Screening, los instructores de las agencias CAP pueden tener la capacidad de realizar evaluaciones de inquilinos para sus estudiantes, que incluyen antecedentes crediticios, penales y de desalojo. Los estudiantes pueden tener una copia de su informe de evaluaci\u00f3n para ver lo que podr\u00eda ver el propietario. Los informes solo deben usarse con fines educativos para asesorar a los estudiantes sobre c\u00f3mo defenderse mejor cuando solicitan vivienda. Tenga en cuenta que a su agencia se le facturar\u00e1 $16\/informe. NO hay tarifa de instalaci\u00f3n por tener una cuenta de usuario. Una vez abierta la cuenta, a su agencia se le factura mensualmente solo por las pantallas que se realizan durante ese mes. Las agencias tambi\u00e9n pueden transferir el costo parcial o total a sus estudiantes si su agencia no puede cubrir el costo; los estudiantes pagar\u00edan a la agencia directamente y la agencia pagar\u00eda la factura mensual.\n\t<\/p>\n<\/div>\n<div class=\"wd-100\">\n\t<p><label> Por favor h\u00e1ganos saber si:<\/label><br \/>\n<span class=\"wpcf7-form-control-wrap\" data-name=\"radio-PSI\"><span class=\"wpcf7-form-control wpcf7-radio\"><span class=\"wpcf7-list-item first\"><label><input type=\"radio\" name=\"radio-PSI\" value=\"Your instructors will need access to Pacific Screening accounts\" \/><span class=\"wpcf7-list-item-label\">Sus instructores necesitar\u00e1n acceso a las cuentas de Pacific Screening<\/span><\/label><\/span><span class=\"wpcf7-list-item last\"><label><input type=\"radio\" name=\"radio-PSI\" value=\"Your agency gets full rental reports through another agency\" \/><span class=\"wpcf7-list-item-label\">Su agencia recibe informes completos de alquiler a trav\u00e9s de otra agencia<\/span><\/label><\/span><\/span><\/span>\n\t<\/p>\n<\/div>\n<div class=\"left wd-50\">\n\t<p><label>Nombre del contacto de facturaci\u00f3n:<br \/>\n<span class=\"wpcf7-form-control-wrap\" data-name=\"billing-name\"><input size=\"40\" maxlength=\"400\" class=\"wpcf7-form-control wpcf7-text wpcf7-validates-as-required\" aria-required=\"true\" aria-invalid=\"false\" value=\"\" type=\"text\" name=\"billing-name\" \/><\/span> <\/label>\n\t<\/p>\n<\/div>\n<div class=\"left wd-50\">\n\t<p><label>Correo electr\u00f3nico del contacto de facturaci\u00f3n:<br \/>\n<span class=\"wpcf7-form-control-wrap\" data-name=\"billing-email\"><input size=\"40\" maxlength=\"400\" class=\"wpcf7-form-control wpcf7-text wpcf7-validates-as-required\" aria-required=\"true\" aria-invalid=\"false\" value=\"\" type=\"text\" name=\"billing-email\" \/><\/span> <\/label>\n\t<\/p>\n<\/div>\n<div class=\"left wd-50\">\n\t<p><label>N\u00famero de tel\u00e9fono del contacto de facturaci\u00f3n:<br \/>\n<span class=\"wpcf7-form-control-wrap\" data-name=\"billing-number\"><input size=\"40\" maxlength=\"400\" class=\"wpcf7-form-control wpcf7-text wpcf7-validates-as-required\" aria-required=\"true\" aria-invalid=\"false\" value=\"\" type=\"text\" name=\"billing-number\" \/><\/span> <\/label>\n\t<\/p>\n<\/div>\n<div class=\"left wd-50\">\n\t<p><label>Direcci\u00f3n de facturaci\u00f3n (deje en blanco si es la misma que la direcci\u00f3n de la agencia):<br \/>\n<span class=\"wpcf7-form-control-wrap\" data-name=\"billing-address\"><input size=\"40\" maxlength=\"400\" class=\"wpcf7-form-control wpcf7-text\" aria-invalid=\"false\" value=\"\" type=\"text\" name=\"billing-address\" \/><\/span> <\/label>\n\t<\/p>\n<\/div>\n<div class=\"wd-100\">\n\t<p><span class=\"wpcf7-form-control-wrap\" data-name=\"acceptance-545\"><span class=\"wpcf7-form-control wpcf7-acceptance\"><span class=\"wpcf7-list-item\"><input type=\"checkbox\" name=\"acceptance-545\" value=\"1\" aria-invalid=\"false\" \/><\/span><\/span><\/span> \n\t<\/p>\n<\/div>\n<p>Reconozco que he le\u00eddo y comprendido toda la informaci\u00f3n proporcionada en los t\u00e9rminos de servicio y, al enviar esta solicitud, en nombre de mi agencia, acepto los t\u00e9rminos de servicio y las pol\u00edticas y procedimientos que se describen.\n<\/p>\n<div class=\"wd-100 left\">\n\t<div id=\"cf7sr-69e8a79666514\" class=\"cf7sr-g-recaptcha\" data-theme=\"light\" data-type=\"image\" data-size=\"normal\" data-sitekey=\"6LdKT5UbAAAAAGZjvOXFuNwBoBIzrWM7ONlKFU_c\"><\/div><span class=\"wpcf7-form-control-wrap cf7sr-recaptcha\" data-name=\"cf7sr-recaptcha\"><input type=\"hidden\" name=\"cf7sr-recaptcha\" value=\"\" class=\"wpcf7-form-control\"><\/span><br \/>\n<input class=\"wpcf7-form-control wpcf7-submit has-spinner\" type=\"submit\" value=\"Enviar\" \/>\n\t<\/p>\n<\/div>\n<p style=\"display: none !important;\" class=\"akismet-fields-container\" data-prefix=\"_wpcf7_ak_\"><label>\u0394<textarea name=\"_wpcf7_ak_hp_textarea\" cols=\"45\" rows=\"8\" maxlength=\"100\"><\/textarea><\/label><input type=\"hidden\" id=\"ak_js_1\" name=\"_wpcf7_ak_js\" value=\"74\"\/><script>document.getElementById( \"ak_js_1\" ).setAttribute( \"value\", ( new Date() ).getTime() );<\/script><\/p><input type='hidden' class='wpcf7-pum' value='{\"closepopup\":false,\"closedelay\":0,\"openpopup\":false,\"openpopup_id\":0}' \/><div class=\"wpcf7-response-output\" aria-hidden=\"true\"><\/div>\n<input type=\"hidden\" name=\"trp-form-language\" value=\"es\"\/><\/form>\n<\/div>\n\n\n\t\t<\/div>\n\t<\/div>\n<\/div><\/div><\/div><\/div><\/div><div class=\"fullwidth\" ><div class=\"vc_row wpb_row vc_row-fluid\"><div class=\"wpb_column vc_column_container vc_col-sm-12\"><div class=\"vc_column-inner\"><div class=\"wpb_wrapper\"><div class=\"vc_empty_space\"   style=\"height: 32px\" ><span class=\"vc_empty_space_inner\"><\/span><\/div>\n<\/div><\/div><\/div><\/div><\/div><div class=\"fullwidth\" ><div class=\"vc_row wpb_row vc_row-fluid\"><div class=\"wpb_column vc_column_container vc_col-sm-12\"><div class=\"vc_column-inner\"><div class=\"wpb_wrapper\">\n\t<div class=\"wpb_text_column wpb_content_element\" >\n\t\t<div class=\"wpb_wrapper\">\n\t\t\t\n\t\t<\/div>\n\t<\/div>\n<\/div><\/div><\/div><\/div><\/div><div class=\"fullwidth\" ><div class=\"vc_row wpb_row vc_row-fluid\"><div class=\"wpb_column vc_column_container vc_col-sm-12\"><div class=\"vc_column-inner\"><div class=\"wpb_wrapper\">\n\t<div class=\"wpb_text_column wpb_content_element\" >\n\t\t<div class=\"wpb_wrapper\">\n\t\t\t\n\t\t<\/div>\n\t<\/div>\n<\/div><\/div><\/div><\/div><\/div><div class=\"fullwidth\" ><div class=\"vc_row wpb_row vc_row-fluid\"><div class=\"wpb_column vc_column_container vc_col-sm-12\"><div class=\"vc_column-inner\"><div class=\"wpb_wrapper\">\n\t<div class=\"wpb_text_column wpb_content_element\" >\n\t\t<div class=\"wpb_wrapper\">\n\t\t\t\n\t\t<\/div>\n\t<\/div>\n<\/div><\/div><\/div><\/div><\/div>","protected":false},"excerpt":{"rendered":"Becoming a CAP If you did not see your agency on our active CAP list, your agency will need to complete the CAP application before you can register to become a Rent Well instructor. This process involves submitting some basic information about your agency, reviewing and acknowledging the terms of the agreement. Your application will [...]","protected":false},"author":6,"featured_media":0,"parent":123,"menu_order":0,"comment_status":"closed","ping_status":"closed","template":"","meta":{"footnotes":""},"class_list":["post-3478","page","type-page","status-publish","hentry"],"featured_image_src":null,"featured_image_src_square":null,"_links":{"self":[{"href":"https:\/\/rentwell.org\/es\/wp-json\/wp\/v2\/pages\/3478","targetHints":{"allow":["GET"]}}],"collection":[{"href":"https:\/\/rentwell.org\/es\/wp-json\/wp\/v2\/pages"}],"about":[{"href":"https:\/\/rentwell.org\/es\/wp-json\/wp\/v2\/types\/page"}],"author":[{"embeddable":true,"href":"https:\/\/rentwell.org\/es\/wp-json\/wp\/v2\/users\/6"}],"replies":[{"embeddable":true,"href":"https:\/\/rentwell.org\/es\/wp-json\/wp\/v2\/comments?post=3478"}],"version-history":[{"count":0,"href":"https:\/\/rentwell.org\/es\/wp-json\/wp\/v2\/pages\/3478\/revisions"}],"up":[{"embeddable":true,"href":"https:\/\/rentwell.org\/es\/wp-json\/wp\/v2\/pages\/123"}],"wp:attachment":[{"href":"https:\/\/rentwell.org\/es\/wp-json\/wp\/v2\/media?parent=3478"}],"curies":[{"name":"wp","href":"https:\/\/api.w.org\/{rel}","templated":true}]}}