{"id":3473,"date":"2023-04-28T23:18:09","date_gmt":"2023-04-28T23:18:09","guid":{"rendered":"https:\/\/rentwell.org\/?page_id=3473"},"modified":"2023-04-28T23:26:37","modified_gmt":"2023-04-28T23:26:37","slug":"eligibility","status":"publish","type":"page","link":"https:\/\/rentwell.org\/es\/landlords\/eligibility\/","title":{"rendered":"Formulario de elegibilidad del inquilino"},"content":{"rendered":"<div class=\"fullwidth\" ><div class=\"vc_row wpb_row vc_row-fluid\"><div class=\"wpb_column vc_column_container vc_col-sm-12\"><div class=\"vc_column-inner\"><div class=\"wpb_wrapper\">\t\t\t<div\n\t\t\t\tclass=\"darna-heading style1\" >\n\t\t\t\t\t\t\t\t\t<h2>Confirmaci\u00f3n de la elegibilidad de un inquilino<\/h2>\n\t\t\t\t\t\t\t\t\t\t\t<\/div>\n\t\t\t\n\t<div class=\"wpb_text_column wpb_content_element\" >\n\t\t<div class=\"wpb_wrapper\">\n\t\t\t<p>Si actualmente est\u00e1 evaluando o trabajando con una persona que le present\u00f3 un certificado de graduaci\u00f3n de Rent Well, puede comunicarse con nosotros utilizando el formulario a continuaci\u00f3n para verificar la autenticidad de su certificado, la elegibilidad de la persona para acceder a la garant\u00eda y el disponibilidad de financiaci\u00f3n. Una vez que se reciba esta informaci\u00f3n, recibir\u00e1 un correo electr\u00f3nico de vuelta dentro de uno o dos d\u00edas h\u00e1biles.<\/p>\n\n\t\t<\/div>\n\t<\/div>\n\n<div class=\"wpcf7 no-js\" id=\"wpcf7-f1134-o1\" lang=\"en-US\" dir=\"ltr\" data-wpcf7-id=\"1134\">\n<div class=\"screen-reader-response\"><p role=\"status\" aria-live=\"polite\" aria-atomic=\"true\"><\/p> <ul><\/ul><\/div>\n<form action=\"\/es\/wp-json\/wp\/v2\/pages\/3473#wpcf7-f1134-o1\" method=\"post\" class=\"wpcf7-form init\" aria-label=\"Formulario de contacto\" novalidate=\"novalidate\" data-status=\"init\" data-trp-original-action=\"\/es\/wp-json\/wp\/v2\/pages\/3473#wpcf7-f1134-o1\">\n<fieldset class=\"hidden-fields-container\"><input type=\"hidden\" name=\"_wpcf7\" value=\"1134\" \/><input type=\"hidden\" name=\"_wpcf7_version\" value=\"6.1.5\" \/><input type=\"hidden\" name=\"_wpcf7_locale\" value=\"en_US\" \/><input type=\"hidden\" name=\"_wpcf7_unit_tag\" value=\"wpcf7-f1134-o1\" \/><input type=\"hidden\" name=\"_wpcf7_container_post\" value=\"0\" \/><input type=\"hidden\" name=\"_wpcf7_posted_data_hash\" value=\"\" \/>\n<\/fieldset>\n<div class=\"cap-form\" id=\"form\">\n\t<h1 class=\"text-center\">Informaci\u00f3n de posgrado\n\t<\/h1>\n\t<div class=\"left wd-100\">\n\t\t<div class=\"left wd-100\">\n\t\t\t<p><label> Nombre del inquilino (s):<br \/>\n<span class=\"wpcf7-form-control-wrap\" data-name=\"t-names\"><input size=\"40\" maxlength=\"400\" class=\"wpcf7-form-control wpcf7-text wpcf7-validates-as-required\" aria-required=\"true\" aria-invalid=\"false\" value=\"\" type=\"text\" name=\"t-names\" \/><\/span> <\/label>\n\t\t\t<\/p>\n\t\t<\/div>\n\t\t<div class=\"left wd-50\">\n\t\t\t<p><label> N\u00famero de identificaci\u00f3n del certificado (si est\u00e1 disponible):<br \/>\n<span class=\"wpcf7-form-control-wrap\" data-name=\"t-certid\"><input size=\"40\" maxlength=\"400\" class=\"wpcf7-form-control wpcf7-text wpcf7-validates-as-required\" aria-required=\"true\" aria-invalid=\"false\" value=\"\" type=\"text\" name=\"t-certid\" \/><\/span> <\/label>\n\t\t\t<\/p>\n\t\t<\/div>\n\t\t<div class=\"left wd-50\">\n\t\t\t<p><label> Agencia o condado donde se emiti\u00f3 el certificado:<br \/>\n<span class=\"wpcf7-form-control-wrap\" data-name=\"t-agency\"><input size=\"40\" maxlength=\"400\" class=\"wpcf7-form-control wpcf7-text wpcf7-validates-as-required\" aria-required=\"true\" aria-invalid=\"false\" value=\"\" type=\"text\" name=\"t-agency\" \/><\/span> <\/label>\n\t\t\t<\/p>\n\t\t<\/div>\n\t\t<div class=\"left wd-100\">\n\t\t\t<p><b> \u00bfD\u00f3nde se encuentra en el proceso de alquiler?<\/b><br \/>\n<span class=\"wpcf7-form-control-wrap\" data-name=\"menu-315\"><select class=\"wpcf7-form-control wpcf7-select wpcf7-validates-as-required\" aria-required=\"true\" aria-invalid=\"false\" name=\"menu-315\"><option value=\"\">-Por favor, elija una opci\u00f3n-<\/option><option value=\"The graduate has put in an application, but hasn&#039;t been screened yet\">El graduado ha presentado una solicitud, pero a\u00fan no se ha evaluado.<\/option><option value=\"The graduate is currently being screened\">El graduado est\u00e1 siendo evaluado actualmente.<\/option><option value=\"The graduate has been screened and are waiting on this information before an approval or denial result\">El graduado ha sido evaluado y est\u00e1 esperando esta informaci\u00f3n antes de un resultado de aprobaci\u00f3n o denegaci\u00f3n.<\/option><option value=\"The graduate has been screened and accepted into  the unit, but haven&#039;t move it yet\">El graduado ha sido evaluado y aceptado en la unidad, pero a\u00fan no lo ha movido<\/option><option value=\"The graduate has moved into the unit within the last 30 days\">El graduado se ha mudado a la unidad en los \u00faltimos 30 d\u00edas.<\/option><option value=\"The graduate has been living in the unit for more than 30 days\">El egresado vive en la unidad desde hace m\u00e1s de 30 d\u00edas.<\/option><\/select><\/span>\n\t\t\t<\/p>\n\t\t\t<div class=\"cap-form\" id=\"form\">\n\t\t\t\t<h1 class=\"text-center\">Informaci\u00f3n del proveedor de vivienda\n\t\t\t\t<\/h1>\n\t\t\t\t<div class=\"left wd-100\">\n\t\t\t\t\t<div class=\"left wd-100\">\n\t\t\t\t\t\t<p><label> Nombre de la propiedad:<br \/>\n<span class=\"wpcf7-form-control-wrap\" data-name=\"property-name\"><input size=\"40\" maxlength=\"400\" class=\"wpcf7-form-control wpcf7-text wpcf7-validates-as-required\" aria-required=\"true\" aria-invalid=\"false\" value=\"\" type=\"text\" name=\"property-name\" \/><\/span> <\/label>\n\t\t\t\t\t\t<\/p>\n\t\t\t\t\t<\/div>\n\t\t\t\t\t<div class=\"left wd-100\">\n\t\t\t\t\t\t<p><label> Direcci\u00f3n:<br \/>\n<span class=\"wpcf7-form-control-wrap\" data-name=\"ll-address\"><input size=\"40\" maxlength=\"400\" class=\"wpcf7-form-control wpcf7-text wpcf7-validates-as-required\" aria-required=\"true\" aria-invalid=\"false\" value=\"\" type=\"text\" name=\"ll-address\" \/><\/span> <\/label>\n\t\t\t\t\t\t<\/p>\n\t\t\t\t\t<\/div>\n\t\t\t\t\t<div class=\"left wd-50\">\n\t\t\t\t\t\t<p><label> N\u00famero de tel\u00e9fono:<br \/>\n<span class=\"wpcf7-form-control-wrap\" data-name=\"ll-telephone\"><input size=\"40\" maxlength=\"400\" class=\"wpcf7-form-control wpcf7-text wpcf7-validates-as-required\" aria-required=\"true\" aria-invalid=\"false\" value=\"\" type=\"text\" name=\"ll-telephone\" \/><\/span> <\/label>\n\t\t\t\t\t\t<\/p>\n\t\t\t\t\t<\/div>\n\t\t\t\t\t<div class=\"left wd-50\">\n\t\t\t\t\t\t<p><label> Tu nombre:<br \/>\n<span class=\"wpcf7-form-control-wrap\" data-name=\"your-name\"><input size=\"40\" maxlength=\"400\" class=\"wpcf7-form-control wpcf7-text wpcf7-validates-as-required\" aria-required=\"true\" aria-invalid=\"false\" value=\"\" type=\"text\" name=\"your-name\" \/><\/span> <\/label>\n\t\t\t\t\t\t<\/p>\n\t\t\t\t\t<\/div>\n\t\t\t\t\t<div class=\"left wd-100\">\n\t\t\t\t\t\t<p><label> Mejor correo electr\u00f3nico para contactarlo:<br \/>\n<span class=\"wpcf7-form-control-wrap\" data-name=\"email\"><input size=\"40\" maxlength=\"400\" class=\"wpcf7-form-control wpcf7-text wpcf7-validates-as-required\" aria-required=\"true\" aria-invalid=\"false\" value=\"\" type=\"text\" name=\"email\" \/><\/span> <\/label>\n\t\t\t\t\t\t<\/p>\n\t\t\t\t\t<\/div>\n\t\t\t\t\t<div class=\"wd-100 left\">\n\t\t\t\t\t\t<div id=\"cf7sr-69e136b37df56\" class=\"cf7sr-g-recaptcha\" data-theme=\"light\" data-type=\"image\" data-size=\"normal\" data-sitekey=\"6LdKT5UbAAAAAGZjvOXFuNwBoBIzrWM7ONlKFU_c\"><\/div><span class=\"wpcf7-form-control-wrap cf7sr-recaptcha\" data-name=\"cf7sr-recaptcha\"><input type=\"hidden\" name=\"cf7sr-recaptcha\" value=\"\" class=\"wpcf7-form-control\"><\/span><br \/>\n<input class=\"wpcf7-form-control wpcf7-submit has-spinner\" type=\"submit\" value=\"Enviar\" \/>\n\t\t\t\t\t\t<\/p>\n\t\t\t\t\t<\/div>\n\t\t\t\t<\/div>\n\t\t\t<\/div>\n\t\t<\/div>\n\t<\/div>\n<\/div><p style=\"display: none !important;\" class=\"akismet-fields-container\" data-prefix=\"_wpcf7_ak_\"><label>\u0394<textarea name=\"_wpcf7_ak_hp_textarea\" cols=\"45\" rows=\"8\" maxlength=\"100\"><\/textarea><\/label><input type=\"hidden\" id=\"ak_js_1\" name=\"_wpcf7_ak_js\" value=\"178\"\/><script>document.getElementById( \"ak_js_1\" ).setAttribute( \"value\", ( new Date() ).getTime() );<\/script><\/p><input type='hidden' class='wpcf7-pum' value='{\"closepopup\":false,\"closedelay\":0,\"openpopup\":false,\"openpopup_id\":0}' \/><div class=\"wpcf7-response-output\" aria-hidden=\"true\"><\/div>\n<input type=\"hidden\" name=\"trp-form-language\" value=\"es\"\/><\/form>\n<\/div>\n<div class=\"vc_empty_space\"   style=\"height: 72px\" ><span class=\"vc_empty_space_inner\"><\/span><\/div>\n<div class=\"vc_empty_space\"   style=\"height: 32px\" ><span class=\"vc_empty_space_inner\"><\/span><\/div>\n<\/div><\/div><\/div><\/div><\/div>","protected":false},"excerpt":{"rendered":"Confirming A Tenant's Eligibility If you are currently screening or working with an individual who presented you with a Rent Well graduation certificate, you can reach out to us using the form below to verify the authenticity of their certificate, the eligibility of the individual to access the guarantee, and the availability of funding. Once [...]","protected":false},"author":6,"featured_media":0,"parent":927,"menu_order":0,"comment_status":"closed","ping_status":"closed","template":"","meta":{"footnotes":""},"class_list":["post-3473","page","type-page","status-publish","hentry"],"featured_image_src":null,"featured_image_src_square":null,"_links":{"self":[{"href":"https:\/\/rentwell.org\/es\/wp-json\/wp\/v2\/pages\/3473","targetHints":{"allow":["GET"]}}],"collection":[{"href":"https:\/\/rentwell.org\/es\/wp-json\/wp\/v2\/pages"}],"about":[{"href":"https:\/\/rentwell.org\/es\/wp-json\/wp\/v2\/types\/page"}],"author":[{"embeddable":true,"href":"https:\/\/rentwell.org\/es\/wp-json\/wp\/v2\/users\/6"}],"replies":[{"embeddable":true,"href":"https:\/\/rentwell.org\/es\/wp-json\/wp\/v2\/comments?post=3473"}],"version-history":[{"count":0,"href":"https:\/\/rentwell.org\/es\/wp-json\/wp\/v2\/pages\/3473\/revisions"}],"up":[{"embeddable":true,"href":"https:\/\/rentwell.org\/es\/wp-json\/wp\/v2\/pages\/927"}],"wp:attachment":[{"href":"https:\/\/rentwell.org\/es\/wp-json\/wp\/v2\/media?parent=3473"}],"curies":[{"name":"wp","href":"https:\/\/api.w.org\/{rel}","templated":true}]}}