{"id":3467,"date":"2023-04-27T18:34:01","date_gmt":"2023-04-27T18:34:01","guid":{"rendered":"https:\/\/rentwell.org\/?page_id=3467"},"modified":"2023-05-01T16:35:57","modified_gmt":"2023-05-01T16:35:57","slug":"faq","status":"publish","type":"page","link":"https:\/\/rentwell.org\/es\/educators\/instructors-2\/faq\/","title":{"rendered":"Preguntas m\u00e1s frecuentes"},"content":{"rendered":"<div class=\"fullwidth\" ><div class=\"vc_row wpb_row vc_row-fluid\"><div class=\"wpb_column vc_column_container vc_col-sm-12\"><div class=\"vc_column-inner\"><div class=\"wpb_wrapper\">\t\t\t<div\n\t\t\t\tclass=\"darna-heading style1\" >\n\t\t\t\t\t\t\t\t\t<h2>\u00bfYa eres un instructor certificado?<\/h2>\n\t\t\t\t\t\t\t\t\t\t\t<\/div>\n\t\t\t<div class=\"vc_empty_space\"   style=\"height: 32px\" ><span class=\"vc_empty_space_inner\"><\/span><\/div>\n\n\t<div class=\"wpb_text_column wpb_content_element\" >\n\t\t<div class=\"wpb_wrapper\">\n\t\t\t<h3>Puede acceder a informaci\u00f3n del curso, materiales de clase, un foro comunitario de instructores en l\u00ednea y mucho m\u00e1s.<br \/>\nAcceso <a href=\"https:\/\/almarketplace.csod.com\/login\/render.aspx?id=rentwell\" target=\"_blank\" rel=\"noopener\">AQU\u00cd<\/a> para acceder a su portal de instructor.<\/h3>\n\n\t\t<\/div>\n\t<\/div>\n<div class=\"vc_empty_space\"   style=\"height: 45px\" ><span class=\"vc_empty_space_inner\"><\/span><\/div>\n<div  class=\"vc_toggle vc_toggle_default vc_toggle_color_default  vc_toggle_size_md vc_toggle_active\">\n\t<div class=\"vc_toggle_title\"><h4>Preguntas frecuentes para instructores certificados activos<\/h4><i class=\"vc_toggle_icon\"><\/i><\/div>\n\t<div class=\"vc_toggle_content\"><p><strong>P: \u00bfC\u00f3mo y cu\u00e1ndo puedo avisarle de mi pr\u00f3xima clase?<\/strong><br \/>\nA: Por favor, notif\u00edquenos sobre sus pr\u00f3ximas clases con 30 d\u00edas de anticipaci\u00f3n iniciando sesi\u00f3n en su cuenta de instructor y haciendo clic en el bot\u00f3n <em>Notificarnos de una clase<\/em> teja<\/p>\n<p><strong>P: \u00bfCu\u00e1nto cuestan los libros de trabajo para estudiantes y d\u00f3nde puedo comprarlos?<\/strong><br \/>\nR: Los cuadernos de trabajo para estudiantes est\u00e1n disponibles para $16 cada uno en nuestra Tienda Square. Puedes encontrar el enlace haciendo clic en el <em>Libros de pedidos<\/em> mosaico en la p\u00e1gina de inicio de su cuenta de instructor.<\/p>\n<p><strong>P: \u00bfPuedo impartir un curso junto con otro instructor certificado?<br \/>\n<\/strong>R: Absolutamente. Aseg\u00farese de incluir a todos los instructores que imparten el curso cuando nos notifique sobre su pr\u00f3xima clase.<\/p>\n<p><strong>P: \u00bfCu\u00e1ntos estudiantes puedo tener en mi clase?<br \/>\n<\/strong>R: La proporci\u00f3n m\u00e1xima debe ser de 12 estudiantes por cada instructor. Si tiene dos instructores, la proporci\u00f3n puede ser de 2:24.<\/p>\n<p><strong>P: \u00bfQu\u00e9 documentos necesitar\u00e9 para el primer d\u00eda de clases?<\/strong><br \/>\nA: Necesitar\u00e1s un <span style=\"text-decoration: underline;\">Hoja de asistencia a clases<\/span> y <span style=\"text-decoration: underline;\">Formularios de informaci\u00f3n para estudiantes<\/span>Ambos materiales se pueden encontrar y descargar desde el portal del instructor haciendo clic en el <em>Materiales del curso<\/em> y usando palabras clave en la barra de b\u00fasqueda ubicada en la esquina superior derecha. Si su agencia es subproveedor de Proyectos de Transici\u00f3n, utilice el formulario TPI-RGP; si no lo es, utilice el formulario NON-SUB. Si no est\u00e1 seguro de si su agencia es proveedor de RGP, consulte la informaci\u00f3n de su agencia en <a href=\"http:\/\/rentwell.org\/es\/caps\/\">rentwell.org\/caps.<\/a><\/p>\n<p><strong>P: \u00bfCu\u00e1ndo y c\u00f3mo debo enviar la documentaci\u00f3n de cierre de clase?<br \/>\n<\/strong>A: Por favor env\u00ede toda la documentaci\u00f3n de cierre de clase dentro de <span style=\"text-decoration: underline;\">10 d\u00edas h\u00e1biles<\/span> de la fecha de graduaci\u00f3n del curso. Puede hacerlo iniciando sesi\u00f3n en su portal de instructor y haciendo clic en el bot\u00f3n <em>Presentar la documentaci\u00f3n del curso<\/em> mosaico en la p\u00e1gina de inicio.<\/p>\n<h3>Si tiene alguna otra pregunta, env\u00edenos un correo electr\u00f3nico a <a href=\"mailto:support@rentwell.org\">support@rentwell.org<\/a> o env\u00edenos un mensaje a trav\u00e9s del <a href=\"https:\/\/rentwell.org\/es\/contact-us\/\">pagina de contacto.<\/a><\/h3>\n<\/div>\n<\/div>\n<\/div><\/div><\/div><\/div><\/div>","protected":false},"excerpt":{"rendered":"Already a Certified Instructor? You can access course information, class materials, an online instructor community forum, and so much more. Log in HERE to access your instructor portal. Active Certified Instructor FAQ Q: How and when can I notify you of my upcoming class? A: Please notify us of your upcoming classes 30 days in [...]","protected":false},"author":6,"featured_media":0,"parent":3446,"menu_order":0,"comment_status":"closed","ping_status":"closed","template":"","meta":{"footnotes":""},"class_list":["post-3467","page","type-page","status-publish","hentry"],"featured_image_src":null,"featured_image_src_square":null,"_links":{"self":[{"href":"https:\/\/rentwell.org\/es\/wp-json\/wp\/v2\/pages\/3467","targetHints":{"allow":["GET"]}}],"collection":[{"href":"https:\/\/rentwell.org\/es\/wp-json\/wp\/v2\/pages"}],"about":[{"href":"https:\/\/rentwell.org\/es\/wp-json\/wp\/v2\/types\/page"}],"author":[{"embeddable":true,"href":"https:\/\/rentwell.org\/es\/wp-json\/wp\/v2\/users\/6"}],"replies":[{"embeddable":true,"href":"https:\/\/rentwell.org\/es\/wp-json\/wp\/v2\/comments?post=3467"}],"version-history":[{"count":0,"href":"https:\/\/rentwell.org\/es\/wp-json\/wp\/v2\/pages\/3467\/revisions"}],"up":[{"embeddable":true,"href":"https:\/\/rentwell.org\/es\/wp-json\/wp\/v2\/pages\/3446"}],"wp:attachment":[{"href":"https:\/\/rentwell.org\/es\/wp-json\/wp\/v2\/media?parent=3467"}],"curies":[{"name":"wp","href":"https:\/\/api.w.org\/{rel}","templated":true}]}}