{"id":3432,"date":"2023-04-12T21:58:15","date_gmt":"2023-04-12T21:58:15","guid":{"rendered":"https:\/\/rentwell.org\/?page_id=3432"},"modified":"2025-10-28T14:04:27","modified_gmt":"2025-10-28T14:04:27","slug":"casemanagers","status":"publish","type":"page","link":"https:\/\/rentwell.org\/es\/educators\/casemanagers\/","title":{"rendered":"Seguimiento del administrador de casos"},"content":{"rendered":"<div class=\"container\" ><div class=\"vc_row wpb_row vc_row-fluid\"><div class=\"wpb_column vc_column_container vc_col-sm-12\"><div class=\"vc_column-inner\"><div class=\"wpb_wrapper\"><div class=\"vc_empty_space\"   style=\"height: 12px\" ><span class=\"vc_empty_space_inner\"><\/span><\/div>\n\t\t\t<div\n\t\t\t\tclass=\"darna-heading style1\" >\n\t\t\t\t\t\t\t\t\t<h2>Realice el curso de administrador de casos<\/h2>\n\t\t\t\t\t\t\t\t\t\t\t<\/div>\n\t\t\t<div class=\"vc_empty_space\"   style=\"height: 12px\" ><span class=\"vc_empty_space_inner\"><\/span><\/div>\n<div class=\"vc_empty_space\"   style=\"height: 12px\" ><span class=\"vc_empty_space_inner\"><\/span><\/div>\n\n\t<div class=\"wpb_text_column wpb_content_element\" >\n\t\t<div class=\"wpb_wrapper\">\n\t\t\t<h3><span data-preserver-spaces=\"true\">El alquiler bien\u00a0<\/span><strong><span data-preserver-spaces=\"true\">Administrador de casos<\/span><\/strong><span data-preserver-spaces=\"true\"> El programa est\u00e1 dise\u00f1ado para administradores de casos y defensores de la vivienda en OREGON que buscan desarrollo profesional para ampliar sus conocimientos en el campo de la vivienda. Si desea obtener m\u00e1s informaci\u00f3n sobre las regulaciones entre inquilinos y propietarios y las formas de ayudar a los clientes a superar las barreras de vivienda, este programa es para usted.<\/span><\/h3>\n<h3><span style=\"font-weight: 400;\">\u00a0<\/span><\/h3>\n\n\t\t<\/div>\n\t<\/div>\n<div class=\"vc_empty_space\"   style=\"height: 12px\" ><span class=\"vc_empty_space_inner\"><\/span><\/div>\n<div class=\"vc_empty_space\"   style=\"height: 12px\" ><span class=\"vc_empty_space_inner\"><\/span><\/div>\n<div class=\"vc_btn3-container  wpb_animate_when_almost_visible wpb_fadeIn fadeIn vc_btn3-center\" >\n\t<a class=\"vc_general vc_btn3 vc_btn3-size-lg vc_btn3-shape-rounded vc_btn3-style-modern vc_btn3-color-info\" href=\"https:\/\/advancenetlabs.org\/rw-casemanager\/\" title=\"Reg\u00edstrese para el Curso de Profesional Capacitado\" target=\"_blank\" rel=\"noopener\">Reg\u00edstrese para el curso de administrador de casos<\/a><\/div>\n<div class=\"vc_separator wpb_content_element vc_separator_align_center vc_sep_width_100 vc_sep_pos_align_center vc_separator_no_text vc_sep_color_turquoise\" ><span class=\"vc_sep_holder vc_sep_holder_l\"><span  class=\"vc_sep_line\"><\/span><\/span><span class=\"vc_sep_holder vc_sep_holder_r\"><span  class=\"vc_sep_line\"><\/span><\/span>\n<\/div><div class=\"vc_empty_space\"   style=\"height: 12px\" ><span class=\"vc_empty_space_inner\"><\/span><\/div>\n<div class=\"vc_empty_space\"   style=\"height: 12px\" ><span class=\"vc_empty_space_inner\"><\/span><\/div>\n\n\t<div class=\"wpb_text_column wpb_content_element\" >\n\t\t<div class=\"wpb_wrapper\">\n\t\t\t<h3 style=\"text-align: center;\"><strong>Qu\u00e9 esperar al realizar el curso de administrador de casos<\/strong><\/h3>\n<p>El curso de administrador de casos est\u00e1 disponible como un curso electr\u00f3nico en l\u00ednea que refleja el modelo de plan de estudios del estudiante. Este tipo de formaci\u00f3n cuesta $200 y se imparte en 12 secciones como se ve a continuaci\u00f3n. El curso electr\u00f3nico est\u00e1 dise\u00f1ado para que lo realices a tu propio ritmo y tardar\u00e1 entre 15 y 20 horas en completarse. Una vez completado, recibir\u00e1 un certificado de finalizaci\u00f3n y podr\u00e1 volver a visitar y utilizar los materiales del curso en cualquier momento para revisarlos.<\/p>\n\n\t\t<\/div>\n\t<\/div>\n\n\t<div  class=\"wpb_single_image wpb_content_element vc_align_center\">\n\t\t\n\t\t<figure class=\"wpb_wrapper vc_figure\">\n\t\t\t<div class=\"vc_single_image-wrapper   vc_box_border_grey\"><img loading=\"lazy\" decoding=\"async\" width=\"1024\" height=\"576\" src=\"https:\/\/rentwell.org\/wp-content\/uploads\/2022\/08\/CourseSections-1024x576.png\" class=\"vc_single_image-img attachment-large\" alt=\"Course Overview\" srcset=\"https:\/\/rentwell.org\/wp-content\/uploads\/2022\/08\/CourseSections-1024x576.png 1024w, https:\/\/rentwell.org\/wp-content\/uploads\/2022\/08\/CourseSections-300x169.png 300w, https:\/\/rentwell.org\/wp-content\/uploads\/2022\/08\/CourseSections-768x432.png 768w, https:\/\/rentwell.org\/wp-content\/uploads\/2022\/08\/CourseSections-1536x864.png 1536w, https:\/\/rentwell.org\/wp-content\/uploads\/2022\/08\/CourseSections-18x10.png 18w, https:\/\/rentwell.org\/wp-content\/uploads\/2022\/08\/CourseSections.png 1919w\" sizes=\"auto, (max-width: 1024px) 100vw, 1024px\" \/><\/div>\n\t\t<\/figure>\n\t<\/div>\n<div class=\"vc_empty_space\"   style=\"height: 12px\" ><span class=\"vc_empty_space_inner\"><\/span><\/div>\n<\/div><\/div><\/div><\/div><\/div><div class=\"fullwidth\" ><div class=\"vc_row wpb_row vc_row-fluid\"><div class=\"wpb_column vc_column_container vc_col-sm-12\"><div class=\"vc_column-inner\"><div class=\"wpb_wrapper\"><div class=\"vc_empty_space\"   style=\"height: 32px\" ><span class=\"vc_empty_space_inner\"><\/span><\/div>\n<div  class=\"vc_toggle vc_toggle_default vc_toggle_color_turquoise  vc_toggle_size_lg vc_toggle_active   wpb_animate_when_almost_visible wpb_fadeIn fadeIn\">\n\t<div class=\"vc_toggle_title\"><h4>Preguntas frecuentes sobre el seguimiento del administrador de casos<\/h4><i class=\"vc_toggle_icon\"><\/i><\/div>\n\t<div class=\"vc_toggle_content\"><p><strong>P: \u00bfCu\u00e1l es el costo de este tipo de capacitaci\u00f3n?<br \/>\n<\/strong>R: El curso de administrador de casos tiene una tarifa de inscripci\u00f3n $200.<\/p>\n<p><strong>P: \u00bfPuedo realizar el curso de administrador de casos sin que mi agencia se convierta en socio de agencia comunitaria?<\/strong><br \/>\nR: S\u00ed, puede registrarse libremente en el curso de administrador de casos con y sin afiliaci\u00f3n.<\/p>\n<p><strong>P: \u00bfPuedo impartir una clase de Rent Well despu\u00e9s de realizar el curso de administrador de casos?<br \/>\n<\/strong>R: No, esta pista no le ense\u00f1a todas las habilidades que necesitar\u00eda para facilitar una clase. Aprenda m\u00e1s sobre el <a href=\"http:\/\/rentwell.org\/es\/instructors\/\">Pista de instructor certificado<\/a>.<\/p>\n<\/div>\n<\/div>\n<div class=\"vc_empty_space\"   style=\"height: 12px\" ><span class=\"vc_empty_space_inner\"><\/span><\/div>\n<\/div><\/div><\/div><\/div><\/div><div class=\"container\" ><div class=\"vc_row wpb_row vc_row-fluid\"><div class=\"wpb_column vc_column_container vc_col-sm-6\"><div class=\"vc_column-inner\"><div class=\"wpb_wrapper\">\n\t<div class=\"wpb_text_column wpb_content_element\" >\n\t\t<div class=\"wpb_wrapper\">\n\t\t\t<p><span style=\"text-decoration: underline;\"><span style=\"font-weight: 400;\">Curso de Instructor Certificado<br \/>\n<\/span><\/span><span style=\"font-weight: 400;\">Si est\u00e1 m\u00e1s interesado en impartir una clase de Rent Well al estilo de una conferencia para aquellos que desean obtener m\u00e1s informaci\u00f3n sobre sus derechos y responsabilidades como inquilinos; aprender m\u00e1s sobre nuestro <a href=\"http:\/\/rentwell.org\/es\/instructors\/\">Pista de instructor certificado<\/a>.<br \/>\n<\/span><\/p>\n\n\t\t<\/div>\n\t<\/div>\n<div class=\"vc_empty_space\"   style=\"height: 12px\" ><span class=\"vc_empty_space_inner\"><\/span><\/div>\n<\/div><\/div><\/div><div class=\"wpb_column vc_column_container vc_col-sm-6\"><div class=\"vc_column-inner\"><div class=\"wpb_wrapper\"><\/div><\/div><\/div><\/div><\/div>","protected":false},"excerpt":{"rendered":"Take the Case Manager Course The Rent Well\u00a0Case Manager Track is designed for case managers and housing advocates in OREGON looking for professional development to expand their knowledge in the housing field. If you want to learn more about tenant-landlord regulations and ways to help clients overcome housing barriers, this track is for you. \u00a0 [...]","protected":false},"author":6,"featured_media":0,"parent":123,"menu_order":0,"comment_status":"closed","ping_status":"closed","template":"","meta":{"footnotes":""},"class_list":["post-3432","page","type-page","status-publish","hentry"],"featured_image_src":null,"featured_image_src_square":null,"_links":{"self":[{"href":"https:\/\/rentwell.org\/es\/wp-json\/wp\/v2\/pages\/3432","targetHints":{"allow":["GET"]}}],"collection":[{"href":"https:\/\/rentwell.org\/es\/wp-json\/wp\/v2\/pages"}],"about":[{"href":"https:\/\/rentwell.org\/es\/wp-json\/wp\/v2\/types\/page"}],"author":[{"embeddable":true,"href":"https:\/\/rentwell.org\/es\/wp-json\/wp\/v2\/users\/6"}],"replies":[{"embeddable":true,"href":"https:\/\/rentwell.org\/es\/wp-json\/wp\/v2\/comments?post=3432"}],"version-history":[{"count":0,"href":"https:\/\/rentwell.org\/es\/wp-json\/wp\/v2\/pages\/3432\/revisions"}],"up":[{"embeddable":true,"href":"https:\/\/rentwell.org\/es\/wp-json\/wp\/v2\/pages\/123"}],"wp:attachment":[{"href":"https:\/\/rentwell.org\/es\/wp-json\/wp\/v2\/media?parent=3432"}],"curies":[{"name":"wp","href":"https:\/\/api.w.org\/{rel}","templated":true}]}}