{"id":3301,"date":"2022-01-26T08:35:54","date_gmt":"2022-01-26T08:35:54","guid":{"rendered":"https:\/\/rentwell.org\/?page_id=3301"},"modified":"2026-02-23T18:39:18","modified_gmt":"2026-02-23T18:39:18","slug":"ecourse","status":"publish","type":"page","link":"https:\/\/rentwell.org\/es\/tenants\/ecourse\/","title":{"rendered":"Informaci\u00f3n y evaluaci\u00f3n del curso electr\u00f3nico"},"content":{"rendered":"<div class=\"fullwidth\" ><div class=\"vc_row wpb_row vc_row-fluid\"><div class=\"wpb_column vc_column_container vc_col-sm-12\"><div class=\"vc_column-inner\"><div class=\"wpb_wrapper\">\t\t\t<div\n\t\t\t\tclass=\"darna-heading style1\" >\n\t\t\t\t\t\t\t\t\t<h2>Educaci\u00f3n para inquilinos a su propio ritmo<\/h2>\n\t\t\t\t\t\t\t\t\t\t\t<\/div>\n\t\t\t<div class=\"vc_empty_space\"   style=\"height: 32px\" ><span class=\"vc_empty_space_inner\"><\/span><\/div>\n\n\t<div class=\"wpb_text_column wpb_content_element\" >\n\t\t<div class=\"wpb_wrapper\">\n\t\t\t<p>El curso electr\u00f3nico en l\u00ednea Rent Well es un <strong>recurso educativo gratuito<\/strong> para residentes de Oreg\u00f3n de bajos ingresos que buscan aprender c\u00f3mo reducir las barreras de vivienda y convertirse en inquilinos exitosos. Este curso est\u00e1 dise\u00f1ado para ense\u00f1ar a las personas c\u00f3mo navegar y mantener una vivienda.<\/p>\n<p>Los nuevos estudiantes son admitidos en el curso electr\u00f3nico todos los jueves y se les asigna un especialista en soporte en l\u00ednea para ayudarlos en el camino. El curso se realiza a su propio ritmo durante un m\u00e1ximo de 90 d\u00edas a partir de la fecha de aceptaci\u00f3n de la inscripci\u00f3n y tardar\u00e1 aproximadamente entre 15 y 20 horas en total en completarse. Los estudiantes deben completar el curso y crear su cartera de vivienda para graduarse.<\/p>\n\n\t\t<\/div>\n\t<\/div>\n<div class=\"vc_empty_space\"   style=\"height: 32px\" ><span class=\"vc_empty_space_inner\"><\/span><\/div>\n\t\t\t<div\n\t\t\t\tclass=\"darna-heading style1\" >\n\t\t\t\t\t\t\t\t\t<h2>Inscripci\u00f3n al curso electr\u00f3nico<\/h2>\n\t\t\t\t\t\t\t\t\t\t\t<\/div>\n\t\t\t<div class=\"vc_empty_space\"   style=\"height: 32px\" ><span class=\"vc_empty_space_inner\"><\/span><\/div>\n<\/div><\/div><\/div><\/div><\/div><div class=\"fullwidth\" ><div class=\"vc_row wpb_row vc_row-fluid\"><div class=\"wpb_column vc_column_container vc_col-sm-6\"><div class=\"vc_column-inner\"><div class=\"wpb_wrapper\">\n\t<div  class=\"wpb_single_image wpb_content_element vc_align_left\">\n\t\t\n\t\t<figure class=\"wpb_wrapper vc_figure\">\n\t\t\t<div class=\"vc_single_image-wrapper   vc_box_border_grey\"><img loading=\"lazy\" decoding=\"async\" width=\"1024\" height=\"777\" src=\"https:\/\/rentwell.org\/wp-content\/uploads\/2022\/01\/RegisterComputer_1439688911-01-1024x777.png\" class=\"vc_single_image-img attachment-large\" alt=\"Computer screen\" srcset=\"https:\/\/rentwell.org\/wp-content\/uploads\/2022\/01\/RegisterComputer_1439688911-01-1024x777.png 1024w, https:\/\/rentwell.org\/wp-content\/uploads\/2022\/01\/RegisterComputer_1439688911-01-300x228.png 300w, https:\/\/rentwell.org\/wp-content\/uploads\/2022\/01\/RegisterComputer_1439688911-01-768x583.png 768w, https:\/\/rentwell.org\/wp-content\/uploads\/2022\/01\/RegisterComputer_1439688911-01-1536x1165.png 1536w, https:\/\/rentwell.org\/wp-content\/uploads\/2022\/01\/RegisterComputer_1439688911-01-2048x1554.png 2048w, https:\/\/rentwell.org\/wp-content\/uploads\/2022\/01\/RegisterComputer_1439688911-01-16x12.png 16w\" sizes=\"auto, (max-width: 1024px) 100vw, 1024px\" \/><\/div>\n\t\t<\/figure>\n\t<\/div>\n<\/div><\/div><\/div><div class=\"wpb_column vc_column_container vc_col-sm-6\"><div class=\"vc_column-inner\"><div class=\"wpb_wrapper\">\n\t<div class=\"wpb_text_column wpb_content_element\" >\n\t\t<div class=\"wpb_wrapper\">\n\t\t\t<p>El formulario de evaluaci\u00f3n, ubicado en la parte inferior de esta p\u00e1gina, le har\u00e1 una serie de preguntas sobre usted, su historial de alquiler y las posibles barreras que tiene a la hora de alquilar. Hacemos estas preguntas para que podamos tener una mejor idea de c\u00f3mo ayudarlo durante el curso y si este curso es adecuado para usted.<\/p>\n<p>Una vez que env\u00ede la informaci\u00f3n, \u00a1se enviar\u00e1 a nuestro equipo! Revisamos la informaci\u00f3n todos los jueves y, si se aprueba, lo emparejaremos con uno de nuestros talentosos especialistas de soporte. Su especialista en soporte estar\u00e1 all\u00ed para mantenerlo motivado, ayudarlo a crear una cartera de viviendas espectacular y responder cualquier pregunta que tenga.<\/p>\n\n\t\t<\/div>\n\t<\/div>\n<\/div><\/div><\/div><\/div><\/div><div class=\"fullwidth\" ><div class=\"vc_row wpb_row vc_row-fluid\"><div class=\"wpb_column vc_column_container vc_col-sm-12\"><div class=\"vc_column-inner\"><div class=\"wpb_wrapper\">\n\t<div class=\"wpb_text_column wpb_content_element\" >\n\t\t<div class=\"wpb_wrapper\">\n\t\t\t<p><strong>Agregaremos de manera cuidadosa e intencional a los estudiantes que hayan completado la evaluaci\u00f3n y est\u00e9n en espera al curso electr\u00f3nico durante todo el a\u00f1o.<\/strong> Eso significa que puede completar la evaluaci\u00f3n hoy, pero pueden pasar un par de semanas hasta que obtenga acceso completo para comenzar oficialmente el eCourse.<\/p>\n<p>Una vez que haya sido aprobado, su especialista de soporte se comunicar\u00e1 con usted por correo electr\u00f3nico para presentarse y informarle los pr\u00f3ximos pasos.<\/p>\n\n\t\t<\/div>\n\t<\/div>\n<div class=\"vc_empty_space\"   style=\"height: 32px\" ><span class=\"vc_empty_space_inner\"><\/span><\/div>\n\t\t\t<div\n\t\t\t\tclass=\"darna-heading style1\" >\n\t\t\t\t\t\t\t\t\t<h2>\u00bfQu\u00e9 puedo hacer mientras espero a ser inscrito?<\/h2>\n\t\t\t\t\t\t\t\t\t\t\t<\/div>\n\t\t\t<div class=\"vc_empty_space\"   style=\"height: 32px\" ><span class=\"vc_empty_space_inner\"><\/span><\/div>\n\n\t<div class=\"wpb_text_column wpb_content_element\" >\n\t\t<div class=\"wpb_wrapper\">\n\t\t\t<p>\u00a1Gran pregunta! Este ser\u00eda un buen momento para preparar su identificaci\u00f3n, ingresos y documentos adicionales para cargarlos en su cartera de viviendas digitales que pronto ser\u00e1 s\u00faper elegante. Incluso puedes empezar a pensar en qui\u00e9n podr\u00eda escribirte una carta de referencia. Tendr\u00e1s 90 d\u00edas desde el d\u00eda en que accedas al curso para completarlo. <em>y<\/em> terminar su cartera de viviendas, as\u00ed que \u00bfpor qu\u00e9 no empezar con ventaja?<\/p>\n<p>Lo que ir\u00e1 en tu cartera de vivienda es:<\/p>\n\n\t\t<\/div>\n\t<\/div>\n<\/div><\/div><\/div><\/div><\/div><div class=\"fullwidth\" ><div class=\"vc_row wpb_row vc_row-fluid\"><div class=\"wpb_column vc_column_container vc_col-sm-8\"><div class=\"vc_column-inner\"><div class=\"wpb_wrapper\">\n\t<div class=\"wpb_text_column wpb_content_element\" >\n\t\t<div class=\"wpb_wrapper\">\n\t\t\t<ul>\n<li>Ejemplo de solicitud de alquiler<\/li>\n<li>Una copia de su DNI u otros documentos de identificaci\u00f3n<\/li>\n<li>Una copia de los documentos de ingresos (talones de pago actuales, cartas SNAP, cartas de beneficios, etc.)<\/li>\n<li>Una carta de presentaci\u00f3n de alquiler personal para explicar su situaci\u00f3n actual de vivienda y decirle al arrendador lo maravilloso que ser\u00e1 como inquilino.<\/li>\n<li>Cartas de referencia de 3 personas que pueden hablar sobre su crecimiento y por qu\u00e9 ser\u00eda un gran inquilino<\/li>\n<li>Cualquier otro documento que desee que tenga un arrendador (cartas de solicitud de ajustes razonables, cartas de adjudicaci\u00f3n de asistencia de alquiler, etc.)<\/li>\n<li>y por \u00faltimo, su Certificado Rent Well.<\/li>\n<\/ul>\n\n\t\t<\/div>\n\t<\/div>\n<div class=\"vc_empty_space\"   style=\"height: 32px\" ><span class=\"vc_empty_space_inner\"><\/span><\/div>\n<\/div><\/div><\/div><div class=\"wpb_column vc_column_container vc_col-sm-4\"><div class=\"vc_column-inner\"><div class=\"wpb_wrapper\">\n\t<div  class=\"wpb_single_image wpb_content_element vc_align_center\">\n\t\t\n\t\t<figure class=\"wpb_wrapper vc_figure\">\n\t\t\t<div class=\"vc_single_image-wrapper   vc_box_border_grey\"><img loading=\"lazy\" decoding=\"async\" width=\"300\" height=\"300\" src=\"https:\/\/rentwell.org\/wp-content\/uploads\/2022\/01\/HousingPortfolio-01-300x300.png\" class=\"vc_single_image-img attachment-medium\" alt=\"Housing Portfolio Graphic\" srcset=\"https:\/\/rentwell.org\/wp-content\/uploads\/2022\/01\/HousingPortfolio-01-300x300.png 300w, https:\/\/rentwell.org\/wp-content\/uploads\/2022\/01\/HousingPortfolio-01-150x150.png 150w, https:\/\/rentwell.org\/wp-content\/uploads\/2022\/01\/HousingPortfolio-01-12x12.png 12w, https:\/\/rentwell.org\/wp-content\/uploads\/2022\/01\/HousingPortfolio-01.png 584w\" sizes=\"auto, (max-width: 300px) 100vw, 300px\" \/><\/div>\n\t\t<\/figure>\n\t<\/div>\n<\/div><\/div><\/div><\/div><\/div><div class=\"fullwidth\" ><div class=\"vc_row wpb_row vc_row-fluid\"><div class=\"wpb_column vc_column_container vc_col-sm-12\"><div class=\"vc_column-inner\"><div class=\"wpb_wrapper\"><div class=\"vc_empty_space\"   style=\"height: 32px\" ><span class=\"vc_empty_space_inner\"><\/span><\/div>\n\t\t\t<div\n\t\t\t\tclass=\"darna-heading style1\" >\n\t\t\t\t\t\t\t\t\t<h2>Inscr\u00edbeme<\/h2>\n\t\t\t\t\t\t\t\t\t\t\t<\/div>\n\t\t\t<div class=\"vc_empty_space\"   style=\"height: 32px\" ><span class=\"vc_empty_space_inner\"><\/span><\/div>\n\n\t<div class=\"wpb_text_column wpb_content_element\" >\n\t\t<div class=\"wpb_wrapper\">\n\t\t\t<div class=\"wpb_text_column wpb_content_element\">\n<div class=\"wpb_wrapper\">\n<p>Cualquiera puede completar la evaluaci\u00f3n y su informaci\u00f3n ser\u00e1 revisada por el Equipo. <strong>Admitimos nuevos grupos de estudiantes en el eCourse todos los jueves<\/strong>. Si es admitido, tendr\u00e1 90 d\u00edas para completar el curso electr\u00f3nico y armar su cartera de vivienda para graduarse.<\/p>\n<p>\u00a1Esperamos con inter\u00e9s trabajar con usted!<\/p>\n<\/div>\n<\/div>\n\n\t\t<\/div>\n\t<\/div>\n<\/div><\/div><\/div><\/div><\/div><div class=\"fullwidth\" ><div class=\"vc_row wpb_row vc_row-fluid\"><div class=\"wpb_column vc_column_container vc_col-sm-6\"><div class=\"vc_column-inner\"><div class=\"wpb_wrapper\"><div class=\"vc_btn3-container vc_btn3-center\" >\n\t<a class=\"vc_general vc_btn3 vc_btn3-size-lg vc_btn3-shape-rounded vc_btn3-style-3d vc_btn3-color-peacoc\" href=\"https:\/\/advancenetlabs.org\/rent-well-student-registration\/\" title=\"Enlace de evaluaci\u00f3n\" target=\"_blank\" rel=\"noopener\">\u00a1Complete su evaluaci\u00f3n hoy! (Ingl\u00e9s)<\/a><\/div>\n<\/div><\/div><\/div><div class=\"wpb_column vc_column_container vc_col-sm-6\"><div class=\"vc_column-inner\"><div class=\"wpb_wrapper\"><div class=\"vc_btn3-container vc_btn3-center\" >\n\t<a class=\"vc_general vc_btn3 vc_btn3-size-lg vc_btn3-shape-rounded vc_btn3-style-3d vc_btn3-color-peacoc\" href=\"https:\/\/advancenetlabs.org\/es\/rent-well-student-registration\/\" title=\"Enlace de evaluaci\u00f3n\" target=\"_blank\" rel=\"noopener\">\u00a1Complete su evaluaci\u00f3n hoy! (Espa\u00f1ol)<\/a><\/div>\n<\/div><\/div><\/div><\/div><\/div><div class=\"fullwidth\" ><div class=\"vc_row wpb_row vc_row-fluid\"><div class=\"wpb_column vc_column_container vc_col-sm-12\"><div class=\"vc_column-inner\"><div class=\"wpb_wrapper\"><div class=\"vc_empty_space\"   style=\"height: 32px\" ><span class=\"vc_empty_space_inner\"><\/span><\/div>\n<div class=\"vc_empty_space\"   style=\"height: 32px\" ><span class=\"vc_empty_space_inner\"><\/span><\/div>\n<h3 style=\"color: #00b4cb;text-align: center;font-family:Amatic SC;font-weight:700;font-style:normal\" class=\"vc_custom_heading\" >&quot;\u00a1Muchas gracias! \u00a1El curso en l\u00ednea fue muy f\u00e1cil!<br \/>\n\u00a1Mucha informaci\u00f3n y muy \u00fatil! \u00a1Los aprecio, muchachos!&quot; -eCourse Grad<\/h3>\n\t<div class=\"wpb_text_column wpb_content_element\" >\n\t\t<div class=\"wpb_wrapper\">\n\t\t\t<p style=\"text-align: center;\">Vea lo que otros graduados est\u00e1n diciendo sobre Rent Well <a href=\"https:\/\/rentwell.org\/es\/about\/testimonials\/\">AQU\u00cd<\/a><\/p>\n\n\t\t<\/div>\n\t<\/div>\n<div class=\"vc_empty_space\"   style=\"height: 32px\" ><span class=\"vc_empty_space_inner\"><\/span><\/div>\n<\/div><\/div><\/div><\/div><\/div>","protected":false},"excerpt":{"rendered":"Tenant Education at your own Pace The Rent Well online eCourse is a free educational resource for low-income Oregon residents looking to learn how to lessen housing barriers and become successful renters. This course is designed to teach folks how to navigate and maintain housing. New students are admitted into the eCourse every Thursday and [...]","protected":false},"author":4,"featured_media":0,"parent":121,"menu_order":0,"comment_status":"closed","ping_status":"closed","template":"","meta":{"footnotes":""},"class_list":["post-3301","page","type-page","status-publish","hentry"],"featured_image_src":null,"featured_image_src_square":null,"_links":{"self":[{"href":"https:\/\/rentwell.org\/es\/wp-json\/wp\/v2\/pages\/3301","targetHints":{"allow":["GET"]}}],"collection":[{"href":"https:\/\/rentwell.org\/es\/wp-json\/wp\/v2\/pages"}],"about":[{"href":"https:\/\/rentwell.org\/es\/wp-json\/wp\/v2\/types\/page"}],"author":[{"embeddable":true,"href":"https:\/\/rentwell.org\/es\/wp-json\/wp\/v2\/users\/4"}],"replies":[{"embeddable":true,"href":"https:\/\/rentwell.org\/es\/wp-json\/wp\/v2\/comments?post=3301"}],"version-history":[{"count":0,"href":"https:\/\/rentwell.org\/es\/wp-json\/wp\/v2\/pages\/3301\/revisions"}],"up":[{"embeddable":true,"href":"https:\/\/rentwell.org\/es\/wp-json\/wp\/v2\/pages\/121"}],"wp:attachment":[{"href":"https:\/\/rentwell.org\/es\/wp-json\/wp\/v2\/media?parent=3301"}],"curies":[{"name":"wp","href":"https:\/\/api.w.org\/{rel}","templated":true}]}}