{"id":121,"date":"2015-07-18T09:28:32","date_gmt":"2015-07-18T09:28:32","guid":{"rendered":"https:\/\/rentwell.org\/?page_id=121"},"modified":"2023-09-05T17:48:35","modified_gmt":"2023-09-05T17:48:35","slug":"tenants","status":"publish","type":"page","link":"https:\/\/rentwell.org\/es\/tenants\/","title":{"rendered":"Para inquilinos"},"content":{"rendered":"<div class=\"fullwidth\" ><div class=\"vc_row wpb_row vc_row-fluid\"><div class=\"wpb_column vc_column_container vc_col-sm-12\"><div class=\"vc_column-inner\"><div class=\"wpb_wrapper\">\t\t\t<div\n\t\t\t\tclass=\"darna-heading style1\" >\n\t\t\t\t\t\t\t\t\t<h2>\u00bfQu\u00e9 es Alquilar Bien?<\/h2>\n\t\t\t\t\t\t\t\t\t\t\t<\/div>\n\t\t\t<div class=\"vc_empty_space\"   style=\"height: 12px\" ><span class=\"vc_empty_space_inner\"><\/span><\/div>\n<\/div><\/div><\/div><\/div><\/div><div class=\"container\" ><div class=\"vc_row wpb_row vc_row-fluid\"><div class=\"wpb_column vc_column_container vc_col-sm-8\"><div class=\"vc_column-inner\"><div class=\"wpb_wrapper\">\n\t<div class=\"wpb_text_column wpb_content_element\" >\n\t\t<div class=\"wpb_wrapper\">\n\t\t\t<p><span style=\"font-weight: 400;\">Rent Well es un curso educativo para inquilinos que ense\u00f1a a las personas sus derechos y responsabilidades como inquilinos. El curso se imparte en persona o por Zoom en muchas agencias de servicios y sin fines de lucro en Oregon y Washington. Este curso tambi\u00e9n est\u00e1 disponible como curso electr\u00f3nico en l\u00ednea que puede completar a su propio ritmo.<\/span><\/p>\n<p>Si<span style=\"font-weight: 400;\"> Si est\u00e1 interesado en conocer sus derechos como inquilino, descubrir c\u00f3mo los propietarios pueden evaluarlo o desea mejorar sus habilidades para buscar apartamento, Rent Well es para usted. Este curso de educaci\u00f3n para inquilinos se divide en <\/span><span style=\"font-weight: 400;\">12<\/span><span style=\"font-weight: 400;\"> secciones. En esta clase, recorrer\u00e1 el proceso de alquiler y discutir\u00e1 los siguientes temas y m\u00e1s:<\/span><\/p>\n\n\t\t<\/div>\n\t<\/div>\n<div class=\"vc_empty_space\"   style=\"height: 12px\" ><span class=\"vc_empty_space_inner\"><\/span><\/div>\n<\/div><\/div><\/div><div class=\"wpb_column vc_column_container vc_col-sm-4\"><div class=\"vc_column-inner\"><div class=\"wpb_wrapper\">\n\t<div  class=\"wpb_single_image wpb_content_element vc_align_center\">\n\t\t\n\t\t<figure class=\"wpb_wrapper vc_figure\">\n\t\t\t<div class=\"vc_single_image-wrapper   vc_box_border_grey\"><img loading=\"lazy\" decoding=\"async\" width=\"292\" height=\"300\" src=\"https:\/\/rentwell.org\/wp-content\/uploads\/2022\/02\/houseKeys_730222651-01-292x300.png\" class=\"vc_single_image-img attachment-medium\" alt=\"House Keys\" srcset=\"https:\/\/rentwell.org\/wp-content\/uploads\/2022\/02\/houseKeys_730222651-01-292x300.png 292w, https:\/\/rentwell.org\/wp-content\/uploads\/2022\/02\/houseKeys_730222651-01-768x790.png 768w, https:\/\/rentwell.org\/wp-content\/uploads\/2022\/02\/houseKeys_730222651-01-12x12.png 12w, https:\/\/rentwell.org\/wp-content\/uploads\/2022\/02\/houseKeys_730222651-01.png 918w\" sizes=\"auto, (max-width: 292px) 100vw, 292px\" \/><\/div>\n\t\t<\/figure>\n\t<\/div>\n<\/div><\/div><\/div><\/div><\/div><div class=\"container\" ><div class=\"vc_row wpb_row vc_row-fluid\"><div class=\"wpb_column vc_column_container vc_col-sm-6\"><div class=\"vc_column-inner\"><div class=\"wpb_wrapper\">\n\t<div class=\"wpb_text_column wpb_content_element\" >\n\t\t<div class=\"wpb_wrapper\">\n\t\t\t<ul>\n<li style=\"font-weight: 400;\" aria-level=\"2\"><span style=\"font-weight: 400;\">C\u00f3mo las leyes afectan su relaci\u00f3n con el propietario<\/span><\/li>\n<li style=\"font-weight: 400;\" aria-level=\"2\"><span style=\"font-weight: 400;\">C\u00f3mo los propietarios eval\u00faan a los posibles inquilinos<\/span><\/li>\n<li style=\"font-weight: 400;\" aria-level=\"2\"><span style=\"font-weight: 400;\">Diferentes tipos de opciones de vivienda.<\/span><\/li>\n<li style=\"font-weight: 400;\" aria-level=\"2\"><span style=\"font-weight: 400;\">Identificar sus deseos de vivienda frente a sus necesidades<\/span><\/li>\n<li style=\"font-weight: 400;\" aria-level=\"2\"><span style=\"font-weight: 400;\">C\u00f3mo solicitar una unidad<\/span><\/li>\n<li style=\"font-weight: 400;\" aria-level=\"2\"><span style=\"font-weight: 400;\">Revisar contratos de alquiler<\/span><\/li>\n<li style=\"font-weight: 400;\" aria-level=\"2\"><span style=\"font-weight: 400;\">Como lidiar con <\/span><span style=\"font-weight: 400;\">un aviso de terminaci\u00f3n<\/span><span style=\"font-weight: 400;\"> y proceso de desalojo<\/span><span style=\"font-weight: 400;\">es<\/span><\/li>\n<li style=\"font-weight: 400;\" aria-level=\"2\"><span style=\"font-weight: 400;\">Entender lo que su arrendador espera de usted<\/span><\/li>\n<\/ul>\n\n\t\t<\/div>\n\t<\/div>\n<\/div><\/div><\/div><div class=\"wpb_column vc_column_container vc_col-sm-6\"><div class=\"vc_column-inner\"><div class=\"wpb_wrapper\">\n\t<div class=\"wpb_text_column wpb_content_element\" >\n\t\t<div class=\"wpb_wrapper\">\n\t\t\t<ul>\n<li style=\"font-weight: 400;\" aria-level=\"2\"><span style=\"font-weight: 400;\">Conocimiento<\/span> <span style=\"font-weight: 400;\">de qu\u00e9 es responsable su arrendador<\/span><\/li>\n<li style=\"font-weight: 400;\" aria-level=\"2\"><span style=\"font-weight: 400;\">C\u00f3mo ser un buen inquilino y vecino<\/span><\/li>\n<li style=\"font-weight: 400;\" aria-level=\"2\"><span style=\"font-weight: 400;\">C\u00f3mo mantener su hogar sano y seguro<\/span><\/li>\n<li style=\"font-weight: 400;\" aria-level=\"2\"><span style=\"font-weight: 400;\">C\u00f3mo <\/span><span style=\"font-weight: 400;\">tu<\/span><span style=\"font-weight: 400;\"> las opciones pueden afectar su situaci\u00f3n de vivienda<\/span><\/li>\n<li style=\"font-weight: 400;\" aria-level=\"2\"><span style=\"font-weight: 400;\">C\u00f3mo comunicarse con su arrendador y vecinos<\/span><\/li>\n<li style=\"font-weight: 400;\" aria-level=\"2\"><span style=\"font-weight: 400;\">Entender el punto de vista del propietario<\/span><\/li>\n<li style=\"font-weight: 400;\" aria-level=\"2\"><span style=\"font-weight: 400;\">Establecer metas y pasos de acci\u00f3n para lograr sus planes de vivienda<\/span><\/li>\n<\/ul>\n\n\t\t<\/div>\n\t<\/div>\n<\/div><\/div><\/div><\/div><\/div><div class=\"container\" ><div class=\"vc_row wpb_row vc_row-fluid\"><div class=\"wpb_column vc_column_container vc_col-sm-12\"><div class=\"vc_column-inner\"><div class=\"wpb_wrapper\"><div class=\"vc_empty_space\"   style=\"height: 12px\" ><span class=\"vc_empty_space_inner\"><\/span><\/div>\n<div class=\"vc_empty_space\"   style=\"height: 12px\" ><span class=\"vc_empty_space_inner\"><\/span><\/div>\n\t\t\t<div\n\t\t\t\tclass=\"darna-heading style1\" >\n\t\t\t\t\t\t\t\t\t<h2>\u00bfPor qu\u00e9 tomar bien el alquiler?<\/h2>\n\t\t\t\t\t\t\t\t\t\t\t<\/div>\n\t\t\t<div class=\"vc_empty_space\"   style=\"height: 12px\" ><span class=\"vc_empty_space_inner\"><\/span><\/div>\n\n\t<div class=\"wpb_text_column wpb_content_element\" >\n\t\t<div class=\"wpb_wrapper\">\n\t\t\t<p>A muchas personas que buscan tomar Rent Well se les ha negado la vivienda varias veces y vienen a esta clase para descubrir c\u00f3mo superarlo. Algunas personas trabajan con administradores de casos que los inscriben en la clase, mientras que otras pueden ser inquilinos por primera vez que nunca antes han le\u00eddo su contrato de arrendamiento y quieren estar preparados.<\/p>\n<p>Los estudiantes de Rent Well no solo aprenden herramientas que les ayudar\u00e1n a mantener una vivienda estable en el futuro, sino que tambi\u00e9n pueden ver una copia de su informe de antecedentes de alquiler, similar al que ver\u00eda un propietario y en el que basar\u00eda sus decisiones de alquiler. Los estudiantes tambi\u00e9n crean un portafolio de viviendas personalizado para presentarlo a posibles propietarios y les brindan m\u00e1s informaci\u00f3n sobre sus antecedentes y fortalezas. Por \u00faltimo, los graduados elegibles pueden ofrecer a los posibles propietarios la oportunidad de registrar un Programa de incentivos para propietarios que se combina con el certificado de graduaci\u00f3n Rent Well.<\/p>\n\n\t\t<\/div>\n\t<\/div>\n<\/div><\/div><\/div><\/div><\/div><div class=\"container\" ><div class=\"vc_row wpb_row vc_row-fluid\"><div class=\"wpb_column vc_column_container vc_col-sm-12\"><div class=\"vc_column-inner\"><div class=\"wpb_wrapper\"><div class=\"vc_empty_space\"   style=\"height: 12px\" ><span class=\"vc_empty_space_inner\"><\/span><\/div>\n\t\t\t<div\n\t\t\t\tclass=\"darna-heading style1\" >\n\t\t\t\t\t\t\t\t\t<h2>\u00bfQu\u00e9 es un Fondo de Incentivos para Propietarios?<\/h2>\n\t\t\t\t\t\t\t\t\t\t\t<\/div>\n\t\t\t<div class=\"vc_empty_space\"   style=\"height: 12px\" ><span class=\"vc_empty_space_inner\"><\/span><\/div>\n<\/div><\/div><\/div><\/div><\/div><div class=\"container\" ><div class=\"vc_row wpb_row vc_row-fluid\"><div class=\"wpb_column vc_column_container vc_col-sm-12\"><div class=\"vc_column-inner\"><div class=\"wpb_wrapper\">\n\t<div class=\"wpb_text_column wpb_content_element\" >\n\t\t<div class=\"wpb_wrapper\">\n\t\t\t<p><img loading=\"lazy\" decoding=\"async\" class=\"alignleft wp-image-3315 size-medium\" src=\"https:\/\/rentwell.org\/wp-content\/uploads\/2022\/02\/CertificateCapMoney_1906283497RWC-300x200.png\" alt=\"tenant education\" width=\"300\" height=\"200\" srcset=\"https:\/\/rentwell.org\/wp-content\/uploads\/2022\/02\/CertificateCapMoney_1906283497RWC-300x200.png 300w, https:\/\/rentwell.org\/wp-content\/uploads\/2022\/02\/CertificateCapMoney_1906283497RWC-1024x684.png 1024w, https:\/\/rentwell.org\/wp-content\/uploads\/2022\/02\/CertificateCapMoney_1906283497RWC-768x513.png 768w, https:\/\/rentwell.org\/wp-content\/uploads\/2022\/02\/CertificateCapMoney_1906283497RWC-18x12.png 18w, https:\/\/rentwell.org\/wp-content\/uploads\/2022\/02\/CertificateCapMoney_1906283497RWC-600x400.png 600w, https:\/\/rentwell.org\/wp-content\/uploads\/2022\/02\/CertificateCapMoney_1906283497RWC.png 1505w\" sizes=\"auto, (max-width: 300px) 100vw, 300px\" \/>Un fondo de incentivos para propietarios es un financiamiento que brinda a los posibles propietarios la seguridad de que si un graduado elegible de Rent Well deja su unidad de alquiler dentro del primer a\u00f1o y debe alquiler impago, da\u00f1os u honorarios legales m\u00e1s all\u00e1 de lo que cubre el dep\u00f3sito de seguridad, el programa pagar\u00e1 el propietario hasta una cierta cantidad para cubrir esos costos adicionales. La cantidad var\u00eda seg\u00fan la ubicaci\u00f3n. En <a href=\"https:\/\/en.wikipedia.org\/wiki\/Oregon_City,_Oregon\" target=\"_blank\" rel=\"noopener\">Oreg\u00f3n<\/a>, la garant\u00eda es de hasta $5,000 m\u00e1s all\u00e1 del dep\u00f3sito de seguridad. Esta financiaci\u00f3n puede ser la diferencia entre una denegaci\u00f3n y una aprobaci\u00f3n.<\/p>\n\n\t\t<\/div>\n\t<\/div>\n<\/div><\/div><\/div><\/div><\/div><div class=\"container\" ><div class=\"vc_row wpb_row vc_row-fluid\"><div class=\"wpb_column vc_column_container vc_col-sm-12\"><div class=\"vc_column-inner\"><div class=\"wpb_wrapper\"><div class=\"vc_empty_space\"   style=\"height: 12px\" ><span class=\"vc_empty_space_inner\"><\/span><\/div>\n\t\t\t<div\n\t\t\t\tclass=\"darna-heading style1\" >\n\t\t\t\t\t\t\t\t\t<h2>Inscribirse en una clase<\/h2>\n\t\t\t\t\t\t\t\t\t\t\t<\/div>\n\t\t\t<div class=\"vc_empty_space\"   style=\"height: 12px\" ><span class=\"vc_empty_space_inner\"><\/span><\/div>\n\n\t<div class=\"wpb_text_column wpb_content_element\" >\n\t\t<div class=\"wpb_wrapper\">\n\t\t\t<p>Tienes dos opciones para inscribirte en una clase.<\/p>\n<ol>\n<li><strong>Clases presenciales o Zoom<\/strong> impartido en agencias proveedoras de Rent Well con instructores de Rent Well, o<\/li>\n<li>los <strong>curso electr\u00f3nico<\/strong> que puede realizar a su propio ritmo y con la ayuda de un especialista en soporte personal.<\/li>\n<\/ol>\n<p>Le invitamos a explorar sus opciones haciendo clic en los enlaces a continuaci\u00f3n.<\/p>\n\n\t\t<\/div>\n\t<\/div>\n<\/div><\/div><\/div><\/div><\/div><div class=\"container\" ><div class=\"vc_row wpb_row vc_row-fluid\"><div class=\"wpb_column vc_column_container vc_col-sm-6\"><div class=\"vc_column-inner\"><div class=\"wpb_wrapper\">\n\t<div class=\"wpb_text_column wpb_content_element\" >\n\t\t<div class=\"wpb_wrapper\">\n\t\t\t<p style=\"text-align: center;\"><span style=\"font-weight: 400;\"><a href=\"https:\/\/rentwell.org\/es\/tenants\/classes\/\" target=\"_blank\" rel=\"noopener\"><img loading=\"lazy\" decoding=\"async\" class=\"aligncenter wp-image-3314\" src=\"https:\/\/rentwell.org\/wp-content\/uploads\/2022\/02\/Dictionary_265066928.png\" alt=\"person classes\" width=\"249\" height=\"252\" srcset=\"https:\/\/rentwell.org\/wp-content\/uploads\/2022\/02\/Dictionary_265066928.png 238w, https:\/\/rentwell.org\/wp-content\/uploads\/2022\/02\/Dictionary_265066928-12x12.png 12w\" sizes=\"auto, (max-width: 249px) 100vw, 249px\" \/><\/a> Inf\u00f3rmate de las clases presenciales. <b><strong><a href=\"https:\/\/rentwell.org\/es\/tenants\/classes\/\" target=\"_blank\" rel=\"noopener\">M\u00e1s informaci\u00f3n&gt;<\/a><\/strong><\/b><\/span><\/p>\n\n\t\t<\/div>\n\t<\/div>\n<\/div><\/div><\/div><div class=\"wpb_column vc_column_container vc_col-sm-6\"><div class=\"vc_column-inner\"><div class=\"wpb_wrapper\">\n\t<div class=\"wpb_text_column wpb_content_element\" >\n\t\t<div class=\"wpb_wrapper\">\n\t\t\t<p><a href=\"https:\/\/rentwell.org\/es\/tenants\/ecourse\/\" target=\"_blank\" rel=\"noopener\"><img loading=\"lazy\" decoding=\"async\" class=\"aligncenter wp-image-3313\" src=\"https:\/\/rentwell.org\/wp-content\/uploads\/2022\/02\/educatoricons_683388169-02.png\" alt=\"eCourse\" width=\"253\" height=\"253\" srcset=\"https:\/\/rentwell.org\/wp-content\/uploads\/2022\/02\/educatoricons_683388169-02.png 157w, https:\/\/rentwell.org\/wp-content\/uploads\/2022\/02\/educatoricons_683388169-02-150x150.png 150w, https:\/\/rentwell.org\/wp-content\/uploads\/2022\/02\/educatoricons_683388169-02-12x12.png 12w\" sizes=\"auto, (max-width: 253px) 100vw, 253px\" \/><\/a><\/p>\n<p style=\"text-align: center;\">Obtenga m\u00e1s informaci\u00f3n sobre el curso electr\u00f3nico.<strong> <a href=\"https:\/\/rentwell.org\/es\/tenants\/ecourse\/\">M\u00e1s informaci\u00f3n&gt;<\/a><\/strong><\/p>\n\n\t\t<\/div>\n\t<\/div>\n<\/div><\/div><\/div><\/div><\/div><div class=\"fullwidth\" ><div class=\"vc_row wpb_row vc_row-fluid\"><div class=\"wpb_column vc_column_container vc_col-sm-12\"><div class=\"vc_column-inner\"><div class=\"wpb_wrapper\">\n\t<div class=\"wpb_text_column wpb_content_element\" >\n\t\t<div class=\"wpb_wrapper\">\n\t\t\t<p>&nbsp;<\/p>\n\n\t\t<\/div>\n\t<\/div>\n<\/div><\/div><\/div><\/div><\/div><div class=\"fullwidth\" ><div class=\"vc_row wpb_row vc_row-fluid\"><div class=\"wpb_column vc_column_container vc_col-sm-12\"><div class=\"vc_column-inner\"><div class=\"wpb_wrapper\"><\/div><\/div><\/div><\/div><\/div><div class=\"fullwidth\" ><div class=\"vc_row wpb_row vc_row-fluid\"><div class=\"wpb_column vc_column_container vc_col-sm-12\"><div class=\"vc_column-inner\"><div class=\"wpb_wrapper\"><\/div><\/div><\/div><\/div><\/div><div class=\"fullwidth\" ><div class=\"vc_row wpb_row vc_row-fluid\"><div class=\"wpb_column vc_column_container vc_col-sm-12\"><div class=\"vc_column-inner\"><div class=\"wpb_wrapper\"><\/div><\/div><\/div><\/div><\/div>","protected":false},"excerpt":{"rendered":"What is Rent Well? Rent Well is a tenant education course that teaches individuals their rights and responsibilities as renters. The course is taught in person or on Zoom at many non-profit and service agencies in Oregon and Washington. This course is also available as an online eCourse that can be completed at your own [...]","protected":false},"author":2,"featured_media":0,"parent":0,"menu_order":0,"comment_status":"closed","ping_status":"closed","template":"","meta":{"footnotes":""},"class_list":["post-121","page","type-page","status-publish","hentry"],"featured_image_src":null,"featured_image_src_square":null,"_links":{"self":[{"href":"https:\/\/rentwell.org\/es\/wp-json\/wp\/v2\/pages\/121","targetHints":{"allow":["GET"]}}],"collection":[{"href":"https:\/\/rentwell.org\/es\/wp-json\/wp\/v2\/pages"}],"about":[{"href":"https:\/\/rentwell.org\/es\/wp-json\/wp\/v2\/types\/page"}],"author":[{"embeddable":true,"href":"https:\/\/rentwell.org\/es\/wp-json\/wp\/v2\/users\/2"}],"replies":[{"embeddable":true,"href":"https:\/\/rentwell.org\/es\/wp-json\/wp\/v2\/comments?post=121"}],"version-history":[{"count":0,"href":"https:\/\/rentwell.org\/es\/wp-json\/wp\/v2\/pages\/121\/revisions"}],"wp:attachment":[{"href":"https:\/\/rentwell.org\/es\/wp-json\/wp\/v2\/media?parent=121"}],"curies":[{"name":"wp","href":"https:\/\/api.w.org\/{rel}","templated":true}]}}