{"id":115,"date":"2015-07-18T09:24:26","date_gmt":"2015-07-18T09:24:26","guid":{"rendered":"https:\/\/rentwell.org\/?page_id=115"},"modified":"2023-07-04T21:38:52","modified_gmt":"2023-07-04T21:38:52","slug":"about","status":"publish","type":"page","link":"https:\/\/rentwell.org\/es\/about\/","title":{"rendered":"Sobre el programa"},"content":{"rendered":"<div class=\"container\" ><div class=\"vc_row wpb_row vc_row-fluid\"><div class=\"wpb_column vc_column_container vc_col-sm-6\"><div class=\"vc_column-inner\"><div class=\"wpb_wrapper\">\t\t\t<div\n\t\t\t\tclass=\"darna-heading style1\" >\n\t\t\t\t\t\t\t\t\t<h2>Nuestra historia<\/h2>\n\t\t\t\t\t\t\t\t\t\t\t<\/div>\n\t\t\t<div class=\"vc_empty_space\"   style=\"height: 22px\" ><span class=\"vc_empty_space_inner\"><\/span><\/div>\n<div class=\"vc_empty_space\"   style=\"height: 22px\" ><span class=\"vc_empty_space_inner\"><\/span><\/div>\n\n\t<div class=\"wpb_text_column wpb_content_element\" >\n\t\t<div class=\"wpb_wrapper\">\n\t\t\t<p><strong>Alquilar bien<\/strong> comenz\u00f3 como un programa de educaci\u00f3n para inquilinos del \u00e1rea metropolitana de Portland que cree que todos tienen derecho a vivir bien, estar bien y alquilar bien. El plan de estudios fue creado en 2009 durante la recesi\u00f3n por un grupo apasionado de defensores de la vivienda que cre\u00edan sinceramente que los inquilinos que necesitaban una segunda oportunidad deber\u00edan tener la oportunidad de obtener una. La administraci\u00f3n del programa se entreg\u00f3 a Transition Projects en 2016. Bajo su liderazgo, Rent Well se convirti\u00f3 en un programa estatal en Oreg\u00f3n, con sucursales en el centro y el sur de Washington y un sin\u00f3nimo de educaci\u00f3n para inquilinos.<\/p>\n\n\t\t<\/div>\n\t<\/div>\n<\/div><\/div><\/div><div class=\"wpb_column vc_column_container vc_col-sm-6\"><div class=\"vc_column-inner\"><div class=\"wpb_wrapper\"><div class=\"vc_empty_space\"   style=\"height: 22px\" ><span class=\"vc_empty_space_inner\"><\/span><\/div>\n<div class=\"vc_empty_space\"   style=\"height: 22px\" ><span class=\"vc_empty_space_inner\"><\/span><\/div>\n<div class=\"vc_empty_space\"   style=\"height: 22px\" ><span class=\"vc_empty_space_inner\"><\/span><\/div>\n<div class=\"vc_empty_space\"   style=\"height: 22px\" ><span class=\"vc_empty_space_inner\"><\/span><\/div>\n\n\t<div class=\"wpb_video_widget wpb_content_element vc_clearfix   vc_video-aspect-ratio-169 vc_video-el-width-100 vc_video-align-left\" >\n\t\t<div class=\"wpb_wrapper\">\n\t\t\t\n\t\t\t<div class=\"wpb_video_wrapper\"><iframe loading=\"lazy\" title=\"Rent Well es educaci\u00f3n para inquilinos\" width=\"500\" height=\"281\" src=\"https:\/\/www.youtube.com\/embed\/79R0-QtBqvs?feature=oembed\" frameborder=\"0\" allow=\"accelerometer; autoplay; clipboard-write; encrypted-media; gyroscope; picture-in-picture; web-share\" referrerpolicy=\"strict-origin-when-cross-origin\" allowfullscreen><\/iframe><\/div>\n\t\t<\/div>\n\t<\/div>\n<\/div><\/div><\/div><\/div><\/div><div class=\"container\" ><div class=\"vc_row wpb_row vc_row-fluid\"><div class=\"wpb_column vc_column_container vc_col-sm-12\"><div class=\"vc_column-inner\"><div class=\"wpb_wrapper\"><div class=\"vc_empty_space\"   style=\"height: 22px\" ><span class=\"vc_empty_space_inner\"><\/span><\/div>\n<div class=\"vc_empty_space\"   style=\"height: 22px\" ><span class=\"vc_empty_space_inner\"><\/span><\/div>\n\n\t<div class=\"wpb_text_column wpb_content_element\" >\n\t\t<div class=\"wpb_wrapper\">\n\t\t\t<h2>Sobre el curso<\/h2>\n\n\t\t<\/div>\n\t<\/div>\n<div class=\"vc_empty_space\"   style=\"height: 22px\" ><span class=\"vc_empty_space_inner\"><\/span><\/div>\n\n\t<div class=\"wpb_text_column wpb_content_element\" >\n\t\t<div class=\"wpb_wrapper\">\n\t\t\t<p>Hist\u00f3ricamente, este plan de estudios fue desarrollado para aquellos que ten\u00edan barreras previas a la vivienda. Estas barreras pueden incluir un historial de falta de vivienda o brechas notables en el historial de alquiler, problemas de adicci\u00f3n, participaci\u00f3n en la justicia penal, desalojos, mal cr\u00e9dito y deudas de propiedad pasadas, entre otros. Sin embargo, este curso puede ser muy beneficioso para cualquier persona que quiera saber m\u00e1s sobre sus derechos y responsabilidades como inquilinos.<\/p>\n<p>El plan de estudios de Rent Well se divide en doce secciones de 70 minutos y se puede impartir a trav\u00e9s de clases en persona o de estilo seminario web por parte de instructores certificados o un estudiante puede pasar por nuestra versi\u00f3n independiente de eCourse.<\/p>\n<p>Estas secciones cubren todo, desde las leyes de vivienda justa, el proceso de selecci\u00f3n de alquileres, c\u00f3mo hablar con un propietario potencial sobre las barreras de detecci\u00f3n, reparaci\u00f3n de cr\u00e9dito y construcci\u00f3n, c\u00f3mo mantener un hogar saludable, el proceso de desalojo y mucho m\u00e1s. Los estudiantes tambi\u00e9n reciben una copia de su propio informe de evaluaci\u00f3n de alquiler, gracias a una asociaci\u00f3n con <a href=\"https:\/\/pacificscreening.com\" target=\"_blank\" rel=\"noopener\">Proyecci\u00f3n del Pac\u00edfico<\/a>.<\/p>\n\n\t\t<\/div>\n\t<\/div>\n\n\t<div  class=\"wpb_single_image wpb_content_element vc_align_center\">\n\t\t\n\t\t<figure class=\"wpb_wrapper vc_figure\">\n\t\t\t<div class=\"vc_single_image-wrapper   vc_box_border_grey\"><img loading=\"lazy\" decoding=\"async\" width=\"1024\" height=\"576\" src=\"https:\/\/rentwell.org\/wp-content\/uploads\/2022\/08\/CourseSections-1024x576.png\" class=\"vc_single_image-img attachment-large\" alt=\"Course Overview\" srcset=\"https:\/\/rentwell.org\/wp-content\/uploads\/2022\/08\/CourseSections-1024x576.png 1024w, https:\/\/rentwell.org\/wp-content\/uploads\/2022\/08\/CourseSections-300x169.png 300w, https:\/\/rentwell.org\/wp-content\/uploads\/2022\/08\/CourseSections-768x432.png 768w, https:\/\/rentwell.org\/wp-content\/uploads\/2022\/08\/CourseSections-1536x864.png 1536w, https:\/\/rentwell.org\/wp-content\/uploads\/2022\/08\/CourseSections-18x10.png 18w, https:\/\/rentwell.org\/wp-content\/uploads\/2022\/08\/CourseSections.png 1919w\" sizes=\"auto, (max-width: 1024px) 100vw, 1024px\" \/><\/div>\n\t\t<\/figure>\n\t<\/div>\n<div class=\"vc_empty_space\"   style=\"height: 24px\" ><span class=\"vc_empty_space_inner\"><\/span><\/div>\n<\/div><\/div><\/div><\/div><\/div>","protected":false},"excerpt":{"rendered":"Our history Rent Well began as a Portland metro area tenant education program that believes everyone has the right to live well, be well, and rent well. The curriculum was created in 2009 during the recession by a passionate group of housing champions who sincerely believed that renters who needed a second chance should have [...]","protected":false},"author":4,"featured_media":0,"parent":0,"menu_order":0,"comment_status":"closed","ping_status":"closed","template":"","meta":{"footnotes":""},"class_list":["post-115","page","type-page","status-publish","hentry"],"featured_image_src":null,"featured_image_src_square":null,"_links":{"self":[{"href":"https:\/\/rentwell.org\/es\/wp-json\/wp\/v2\/pages\/115","targetHints":{"allow":["GET"]}}],"collection":[{"href":"https:\/\/rentwell.org\/es\/wp-json\/wp\/v2\/pages"}],"about":[{"href":"https:\/\/rentwell.org\/es\/wp-json\/wp\/v2\/types\/page"}],"author":[{"embeddable":true,"href":"https:\/\/rentwell.org\/es\/wp-json\/wp\/v2\/users\/4"}],"replies":[{"embeddable":true,"href":"https:\/\/rentwell.org\/es\/wp-json\/wp\/v2\/comments?post=115"}],"version-history":[{"count":0,"href":"https:\/\/rentwell.org\/es\/wp-json\/wp\/v2\/pages\/115\/revisions"}],"wp:attachment":[{"href":"https:\/\/rentwell.org\/es\/wp-json\/wp\/v2\/media?parent=115"}],"curies":[{"name":"wp","href":"https:\/\/api.w.org\/{rel}","templated":true}]}}