{"id":1131,"date":"2022-02-27T03:33:12","date_gmt":"2022-02-27T03:33:12","guid":{"rendered":"https:\/\/rentwell.org\/?page_id=1131"},"modified":"2023-04-28T23:04:11","modified_gmt":"2023-04-28T23:04:11","slug":"payout","status":"publish","type":"page","link":"https:\/\/rentwell.org\/es\/landlords\/payout\/","title":{"rendered":"Solicitud de pago de garant\u00eda de alquiler"},"content":{"rendered":"<div class=\"fullwidth\" ><div class=\"vc_row wpb_row vc_row-fluid\"><div class=\"wpb_column vc_column_container vc_col-sm-12\"><div class=\"vc_column-inner\"><div class=\"wpb_wrapper\">\t\t\t<div\n\t\t\t\tclass=\"darna-heading style1\" >\n\t\t\t\t\t\t\t\t\t<h2>Formulario de solicitud de pago de garant\u00eda de alquiler<\/h2>\n\t\t\t\t\t\t\t\t\t\t\t<\/div>\n\t\t\t<\/div><\/div><\/div><\/div><\/div><div class=\"fullwidth\" ><div class=\"vc_row wpb_row vc_row-fluid\"><div class=\"wpb_column vc_column_container vc_col-sm-12\"><div class=\"vc_column-inner\"><div class=\"wpb_wrapper\">\n\t<div class=\"wpb_text_column wpb_content_element\" >\n\t\t<div class=\"wpb_wrapper\">\n\t\t\t<p>Complete el Formulario de solicitud de pago del Programa de garant\u00eda de alquiler y env\u00ede el paquete de solicitud a Rent Well. Los propietarios deben presentar la solicitud dentro de los 30 d\u00edas a partir de la fecha de vencimiento de la Garant\u00eda y\/o la fecha en que el propietario recupera la posesi\u00f3n de la unidad del inquilino, lo que ocurra primero. La Garant\u00eda est\u00e1 disponible por un m\u00e1ximo de $5000.00 en reembolso de gastos elegibles. El paquete de solicitud debe incluir:<\/p>\n<ul>\n<li>Estado contable que refleja los gastos adeudados por el inquilino<\/li>\n<li>Copia del informe de inspecci\u00f3n\/condici\u00f3n de mudanza<\/li>\n<li>Recibos o facturas de cualquier reparaci\u00f3n si solicita el reembolso de los da\u00f1os (si las reparaciones las realiza personal interno, entonces se requiere documentaci\u00f3n del tiempo empleado y la tarifa por hora)<\/li>\n<li>Documentaci\u00f3n de falta de pago de la renta (avisos de 72 horas, libro de inquilinos, etc.) si solicita reembolso por falta de pago de la renta<\/li>\n<li>Recibos de cualquier costo judicial relacionado con el desalojo, si corresponde<\/li>\n<li>Formulario de satisfacci\u00f3n del fallo, si corresponde<\/li>\n<\/ul>\n\n\t\t<\/div>\n\t<\/div>\n<\/div><\/div><\/div><\/div><\/div><div class=\"fullwidth\" ><div class=\"vc_row wpb_row vc_row-fluid\"><div class=\"wpb_column vc_column_container vc_col-sm-12\"><div class=\"vc_column-inner\"><div class=\"wpb_wrapper\">\n<div class=\"wpcf7 no-js\" id=\"wpcf7-f1130-o1\" lang=\"en-US\" dir=\"ltr\" data-wpcf7-id=\"1130\">\n<div class=\"screen-reader-response\"><p role=\"status\" aria-live=\"polite\" aria-atomic=\"true\"><\/p> <ul><\/ul><\/div>\n<form action=\"\/es\/wp-json\/wp\/v2\/pages\/1131#wpcf7-f1130-o1\" method=\"post\" class=\"wpcf7-form init\" aria-label=\"Formulario de contacto\" enctype=\"multipart\/form-data\" novalidate=\"novalidate\" data-status=\"init\" data-trp-original-action=\"\/es\/wp-json\/wp\/v2\/pages\/1131#wpcf7-f1130-o1\">\n<fieldset class=\"hidden-fields-container\"><input type=\"hidden\" name=\"_wpcf7\" value=\"1130\" \/><input type=\"hidden\" name=\"_wpcf7_version\" value=\"6.1.5\" \/><input type=\"hidden\" name=\"_wpcf7_locale\" value=\"en_US\" \/><input type=\"hidden\" name=\"_wpcf7_unit_tag\" value=\"wpcf7-f1130-o1\" \/><input type=\"hidden\" name=\"_wpcf7_container_post\" value=\"0\" \/><input type=\"hidden\" name=\"_wpcf7_posted_data_hash\" value=\"\" \/>\n<\/fieldset>\n<div class=\"cap-form\" id=\"form\">\n\t<h1 class=\"text-center\">Informaci\u00f3n de la propiedad\n\t<\/h1>\n\t<div class=\"left wd-100\">\n\t\t<div class=\"left wd-100\">\n\t\t\t<p><label> El administrador de la propiedad \/ propietario \/ nombre del propietario:<br \/>\n<span class=\"wpcf7-form-control-wrap\" data-name=\"ll-name\"><input size=\"40\" maxlength=\"400\" class=\"wpcf7-form-control wpcf7-text wpcf7-validates-as-required\" aria-required=\"true\" aria-invalid=\"false\" value=\"\" type=\"text\" name=\"ll-name\" \/><\/span> <\/label>\n\t\t\t<\/p>\n\t\t<\/div>\n\t\t<div class=\"left wd-100\">\n\t\t\t<p><label> Nombre de la propiedad:<br \/>\n<span class=\"wpcf7-form-control-wrap\" data-name=\"property-name\"><input size=\"40\" maxlength=\"400\" class=\"wpcf7-form-control wpcf7-text wpcf7-validates-as-required\" aria-required=\"true\" aria-invalid=\"false\" value=\"\" type=\"text\" name=\"property-name\" \/><\/span> <\/label>\n\t\t\t<\/p>\n\t\t<\/div>\n\t\t<div class=\"left wd-100\">\n\t\t\t<p><label> Direcci\u00f3n de envio:<br \/>\n<span class=\"wpcf7-form-control-wrap\" data-name=\"ll-address\"><input size=\"40\" maxlength=\"400\" class=\"wpcf7-form-control wpcf7-text wpcf7-validates-as-required\" aria-required=\"true\" aria-invalid=\"false\" value=\"\" type=\"text\" name=\"ll-address\" \/><\/span> <\/label>\n\t\t\t<\/p>\n\t\t<\/div>\n\t\t<div class=\"left wd-50\">\n\t\t\t<p><label> N\u00famero de tel\u00e9fono:<br \/>\n<span class=\"wpcf7-form-control-wrap\" data-name=\"ll-telephone\"><input size=\"40\" maxlength=\"400\" class=\"wpcf7-form-control wpcf7-text wpcf7-validates-as-required\" aria-required=\"true\" aria-invalid=\"false\" value=\"\" type=\"text\" name=\"ll-telephone\" \/><\/span> <\/label>\n\t\t\t<\/p>\n\t\t<\/div>\n\t\t<div class=\"left wd-50\">\n\t\t\t<p><label> Direcci\u00f3n de correo electr\u00f3nico:<br \/>\n<span class=\"wpcf7-form-control-wrap\" data-name=\"ll-email\"><input size=\"40\" maxlength=\"400\" class=\"wpcf7-form-control wpcf7-email wpcf7-validates-as-required wpcf7-text wpcf7-validates-as-email\" aria-required=\"true\" aria-invalid=\"false\" value=\"\" type=\"email\" name=\"ll-email\" \/><\/span> <\/label>\n\t\t\t<\/p>\n\t\t<\/div>\n\t\t<div class=\"left wd-100\">\n\t\t\t<h2 class=\"text-center\">Informaci\u00f3n de solicitud de pago\n\t\t\t<\/h2>\n\t\t<\/div>\n\t\t<div class=\"left wd-100\">\n\t\t\t<p><label> Nombre del inquilino (s):<br \/>\n<span class=\"wpcf7-form-control-wrap\" data-name=\"t-names\"><input size=\"40\" maxlength=\"400\" class=\"wpcf7-form-control wpcf7-text wpcf7-validates-as-required\" aria-required=\"true\" aria-invalid=\"false\" value=\"\" type=\"text\" name=\"t-names\" \/><\/span> <\/label>\n\t\t\t<\/p>\n\t\t<\/div>\n\t\t<div class=\"left wd-100\">\n\t\t\t<p><label> Direcci\u00f3n a la que se mudan:<br \/>\n<span class=\"wpcf7-form-control-wrap\" data-name=\"t-address\"><input size=\"40\" maxlength=\"400\" class=\"wpcf7-form-control wpcf7-text wpcf7-validates-as-required\" aria-required=\"true\" aria-invalid=\"false\" value=\"\" type=\"text\" name=\"t-address\" \/><\/span> <\/label>\n\t\t\t<\/p>\n\t\t<\/div>\n\t\t<div class=\"left wd-50\">\n\t\t\t<p><label> Condado:<br \/>\n<span class=\"wpcf7-form-control-wrap\" data-name=\"t-county\"><input size=\"40\" maxlength=\"400\" class=\"wpcf7-form-control wpcf7-text wpcf7-validates-as-required\" aria-required=\"true\" aria-invalid=\"false\" value=\"\" type=\"text\" name=\"t-county\" \/><\/span> <\/label>\n\t\t\t<\/p>\n\t\t<\/div>\n\t\t<div class=\"left wd-50\">\n\t\t\t<p><label> En qu\u00e9 fecha tom\u00f3 posesi\u00f3n de la unidad el Administrador de la Propiedad:<br \/>\n<span class=\"wpcf7-form-control-wrap\" data-name=\"effective-date\"><input class=\"wpcf7-form-control wpcf7-date wpcf7-validates-as-required wpcf7-validates-as-date\" aria-required=\"true\" aria-invalid=\"false\" value=\"\" type=\"date\" name=\"effective-date\" \/><\/span> <\/label>\n\t\t\t<\/p>\n\t\t<\/div>\n\t\t<div class=\"left wd-100\">\n\t\t\t<p><label> Motivo de la solicitud de pago:<br \/>\n<span class=\"wpcf7-form-control-wrap\" data-name=\"reason\"><input size=\"40\" maxlength=\"400\" class=\"wpcf7-form-control wpcf7-text wpcf7-validates-as-required\" aria-required=\"true\" aria-invalid=\"false\" value=\"\" type=\"text\" name=\"reason\" \/><\/span> <\/label>\n\t\t\t<\/p>\n\t\t<\/div>\n\t\t<div class=\"left wd-100\">\n\t\t\t<p><label> Importe total de los cargos adeudados:<br \/>\n<span class=\"wpcf7-form-control-wrap\" data-name=\"charges\"><input size=\"40\" maxlength=\"400\" class=\"wpcf7-form-control wpcf7-text wpcf7-validates-as-required\" aria-required=\"true\" aria-invalid=\"false\" value=\"\" type=\"text\" name=\"charges\" \/><\/span> <\/label>\n\t\t\t<\/p>\n\t\t<\/div>\n\t\t<div class=\"left wd-100\">\n\t\t\t<p><label> Cantidad total de dep\u00f3sitos prepagos, alquiler o tarifas pagadas por el inquilino:<br \/>\n<span class=\"wpcf7-form-control-wrap\" data-name=\"perpaid\"><input size=\"40\" maxlength=\"400\" class=\"wpcf7-form-control wpcf7-text wpcf7-validates-as-required\" aria-required=\"true\" aria-invalid=\"false\" value=\"\" type=\"text\" name=\"perpaid\" \/><\/span> <\/label>\n\t\t\t<\/p>\n\t\t<\/div>\n\t\t<div class=\"left wd-100\">\n\t\t\t<p><label> Importe total del pago solicitado:<br \/>\n<span class=\"wpcf7-form-control-wrap\" data-name=\"total\"><input size=\"40\" maxlength=\"400\" class=\"wpcf7-form-control wpcf7-text wpcf7-validates-as-required\" aria-required=\"true\" aria-invalid=\"false\" value=\"\" type=\"text\" name=\"total\" \/><\/span> <\/label>\n\t\t\t<\/p>\n\t\t<\/div>\n\t\t<div class=\"left wd-100\">\n\t\t\t<p><span class=\"wpcf7-form-control-wrap\" data-name=\"certify\"><span class=\"wpcf7-form-control wpcf7-acceptance\"><span class=\"wpcf7-list-item\"><input type=\"checkbox\" name=\"certify\" value=\"1\" aria-invalid=\"false\" \/><\/span><\/span><\/span> Certifico que esta informaci\u00f3n es verdadera y correcta a mi leal saber y entender. Entiendo que Transition Projects, Rent Well y Oregon Housing and Community Services se reservan el derecho de inspeccionar la unidad. Al enviar el Formulario de solicitud, acepto que (a) no buscar\u00e9 el reembolso de los costos de ning\u00fan inquilino por el cual se presente este reclamo, (b) si ya se ha presentado una acci\u00f3n contra un inquilino, presentar\u00e9 una satisfacci\u00f3n del fallo despu\u00e9s de recibir el pago de Transition Projects para asegurarme de no recibir un pago duplicado por costos y gastos reembolsados. En la medida en que reciba un pago de conformidad con este Formulario de solicitud por gastos que ya se hayan satisfecho, acepto reembolsar a Transition Projects cualquier sobrepago recibido, o Transition Projects puede compensar el monto recibido de conformidad con su solicitud por cualquier cantidad que haya todo recibido.\n\t\t\t<\/p>\n\t\t<\/div>\n\t\t<div class=\"left wd-50\">\n\t\t\t<p><label> Tu nombre:<br \/>\n<span class=\"wpcf7-form-control-wrap\" data-name=\"your-name\"><input size=\"40\" maxlength=\"400\" class=\"wpcf7-form-control wpcf7-text wpcf7-validates-as-required\" aria-required=\"true\" aria-invalid=\"false\" value=\"\" type=\"text\" name=\"your-name\" \/><\/span> <\/label>\n\t\t\t<\/p>\n\t\t<\/div>\n\t\t<div class=\"left wd-50\">\n\t\t\t<p><label> Fecha:<br \/>\n<span class=\"wpcf7-form-control-wrap\" data-name=\"date\"><input size=\"40\" maxlength=\"400\" class=\"wpcf7-form-control wpcf7-text wpcf7-validates-as-required\" aria-required=\"true\" aria-invalid=\"false\" value=\"\" type=\"text\" name=\"date\" \/><\/span> <\/label>\n\t\t\t<\/p>\n\t\t<\/div>\n\t\t<p><b>Si est\u00e1 disponible en ese momento y es necesario para esta solicitud de pago, cargue copias de lo siguiente:<\/b><br \/>\n<b>Estado Contable:<\/b><span class=\"wpcf7-form-control-wrap\" data-name=\"Accounting\"><input size=\"40\" class=\"wpcf7-form-control wpcf7-file\" accept=\"audio\/*,video\/*,image\/*\" aria-invalid=\"false\" type=\"file\" name=\"Accounting\" \/><\/span><br \/>\n<b>Informe de condiciones de mudanza:<\/b><span class=\"wpcf7-form-control-wrap\" data-name=\"MoveOut\"><input size=\"40\" class=\"wpcf7-form-control wpcf7-file\" accept=\"audio\/*,video\/*,image\/*\" aria-invalid=\"false\" type=\"file\" name=\"MoveOut\" \/><\/span><br \/>\n<b>Recibos o facturas por cualquier reparaci\u00f3n:<\/b><span class=\"wpcf7-form-control-wrap\" data-name=\"Receipts\"><input size=\"40\" class=\"wpcf7-form-control wpcf7-file\" accept=\"audio\/*,video\/*,image\/*\" aria-invalid=\"false\" type=\"file\" name=\"Receipts\" \/><\/span><br \/>\n<b>Documentaci\u00f3n de Falta de Pago de Renta:<\/b><span class=\"wpcf7-form-control-wrap\" data-name=\"NonPayment\"><input size=\"40\" class=\"wpcf7-form-control wpcf7-file\" accept=\"audio\/*,video\/*,image\/*\" aria-invalid=\"false\" type=\"file\" name=\"NonPayment\" \/><\/span><br \/>\n<b>Recibos de cualquier costo judicial relacionado con el desalojo:<\/b><span class=\"wpcf7-form-control-wrap\" data-name=\"Court\"><input size=\"40\" class=\"wpcf7-form-control wpcf7-file\" accept=\"audio\/*,video\/*,image\/*\" aria-invalid=\"false\" type=\"file\" name=\"Court\" \/><\/span><br \/>\n<b>Formulario de cumplimiento de sentencia:<\/b><span class=\"wpcf7-form-control-wrap\" data-name=\"Judgment\"><input size=\"40\" class=\"wpcf7-form-control wpcf7-file\" accept=\"audio\/*,video\/*,image\/*\" aria-invalid=\"false\" type=\"file\" name=\"Judgment\" \/><\/span>\n\t\t<\/p>\n\t\t<div class=\"wd-100 left\">\n\t\t\t<div id=\"cf7sr-69e10e50a7fdd\" class=\"cf7sr-g-recaptcha\" data-theme=\"light\" data-type=\"image\" data-size=\"normal\" data-sitekey=\"6LdKT5UbAAAAAGZjvOXFuNwBoBIzrWM7ONlKFU_c\"><\/div><span class=\"wpcf7-form-control-wrap cf7sr-recaptcha\" data-name=\"cf7sr-recaptcha\"><input type=\"hidden\" name=\"cf7sr-recaptcha\" value=\"\" class=\"wpcf7-form-control\"><\/span><br \/>\n<input class=\"wpcf7-form-control wpcf7-submit has-spinner\" type=\"submit\" value=\"Enviar\" \/>\n\t\t\t<\/p>\n\t\t<\/div>\n\t<\/div>\n<\/div><p style=\"display: none !important;\" class=\"akismet-fields-container\" data-prefix=\"_wpcf7_ak_\"><label>\u0394<textarea name=\"_wpcf7_ak_hp_textarea\" cols=\"45\" rows=\"8\" maxlength=\"100\"><\/textarea><\/label><input type=\"hidden\" id=\"ak_js_1\" name=\"_wpcf7_ak_js\" value=\"6\"\/><script>document.getElementById( \"ak_js_1\" ).setAttribute( \"value\", ( new Date() ).getTime() );<\/script><\/p><input type='hidden' class='wpcf7-pum' value='{\"closepopup\":false,\"closedelay\":0,\"openpopup\":false,\"openpopup_id\":0}' \/><div class=\"wpcf7-response-output\" aria-hidden=\"true\"><\/div>\n<input type=\"hidden\" name=\"trp-form-language\" value=\"es\"\/><\/form>\n<\/div>\n<\/div><\/div><\/div><\/div><\/div><div class=\"fullwidth\" ><div class=\"vc_row wpb_row vc_row-fluid\"><\/div><\/div>","protected":false},"excerpt":{"rendered":"Rent Guarantee Payout Request Form Please fill out the Rent Guarantee Program Payment Request Form and submit the request packet to Rent Well. Landlords must file the request within 30 days from the date the Guarantee expires and\/or the date the landlord takes back possession of the unit from the tenant, whichever occurs first. The [...]","protected":false},"author":4,"featured_media":0,"parent":927,"menu_order":0,"comment_status":"closed","ping_status":"closed","template":"","meta":{"footnotes":""},"class_list":["post-1131","page","type-page","status-publish","hentry"],"featured_image_src":null,"featured_image_src_square":null,"_links":{"self":[{"href":"https:\/\/rentwell.org\/es\/wp-json\/wp\/v2\/pages\/1131","targetHints":{"allow":["GET"]}}],"collection":[{"href":"https:\/\/rentwell.org\/es\/wp-json\/wp\/v2\/pages"}],"about":[{"href":"https:\/\/rentwell.org\/es\/wp-json\/wp\/v2\/types\/page"}],"author":[{"embeddable":true,"href":"https:\/\/rentwell.org\/es\/wp-json\/wp\/v2\/users\/4"}],"replies":[{"embeddable":true,"href":"https:\/\/rentwell.org\/es\/wp-json\/wp\/v2\/comments?post=1131"}],"version-history":[{"count":0,"href":"https:\/\/rentwell.org\/es\/wp-json\/wp\/v2\/pages\/1131\/revisions"}],"up":[{"embeddable":true,"href":"https:\/\/rentwell.org\/es\/wp-json\/wp\/v2\/pages\/927"}],"wp:attachment":[{"href":"https:\/\/rentwell.org\/es\/wp-json\/wp\/v2\/media?parent=1131"}],"curies":[{"name":"wp","href":"https:\/\/api.w.org\/{rel}","templated":true}]}}