{"id":106,"date":"2015-07-18T09:20:40","date_gmt":"2015-07-18T09:20:40","guid":{"rendered":"https:\/\/rentwell.org\/?page_id=106"},"modified":"2024-03-12T23:25:59","modified_gmt":"2024-03-12T23:25:59","slug":"home-1","status":"publish","type":"page","link":"https:\/\/rentwell.org\/es\/","title":{"rendered":"Hogar"},"content":{"rendered":"<div class=\"container\" ><div class=\"vc_row wpb_row vc_row-fluid text-center margin-bottom-100\"><div class=\"col-md-5 col-sm-12 col-xs-12 wpb_column vc_column_container vc_col-sm-5\"><div class=\"vc_column-inner\"><div class=\"wpb_wrapper\"><div class=\"vc_empty_space  home-space\"   style=\"height: 250px\" ><span class=\"vc_empty_space_inner\"><\/span><\/div>\n\n\t<div  class=\"wpb_single_image wpb_content_element vc_align_center   home-image\">\n\t\t\n\t\t<figure class=\"wpb_wrapper vc_figure\">\n\t\t\t<div class=\"vc_single_image-wrapper   vc_box_border_grey\"><img loading=\"lazy\" decoding=\"async\" width=\"260\" height=\"300\" src=\"https:\/\/rentwell.org\/wp-content\/uploads\/2023\/02\/program-of-Transition-Projects.png\" class=\"vc_single_image-img attachment-medium\" alt=\"rent well program\" srcset=\"https:\/\/rentwell.org\/wp-content\/uploads\/2023\/02\/program-of-Transition-Projects.png 260w, https:\/\/rentwell.org\/wp-content\/uploads\/2023\/02\/program-of-Transition-Projects-10x12.png 10w\" sizes=\"auto, (max-width: 260px) 100vw, 260px\" \/><\/div>\n\t\t<\/figure>\n\t<\/div>\n<\/div><\/div><\/div><div class=\"col-md-7 col-sm-12 col-xs-12 wpb_column vc_column_container vc_col-sm-7\"><div class=\"vc_column-inner vc_custom_1437475347965\"><div class=\"wpb_wrapper\">\t\t\t<div\n\t\t\t\tclass=\"darna-heading style1\" >\n\t\t\t\t\t\t\t\t\t<h2>Obtenga las llaves, qu\u00e9dese con las llaves<\/h2>\n\t\t\t\t\t\t\t\t\t\t\t<\/div>\n\t\t\t\n\t<div class=\"wpb_text_column wpb_content_element  vc_custom_1710285956748\" >\n\t\t<div class=\"wpb_wrapper\">\n\t\t\t<p><strong>Rent Well, un programa de Proyectos de Transici\u00f3n, <\/strong>es un programa educativo para inquilinos de 15 horas que ayuda a capacitar a los residentes de OR y WA con el conocimiento y las habilidades para navegar con \u00e9xito el alquiler. Las lecciones cubren la elaboraci\u00f3n de presupuestos, el proceso de solicitud, habilidades de comunicaci\u00f3n, derechos de los inquilinos, expectativas del propietario, mantenimiento de la unidad, consejos para mudanzas y mucho m\u00e1s.<\/p>\n<p>Los cursos Rent Well est\u00e1n disponibles en tres estilos diferentes para satisfacer las necesidades de la comunidad: sesiones en persona, estilo seminario web y como curso electr\u00f3nico en l\u00ednea. En ese momento, el curso electr\u00f3nico solo est\u00e1 disponible para los residentes de Oreg\u00f3n. Las clases en persona y estilo seminario web son impartidas por instructores certificados en agencias asociadas que han completado nuestra Academia de Educadores para Inquilinos y se mantienen actualizados con las recertificaciones. Esta capacitaci\u00f3n es una inmersi\u00f3n profunda e intensiva sobre c\u00f3mo impartir el curso en su agencia.<\/p>\n<h4 style=\"text-align: center;\"><strong>Creemos que todos merecen el derecho a vivir bien, estar bien y alquilar bien.<\/strong><\/h4>\n\n\t\t<\/div>\n\t<\/div>\n\t\t\t\t\t\t<a class=\"darna-button size-xs style1 icon-left\"\n\t\t\t   href=\"https:\/\/rentwell.org\/es\/about\/\"\n\t\t\t   title=\"APRENDE M\u00c1S\"\n\t\t\t   target=\"_self\"\n\t\t\t\t>\n\t\t\t\tAPRENDE M\u00c1S\t\t\t<\/a>\n\t\t\t\t\t<\/div><\/div><\/div><\/div><\/div><div class=\"container\" ><div class=\"vc_row wpb_row vc_row-fluid text-center\"><div class=\"wpb_column vc_column_container vc_col-sm-12\"><div class=\"vc_column-inner\"><div class=\"wpb_wrapper\">\t\t\t<div\n\t\t\t\tclass=\"darna-heading style1\" >\n\t\t\t\t\t\t\t\t\t<h2>Nuestros servicios<\/h2>\n\t\t\t\t\t\t\t\t\t\t\t<\/div>\n\t\t\t<div class=\"vc_empty_space\"   style=\"height: 42px\" ><span class=\"vc_empty_space_inner\"><\/span><\/div>\n<\/div><\/div><\/div><div class=\"wpb_column vc_column_container vc_col-sm-4\"><div class=\"vc_column-inner\"><div class=\"wpb_wrapper\">\n\t<div  class=\"wpb_single_image wpb_content_element vc_align_center\">\n\t\t\n\t\t<figure class=\"wpb_wrapper vc_figure\">\n\t\t\t<div class=\"vc_single_image-wrapper   vc_box_border_grey\"><img loading=\"lazy\" decoding=\"async\" width=\"150\" height=\"150\" src=\"https:\/\/rentwell.org\/wp-content\/uploads\/2023\/04\/Home_TenantIcon-150x150.png\" class=\"vc_single_image-img attachment-thumbnail\" alt=\"\" srcset=\"https:\/\/rentwell.org\/wp-content\/uploads\/2023\/04\/Home_TenantIcon-150x150.png 150w, https:\/\/rentwell.org\/wp-content\/uploads\/2023\/04\/Home_TenantIcon-300x300.png 300w, https:\/\/rentwell.org\/wp-content\/uploads\/2023\/04\/Home_TenantIcon-1024x1024.png 1024w, https:\/\/rentwell.org\/wp-content\/uploads\/2023\/04\/Home_TenantIcon-768x768.png 768w, https:\/\/rentwell.org\/wp-content\/uploads\/2023\/04\/Home_TenantIcon-12x12.png 12w, https:\/\/rentwell.org\/wp-content\/uploads\/2023\/04\/Home_TenantIcon-600x600.png 600w, https:\/\/rentwell.org\/wp-content\/uploads\/2023\/04\/Home_TenantIcon.png 1316w\" sizes=\"auto, (max-width: 150px) 100vw, 150px\" \/><\/div>\n\t\t<\/figure>\n\t<\/div>\n<div class=\"vc_empty_space\"   style=\"height: 12px\" ><span class=\"vc_empty_space_inner\"><\/span><\/div>\n\n\t<div class=\"wpb_text_column wpb_content_element\" >\n\t\t<div class=\"wpb_wrapper\">\n\t\t\t<h2 style=\"text-align: center;\">PARA INQUILINOS<\/h2>\n<p style=\"text-align: center;\">Aprenda c\u00f3mo mitigar sus barreras a la vivienda tomando el curso de educaci\u00f3n para inquilinos de Rent Well.<\/p>\n\n\t\t<\/div>\n\t<\/div>\n\t\t\t\t\t\t<a class=\"darna-button size-md style1 icon-left\"\n\t\t\t   href=\"https:\/\/rentwell.org\/es\/tenants\/\"\n\t\t\t   title=\"Lee mas\"\n\t\t\t   target=\"_self\"\n\t\t\t\t>\n\t\t\t\tLee mas\t\t\t<\/a>\n\t\t\t\t\t<div class=\"vc_empty_space\"   style=\"height: 12px\" ><span class=\"vc_empty_space_inner\"><\/span><\/div>\n<\/div><\/div><\/div><div class=\"wpb_column vc_column_container vc_col-sm-4\"><div class=\"vc_column-inner\"><div class=\"wpb_wrapper\">\n\t<div  class=\"wpb_single_image wpb_content_element vc_align_center\">\n\t\t\n\t\t<figure class=\"wpb_wrapper vc_figure\">\n\t\t\t<div class=\"vc_single_image-wrapper   vc_box_border_grey\"><img loading=\"lazy\" decoding=\"async\" width=\"150\" height=\"150\" src=\"https:\/\/rentwell.org\/wp-content\/uploads\/2023\/04\/Home_AgencyIcon-150x150.png\" class=\"vc_single_image-img attachment-thumbnail\" alt=\"\" srcset=\"https:\/\/rentwell.org\/wp-content\/uploads\/2023\/04\/Home_AgencyIcon-150x150.png 150w, https:\/\/rentwell.org\/wp-content\/uploads\/2023\/04\/Home_AgencyIcon-300x300.png 300w, https:\/\/rentwell.org\/wp-content\/uploads\/2023\/04\/Home_AgencyIcon-1024x1024.png 1024w, https:\/\/rentwell.org\/wp-content\/uploads\/2023\/04\/Home_AgencyIcon-768x768.png 768w, https:\/\/rentwell.org\/wp-content\/uploads\/2023\/04\/Home_AgencyIcon-12x12.png 12w, https:\/\/rentwell.org\/wp-content\/uploads\/2023\/04\/Home_AgencyIcon-600x600.png 600w, https:\/\/rentwell.org\/wp-content\/uploads\/2023\/04\/Home_AgencyIcon.png 1259w\" sizes=\"auto, (max-width: 150px) 100vw, 150px\" \/><\/div>\n\t\t<\/figure>\n\t<\/div>\n<div class=\"vc_empty_space\"   style=\"height: 12px\" ><span class=\"vc_empty_space_inner\"><\/span><\/div>\n\n\t<div class=\"wpb_text_column wpb_content_element\" >\n\t\t<div class=\"wpb_wrapper\">\n\t\t\t<h2 style=\"text-align: center;\">PARA EDUCADORES<\/h2>\n<p style=\"text-align: center;\">Apoye a los clientes en su viaje de vivienda convirti\u00e9ndose en un educador o un socio de agencia comunitaria.<\/p>\n\n\t\t<\/div>\n\t<\/div>\n\t\t\t\t\t\t<a class=\"darna-button size-md style1 icon-left\"\n\t\t\t   href=\"https:\/\/rentwell.org\/es\/educators\/\"\n\t\t\t   title=\"Lee mas\"\n\t\t\t   target=\"_self\"\n\t\t\t\t>\n\t\t\t\tLee mas\t\t\t<\/a>\n\t\t\t\t\t<div class=\"vc_empty_space\"   style=\"height: 48px\" ><span class=\"vc_empty_space_inner\"><\/span><\/div>\n<\/div><\/div><\/div><div class=\"wpb_column vc_column_container vc_col-sm-4\"><div class=\"vc_column-inner\"><div class=\"wpb_wrapper\">\n\t<div  class=\"wpb_single_image wpb_content_element vc_align_center\">\n\t\t\n\t\t<figure class=\"wpb_wrapper vc_figure\">\n\t\t\t<div class=\"vc_single_image-wrapper   vc_box_border_grey\"><img loading=\"lazy\" decoding=\"async\" width=\"150\" height=\"150\" src=\"https:\/\/rentwell.org\/wp-content\/uploads\/2023\/04\/Home_LandlordIcon-150x150.png\" class=\"vc_single_image-img attachment-thumbnail\" alt=\"\" srcset=\"https:\/\/rentwell.org\/wp-content\/uploads\/2023\/04\/Home_LandlordIcon-150x150.png 150w, https:\/\/rentwell.org\/wp-content\/uploads\/2023\/04\/Home_LandlordIcon-300x300.png 300w, https:\/\/rentwell.org\/wp-content\/uploads\/2023\/04\/Home_LandlordIcon-1024x1024.png 1024w, https:\/\/rentwell.org\/wp-content\/uploads\/2023\/04\/Home_LandlordIcon-768x768.png 768w, https:\/\/rentwell.org\/wp-content\/uploads\/2023\/04\/Home_LandlordIcon-12x12.png 12w, https:\/\/rentwell.org\/wp-content\/uploads\/2023\/04\/Home_LandlordIcon-600x600.png 600w, https:\/\/rentwell.org\/wp-content\/uploads\/2023\/04\/Home_LandlordIcon.png 1456w\" sizes=\"auto, (max-width: 150px) 100vw, 150px\" \/><\/div>\n\t\t<\/figure>\n\t<\/div>\n<div class=\"vc_empty_space\"   style=\"height: 12px\" ><span class=\"vc_empty_space_inner\"><\/span><\/div>\n\n\t<div class=\"wpb_text_column wpb_content_element\" >\n\t\t<div class=\"wpb_wrapper\">\n\t\t\t<h2 style=\"text-align: center;\">PARA PROPIETARIOS<\/h2>\n<p style=\"text-align: center;\">Obtenga m\u00e1s informaci\u00f3n sobre los beneficios de alquilar a un graduado de Rent Well, como el fondo de incentivos para propietarios.<\/p>\n\n\t\t<\/div>\n\t<\/div>\n\t\t\t\t\t\t<a class=\"darna-button size-md style1 icon-left\"\n\t\t\t   href=\"https:\/\/rentwell.org\/es\/landlords\/\"\n\t\t\t   title=\"Lee mas\"\n\t\t\t   target=\"_self\"\n\t\t\t\t>\n\t\t\t\tLee mas\t\t\t<\/a>\n\t\t\t\t\t<div class=\"vc_empty_space\"   style=\"height: 12px\" ><span class=\"vc_empty_space_inner\"><\/span><\/div>\n<\/div><\/div><\/div><\/div><\/div>","protected":false},"excerpt":{"rendered":"Get the Keys, Keep the Keys Rent Well, a program of Transition Projects, is a 15-hour tenant education program that helps empower OR &amp; WA residents with the knowledge and skills to navigate renting successfully. The lessons cover budgeting, the application process, communication skills, tenant rights, landlord expectations, unit maintenance, moving tips, and much more. [...]","protected":false},"author":2,"featured_media":0,"parent":0,"menu_order":0,"comment_status":"closed","ping_status":"closed","template":"","meta":{"footnotes":""},"class_list":["post-106","page","type-page","status-publish","hentry"],"featured_image_src":null,"featured_image_src_square":null,"_links":{"self":[{"href":"https:\/\/rentwell.org\/es\/wp-json\/wp\/v2\/pages\/106","targetHints":{"allow":["GET"]}}],"collection":[{"href":"https:\/\/rentwell.org\/es\/wp-json\/wp\/v2\/pages"}],"about":[{"href":"https:\/\/rentwell.org\/es\/wp-json\/wp\/v2\/types\/page"}],"author":[{"embeddable":true,"href":"https:\/\/rentwell.org\/es\/wp-json\/wp\/v2\/users\/2"}],"replies":[{"embeddable":true,"href":"https:\/\/rentwell.org\/es\/wp-json\/wp\/v2\/comments?post=106"}],"version-history":[{"count":0,"href":"https:\/\/rentwell.org\/es\/wp-json\/wp\/v2\/pages\/106\/revisions"}],"wp:attachment":[{"href":"https:\/\/rentwell.org\/es\/wp-json\/wp\/v2\/media?parent=106"}],"curies":[{"name":"wp","href":"https:\/\/api.w.org\/{rel}","templated":true}]}}