{"id":3777,"date":"2025-09-12T19:31:14","date_gmt":"2025-09-12T19:31:14","guid":{"rendered":"https:\/\/rentwell.org\/?page_id=3777"},"modified":"2025-11-19T01:13:07","modified_gmt":"2025-11-19T01:13:07","slug":"instructor-registration-confirmation","status":"publish","type":"page","link":"https:\/\/rentwell.org\/de\/instructor-registration-confirmation\/","title":{"rendered":"Anmeldebest\u00e4tigung f\u00fcr Lehrkr\u00e4fte"},"content":{"rendered":"<div class=\"fullwidth\" ><div class=\"vc_row wpb_row vc_row-fluid\"><div class=\"wpb_column vc_column_container vc_col-sm-12\"><div class=\"vc_column-inner\"><div class=\"wpb_wrapper\">\n\t<div class=\"wpb_text_column wpb_content_element  vc_custom_1763514782575\" >\n\t\t<div class=\"wpb_wrapper\">\n\t\t\t<h4 style=\"text-align: center;\" data-pm-slice=\"1 1 &#091;&quot;list&quot;,{},&quot;list_item&quot;,{&quot;indent&quot;:2,&quot;type&quot;:&quot;bulleted&quot;}&#093;\">Thank you for submitting your application to register for the Rent Well Tenant Educator eAcademy.<\/h4>\n<h4 style=\"text-align: center;\" data-pm-slice=\"1 1 &#091;&quot;list&quot;,{},&quot;list_item&quot;,{&quot;indent&quot;:2,&quot;type&quot;:&quot;bulleted&quot;}&#093;\">Applications are reviewed within 1 week. You will be notified once your application has been reviewed. Until then, you will not have immediate access to your account.<\/h4>\n<h4 style=\"text-align: center;\" data-pm-slice=\"1 1 &#091;&quot;list&quot;,{},&quot;list_item&quot;,{&quot;indent&quot;:2,&quot;type&quot;:&quot;bulleted&quot;}&#093;\">More tips for how to prepare for your training can be found <a href=\"https:\/\/rentwell.org\/de\/educators\/instructors-2\/\">HIER<\/a>.<\/h4>\n\n\t\t<\/div>\n\t<\/div>\n<\/div><\/div><\/div><\/div><\/div>","protected":false},"excerpt":{"rendered":"Vielen Dank, dass Sie sich f\u00fcr die Rent Well Tenant Educator eAcademy anmelden m\u00f6chten. Die Bewerbungen werden innerhalb von 1 Woche gepr\u00fcft. Sie werden benachrichtigt, sobald Ihr Antrag gepr\u00fcft wurde. Bis dahin haben Sie keinen unmittelbaren Zugang zu Ihrem Konto. Weitere Tipps, wie Sie sich auf die Schulung vorbereiten k\u00f6nnen, finden Sie HIER.","protected":false},"author":1,"featured_media":0,"parent":0,"menu_order":0,"comment_status":"closed","ping_status":"closed","template":"","meta":{"footnotes":""},"class_list":["post-3777","page","type-page","status-publish","hentry"],"featured_image_src":null,"featured_image_src_square":null,"_links":{"self":[{"href":"https:\/\/rentwell.org\/de\/wp-json\/wp\/v2\/pages\/3777","targetHints":{"allow":["GET"]}}],"collection":[{"href":"https:\/\/rentwell.org\/de\/wp-json\/wp\/v2\/pages"}],"about":[{"href":"https:\/\/rentwell.org\/de\/wp-json\/wp\/v2\/types\/page"}],"author":[{"embeddable":true,"href":"https:\/\/rentwell.org\/de\/wp-json\/wp\/v2\/users\/1"}],"replies":[{"embeddable":true,"href":"https:\/\/rentwell.org\/de\/wp-json\/wp\/v2\/comments?post=3777"}],"version-history":[{"count":0,"href":"https:\/\/rentwell.org\/de\/wp-json\/wp\/v2\/pages\/3777\/revisions"}],"wp:attachment":[{"href":"https:\/\/rentwell.org\/de\/wp-json\/wp\/v2\/media?parent=3777"}],"curies":[{"name":"wp","href":"https:\/\/api.w.org\/{rel}","templated":true}]}}