{"id":3478,"date":"2023-04-28T23:48:11","date_gmt":"2023-04-28T23:48:11","guid":{"rendered":"https:\/\/rentwell.org\/?page_id=3478"},"modified":"2025-07-08T22:30:45","modified_gmt":"2025-07-08T22:30:45","slug":"app","status":"publish","type":"page","link":"https:\/\/rentwell.org\/de\/educators\/app\/","title":{"rendered":"Werde ein CAP"},"content":{"rendered":"<div class=\"fullwidth\" ><div class=\"vc_row wpb_row vc_row-fluid\"><div class=\"wpb_column vc_column_container vc_col-sm-12\"><div class=\"vc_column-inner\"><div class=\"wpb_wrapper\"><\/div><\/div><\/div><\/div><\/div><div class=\"fullwidth\" ><div class=\"vc_row wpb_row vc_row-fluid\"><div class=\"wpb_column vc_column_container vc_col-sm-12\"><div class=\"vc_column-inner\"><div class=\"wpb_wrapper\">\t\t\t<div\n\t\t\t\tclass=\"darna-heading style1\" >\n\t\t\t\t\t\t\t\t\t<h2>CAP werden<\/h2>\n\t\t\t\t\t\t\t\t\t\t\t<\/div>\n\t\t\t\n\t<div class=\"wpb_text_column wpb_content_element\" >\n\t\t<div class=\"wpb_wrapper\">\n\t\t\t<blockquote>\n<div>\n<div>\n<div>Wenn Sie Ihre Agentur nicht auf unserer aktiven <a href=\"http:\/\/rentwell.org\/de\/caps\/\">CAP-Liste<\/a>, muss Ihre Agentur den CAP-Antrag ausf\u00fcllen, bevor Sie sich als Rent Well-Ausbilder registrieren k\u00f6nnen. Dieser Vorgang umfasst die \u00dcbermittlung einiger grundlegender Informationen zu Ihrer Agentur sowie die \u00dcberpr\u00fcfung und Best\u00e4tigung der Vertragsbedingungen. Ihr Antrag wird zur \u00dcberpr\u00fcfung an das Rent Well-Programm weitergeleitet. Die Mindestanforderungen f\u00fcr ein CAP sind eine gemeinn\u00fctzige, \u00f6ffentlich finanzierte oder staatliche Agentur mit Schwerpunkt auf Wohnraum, die in Oregon oder Washington ans\u00e4ssig ist. Bei Genehmigung erhalten Sie eine Rechnung f\u00fcr die einmalige Lizenzgeb\u00fchr von $200. Wenn Ihre Agentur die Mindestanforderungen f\u00fcr ein CAP nicht erf\u00fcllt, wird der Antrag abgelehnt und Sie erhalten keine Rechnung.<\/div>\n<\/div>\n<\/div>\n<\/blockquote>\n\n\t\t<\/div>\n\t<\/div>\n<\/div><\/div><\/div><\/div><\/div><div class=\"container\" ><div class=\"vc_row wpb_row vc_row-fluid\"><div class=\"wpb_column vc_column_container vc_col-sm-12\"><div class=\"vc_column-inner\"><div class=\"wpb_wrapper\">\n\t<div class=\"wpb_text_column wpb_content_element\" >\n\t\t<div class=\"wpb_wrapper\">\n\t\t\t\n<div class=\"wpcf7 no-js\" id=\"wpcf7-f3625-o1\" lang=\"en-US\" dir=\"ltr\" data-wpcf7-id=\"3625\">\n<div class=\"screen-reader-response\"><p role=\"status\" aria-live=\"polite\" aria-atomic=\"true\"><\/p> <ul><\/ul><\/div>\n<form action=\"\/de\/wp-json\/wp\/v2\/pages\/3478#wpcf7-f3625-o1\" method=\"post\" class=\"wpcf7-form init\" aria-label=\"Kontakt Formular\" novalidate=\"novalidate\" data-status=\"init\" data-trp-original-action=\"\/de\/wp-json\/wp\/v2\/pages\/3478#wpcf7-f3625-o1\">\n<fieldset class=\"hidden-fields-container\"><input type=\"hidden\" name=\"_wpcf7\" value=\"3625\" \/><input type=\"hidden\" name=\"_wpcf7_version\" value=\"6.1.5\" \/><input type=\"hidden\" name=\"_wpcf7_locale\" value=\"en_US\" \/><input type=\"hidden\" name=\"_wpcf7_unit_tag\" value=\"wpcf7-f3625-o1\" \/><input type=\"hidden\" name=\"_wpcf7_container_post\" value=\"0\" \/><input type=\"hidden\" name=\"_wpcf7_posted_data_hash\" value=\"\" \/>\n<\/fieldset>\n<div class=\"cap-form\" id=\"form\">\n<\/div>\n<h1 class=\"text-center\">Allgemeine Agenturinformationen\n<\/h1>\n<div class=\"left wd-100\">\n\t<div class=\"left wd-50\">\n\t\t<p><label> Agenturname:<br \/>\n<span class=\"wpcf7-form-control-wrap\" data-name=\"agency-name\"><input size=\"40\" maxlength=\"400\" class=\"wpcf7-form-control wpcf7-text wpcf7-validates-as-required\" aria-required=\"true\" aria-invalid=\"false\" value=\"\" type=\"text\" name=\"agency-name\" \/><\/span> <\/label>\n\t\t<\/p>\n\t<\/div>\n\t<div class=\"left wd-50\">\n\t\t<p><label> Website der Agentur:<br \/>\n<span class=\"wpcf7-form-control-wrap\" data-name=\"website\"><input size=\"40\" maxlength=\"400\" class=\"wpcf7-form-control wpcf7-text wpcf7-validates-as-required\" aria-required=\"true\" aria-invalid=\"false\" value=\"\" type=\"text\" name=\"website\" \/><\/span> <\/label>\n\t\t<\/p>\n\t<\/div>\n<\/div>\n<div class=\"left wd-100\">\n\t<div class=\"left wd-50\">\n\t\t<p><label> Mitarbeitergr\u00f6\u00dfe:<br \/>\n<span class=\"wpcf7-form-control-wrap\" data-name=\"agency-size\"><input size=\"40\" maxlength=\"400\" class=\"wpcf7-form-control wpcf7-text wpcf7-validates-as-required\" aria-required=\"true\" aria-invalid=\"false\" value=\"\" type=\"text\" name=\"agency-size\" \/><\/span> <\/label>\n\t\t<\/p>\n\t<\/div>\n\t<div class=\"left wd-50\">\n\t\t<p><label> Gr\u00fcndungsjahr der Agentur:<br \/>\n<span class=\"wpcf7-form-control-wrap\" data-name=\"agency-founded\"><input size=\"40\" maxlength=\"400\" class=\"wpcf7-form-control wpcf7-text wpcf7-validates-as-required\" aria-required=\"true\" aria-invalid=\"false\" value=\"\" type=\"text\" name=\"agency-founded\" \/><\/span> <\/label>\n\t\t<\/p>\n\t<\/div>\n<\/div>\n<div class=\"left wd-100\">\n\t<p><label> Agenturtyp:<\/label><br \/>\n<span class=\"wpcf7-form-control-wrap\" data-name=\"radio-agency-type\"><span class=\"wpcf7-form-control wpcf7-radio\"><span class=\"wpcf7-list-item first\"><label><input type=\"radio\" name=\"radio-agency-type\" value=\"Registered Nonprofit\" \/><span class=\"wpcf7-list-item-label\">Registrierte gemeinn\u00fctzige Organisation<\/span><\/label><\/span><span class=\"wpcf7-list-item\"><label><input type=\"radio\" name=\"radio-agency-type\" value=\"Publicly Funded Agency\" \/><span class=\"wpcf7-list-item-label\">\u00d6ffentlich finanzierte Agentur<\/span><\/label><\/span><span class=\"wpcf7-list-item last\"><label><input type=\"radio\" name=\"radio-agency-type\" value=\"Governmental Housing Provider\" \/><span class=\"wpcf7-list-item-label\">Staatlicher Wohnungsanbieter<\/span><\/label><\/span><\/span><\/span>\n\t<\/p>\n<\/div>\n<div class=\"left wd-50\">\n\t<p><label> Haupttelefonnummer der Agentur:<br \/>\n<span class=\"wpcf7-form-control-wrap\" data-name=\"mainphone\"><input size=\"40\" maxlength=\"400\" class=\"wpcf7-form-control wpcf7-text wpcf7-validates-as-required\" aria-required=\"true\" aria-invalid=\"false\" value=\"\" type=\"text\" name=\"mainphone\" \/><\/span> <\/label>\n\t<\/p>\n<\/div>\n<div class=\"left wd-50\">\n\t<p><label> Hauptadresse der Agentur:<br \/>\n<span class=\"wpcf7-form-control-wrap\" data-name=\"address\"><input size=\"40\" maxlength=\"400\" class=\"wpcf7-form-control wpcf7-text wpcf7-validates-as-required\" aria-required=\"true\" aria-invalid=\"false\" value=\"\" type=\"text\" name=\"address\" \/><\/span> <\/label>\n\t<\/p>\n<\/div>\n<div class=\"left wd-50\">\n\t<p><label> Stadt:<br \/>\n<span class=\"wpcf7-form-control-wrap\" data-name=\"city\"><input size=\"40\" maxlength=\"400\" class=\"wpcf7-form-control wpcf7-text wpcf7-validates-as-required\" aria-required=\"true\" aria-invalid=\"false\" value=\"\" type=\"text\" name=\"city\" \/><\/span> <\/label>\n\t<\/p>\n<\/div>\n<div class=\"left wd-50\">\n\t<p><label> Bundesland:<br \/>\n<span class=\"wpcf7-form-control-wrap\" data-name=\"state\"><input size=\"40\" maxlength=\"400\" class=\"wpcf7-form-control wpcf7-text wpcf7-validates-as-required\" aria-required=\"true\" aria-invalid=\"false\" value=\"\" type=\"text\" name=\"state\" \/><\/span> <\/label>\n\t<\/p>\n<\/div>\n<div class=\"left wd-50\">\n\t<p><label> Rei\u00dfverschluss:<br \/>\n<span class=\"wpcf7-form-control-wrap\" data-name=\"zip\"><input size=\"40\" maxlength=\"400\" class=\"wpcf7-form-control wpcf7-text wpcf7-validates-as-required\" aria-required=\"true\" aria-invalid=\"false\" value=\"\" type=\"text\" name=\"zip\" \/><\/span> <\/label>\n\t<\/p>\n<\/div>\n<div class=\"left wd-50\">\n\t<p><label> Bediente Landkreise\/Landkreise:<br \/>\n<span class=\"wpcf7-form-control-wrap\" data-name=\"county\"><input size=\"40\" maxlength=\"400\" class=\"wpcf7-form-control wpcf7-text wpcf7-validates-as-required\" aria-required=\"true\" aria-invalid=\"false\" value=\"\" type=\"text\" name=\"county\" \/><\/span> <\/label>\n\t<\/p>\n<\/div>\n<div class=\"left wd-50\">\n\t<p><label> Name und Titel des Gesch\u00e4ftsf\u00fchrers:<br \/>\n<span class=\"wpcf7-form-control-wrap\" data-name=\"title\"><input size=\"40\" maxlength=\"400\" class=\"wpcf7-form-control wpcf7-text wpcf7-validates-as-required\" aria-required=\"true\" aria-invalid=\"false\" value=\"\" type=\"text\" name=\"title\" \/><\/span> <\/label>\n\t<\/p>\n<\/div>\n<div class=\"left wd-50\">\n\t<p><label> E-Mail des Gesch\u00e4ftsf\u00fchrers:<br \/>\n<span class=\"wpcf7-form-control-wrap\" data-name=\"director-email\"><input size=\"40\" maxlength=\"400\" class=\"wpcf7-form-control wpcf7-text wpcf7-validates-as-required\" aria-required=\"true\" aria-invalid=\"false\" value=\"\" type=\"text\" name=\"director-email\" \/><\/span> <\/label>\n\t<\/p>\n<\/div>\n<div class=\"left wd-50\">\n\t<p><label>Belieferte Bev\u00f6lkerungsgruppen:<br \/>\n<span class=\"wpcf7-form-control-wrap\" data-name=\"served\"><input size=\"40\" maxlength=\"400\" class=\"wpcf7-form-control wpcf7-text wpcf7-validates-as-required\" aria-required=\"true\" aria-invalid=\"false\" value=\"\" type=\"text\" name=\"served\" \/><\/span> <\/label>\n\t<\/p>\n<\/div>\n<div class=\"left wd-50\">\n\t<p><label>Bietet Ihre Agentur kulturspezifische Dienstleistungen an?<br \/>\n<span class=\"wpcf7-form-control-wrap\" data-name=\"culturally-specific\"><input size=\"40\" maxlength=\"400\" class=\"wpcf7-form-control wpcf7-text wpcf7-validates-as-required\" aria-required=\"true\" aria-invalid=\"false\" value=\"\" type=\"text\" name=\"culturally-specific\" \/><\/span> <\/label>\n\t<\/p>\n<\/div>\n<div class=\"left wd-50\">\n\t<p><label>Leitbild:<br \/>\n<span class=\"wpcf7-form-control-wrap\" data-name=\"mission\"><textarea cols=\"40\" rows=\"10\" maxlength=\"2000\" class=\"wpcf7-form-control wpcf7-textarea wpcf7-validates-as-required\" aria-required=\"true\" aria-invalid=\"false\" name=\"mission\"><\/textarea><\/span> <\/label>\n\t<\/p>\n<\/div>\n<div class=\"left wd-50\">\n\t<p><label>Wie passt die Nutzung des Rent Well-Lehrplans zur Mission Ihrer Agentur?<br \/>\n<span class=\"wpcf7-form-control-wrap\" data-name=\"answer\"><textarea cols=\"40\" rows=\"10\" maxlength=\"2000\" class=\"wpcf7-form-control wpcf7-textarea wpcf7-validates-as-required\" aria-required=\"true\" aria-invalid=\"false\" name=\"answer\"><\/textarea><\/span> <\/label>\n\t<\/p>\n<\/div>\n<div class=\"left wd-100\">\n\t<p><label>Plant Ihre Agentur, \u00f6ffentliche oder private Kurse anzubieten?<\/label><br \/>\n<span class=\"wpcf7-form-control-wrap\" data-name=\"menu-classtype\"><select class=\"wpcf7-form-control wpcf7-select wpcf7-validates-as-required\" aria-required=\"true\" aria-invalid=\"false\" name=\"menu-classtype\"><option value=\"Public (open to the general public)\">\u00d6ffentlich (f\u00fcr die breite \u00d6ffentlichkeit zug\u00e4nglich)<\/option><option value=\"Private (only for agency participants)\">Privat (nur f\u00fcr Agenturteilnehmer)<\/option><option value=\"Both Public &amp; Private\">Sowohl \u00f6ffentlich als auch privat<\/option><option value=\"Undecided\">Unentschieden<\/option><\/select><\/span>\n\t<\/p>\n<\/div>\n<div class=\"left wd-100\">\n<\/div>\n<div>\n<\/div>\n<h1 class=\"text-center\">Ihre Kontaktinformationen\n<\/h1>\n<div class=\"left wd-100\">\n\t<div class=\"left wd-50\">\n\t\t<p><label> Vollst\u00e4ndiger Name:<br \/>\n<span class=\"wpcf7-form-control-wrap\" data-name=\"full-name\"><input size=\"40\" maxlength=\"400\" class=\"wpcf7-form-control wpcf7-text wpcf7-validates-as-required\" aria-required=\"true\" aria-invalid=\"false\" value=\"\" type=\"text\" name=\"full-name\" \/><\/span> <\/label>\n\t\t<\/p>\n\t<\/div>\n\t<div class=\"left wd-50\">\n\t\t<p><label> Berufsbezeichnung:<br \/>\n<span class=\"wpcf7-form-control-wrap\" data-name=\"job-title\"><input size=\"40\" maxlength=\"400\" class=\"wpcf7-form-control wpcf7-text wpcf7-validates-as-required\" aria-required=\"true\" aria-invalid=\"false\" value=\"\" type=\"text\" name=\"job-title\" \/><\/span> <\/label>\n\t\t<\/p>\n\t<\/div>\n\t<div class=\"left wd-50\">\n\t\t<p><label> Arbeitstelefonnummer:<br \/>\n<span class=\"wpcf7-form-control-wrap\" data-name=\"your-number\"><input size=\"40\" maxlength=\"400\" class=\"wpcf7-form-control wpcf7-text wpcf7-validates-as-required\" aria-required=\"true\" aria-invalid=\"false\" value=\"\" type=\"text\" name=\"your-number\" \/><\/span> <\/label>\n\t\t<\/p>\n\t<\/div>\n\t<div class=\"left wd-50\">\n\t\t<p><label> Arbeits Email:<br \/>\n<span class=\"wpcf7-form-control-wrap\" data-name=\"your-email\"><input size=\"40\" maxlength=\"400\" class=\"wpcf7-form-control wpcf7-email wpcf7-validates-as-required wpcf7-text wpcf7-validates-as-email\" aria-required=\"true\" aria-invalid=\"false\" value=\"\" type=\"email\" name=\"your-email\" \/><\/span> <\/label>\n\t\t<\/p>\n\t<\/div>\n\t<div>\n\t<\/div>\n\t<h1 class=\"text-center\">Kontaktinformationen der Verbindungsperson\n\t<\/h1>\n<\/div>\n<div class=\"left wd-100\">\n\t<p>Der ernannte Kontaktperson dient als Hauptansprechpartner Ihrer Agentur f\u00fcr das Rent Well-Programm. Die Kontaktperson ist daf\u00fcr verantwortlich, dass die Daten der Studenten korrekt erfasst werden und eine Liste der aktiven Dozenten ihrer Agentur gef\u00fchrt wird.\n\t<\/p>\n<\/div>\n<div class=\"left wd-100\">\n\t<p><label> Werden Sie als Verbindungsperson f\u00fcr Ihre Agentur fungieren? Wenn nicht, geben Sie unten bitte deren Kontaktinformationen an.<\/label><br \/>\n<span class=\"wpcf7-form-control-wrap\" data-name=\"radio-acting-liaison\"><span class=\"wpcf7-form-control wpcf7-radio\"><span class=\"wpcf7-list-item first\"><label><input type=\"radio\" name=\"radio-acting-liaison\" value=\"Yes\" \/><span class=\"wpcf7-list-item-label\">Jawohl<\/span><\/label><\/span><span class=\"wpcf7-list-item last\"><label><input type=\"radio\" name=\"radio-acting-liaison\" value=\"No\" \/><span class=\"wpcf7-list-item-label\">Nein<\/span><\/label><\/span><\/span><\/span>\n\t<\/p>\n<\/div>\n<div class=\"left wd-50\">\n\t<p><label>Name der Verbindungsperson:<br \/>\n<span class=\"wpcf7-form-control-wrap\" data-name=\"liaison-name\"><input size=\"40\" maxlength=\"400\" class=\"wpcf7-form-control wpcf7-text\" aria-invalid=\"false\" value=\"\" type=\"text\" name=\"liaison-name\" \/><\/span> <\/label>\n\t<\/p>\n<\/div>\n<div class=\"left wd-50\">\n\t<p><label>Titel der Verbindungsperson:<br \/>\n<span class=\"wpcf7-form-control-wrap\" data-name=\"liaison-title\"><input size=\"40\" maxlength=\"400\" class=\"wpcf7-form-control wpcf7-text\" aria-invalid=\"false\" value=\"\" type=\"text\" name=\"liaison-title\" \/><\/span> <\/label>\n\t<\/p>\n<\/div>\n<div class=\"left wd-50\">\n\t<p><label>Telefonnummer:<br \/>\n<span class=\"wpcf7-form-control-wrap\" data-name=\"Liaison-number\"><input size=\"40\" maxlength=\"400\" class=\"wpcf7-form-control wpcf7-text\" aria-invalid=\"false\" value=\"\" type=\"text\" name=\"Liaison-number\" \/><\/span> <\/label>\n\t<\/p>\n<\/div>\n<div class=\"left wd-50\">\n\t<p><label>E-Mail der Kontaktperson:<br \/>\n<span class=\"wpcf7-form-control-wrap\" data-name=\"Liaison-email\"><input size=\"40\" maxlength=\"400\" class=\"wpcf7-form-control wpcf7-text\" aria-invalid=\"false\" value=\"\" type=\"text\" name=\"Liaison-email\" \/><\/span> <\/label>\n\t<\/p>\n<\/div>\n<div>\n<\/div>\n<h1 class=\"text-center\">Informationen zur Mieterschulung und Mietscreening\n<\/h1>\n<div class=\"wd-100\">\n\t<p>Dank unserer Partnerschaft mit Pacific Screening k\u00f6nnen Ausbilder bei CAP-Agenturen Mieterpr\u00fcfungen f\u00fcr ihre Studenten durchf\u00fchren, die Kredit-, Straf- und R\u00e4umungshistorien umfassen. Studenten k\u00f6nnen eine Kopie ihres Screening-Berichts erhalten, um zu sehen, was ein Vermieter sehen k\u00f6nnte. Die Berichte d\u00fcrfen nur zu Bildungszwecken verwendet werden, um Studenten zu beraten, wie sie sich bei der Wohnungsbewerbung besser vertreten k\u00f6nnen. Bitte beachten Sie, dass Ihrer Agentur $16\/Bericht in Rechnung gestellt wird. Es gibt KEINE Einrichtungsgeb\u00fchr f\u00fcr ein Benutzerkonto. Sobald das Konto er\u00f6ffnet ist, wird Ihrer Agentur monatlich nur f\u00fcr die Pr\u00fcfungen in Rechnung gestellt, die in diesem Monat durchgef\u00fchrt werden. Agenturen d\u00fcrfen die Kosten auch teilweise oder vollst\u00e4ndig an ihre Studenten weitergeben, wenn Ihre Agentur die Kosten nicht decken kann. Die Studenten zahlen direkt an die Agentur und die Agentur zahlt die monatliche Rechnung.\n\t<\/p>\n<\/div>\n<div class=\"wd-100\">\n\t<p><label> Bitte teilen Sie uns mit, ob:<\/label><br \/>\n<span class=\"wpcf7-form-control-wrap\" data-name=\"radio-PSI\"><span class=\"wpcf7-form-control wpcf7-radio\"><span class=\"wpcf7-list-item first\"><label><input type=\"radio\" name=\"radio-PSI\" value=\"Your instructors will need access to Pacific Screening accounts\" \/><span class=\"wpcf7-list-item-label\">Ihre Dozenten ben\u00f6tigen Zugriff auf Pacific Screening-Konten<\/span><\/label><\/span><span class=\"wpcf7-list-item last\"><label><input type=\"radio\" name=\"radio-PSI\" value=\"Your agency gets full rental reports through another agency\" \/><span class=\"wpcf7-list-item-label\">Ihre Agentur erh\u00e4lt vollst\u00e4ndige Mietberichte \u00fcber eine andere Agentur<\/span><\/label><\/span><\/span><\/span>\n\t<\/p>\n<\/div>\n<div class=\"left wd-50\">\n\t<p><label>Name des Rechnungskontakts:<br \/>\n<span class=\"wpcf7-form-control-wrap\" data-name=\"billing-name\"><input size=\"40\" maxlength=\"400\" class=\"wpcf7-form-control wpcf7-text wpcf7-validates-as-required\" aria-required=\"true\" aria-invalid=\"false\" value=\"\" type=\"text\" name=\"billing-name\" \/><\/span> <\/label>\n\t<\/p>\n<\/div>\n<div class=\"left wd-50\">\n\t<p><label>E-Mail des Rechnungskontakts:<br \/>\n<span class=\"wpcf7-form-control-wrap\" data-name=\"billing-email\"><input size=\"40\" maxlength=\"400\" class=\"wpcf7-form-control wpcf7-text wpcf7-validates-as-required\" aria-required=\"true\" aria-invalid=\"false\" value=\"\" type=\"text\" name=\"billing-email\" \/><\/span> <\/label>\n\t<\/p>\n<\/div>\n<div class=\"left wd-50\">\n\t<p><label>Telefonnummer des Rechnungskontakts:<br \/>\n<span class=\"wpcf7-form-control-wrap\" data-name=\"billing-number\"><input size=\"40\" maxlength=\"400\" class=\"wpcf7-form-control wpcf7-text wpcf7-validates-as-required\" aria-required=\"true\" aria-invalid=\"false\" value=\"\" type=\"text\" name=\"billing-number\" \/><\/span> <\/label>\n\t<\/p>\n<\/div>\n<div class=\"left wd-50\">\n\t<p><label>Rechnungsadresse (leer lassen, wenn identisch mit der Agenturadresse):<br \/>\n<span class=\"wpcf7-form-control-wrap\" data-name=\"billing-address\"><input size=\"40\" maxlength=\"400\" class=\"wpcf7-form-control wpcf7-text\" aria-invalid=\"false\" value=\"\" type=\"text\" name=\"billing-address\" \/><\/span> <\/label>\n\t<\/p>\n<\/div>\n<div class=\"wd-100\">\n\t<p><span class=\"wpcf7-form-control-wrap\" data-name=\"acceptance-545\"><span class=\"wpcf7-form-control wpcf7-acceptance\"><span class=\"wpcf7-list-item\"><input type=\"checkbox\" name=\"acceptance-545\" value=\"1\" aria-invalid=\"false\" \/><\/span><\/span><\/span> \n\t<\/p>\n<\/div>\n<p>Ich best\u00e4tige, dass ich alle in den Nutzungsbedingungen enthaltenen Informationen gelesen und verstanden habe, und stimme mit dem Absenden dieses Antrags im Namen meiner Agentur den Nutzungsbedingungen und den darin beschriebenen Richtlinien und Verfahren zu.\n<\/p>\n<div class=\"wd-100 left\">\n\t<div id=\"cf7sr-69e77a6061161\" class=\"cf7sr-g-recaptcha\" data-theme=\"light\" data-type=\"image\" data-size=\"normal\" data-sitekey=\"6LdKT5UbAAAAAGZjvOXFuNwBoBIzrWM7ONlKFU_c\"><\/div><span class=\"wpcf7-form-control-wrap cf7sr-recaptcha\" data-name=\"cf7sr-recaptcha\"><input type=\"hidden\" name=\"cf7sr-recaptcha\" value=\"\" class=\"wpcf7-form-control\"><\/span><br \/>\n<input class=\"wpcf7-form-control wpcf7-submit has-spinner\" type=\"submit\" value=\"einreichen\" \/>\n\t<\/p>\n<\/div>\n<p style=\"display: none !important;\" class=\"akismet-fields-container\" data-prefix=\"_wpcf7_ak_\"><label>\u0394<textarea name=\"_wpcf7_ak_hp_textarea\" cols=\"45\" rows=\"8\" maxlength=\"100\"><\/textarea><\/label><input type=\"hidden\" id=\"ak_js_1\" name=\"_wpcf7_ak_js\" value=\"59\"\/><script>document.getElementById( \"ak_js_1\" ).setAttribute( \"value\", ( new Date() ).getTime() );<\/script><\/p><input type='hidden' class='wpcf7-pum' value='{\"closepopup\":false,\"closedelay\":0,\"openpopup\":false,\"openpopup_id\":0}' \/><div class=\"wpcf7-response-output\" aria-hidden=\"true\"><\/div>\n<input type=\"hidden\" name=\"trp-form-language\" value=\"de\"\/><\/form>\n<\/div>\n\n\n\t\t<\/div>\n\t<\/div>\n<\/div><\/div><\/div><\/div><\/div><div class=\"fullwidth\" ><div class=\"vc_row wpb_row vc_row-fluid\"><div class=\"wpb_column vc_column_container vc_col-sm-12\"><div class=\"vc_column-inner\"><div class=\"wpb_wrapper\"><div class=\"vc_empty_space\"   style=\"height: 32px\" ><span class=\"vc_empty_space_inner\"><\/span><\/div>\n<\/div><\/div><\/div><\/div><\/div><div class=\"fullwidth\" ><div class=\"vc_row wpb_row vc_row-fluid\"><div class=\"wpb_column vc_column_container vc_col-sm-12\"><div class=\"vc_column-inner\"><div class=\"wpb_wrapper\">\n\t<div class=\"wpb_text_column wpb_content_element\" >\n\t\t<div class=\"wpb_wrapper\">\n\t\t\t\n\t\t<\/div>\n\t<\/div>\n<\/div><\/div><\/div><\/div><\/div><div class=\"fullwidth\" ><div class=\"vc_row wpb_row vc_row-fluid\"><div class=\"wpb_column vc_column_container vc_col-sm-12\"><div class=\"vc_column-inner\"><div class=\"wpb_wrapper\">\n\t<div class=\"wpb_text_column wpb_content_element\" >\n\t\t<div class=\"wpb_wrapper\">\n\t\t\t\n\t\t<\/div>\n\t<\/div>\n<\/div><\/div><\/div><\/div><\/div><div class=\"fullwidth\" ><div class=\"vc_row wpb_row vc_row-fluid\"><div class=\"wpb_column vc_column_container vc_col-sm-12\"><div class=\"vc_column-inner\"><div class=\"wpb_wrapper\">\n\t<div class=\"wpb_text_column wpb_content_element\" >\n\t\t<div class=\"wpb_wrapper\">\n\t\t\t\n\t\t<\/div>\n\t<\/div>\n<\/div><\/div><\/div><\/div><\/div>","protected":false},"excerpt":{"rendered":"Becoming a CAP If you did not see your agency on our active CAP list, your agency will need to complete the CAP application before you can register to become a Rent Well instructor. This process involves submitting some basic information about your agency, reviewing and acknowledging the terms of the agreement. Your application will [...]","protected":false},"author":6,"featured_media":0,"parent":123,"menu_order":0,"comment_status":"closed","ping_status":"closed","template":"","meta":{"footnotes":""},"class_list":["post-3478","page","type-page","status-publish","hentry"],"featured_image_src":null,"featured_image_src_square":null,"_links":{"self":[{"href":"https:\/\/rentwell.org\/de\/wp-json\/wp\/v2\/pages\/3478","targetHints":{"allow":["GET"]}}],"collection":[{"href":"https:\/\/rentwell.org\/de\/wp-json\/wp\/v2\/pages"}],"about":[{"href":"https:\/\/rentwell.org\/de\/wp-json\/wp\/v2\/types\/page"}],"author":[{"embeddable":true,"href":"https:\/\/rentwell.org\/de\/wp-json\/wp\/v2\/users\/6"}],"replies":[{"embeddable":true,"href":"https:\/\/rentwell.org\/de\/wp-json\/wp\/v2\/comments?post=3478"}],"version-history":[{"count":0,"href":"https:\/\/rentwell.org\/de\/wp-json\/wp\/v2\/pages\/3478\/revisions"}],"up":[{"embeddable":true,"href":"https:\/\/rentwell.org\/de\/wp-json\/wp\/v2\/pages\/123"}],"wp:attachment":[{"href":"https:\/\/rentwell.org\/de\/wp-json\/wp\/v2\/media?parent=3478"}],"curies":[{"name":"wp","href":"https:\/\/api.w.org\/{rel}","templated":true}]}}