{"id":3446,"date":"2023-04-25T20:32:35","date_gmt":"2023-04-25T20:32:35","guid":{"rendered":"https:\/\/rentwell.org\/?page_id=3446"},"modified":"2025-11-18T20:34:26","modified_gmt":"2025-11-18T20:34:26","slug":"instructors-2","status":"publish","type":"page","link":"https:\/\/rentwell.org\/de\/educators\/instructors-2\/","title":{"rendered":"Kurs f\u00fcr zertifizierte Ausbilder"},"content":{"rendered":"<div class=\"container\" ><div class=\"vc_row wpb_row vc_row-fluid\"><div class=\"wpb_column vc_column_container vc_col-sm-12\"><div class=\"vc_column-inner\"><div class=\"wpb_wrapper\"><div class=\"vc_empty_space\"   style=\"height: 12px\" ><span class=\"vc_empty_space_inner\"><\/span><\/div>\n\t\t\t<div\n\t\t\t\tclass=\"darna-heading style1\" >\n\t\t\t\t\t\t\t\t\t<h2>Werden Sie zertifizierter Kursleiter<\/h2>\n\t\t\t\t\t\t\t\t\t\t\t<\/div>\n\t\t\t<div class=\"vc_empty_space\"   style=\"height: 12px\" ><span class=\"vc_empty_space_inner\"><\/span><\/div>\n<div class=\"vc_empty_space\"   style=\"height: 12px\" ><span class=\"vc_empty_space_inner\"><\/span><\/div>\n\n\t<div class=\"wpb_text_column wpb_content_element\" >\n\t\t<div class=\"wpb_wrapper\">\n\t\t\t<h3>Der Mietbrunnen <strong>Zertifizierter Ausbilder<\/strong> Der Track steht dem Personal zur Verf\u00fcgung unter <a href=\"http:\/\/rentwell.org\/de\/caps\/\">Partneragenturen<\/a> die in ihrer Agentur Rent Well-Kurse f\u00fcr Kunden oder die \u00d6ffentlichkeit abhalten m\u00f6chten. Wenn Sie daran interessiert sind, einen Rent Well-Kurs im Vorlesungsstil f\u00fcr diejenigen abzuhalten, die mehr \u00fcber ihre Rechte und Pflichten als Mieter erfahren m\u00f6chten, melden Sie sich unten an!<\/h3>\n<h4>Neue Benutzer werden w\u00f6chentlich zugelassen. Es kann bis zu einer Woche dauern, bis Ihre Anmeldung gepr\u00fcft und genehmigt ist. Das bedeutet, dass Sie nach dem Absenden des Registrierungsformulars nicht sofort Zugang zu Ihrem Konto haben und sich nicht mehr als einmal registrieren lassen sollten. Bitte verwenden Sie bei der Registrierung Ihre Agentur-E-Mail, um Verz\u00f6gerungen beim Zugang zu vermeiden.<\/h4>\n\n\t\t<\/div>\n\t<\/div>\n<div class=\"vc_empty_space\"   style=\"height: 12px\" ><span class=\"vc_empty_space_inner\"><\/span><\/div>\n<div class=\"vc_empty_space\"   style=\"height: 12px\" ><span class=\"vc_empty_space_inner\"><\/span><\/div>\n\n\t<div class=\"wpb_text_column wpb_content_element\" >\n\t\t<div class=\"wpb_wrapper\">\n\t\t\t<h5><span style=\"text-decoration: underline;\">VORAUSSETZUNGEN<\/span>: Sie m\u00fcssen bei einer Agentur besch\u00e4ftigt sein, die f\u00fcr die Durchf\u00fchrung des Rent Well-Lehrplans lizenziert ist, bekannt als Community Agency Partners (CAPs). Pr\u00fcfen Sie, ob Ihre Agentur ein aktiver Partner ist <a href=\"http:\/\/rentwell.org\/de\/caps\/\">HIER.<\/a><\/h5>\n\n\t\t<\/div>\n\t<\/div>\n<div class=\"vc_empty_space\"   style=\"height: 12px\" ><span class=\"vc_empty_space_inner\"><\/span><\/div>\n<div class=\"vc_empty_space\"   style=\"height: 12px\" ><span class=\"vc_empty_space_inner\"><\/span><\/div>\n<div class=\"vc_btn3-container  wpb_animate_when_almost_visible wpb_fadeIn fadeIn vc_btn3-center\" >\n\t<a class=\"vc_general vc_btn3 vc_btn3-size-lg vc_btn3-shape-rounded vc_btn3-style-modern vc_btn3-color-info\" href=\"https:\/\/advancenetlabs.org\/rw-instructor\/\" title=\"Registrieren Sie sich f\u00fcr den Kurs \u201eAusgebildeter Fachmann\u201c\" target=\"_blank\" rel=\"noopener\">Registrieren Sie sich f\u00fcr den Kurs zum zertifizierten Kursleiter<\/a><\/div>\n<div class=\"vc_separator wpb_content_element vc_separator_align_center vc_sep_width_100 vc_sep_pos_align_center vc_separator_no_text vc_sep_color_turquoise\" ><span class=\"vc_sep_holder vc_sep_holder_l\"><span  class=\"vc_sep_line\"><\/span><\/span><span class=\"vc_sep_holder vc_sep_holder_r\"><span  class=\"vc_sep_line\"><\/span><\/span>\n<\/div><div class=\"vc_empty_space\"   style=\"height: 12px\" ><span class=\"vc_empty_space_inner\"><\/span><\/div>\n<div class=\"vc_empty_space\"   style=\"height: 12px\" ><span class=\"vc_empty_space_inner\"><\/span><\/div>\n<div class=\"vc_empty_space\"   style=\"height: 12px\" ><span class=\"vc_empty_space_inner\"><\/span><\/div>\n\n\t<div class=\"wpb_text_column wpb_content_element\" >\n\t\t<div class=\"wpb_wrapper\">\n\t\t\t<h3 style=\"text-align: center;\"><strong>Was Sie bei der Teilnahme am Certified Instructor Course erwartet<br \/>\n<\/strong><\/h3>\n<p style=\"text-align: left;\">Der Kurs zum zertifizierten Kursleiter ist online als eCource + anschlie\u00dfendes Webinar verf\u00fcgbar. Der eCourse folgt dem Lehrplanmodell f\u00fcr Studenten und ist so konzipiert, dass Sie ihn in Ihrem eigenen Tempo absolvieren k\u00f6nnen. F\u00fcr den Abschluss des eCourses ben\u00f6tigen Sie 15 bis 20 Stunden, zus\u00e4tzlich kommen 3 Stunden f\u00fcr das Webinar hinzu. Wir empfehlen Ihnen dringend, Ihr Training innerhalb von 90 Tagen abzuschlie\u00dfen, damit Sie die Informationen behalten. <span style=\"text-decoration: underline;\"><em>Diese Art der Ausbildung kostet $400 pro Person<\/em><\/span> und wird in 12 Abschnitten unterrichtet, wie unten zu sehen.<\/p>\n\n\t\t<\/div>\n\t<\/div>\n\n\t<div  class=\"wpb_single_image wpb_content_element vc_align_center\">\n\t\t\n\t\t<figure class=\"wpb_wrapper vc_figure\">\n\t\t\t<div class=\"vc_single_image-wrapper   vc_box_border_grey\"><img loading=\"lazy\" decoding=\"async\" width=\"1024\" height=\"576\" src=\"https:\/\/rentwell.org\/wp-content\/uploads\/2022\/08\/CourseSections-1024x576.png\" class=\"vc_single_image-img attachment-large\" alt=\"Course Overview\" srcset=\"https:\/\/rentwell.org\/wp-content\/uploads\/2022\/08\/CourseSections-1024x576.png 1024w, https:\/\/rentwell.org\/wp-content\/uploads\/2022\/08\/CourseSections-300x169.png 300w, https:\/\/rentwell.org\/wp-content\/uploads\/2022\/08\/CourseSections-768x432.png 768w, https:\/\/rentwell.org\/wp-content\/uploads\/2022\/08\/CourseSections-1536x864.png 1536w, https:\/\/rentwell.org\/wp-content\/uploads\/2022\/08\/CourseSections-18x10.png 18w, https:\/\/rentwell.org\/wp-content\/uploads\/2022\/08\/CourseSections.png 1919w\" sizes=\"auto, (max-width: 1024px) 100vw, 1024px\" \/><\/div>\n\t\t<\/figure>\n\t<\/div>\n<div class=\"vc_empty_space\"   style=\"height: 12px\" ><span class=\"vc_empty_space_inner\"><\/span><\/div>\n\n\t<div class=\"wpb_text_column wpb_content_element\" >\n\t\t<div class=\"wpb_wrapper\">\n\t\t\t<p><strong>Nach der Einf\u00fchrung<\/strong>: Sie werden gebeten, eine Vereinbarung f\u00fcr zertifizierte Ausbilder abzuschlie\u00dfen, in der Ihre Pflichten als Ausbilder beschrieben werden. Sobald wir Ihre Vereinbarung erhalten haben, versenden wir Ihre Materialien an die von Ihnen angegebene Postanschrift.<\/p>\n<p><strong>Nach Abschnitt 12<\/strong>: Zuk\u00fcnftige Dozenten werden aufgefordert, sich f\u00fcr einen unserer monatlichen <span style=\"text-decoration: underline;\">Folge-Webinare<\/span>. Wir veranstalten diese normalerweise am 3. Mittwoch jedes Monats von 14:00 bis 17:00 Uhr. Im Webinar haben Sie die M\u00f6glichkeit, andere Schulungsteilnehmer kennenzulernen und mehr \u00fcber traumainformiertes Lehren, die Navigation in Ihrem Kursleiterkonto, den Zugriff auf Materialien und vieles mehr zu erfahren.<\/p>\n<p><strong>NUR Ausbilder im Staat Washington: <\/strong>Sie m\u00fcssen auch an unserem Webinar zum Washingtoner Recht teilnehmen, das jeden dritten Donnerstag im Monat von 14:30 bis 17:00 Uhr stattfindet. Im Webinar besprechen wir alle Punkte in Ihrem Kursleiterhandbuch, die sich auf WA-spezifische Gesetze und Richtlinien beziehen.<\/p>\n<p><strong>Nach der Teilnahme an den Webinaren: <\/strong>Sie erhalten eine Gl\u00fcckwunsch-E-Mail und <span style=\"text-decoration: underline;\">Lehrzertifikat f\u00fcr Rent Well Certified Instructor<\/span>! Sobald Sie ein zertifizierter Kursleiter sind, wird Ihr Rent Well-Konto mit neuen Eigenschaften aktualisiert, damit Sie auf Kursmaterialien zugreifen, B\u00fccher bestellen und mehr k\u00f6nnen.<\/p>\n<p><strong>Pacific Screening (Erstellen p\u00e4dagogischer Berichte):<\/strong> In Abschnitt 5 des Lehrplans k\u00f6nnen die Sch\u00fcler ihre Screens abrufen lassen, um m\u00f6gliche Miethindernisse zu \u00fcberpr\u00fcfen. Wenn Sie das Pacific Screening Instructor Portal verwenden, um auf Sch\u00fclerberichte zuzugreifen, senden wir Ihnen eine Datenschutzvereinbarung f\u00fcr Pacific Screening-Kontoinhaber, die Sie ausf\u00fcllen m\u00fcssen. Wenn Ihre Agentur dies noch nicht getan hat, ben\u00f6tigen wir einen Agenturvertreter, der eine Abonnentenvereinbarung unterzeichnet und zus\u00e4tzliche in der Vereinbarung aufgef\u00fchrte Dokumente sendet. Das Abrufen von Bildungsberichten kostet derzeit $20 pro Screening, und am Ende jedes Monats wird eine Sammelrechnung an Ihren Rechnungskontakt gesendet.<br \/>\n<em>Hinweis: Wenn Ihre Agentur \u00fcber einen anderen Dienst Zugriff auf vollst\u00e4ndige Berichte hat, k\u00f6nnen Sie stattdessen gerne diese Methode verwenden.<\/em><\/p>\n\n\t\t<\/div>\n\t<\/div>\n<div class=\"vc_empty_space\"   style=\"height: 12px\" ><span class=\"vc_empty_space_inner\"><\/span><\/div>\n<\/div><\/div><\/div><\/div><\/div><div class=\"fullwidth\" ><div class=\"vc_row wpb_row vc_row-fluid\"><div class=\"wpb_column vc_column_container vc_col-sm-12\"><div class=\"vc_column-inner\"><div class=\"wpb_wrapper\"><div  class=\"vc_toggle vc_toggle_default vc_toggle_color_turquoise  vc_toggle_size_lg    wpb_animate_when_almost_visible wpb_fadeIn fadeIn\">\n\t<div class=\"vc_toggle_title\"><h4>H\u00e4ufig gestellte Fragen zum Kurs \u201eZertifizierter Ausbilder\u201c<\/h4><i class=\"vc_toggle_icon\"><\/i><\/div>\n\t<div class=\"vc_toggle_content\"><p><strong>F: Was kostet diese Art von Schulung?<\/strong><br \/>\nA: Die Anmeldegeb\u00fchr f\u00fcr den Kurs zum zertifizierten Ausbilder betr\u00e4gt $400. <em dir=\"ltr\">Wir bieten ein laufendes Gruppenregistrierungsangebot f\u00fcr denselben Tag an. Sie kaufen 3 Kursleiterregistrierungen und erhalten die 4. kostenlos.<\/em>.<\/p>\n<p><strong>F: Kann ich ein zertifizierter Ausbilder werden, wenn ich nicht bei einem Community Agency-Partner von Rent Well angestellt bin?<\/strong><br \/>\nA: Nein, Ihre Agentur muss \u00fcber eine Lizenz zum Durchf\u00fchren des urheberrechtlich gesch\u00fctzten Lehrplans verf\u00fcgen, bevor Mitarbeiter an der Ausbilderschulung teilnehmen k\u00f6nnen.<br \/>\nPr\u00fcfen Sie, ob Ihre Agentur bereits ein CAP ist, oder bewerben Sie sich hier: <a href=\"http:\/\/rentwell.org\/de\/caps\/\">rentwell.org\/caps.<\/a><\/p>\n<p><strong>F: Wann kann ich anfangen, einen Rent Well-Kurs zu unterrichten?<\/strong><br \/>\nA: Im Allgemeinen innerhalb von 30 Tagen nach Erhalt Ihrer vollst\u00e4ndigen Zertifizierung. Wir bitten die Kursleiter, uns 30 Tage im Voraus \u00fcber bevorstehende Kurse zu informieren, es k\u00f6nnen jedoch Ausnahmen gemacht werden.<\/p>\n<p><strong>F: Kann ich einen Kurs gemeinsam mit einem anderen zertifizierten Kursleiter leiten?<br \/>\n<\/strong>A: Auf jeden Fall. Wenn Sie uns Ihren n\u00e4chsten Kurs mitteilen, vergessen Sie nicht, alle Kursleiter aufzuf\u00fchren, die den Kurs unterrichten.<\/p>\n<p><strong>F: Wie viel kosten Sch\u00fclerarbeitsb\u00fccher und wo kann ich sie kaufen?<\/strong><br \/>\nA: Sch\u00fclerarbeitsmappen f\u00fcr $16 sind jeweils in unserem Square Store erh\u00e4ltlich. Sie finden den Link, indem Sie auf der aktualisierten Startseite Ihres Dozentenkontos auf die Kachel \u201eB\u00fccher bestellen\u201c klicken.<\/p>\n<p><strong>F: Wie lange ist mein Ausbilderzertifikat g\u00fcltig und wie l\u00e4uft die Rezertifizierung ab?<br \/>\n<\/strong>A: Dozentenzertifikate sind ca. 3 Jahre g\u00fcltig und laufen am 30. Januar des dritten Jahres ab. Um Ihre Lehrbefugnis zu behalten, m\u00fcssen Dozenten an einem Webinar zu Gesetzesaktualisierungen teilnehmen, das derzeit kostenlos ist.<\/p>\n<p><strong>F: Kann mein Ausbilderzertifikat auf eine andere Agentur \u00fcbertragen werden, wenn mein Arbeitgeber wechselt?<\/strong><br \/>\nA: Ja, Ausbilderzertifikate k\u00f6nnen abh\u00e4ngig von einigen Faktoren auf eine andere Agentur \u00fcbertragen werden. Die Agentur, zu der Sie wechseln, muss eine sein oder werden <a href=\"https:\/\/rentwell.org\/de\/educators\/caps\/\" target=\"_blank\" rel=\"noopener\">Partner der Community-Agentur<\/a>, und Sie m\u00fcssen innerhalb des letzten Jahres entweder eine Zertifizierung oder eine erneute Zertifizierung erhalten oder einen Kurs unterrichtet haben. Wenn der Zeitraum \u00fcber ein Jahr betr\u00e4gt, m\u00fcssen Sie den Kurs wiederholen.<\/p>\n<h3>Wenn Sie weitere Fragen haben, senden Sie uns bitte eine Nachricht \u00fcber das <a href=\"https:\/\/support.rentwell.org\/en\/support\/tickets\/new\">Kontaktseite.<\/a><\/h3>\n<\/div>\n<\/div>\n<div class=\"vc_separator wpb_content_element vc_separator_align_center vc_sep_width_100 vc_sep_pos_align_center vc_separator_no_text vc_sep_color_turquoise\" ><span class=\"vc_sep_holder vc_sep_holder_l\"><span  class=\"vc_sep_line\"><\/span><\/span><span class=\"vc_sep_holder vc_sep_holder_r\"><span  class=\"vc_sep_line\"><\/span><\/span>\n<\/div><div class=\"vc_empty_space\"   style=\"height: 12px\" ><span class=\"vc_empty_space_inner\"><\/span><\/div>\n<\/div><\/div><\/div><\/div><\/div><div class=\"container\" ><div class=\"vc_row wpb_row vc_row-fluid\"><div class=\"wpb_column vc_column_container vc_col-sm-6\"><div class=\"vc_column-inner\"><div class=\"wpb_wrapper\">\n\t<div class=\"wpb_text_column wpb_content_element\" >\n\t\t<div class=\"wpb_wrapper\">\n\t\t\t<p><span style=\"text-decoration: underline;\">Fallmanager-Track<\/span><br \/>\nWenn Sie mehr an der Wissensentwicklung im Bereich Wohnungsf\u00fcrsprache interessiert sind, ohne die Rent Well-Kurse zu unterrichten, erfahren Sie mehr \u00fcber unsere <a href=\"http:\/\/rentwell.org\/de\/casemanagers\/\">Case-Manager-Spur<\/a>.<\/p>\n\n\t\t<\/div>\n\t<\/div>\n<div class=\"vc_empty_space\"   style=\"height: 12px\" ><span class=\"vc_empty_space_inner\"><\/span><\/div>\n<\/div><\/div><\/div><div class=\"wpb_column vc_column_container vc_col-sm-6\"><div class=\"vc_column-inner\"><div class=\"wpb_wrapper\">\n\t<div class=\"wpb_text_column wpb_content_element\" >\n\t\t<div class=\"wpb_wrapper\">\n\t\t\t<p><span style=\"text-decoration: underline;\">Sind Sie bereits ein zertifizierter Ausbilder?<\/span><br \/>\nSie haben Zugriff auf Kursinformationen, Unterrichtsmaterialien, ein Online-Community-Forum f\u00fcr Dozenten und vieles mehr. Anmelden <a href=\"https:\/\/almarketplace.csod.com\/login\/render.aspx?id=rentwell\" target=\"_blank\" rel=\"noopener\">HIER<\/a> um auf Ihr Lehrerportal zuzugreifen.<\/p>\n\n\t\t<\/div>\n\t<\/div>\n<\/div><\/div><\/div><\/div><\/div>","protected":false},"excerpt":{"rendered":"Become a Certified Instructor The Rent Well Certified Instructor Track is available to staff at partnered agencies who would like to teach Rent Well courses at their agency to clients or the public. If you are interested in teaching a lecture-style Rent Well course to those who want to learn more about their rights and [...]","protected":false},"author":6,"featured_media":0,"parent":123,"menu_order":0,"comment_status":"closed","ping_status":"closed","template":"","meta":{"footnotes":""},"class_list":["post-3446","page","type-page","status-publish","hentry"],"featured_image_src":null,"featured_image_src_square":null,"_links":{"self":[{"href":"https:\/\/rentwell.org\/de\/wp-json\/wp\/v2\/pages\/3446","targetHints":{"allow":["GET"]}}],"collection":[{"href":"https:\/\/rentwell.org\/de\/wp-json\/wp\/v2\/pages"}],"about":[{"href":"https:\/\/rentwell.org\/de\/wp-json\/wp\/v2\/types\/page"}],"author":[{"embeddable":true,"href":"https:\/\/rentwell.org\/de\/wp-json\/wp\/v2\/users\/6"}],"replies":[{"embeddable":true,"href":"https:\/\/rentwell.org\/de\/wp-json\/wp\/v2\/comments?post=3446"}],"version-history":[{"count":0,"href":"https:\/\/rentwell.org\/de\/wp-json\/wp\/v2\/pages\/3446\/revisions"}],"up":[{"embeddable":true,"href":"https:\/\/rentwell.org\/de\/wp-json\/wp\/v2\/pages\/123"}],"wp:attachment":[{"href":"https:\/\/rentwell.org\/de\/wp-json\/wp\/v2\/media?parent=3446"}],"curies":[{"name":"wp","href":"https:\/\/api.w.org\/{rel}","templated":true}]}}