{"id":3432,"date":"2023-04-12T21:58:15","date_gmt":"2023-04-12T21:58:15","guid":{"rendered":"https:\/\/rentwell.org\/?page_id=3432"},"modified":"2025-10-28T14:04:27","modified_gmt":"2025-10-28T14:04:27","slug":"casemanagers","status":"publish","type":"page","link":"https:\/\/rentwell.org\/de\/educators\/casemanagers\/","title":{"rendered":"Fallmanager-Track"},"content":{"rendered":"<div class=\"container\" ><div class=\"vc_row wpb_row vc_row-fluid\"><div class=\"wpb_column vc_column_container vc_col-sm-12\"><div class=\"vc_column-inner\"><div class=\"wpb_wrapper\"><div class=\"vc_empty_space\"   style=\"height: 12px\" ><span class=\"vc_empty_space_inner\"><\/span><\/div>\n\t\t\t<div\n\t\t\t\tclass=\"darna-heading style1\" >\n\t\t\t\t\t\t\t\t\t<h2>Nehmen Sie am Case Manager-Kurs teil<\/h2>\n\t\t\t\t\t\t\t\t\t\t\t<\/div>\n\t\t\t<div class=\"vc_empty_space\"   style=\"height: 12px\" ><span class=\"vc_empty_space_inner\"><\/span><\/div>\n<div class=\"vc_empty_space\"   style=\"height: 12px\" ><span class=\"vc_empty_space_inner\"><\/span><\/div>\n\n\t<div class=\"wpb_text_column wpb_content_element\" >\n\t\t<div class=\"wpb_wrapper\">\n\t\t\t<h3><span data-preserver-spaces=\"true\">Der Mietbrunnen\u00a0<\/span><strong><span data-preserver-spaces=\"true\">Fallmanager<\/span><\/strong><span data-preserver-spaces=\"true\"> Der Kurs richtet sich an Fallmanager und Wohnungsanw\u00e4lte in Oregon, die ihre Kenntnisse im Wohnungswesen beruflich erweitern m\u00f6chten. Wenn Sie mehr \u00fcber Mieter-Vermieter-Regelungen und M\u00f6glichkeiten zur Unterst\u00fctzung Ihrer Klienten bei der \u00dcberwindung von Wohnungsbarrieren erfahren m\u00f6chten, ist dieser Kurs genau das Richtige f\u00fcr Sie.<\/span><\/h3>\n<h3><span style=\"font-weight: 400;\">\u00a0<\/span><\/h3>\n\n\t\t<\/div>\n\t<\/div>\n<div class=\"vc_empty_space\"   style=\"height: 12px\" ><span class=\"vc_empty_space_inner\"><\/span><\/div>\n<div class=\"vc_empty_space\"   style=\"height: 12px\" ><span class=\"vc_empty_space_inner\"><\/span><\/div>\n<div class=\"vc_btn3-container  wpb_animate_when_almost_visible wpb_fadeIn fadeIn vc_btn3-center\" >\n\t<a class=\"vc_general vc_btn3 vc_btn3-size-lg vc_btn3-shape-rounded vc_btn3-style-modern vc_btn3-color-info\" href=\"https:\/\/advancenetlabs.org\/rw-casemanager\/\" title=\"Registrieren Sie sich f\u00fcr den Kurs \u201eAusgebildeter Fachmann\u201c\" target=\"_blank\" rel=\"noopener\">Registrieren Sie sich f\u00fcr den Case Manager-Kurs<\/a><\/div>\n<div class=\"vc_separator wpb_content_element vc_separator_align_center vc_sep_width_100 vc_sep_pos_align_center vc_separator_no_text vc_sep_color_turquoise\" ><span class=\"vc_sep_holder vc_sep_holder_l\"><span  class=\"vc_sep_line\"><\/span><\/span><span class=\"vc_sep_holder vc_sep_holder_r\"><span  class=\"vc_sep_line\"><\/span><\/span>\n<\/div><div class=\"vc_empty_space\"   style=\"height: 12px\" ><span class=\"vc_empty_space_inner\"><\/span><\/div>\n<div class=\"vc_empty_space\"   style=\"height: 12px\" ><span class=\"vc_empty_space_inner\"><\/span><\/div>\n\n\t<div class=\"wpb_text_column wpb_content_element\" >\n\t\t<div class=\"wpb_wrapper\">\n\t\t\t<h3 style=\"text-align: center;\"><strong>Was Sie vom Case Manager-Kurs erwartet<\/strong><\/h3>\n<p>Der Case Manager-Kurs ist als Online-eCource verf\u00fcgbar, der dem Lehrplanmodell f\u00fcr Studenten entspricht. Diese Art von Schulung kostet $200 und besteht aus 12 Abschnitten, wie unten dargestellt. Der eCourse ist so konzipiert, dass Sie ihn in Ihrem eigenen Tempo absolvieren k\u00f6nnen und dauert 15 bis 20 Stunden. Nach Abschluss erhalten Sie ein Teilnahmezertifikat und k\u00f6nnen die Kursmaterialien jederzeit erneut aufrufen und zur Wiederholung verwenden.<\/p>\n\n\t\t<\/div>\n\t<\/div>\n\n\t<div  class=\"wpb_single_image wpb_content_element vc_align_center\">\n\t\t\n\t\t<figure class=\"wpb_wrapper vc_figure\">\n\t\t\t<div class=\"vc_single_image-wrapper   vc_box_border_grey\"><img loading=\"lazy\" decoding=\"async\" width=\"1024\" height=\"576\" src=\"https:\/\/rentwell.org\/wp-content\/uploads\/2022\/08\/CourseSections-1024x576.png\" class=\"vc_single_image-img attachment-large\" alt=\"Course Overview\" srcset=\"https:\/\/rentwell.org\/wp-content\/uploads\/2022\/08\/CourseSections-1024x576.png 1024w, https:\/\/rentwell.org\/wp-content\/uploads\/2022\/08\/CourseSections-300x169.png 300w, https:\/\/rentwell.org\/wp-content\/uploads\/2022\/08\/CourseSections-768x432.png 768w, https:\/\/rentwell.org\/wp-content\/uploads\/2022\/08\/CourseSections-1536x864.png 1536w, https:\/\/rentwell.org\/wp-content\/uploads\/2022\/08\/CourseSections-18x10.png 18w, https:\/\/rentwell.org\/wp-content\/uploads\/2022\/08\/CourseSections.png 1919w\" sizes=\"auto, (max-width: 1024px) 100vw, 1024px\" \/><\/div>\n\t\t<\/figure>\n\t<\/div>\n<div class=\"vc_empty_space\"   style=\"height: 12px\" ><span class=\"vc_empty_space_inner\"><\/span><\/div>\n<\/div><\/div><\/div><\/div><\/div><div class=\"fullwidth\" ><div class=\"vc_row wpb_row vc_row-fluid\"><div class=\"wpb_column vc_column_container vc_col-sm-12\"><div class=\"vc_column-inner\"><div class=\"wpb_wrapper\"><div class=\"vc_empty_space\"   style=\"height: 32px\" ><span class=\"vc_empty_space_inner\"><\/span><\/div>\n<div  class=\"vc_toggle vc_toggle_default vc_toggle_color_turquoise  vc_toggle_size_lg vc_toggle_active   wpb_animate_when_almost_visible wpb_fadeIn fadeIn\">\n\t<div class=\"vc_toggle_title\"><h4>H\u00e4ufig gestellte Fragen zum Case Manager Track<\/h4><i class=\"vc_toggle_icon\"><\/i><\/div>\n\t<div class=\"vc_toggle_content\"><p><strong>F: Was kostet diese Art von Schulung?<br \/>\n<\/strong>A: Die Anmeldegeb\u00fchr f\u00fcr den Case Manager-Kurs betr\u00e4gt $200.<\/p>\n<p><strong>F: Kann ich am Case-Manager-Kurs teilnehmen, ohne dass meine Agentur ein Community Agency-Partner wird?<\/strong><br \/>\nA: Ja, die Anmeldung zum Case Manager-Kurs steht Ihnen mit und ohne Zugeh\u00f6rigkeit frei.<\/p>\n<p><strong>F: Kann ich nach der Teilnahme am Case-Manager-Kurs einen Rent-Well-Kurs unterrichten?<br \/>\n<\/strong>A: Nein, dieser Kurs vermittelt Ihnen nicht alle F\u00e4higkeiten, die Sie ben\u00f6tigen, um einen Kurs zu leiten. Erfahren Sie mehr \u00fcber die <a href=\"http:\/\/rentwell.org\/de\/instructors\/\">Lehrgang zum zertifizierten Ausbilder<\/a>.<\/p>\n<\/div>\n<\/div>\n<div class=\"vc_empty_space\"   style=\"height: 12px\" ><span class=\"vc_empty_space_inner\"><\/span><\/div>\n<\/div><\/div><\/div><\/div><\/div><div class=\"container\" ><div class=\"vc_row wpb_row vc_row-fluid\"><div class=\"wpb_column vc_column_container vc_col-sm-6\"><div class=\"vc_column-inner\"><div class=\"wpb_wrapper\">\n\t<div class=\"wpb_text_column wpb_content_element\" >\n\t\t<div class=\"wpb_wrapper\">\n\t\t\t<p><span style=\"text-decoration: underline;\"><span style=\"font-weight: 400;\">Kurs f\u00fcr zertifizierte Ausbilder<br \/>\n<\/span><\/span><span style=\"font-weight: 400;\">Wenn Sie mehr daran interessiert sind, einen Rent Well-Kurs im Vorlesungsstil f\u00fcr diejenigen zu halten, die mehr \u00fcber ihre Rechte und Pflichten als Mieter erfahren m\u00f6chten, erfahren Sie mehr \u00fcber unsere <a href=\"http:\/\/rentwell.org\/de\/instructors\/\">Lehrgang zum zertifizierten Ausbilder<\/a>.<br \/>\n<\/span><\/p>\n\n\t\t<\/div>\n\t<\/div>\n<div class=\"vc_empty_space\"   style=\"height: 12px\" ><span class=\"vc_empty_space_inner\"><\/span><\/div>\n<\/div><\/div><\/div><div class=\"wpb_column vc_column_container vc_col-sm-6\"><div class=\"vc_column-inner\"><div class=\"wpb_wrapper\"><\/div><\/div><\/div><\/div><\/div>","protected":false},"excerpt":{"rendered":"Take the Case Manager Course The Rent Well\u00a0Case Manager Track is designed for case managers and housing advocates in OREGON looking for professional development to expand their knowledge in the housing field. If you want to learn more about tenant-landlord regulations and ways to help clients overcome housing barriers, this track is for you. \u00a0 [...]","protected":false},"author":6,"featured_media":0,"parent":123,"menu_order":0,"comment_status":"closed","ping_status":"closed","template":"","meta":{"footnotes":""},"class_list":["post-3432","page","type-page","status-publish","hentry"],"featured_image_src":null,"featured_image_src_square":null,"_links":{"self":[{"href":"https:\/\/rentwell.org\/de\/wp-json\/wp\/v2\/pages\/3432","targetHints":{"allow":["GET"]}}],"collection":[{"href":"https:\/\/rentwell.org\/de\/wp-json\/wp\/v2\/pages"}],"about":[{"href":"https:\/\/rentwell.org\/de\/wp-json\/wp\/v2\/types\/page"}],"author":[{"embeddable":true,"href":"https:\/\/rentwell.org\/de\/wp-json\/wp\/v2\/users\/6"}],"replies":[{"embeddable":true,"href":"https:\/\/rentwell.org\/de\/wp-json\/wp\/v2\/comments?post=3432"}],"version-history":[{"count":0,"href":"https:\/\/rentwell.org\/de\/wp-json\/wp\/v2\/pages\/3432\/revisions"}],"up":[{"embeddable":true,"href":"https:\/\/rentwell.org\/de\/wp-json\/wp\/v2\/pages\/123"}],"wp:attachment":[{"href":"https:\/\/rentwell.org\/de\/wp-json\/wp\/v2\/media?parent=3432"}],"curies":[{"name":"wp","href":"https:\/\/api.w.org\/{rel}","templated":true}]}}