{"id":3346,"date":"2022-08-31T03:55:59","date_gmt":"2022-08-31T03:55:59","guid":{"rendered":"https:\/\/rentwell.org\/?page_id=3346"},"modified":"2023-04-29T04:12:08","modified_gmt":"2023-04-29T04:12:08","slug":"ourjourney","status":"publish","type":"page","link":"https:\/\/rentwell.org\/de\/about\/ourjourney\/","title":{"rendered":"Unsere Reise"},"content":{"rendered":"<div class=\"fullwidth\" ><div class=\"vc_row wpb_row vc_row-fluid\"><div class=\"wpb_column vc_column_container vc_col-sm-12\"><div class=\"vc_column-inner\"><div class=\"wpb_wrapper\">\t\t\t<div\n\t\t\t\tclass=\"darna-heading style1\" >\n\t\t\t\t\t\t\t\t\t<h2>Was wir gemacht haben<\/h2>\n\t\t\t\t\t\t\t\t\t\t\t<\/div>\n\t\t\t<div class=\"vc_empty_space\"   style=\"height: 24px\" ><span class=\"vc_empty_space_inner\"><\/span><\/div>\n\n\t<div class=\"wpb_text_column wpb_content_element\" >\n\t\t<div class=\"wpb_wrapper\">\n\t\t\t<p><img loading=\"lazy\" decoding=\"async\" class=\"alignright wp-image-3344\" src=\"https:\/\/rentwell.org\/wp-content\/uploads\/2022\/08\/BookPen-300x300.png\" alt=\"OUR HISTORY\" width=\"144\" height=\"144\" srcset=\"https:\/\/rentwell.org\/wp-content\/uploads\/2022\/08\/BookPen-300x300.png 300w, https:\/\/rentwell.org\/wp-content\/uploads\/2022\/08\/BookPen-150x150.png 150w, https:\/\/rentwell.org\/wp-content\/uploads\/2022\/08\/BookPen-12x12.png 12w, https:\/\/rentwell.org\/wp-content\/uploads\/2022\/08\/BookPen-600x600.png 600w, https:\/\/rentwell.org\/wp-content\/uploads\/2022\/08\/BookPen.png 646w\" sizes=\"auto, (max-width: 144px) 100vw, 144px\" \/><\/p>\n<p>Seit der Gr\u00fcndung von Rent Well im Jahr 2009 wurde es gemeinsam von mehreren Agenturen und einem Ausschuss namens Renter&#039;s Education ALLiance (REAL) \u00fcberwacht. Dieser Ausschuss bestand aus Wohnungsanw\u00e4lten, Fallmanagern, gemeinn\u00fctzigen Organisationen, Mietern, Wohnungsanbietern und Immobilienverwaltern und Regierungsorganisationen aus dem gesamten Gro\u00dfraum Portland. Der Lehrplan wurde von einem professionellen Lehrplanentwickler verfasst und vom Fair Housing Council of Oregon, den Legal Aid Services of Oregon, der Community Alliance of Tenants und Multifamily NW \u00fcberpr\u00fcft.<\/p>\n<p>Der Lehrplan wurde bis 2016 vom REAL Committee, Homeforward und der Stadt Portland gepflegt. Im Juli 2016 wurden Eigentum und Verwaltung von Rent Well an Transition Projects \u00fcbertragen, den gr\u00f6\u00dften Anbieter der Rent Well-Kurse. Seit der Konsolidierung der Programmaufsicht gab es viele Aktualisierungen, Erfolge und Erweiterungen.<\/p>\n\n\t\t<\/div>\n\t<\/div>\n<div class=\"vc_empty_space\"   style=\"height: 32px\" ><span class=\"vc_empty_space_inner\"><\/span><\/div>\n<div class=\"vc_separator wpb_content_element vc_separator_align_center vc_sep_width_100 vc_sep_pos_align_center vc_sep_color_peacoc vc_separator-has-text\" ><span class=\"vc_sep_holder vc_sep_holder_l\"><span  class=\"vc_sep_line\"><\/span><\/span><h4>2017<\/h4><span class=\"vc_sep_holder vc_sep_holder_r\"><span  class=\"vc_sep_line\"><\/span><\/span>\n<\/div><div class=\"vc_empty_space\"   style=\"height: 32px\" ><span class=\"vc_empty_space_inner\"><\/span><\/div>\n\n\t<div class=\"wpb_text_column wpb_content_element\" >\n\t\t<div class=\"wpb_wrapper\">\n\t\t\t<ul>\n<li><strong>Juli:<\/strong> Wir haben die erfolgreiche Verabschiedung des Oregon House Bill (HB) 2724 gefeiert, mit dem ein landesweites Mietgarantieprogramm in Verbindung mit zertifizierten Mieterschulungskursen wie Rent Well geschaffen wurde.<\/li>\n<li><strong>November:<\/strong> Bisher haben 5.000 Rent Well-Studenten ihren Abschluss gemacht<\/li>\n<\/ul>\n\n\t\t<\/div>\n\t<\/div>\n<div class=\"vc_empty_space\"   style=\"height: 32px\" ><span class=\"vc_empty_space_inner\"><\/span><\/div>\n<div class=\"vc_separator wpb_content_element vc_separator_align_center vc_sep_width_100 vc_sep_pos_align_center vc_sep_color_peacoc vc_separator-has-text\" ><span class=\"vc_sep_holder vc_sep_holder_l\"><span  class=\"vc_sep_line\"><\/span><\/span><h4>2018<\/h4><span class=\"vc_sep_holder vc_sep_holder_r\"><span  class=\"vc_sep_line\"><\/span><\/span>\n<\/div><div class=\"vc_empty_space\"   style=\"height: 32px\" ><span class=\"vc_empty_space_inner\"><\/span><\/div>\n\n\t<div class=\"wpb_text_column wpb_content_element\" >\n\t\t<div class=\"wpb_wrapper\">\n\t\t\t<ul>\n<li style=\"text-align: left;\"><strong>Januar: <\/strong>Version 3.0 des Lehrplans f\u00fcr Oregon und Washington wurde ver\u00f6ffentlicht. Diese Version war die erste Aktualisierung seit 2014 und kombinierte die Hinweise zum Lehrerhandbuch mit dem Sch\u00fclerhandbuch, sodass der Lehrer ein statt zwei Handb\u00fccher zum Unterrichten zur Verf\u00fcgung hatte.<\/li>\n<li><strong>D\u00fcrfen:<\/strong> Das Rent Well-Programm erhielt von der Oregon Community Foundation ein Stipendium in H\u00f6he von $25k, um die Lehr- und Sch\u00fclermaterialien von Oregon ins Spanische zu \u00fcbersetzen.<\/li>\n<\/ul>\n\n\t\t<\/div>\n\t<\/div>\n<div class=\"vc_empty_space\"   style=\"height: 32px\" ><span class=\"vc_empty_space_inner\"><\/span><\/div>\n<div class=\"vc_separator wpb_content_element vc_separator_align_center vc_sep_width_100 vc_sep_pos_align_center vc_sep_color_peacoc vc_separator-has-text\" ><span class=\"vc_sep_holder vc_sep_holder_l\"><span  class=\"vc_sep_line\"><\/span><\/span><h4>2019<\/h4><span class=\"vc_sep_holder vc_sep_holder_r\"><span  class=\"vc_sep_line\"><\/span><\/span>\n<\/div><div class=\"vc_empty_space\"   style=\"height: 32px\" ><span class=\"vc_empty_space_inner\"><\/span><\/div>\n\n\t<div class=\"wpb_text_column wpb_content_element\" >\n\t\t<div class=\"wpb_wrapper\">\n\t\t\t<ul>\n<li><strong>Juni:<\/strong> Erneut feierten wir die erfolgreiche Verabschiedung des Oregon Senate Bill (SB) 278, der die Berechtigung f\u00fcr das Mietgarantieprogramm auf Personen im Alter zwischen 16 und 26 Jahren ausdehnte, die in den letzten 10 Jahren in Pflegefamilien oder im Jugendstrafrechtssystem untergebracht waren.<\/li>\n<li><strong>August:<\/strong> Die Version 4.0 des Lehrplans f\u00fcr Oregon und Washington wurde fertiggestellt und ver\u00f6ffentlicht. Dadurch wurden die spezifischen Gesetze und Lehrpl\u00e4ne von Oregon und Washington in jeweils eigene Versionen der Sch\u00fcler- und Ausbilderhandb\u00fccher aufgeteilt.<\/li>\n<\/ul>\n\n\t\t<\/div>\n\t<\/div>\n<div class=\"vc_empty_space\"   style=\"height: 32px\" ><span class=\"vc_empty_space_inner\"><\/span><\/div>\n<div class=\"vc_separator wpb_content_element vc_separator_align_center vc_sep_width_100 vc_sep_pos_align_center vc_sep_color_peacoc vc_separator-has-text\" ><span class=\"vc_sep_holder vc_sep_holder_l\"><span  class=\"vc_sep_line\"><\/span><\/span><h4>2020<\/h4><span class=\"vc_sep_holder vc_sep_holder_r\"><span  class=\"vc_sep_line\"><\/span><\/span>\n<\/div><div class=\"vc_empty_space\"   style=\"height: 32px\" ><span class=\"vc_empty_space_inner\"><\/span><\/div>\n\n\t<div class=\"wpb_text_column wpb_content_element\" >\n\t\t<div class=\"wpb_wrapper\">\n\t\t\t<ul>\n<li><strong>Februar:<\/strong> Das Programm pl\u00e4dierte f\u00fcr die Verabschiedung eines technischen Fixes im Senate Bill (SB) 1533. Dieser Gesetzentwurf w\u00fcrde kleinere, aber wichtige Details des urspr\u00fcnglichen Mietgarantiegesetzes bereinigen, um die Garantie f\u00fcr Rent Well-Absolventen und ihre Hausverwalter zug\u00e4nglicher zu machen. Leider hat der Gesetzentwurf die Sitzung nicht verlassen.<\/li>\n<li><strong>Marsch:<\/strong> Wir haben einen offiziellen Spezialisten f\u00fcr administrative Unterst\u00fctzung eingestellt. Das Personal f\u00fcr den administrativen Teil des Programms wurde von einer auf zwei Vollzeitstellen erh\u00f6ht.<\/li>\n<li><strong>D\u00fcrfen<\/strong>: Das war ein gro\u00dfer Monat f\u00fcr uns! Der 10.000ste Rent Well-Student hat seinen Abschluss gemacht. Gleichzeitig wurden aufgrund der COVID-Pandemie \u00c4nderungen am urspr\u00fcnglichen Pr\u00e4senzkurs vorgenommen, um daraus eine Freundesversion des Lehrplans im Webinar-Stil zu machen.<\/li>\n<\/ul>\n\n\t\t<\/div>\n\t<\/div>\n<div class=\"vc_empty_space\"   style=\"height: 32px\" ><span class=\"vc_empty_space_inner\"><\/span><\/div>\n<div class=\"vc_separator wpb_content_element vc_separator_align_center vc_sep_width_100 vc_sep_pos_align_center vc_sep_color_peacoc vc_separator-has-text\" ><span class=\"vc_sep_holder vc_sep_holder_l\"><span  class=\"vc_sep_line\"><\/span><\/span><h4>2021<\/h4><span class=\"vc_sep_holder vc_sep_holder_r\"><span  class=\"vc_sep_line\"><\/span><\/span>\n<\/div><div class=\"vc_empty_space\"   style=\"height: 32px\" ><span class=\"vc_empty_space_inner\"><\/span><\/div>\n\n\t<div class=\"wpb_text_column wpb_content_element\" >\n\t\t<div class=\"wpb_wrapper\">\n\t\t\t<ul>\n<li><strong>Januar:<\/strong> Rent Well erhielt einen Zuschuss von $500k von Oregon Housing and Community Services, um den Lehrplan in einen eigenst\u00e4ndigen E-Kurs und eine mobile App in sieben verschiedenen Sprachen umzuwandeln: Englisch, Spanisch, Russisch, vereinfachtes Chinesisch, traditionelles Chinesisch, Vietnamesisch und Deutsch.<\/li>\n<li><strong>D\u00fcrfen:<\/strong> Endlich konnten wir die erfolgreiche Verabschiedung des Oregon House Bill (HB) 2101 feiern, bei dem es sich um eine Neuauflage des Gesetzes zur technischen Reparatur aus dem Jahr 2019 handelte, um die Oregon-Garantie f\u00fcr Absolventen von Rent Well zug\u00e4nglicher zu machen.<\/li>\n<li><strong>Juli<\/strong>: Das neu gestaltete rentwell.org wurde ver\u00f6ffentlicht.<\/li>\n<li><strong>August:<\/strong> Die eCourse-Version der Tenant Education Academy wurde ver\u00f6ffentlicht. Dies gibt Personen, die entweder Ausbilder oder ausgebildete Fachkr\u00e4fte werden m\u00f6chten, die M\u00f6glichkeit, in ihrer Freizeit an der Schulung teilzunehmen und nicht auf viertelj\u00e4hrliche Schulungen warten zu m\u00fcssen.<\/li>\n<li><strong>Oktober:<\/strong> Eine Partnerschaft zwischen Pacific Screening und Rent Well erm\u00f6glichte die Schaffung einer neuen Screening-Site, sodass sowohl Lehrkr\u00e4fte als auch Sch\u00fcler Zugang zu leicht lesbaren, aktuellen Hintergrundberichten haben.<\/li>\n<\/ul>\n\n\t\t<\/div>\n\t<\/div>\n<div class=\"vc_empty_space\"   style=\"height: 32px\" ><span class=\"vc_empty_space_inner\"><\/span><\/div>\n<div class=\"vc_separator wpb_content_element vc_separator_align_center vc_sep_width_100 vc_sep_pos_align_center vc_sep_color_peacoc vc_separator-has-text\" ><span class=\"vc_sep_holder vc_sep_holder_l\"><span  class=\"vc_sep_line\"><\/span><\/span><h4>2022<\/h4><span class=\"vc_sep_holder vc_sep_holder_r\"><span  class=\"vc_sep_line\"><\/span><\/span>\n<\/div><div class=\"vc_empty_space\"   style=\"height: 32px\" ><span class=\"vc_empty_space_inner\"><\/span><\/div>\n\n\t<div class=\"wpb_text_column wpb_content_element\" >\n\t\t<div class=\"wpb_wrapper\">\n\t\t\t<ul>\n<li><strong>Januar:<\/strong> Rent Well wurde offiziell zum Goldstandard der Mieterausbildung im Bundesstaat Oregon ernannt und war der einzige staatlich anerkannte Lehrplan f\u00fcr die Mieterausbildung, der mit dem Mietgarantieprogramm gekoppelt war. Au\u00dferdem wurde die Programmbesetzung von zwei auf sechs Vollzeitmitarbeiter erh\u00f6ht. Die zus\u00e4tzliche Personalausstattung diente dazu, die Studenten des eCourse bei der Vervollst\u00e4ndigung des Lehrplans zu unterst\u00fctzen und einen Ansprechpartner zu haben, der Dozenten in anderen Agenturen unterst\u00fctzt und die Beziehungen zu Immobilienverwaltern aufbaut.<\/li>\n<li><strong>Februar:<\/strong> Der eKurs ist offiziell f\u00fcr die breite \u00d6ffentlichkeit zug\u00e4nglich. Dank zus\u00e4tzlicher Mittel von Oregon Housing and Community Services wird der E-Kurs f\u00fcr bis zu 5.000 Oregonianer mit niedrigem Einkommen pro Jahr kostenlos sein.<\/li>\n<li><strong>Marsch:<\/strong> Wir haben den Grundstein f\u00fcr Apply Oregon gelegt, ein Joint Venture zwischen Rent Well und Pacific Screening, das die L\u00fccke zwischen Absolventen und Vermietern in Oregon schlie\u00dfen soll. Dar\u00fcber hinaus wurde Version 5, besser bekannt als Version 2022 des Oregon- und Washington-Lehrplans, ver\u00f6ffentlicht.<\/li>\n<\/ul>\n\n\t\t<\/div>\n\t<\/div>\n<div class=\"vc_empty_space\"   style=\"height: 32px\" ><span class=\"vc_empty_space_inner\"><\/span><\/div>\n<\/div><\/div><\/div><\/div><\/div><div class=\"fullwidth\" ><div class=\"vc_row wpb_row vc_row-fluid\"><div class=\"wpb_column vc_column_container vc_col-sm-12\"><div class=\"vc_column-inner\"><div class=\"wpb_wrapper\">\n\t<div class=\"wpb_text_column wpb_content_element\" >\n\t\t<div class=\"wpb_wrapper\">\n\t\t\t<p>&nbsp;<\/p>\n\n\t\t<\/div>\n\t<\/div>\n<\/div><\/div><\/div><\/div><\/div>","protected":false},"excerpt":{"rendered":"What We have Been Up To Since Rent Well was created in 2009, it was collectively overseen by several agencies and a committee known as the Renter's Education ALliance (REAL.) This committee was comprised of housing advocates, case managers, non-profits, tenants, housing providers, property managers, and governmental organizations from around the Portland Metro area. The [...]","protected":false},"author":4,"featured_media":0,"parent":115,"menu_order":0,"comment_status":"closed","ping_status":"closed","template":"","meta":{"footnotes":""},"class_list":["post-3346","page","type-page","status-publish","hentry"],"featured_image_src":null,"featured_image_src_square":null,"_links":{"self":[{"href":"https:\/\/rentwell.org\/de\/wp-json\/wp\/v2\/pages\/3346","targetHints":{"allow":["GET"]}}],"collection":[{"href":"https:\/\/rentwell.org\/de\/wp-json\/wp\/v2\/pages"}],"about":[{"href":"https:\/\/rentwell.org\/de\/wp-json\/wp\/v2\/types\/page"}],"author":[{"embeddable":true,"href":"https:\/\/rentwell.org\/de\/wp-json\/wp\/v2\/users\/4"}],"replies":[{"embeddable":true,"href":"https:\/\/rentwell.org\/de\/wp-json\/wp\/v2\/comments?post=3346"}],"version-history":[{"count":0,"href":"https:\/\/rentwell.org\/de\/wp-json\/wp\/v2\/pages\/3346\/revisions"}],"up":[{"embeddable":true,"href":"https:\/\/rentwell.org\/de\/wp-json\/wp\/v2\/pages\/115"}],"wp:attachment":[{"href":"https:\/\/rentwell.org\/de\/wp-json\/wp\/v2\/media?parent=3346"}],"curies":[{"name":"wp","href":"https:\/\/api.w.org\/{rel}","templated":true}]}}