{"id":3301,"date":"2022-01-26T08:35:54","date_gmt":"2022-01-26T08:35:54","guid":{"rendered":"https:\/\/rentwell.org\/?page_id=3301"},"modified":"2026-02-23T18:39:18","modified_gmt":"2026-02-23T18:39:18","slug":"ecourse","status":"publish","type":"page","link":"https:\/\/rentwell.org\/de\/tenants\/ecourse\/","title":{"rendered":"eCourse-Informationen und -Bewertung"},"content":{"rendered":"<div class=\"fullwidth\" ><div class=\"vc_row wpb_row vc_row-fluid\"><div class=\"wpb_column vc_column_container vc_col-sm-12\"><div class=\"vc_column-inner\"><div class=\"wpb_wrapper\">\t\t\t<div\n\t\t\t\tclass=\"darna-heading style1\" >\n\t\t\t\t\t\t\t\t\t<h2>Mieterschulung in Ihrem eigenen Tempo<\/h2>\n\t\t\t\t\t\t\t\t\t\t\t<\/div>\n\t\t\t<div class=\"vc_empty_space\"   style=\"height: 32px\" ><span class=\"vc_empty_space_inner\"><\/span><\/div>\n\n\t<div class=\"wpb_text_column wpb_content_element\" >\n\t\t<div class=\"wpb_wrapper\">\n\t\t\t<p>Der Rent Well Online-eKurs ist ein <strong>kostenlose Bildungsressource<\/strong> f\u00fcr Einwohner Oregons mit niedrigem Einkommen, die lernen m\u00f6chten, wie sie Wohnungsbarrieren abbauen und erfolgreich Mieter werden k\u00f6nnen. Dieser Kurs soll den Leuten beibringen, wie sie sich auf der Wohnungssuche zurechtfinden und wie sie ihre Wohnung behalten.<\/p>\n<p>Neue Studierende werden jeden Donnerstag in den eCourse aufgenommen und erhalten einen Online-Support-Spezialisten, der ihnen w\u00e4hrend des Kurses zur Seite steht. Der Kurs kann bis zu 90 Tage lang ab dem Datum der Zulassung im eigenen Tempo absolviert werden und dauert insgesamt etwa 15 bis 20 Stunden. Studierende m\u00fcssen den Kurs abschlie\u00dfen und ihr Wohnportfolio erstellen, um den Abschluss zu erhalten.<\/p>\n\n\t\t<\/div>\n\t<\/div>\n<div class=\"vc_empty_space\"   style=\"height: 32px\" ><span class=\"vc_empty_space_inner\"><\/span><\/div>\n\t\t\t<div\n\t\t\t\tclass=\"darna-heading style1\" >\n\t\t\t\t\t\t\t\t\t<h2>Anmeldung zum E-Kurs<\/h2>\n\t\t\t\t\t\t\t\t\t\t\t<\/div>\n\t\t\t<div class=\"vc_empty_space\"   style=\"height: 32px\" ><span class=\"vc_empty_space_inner\"><\/span><\/div>\n<\/div><\/div><\/div><\/div><\/div><div class=\"fullwidth\" ><div class=\"vc_row wpb_row vc_row-fluid\"><div class=\"wpb_column vc_column_container vc_col-sm-6\"><div class=\"vc_column-inner\"><div class=\"wpb_wrapper\">\n\t<div  class=\"wpb_single_image wpb_content_element vc_align_left\">\n\t\t\n\t\t<figure class=\"wpb_wrapper vc_figure\">\n\t\t\t<div class=\"vc_single_image-wrapper   vc_box_border_grey\"><img loading=\"lazy\" decoding=\"async\" width=\"1024\" height=\"777\" src=\"https:\/\/rentwell.org\/wp-content\/uploads\/2022\/01\/RegisterComputer_1439688911-01-1024x777.png\" class=\"vc_single_image-img attachment-large\" alt=\"Computer screen\" srcset=\"https:\/\/rentwell.org\/wp-content\/uploads\/2022\/01\/RegisterComputer_1439688911-01-1024x777.png 1024w, https:\/\/rentwell.org\/wp-content\/uploads\/2022\/01\/RegisterComputer_1439688911-01-300x228.png 300w, https:\/\/rentwell.org\/wp-content\/uploads\/2022\/01\/RegisterComputer_1439688911-01-768x583.png 768w, https:\/\/rentwell.org\/wp-content\/uploads\/2022\/01\/RegisterComputer_1439688911-01-1536x1165.png 1536w, https:\/\/rentwell.org\/wp-content\/uploads\/2022\/01\/RegisterComputer_1439688911-01-2048x1554.png 2048w, https:\/\/rentwell.org\/wp-content\/uploads\/2022\/01\/RegisterComputer_1439688911-01-16x12.png 16w\" sizes=\"auto, (max-width: 1024px) 100vw, 1024px\" \/><\/div>\n\t\t<\/figure>\n\t<\/div>\n<\/div><\/div><\/div><div class=\"wpb_column vc_column_container vc_col-sm-6\"><div class=\"vc_column-inner\"><div class=\"wpb_wrapper\">\n\t<div class=\"wpb_text_column wpb_content_element\" >\n\t\t<div class=\"wpb_wrapper\">\n\t\t\t<p>Das Bewertungsformular unten auf dieser Seite enth\u00e4lt eine Reihe von Fragen zu Ihrer Person, Ihrer Miethistorie und m\u00f6glichen Hindernissen beim Mieten. Wir stellen diese Fragen, damit wir uns ein besseres Bild davon machen k\u00f6nnen, wie wir Sie durch den Kurs begleiten k\u00f6nnen und ob dieser Kurs f\u00fcr Sie geeignet ist.<\/p>\n<p>Sobald Sie die Informationen \u00fcbermittelt haben, werden sie an unser Team gesendet! Wir \u00fcberpr\u00fcfen die Informationen jeden Donnerstag und wenn sie genehmigt werden, bringen wir Sie mit einem unserer talentierten Support-Spezialisten zusammen. Ihr Support-Spezialist wird da sein, um Sie zu motivieren, Ihnen beim Erstellen eines atemberaubenden Immobilienportfolios zu helfen und alle Ihre Fragen zu beantworten.<\/p>\n\n\t\t<\/div>\n\t<\/div>\n<\/div><\/div><\/div><\/div><\/div><div class=\"fullwidth\" ><div class=\"vc_row wpb_row vc_row-fluid\"><div class=\"wpb_column vc_column_container vc_col-sm-12\"><div class=\"vc_column-inner\"><div class=\"wpb_wrapper\">\n\t<div class=\"wpb_text_column wpb_content_element\" >\n\t\t<div class=\"wpb_wrapper\">\n\t\t\t<p><strong>Wir werden die Studierenden, die die Pr\u00fcfung bereits abgeschlossen haben und auf die Pr\u00fcfung warten, das ganze Jahr \u00fcber sorgf\u00e4ltig und gezielt in den eCourse aufnehmen.<\/strong> Das bedeutet, dass Sie die Pr\u00fcfung vielleicht heute abschlie\u00dfen, aber es kann ein paar Wochen dauern, bis Sie vollen Zugriff erhalten, um offiziell mit dem eCourse zu beginnen.<\/p>\n<p>Sobald Sie genehmigt sind, wird Ihr Support-Spezialist Sie per E-Mail kontaktieren, um sich vorzustellen und Sie \u00fcber die n\u00e4chsten Schritte zu informieren.<\/p>\n\n\t\t<\/div>\n\t<\/div>\n<div class=\"vc_empty_space\"   style=\"height: 32px\" ><span class=\"vc_empty_space_inner\"><\/span><\/div>\n\t\t\t<div\n\t\t\t\tclass=\"darna-heading style1\" >\n\t\t\t\t\t\t\t\t\t<h2>Was kann ich tun, w\u00e4hrend ich auf meine Immatrikulation warte?<\/h2>\n\t\t\t\t\t\t\t\t\t\t\t<\/div>\n\t\t\t<div class=\"vc_empty_space\"   style=\"height: 32px\" ><span class=\"vc_empty_space_inner\"><\/span><\/div>\n\n\t<div class=\"wpb_text_column wpb_content_element\" >\n\t\t<div class=\"wpb_wrapper\">\n\t\t\t<p>Gute Frage! Jetzt w\u00e4re ein guter Zeitpunkt, um Ihren Ausweis, Ihr Einkommen und weitere Dokumente bereit zu halten, um sie in Ihr bald super schickes digitales Wohnportfolio hochzuladen. Sie k\u00f6nnen sogar dar\u00fcber nachdenken, wer Ihnen ein Empfehlungsschreiben schreiben k\u00f6nnte. Ab dem Tag, an dem Sie Zugang zum Kurs erhalten, haben Sie 90 Tage Zeit, ihn abzuschlie\u00dfen. <em>und<\/em> Stellen Sie Ihr Immobilienportfolio fertig, also warum nicht einen Vorsprung verschaffen?<\/p>\n<p>Was in Ihr Wohnungsportfolio geh\u00f6rt, ist:<\/p>\n\n\t\t<\/div>\n\t<\/div>\n<\/div><\/div><\/div><\/div><\/div><div class=\"fullwidth\" ><div class=\"vc_row wpb_row vc_row-fluid\"><div class=\"wpb_column vc_column_container vc_col-sm-8\"><div class=\"vc_column-inner\"><div class=\"wpb_wrapper\">\n\t<div class=\"wpb_text_column wpb_content_element\" >\n\t\t<div class=\"wpb_wrapper\">\n\t\t\t<ul>\n<li>Ein Mustermietantrag<\/li>\n<li>Eine Kopie Ihres Personalausweises oder anderer Ausweisdokumente<\/li>\n<li>Eine Kopie der Einkommensdokumente (aktuelle Gehaltsabrechnungen, SNAP-Briefe, Leistungsbescheide usw.)<\/li>\n<li>Ein pers\u00f6nliches Mietanschreiben, um Ihre aktuelle Wohnsituation zu erl\u00e4utern und dem Vermieter zu zeigen, was f\u00fcr ein wunderbarer Mieter Sie sein werden<\/li>\n<li>Referenzschreiben von 3 Personen, die \u00fcber Ihr Wachstum sprechen k\u00f6nnen und warum Sie ein so gro\u00dfartiger Mieter w\u00e4ren<\/li>\n<li>Alle anderen Dokumente, die Sie von einem Vermieter haben m\u00f6chten (Antragsschreiben auf angemessene Unterkunft, Schreiben zur Gew\u00e4hrung von Mietbeihilfen usw.)<\/li>\n<li>und schlie\u00dflich Ihr Rent Well Certificate.<\/li>\n<\/ul>\n\n\t\t<\/div>\n\t<\/div>\n<div class=\"vc_empty_space\"   style=\"height: 32px\" ><span class=\"vc_empty_space_inner\"><\/span><\/div>\n<\/div><\/div><\/div><div class=\"wpb_column vc_column_container vc_col-sm-4\"><div class=\"vc_column-inner\"><div class=\"wpb_wrapper\">\n\t<div  class=\"wpb_single_image wpb_content_element vc_align_center\">\n\t\t\n\t\t<figure class=\"wpb_wrapper vc_figure\">\n\t\t\t<div class=\"vc_single_image-wrapper   vc_box_border_grey\"><img loading=\"lazy\" decoding=\"async\" width=\"300\" height=\"300\" src=\"https:\/\/rentwell.org\/wp-content\/uploads\/2022\/01\/HousingPortfolio-01-300x300.png\" class=\"vc_single_image-img attachment-medium\" alt=\"Housing Portfolio Graphic\" srcset=\"https:\/\/rentwell.org\/wp-content\/uploads\/2022\/01\/HousingPortfolio-01-300x300.png 300w, https:\/\/rentwell.org\/wp-content\/uploads\/2022\/01\/HousingPortfolio-01-150x150.png 150w, https:\/\/rentwell.org\/wp-content\/uploads\/2022\/01\/HousingPortfolio-01-12x12.png 12w, https:\/\/rentwell.org\/wp-content\/uploads\/2022\/01\/HousingPortfolio-01.png 584w\" sizes=\"auto, (max-width: 300px) 100vw, 300px\" \/><\/div>\n\t\t<\/figure>\n\t<\/div>\n<\/div><\/div><\/div><\/div><\/div><div class=\"fullwidth\" ><div class=\"vc_row wpb_row vc_row-fluid\"><div class=\"wpb_column vc_column_container vc_col-sm-12\"><div class=\"vc_column-inner\"><div class=\"wpb_wrapper\"><div class=\"vc_empty_space\"   style=\"height: 32px\" ><span class=\"vc_empty_space_inner\"><\/span><\/div>\n\t\t\t<div\n\t\t\t\tclass=\"darna-heading style1\" >\n\t\t\t\t\t\t\t\t\t<h2>Melden Sie mich an<\/h2>\n\t\t\t\t\t\t\t\t\t\t\t<\/div>\n\t\t\t<div class=\"vc_empty_space\"   style=\"height: 32px\" ><span class=\"vc_empty_space_inner\"><\/span><\/div>\n\n\t<div class=\"wpb_text_column wpb_content_element\" >\n\t\t<div class=\"wpb_wrapper\">\n\t\t\t<div class=\"wpb_text_column wpb_content_element\">\n<div class=\"wpb_wrapper\">\n<p>Jeder kann die Bewertung abschlie\u00dfen und seine Informationen werden vom Team \u00fcberpr\u00fcft. <strong>Wir nehmen jeden Donnerstag neue Gruppen von Studierenden in den eKurs auf<\/strong>Wenn Sie zugelassen werden, haben Sie 90 Tage Zeit, den eCourse abzuschlie\u00dfen und Ihr Wohnungsportfolio zusammenzustellen, um Ihren Abschluss zu machen.<\/p>\n<p>Wir freuen uns mit dir zu arbeiten!<\/p>\n<\/div>\n<\/div>\n\n\t\t<\/div>\n\t<\/div>\n<\/div><\/div><\/div><\/div><\/div><div class=\"fullwidth\" ><div class=\"vc_row wpb_row vc_row-fluid\"><div class=\"wpb_column vc_column_container vc_col-sm-6\"><div class=\"vc_column-inner\"><div class=\"wpb_wrapper\"><div class=\"vc_btn3-container vc_btn3-center\" >\n\t<a class=\"vc_general vc_btn3 vc_btn3-size-lg vc_btn3-shape-rounded vc_btn3-style-3d vc_btn3-color-peacoc\" href=\"https:\/\/advancenetlabs.org\/rent-well-student-registration\/\" title=\"Bewertungslink\" target=\"_blank\" rel=\"noopener\">Schlie\u00dfen Sie noch heute Ihr Assessment ab! (Englisch)<\/a><\/div>\n<\/div><\/div><\/div><div class=\"wpb_column vc_column_container vc_col-sm-6\"><div class=\"vc_column-inner\"><div class=\"wpb_wrapper\"><div class=\"vc_btn3-container vc_btn3-center\" >\n\t<a class=\"vc_general vc_btn3 vc_btn3-size-lg vc_btn3-shape-rounded vc_btn3-style-3d vc_btn3-color-peacoc\" href=\"https:\/\/advancenetlabs.org\/es\/rent-well-student-registration\/\" title=\"Bewertungslink\" target=\"_blank\" rel=\"noopener\">Schlie\u00dfen Sie noch heute Ihr Assessment ab! (Spanisch)<\/a><\/div>\n<\/div><\/div><\/div><\/div><\/div><div class=\"fullwidth\" ><div class=\"vc_row wpb_row vc_row-fluid\"><div class=\"wpb_column vc_column_container vc_col-sm-12\"><div class=\"vc_column-inner\"><div class=\"wpb_wrapper\"><div class=\"vc_empty_space\"   style=\"height: 32px\" ><span class=\"vc_empty_space_inner\"><\/span><\/div>\n<div class=\"vc_empty_space\"   style=\"height: 32px\" ><span class=\"vc_empty_space_inner\"><\/span><\/div>\n<h3 style=\"color: #00b4cb;text-align: center;font-family:Amatic SC;font-weight:700;font-style:normal\" class=\"vc_custom_heading\" >\u201eVielen Dank! Der Online-Kurs war so einfach!<br \/>\nViele Informationen und sehr n\u00fctzlich! Ich wei\u00df euch zu sch\u00e4tzen!&quot; -eCourse Grad<\/h3>\n\t<div class=\"wpb_text_column wpb_content_element\" >\n\t\t<div class=\"wpb_wrapper\">\n\t\t\t<p style=\"text-align: center;\">Lesen Sie, was andere Absolventen \u00fcber Rent Well sagen <a href=\"https:\/\/rentwell.org\/de\/about\/testimonials\/\">HIER<\/a><\/p>\n\n\t\t<\/div>\n\t<\/div>\n<div class=\"vc_empty_space\"   style=\"height: 32px\" ><span class=\"vc_empty_space_inner\"><\/span><\/div>\n<\/div><\/div><\/div><\/div><\/div>","protected":false},"excerpt":{"rendered":"Tenant Education at your own Pace The Rent Well online eCourse is a free educational resource for low-income Oregon residents looking to learn how to lessen housing barriers and become successful renters. This course is designed to teach folks how to navigate and maintain housing. New students are admitted into the eCourse every Thursday and [...]","protected":false},"author":4,"featured_media":0,"parent":121,"menu_order":0,"comment_status":"closed","ping_status":"closed","template":"","meta":{"footnotes":""},"class_list":["post-3301","page","type-page","status-publish","hentry"],"featured_image_src":null,"featured_image_src_square":null,"_links":{"self":[{"href":"https:\/\/rentwell.org\/de\/wp-json\/wp\/v2\/pages\/3301","targetHints":{"allow":["GET"]}}],"collection":[{"href":"https:\/\/rentwell.org\/de\/wp-json\/wp\/v2\/pages"}],"about":[{"href":"https:\/\/rentwell.org\/de\/wp-json\/wp\/v2\/types\/page"}],"author":[{"embeddable":true,"href":"https:\/\/rentwell.org\/de\/wp-json\/wp\/v2\/users\/4"}],"replies":[{"embeddable":true,"href":"https:\/\/rentwell.org\/de\/wp-json\/wp\/v2\/comments?post=3301"}],"version-history":[{"count":0,"href":"https:\/\/rentwell.org\/de\/wp-json\/wp\/v2\/pages\/3301\/revisions"}],"up":[{"embeddable":true,"href":"https:\/\/rentwell.org\/de\/wp-json\/wp\/v2\/pages\/121"}],"wp:attachment":[{"href":"https:\/\/rentwell.org\/de\/wp-json\/wp\/v2\/media?parent=3301"}],"curies":[{"name":"wp","href":"https:\/\/api.w.org\/{rel}","templated":true}]}}