{"id":115,"date":"2015-07-18T09:24:26","date_gmt":"2015-07-18T09:24:26","guid":{"rendered":"https:\/\/rentwell.org\/?page_id=115"},"modified":"2023-07-04T21:38:52","modified_gmt":"2023-07-04T21:38:52","slug":"about","status":"publish","type":"page","link":"https:\/\/rentwell.org\/de\/about\/","title":{"rendered":"\u00dcber das Programm"},"content":{"rendered":"<div class=\"container\" ><div class=\"vc_row wpb_row vc_row-fluid\"><div class=\"wpb_column vc_column_container vc_col-sm-6\"><div class=\"vc_column-inner\"><div class=\"wpb_wrapper\">\t\t\t<div\n\t\t\t\tclass=\"darna-heading style1\" >\n\t\t\t\t\t\t\t\t\t<h2>Unsere Geschichte<\/h2>\n\t\t\t\t\t\t\t\t\t\t\t<\/div>\n\t\t\t<div class=\"vc_empty_space\"   style=\"height: 22px\" ><span class=\"vc_empty_space_inner\"><\/span><\/div>\n<div class=\"vc_empty_space\"   style=\"height: 22px\" ><span class=\"vc_empty_space_inner\"><\/span><\/div>\n\n\t<div class=\"wpb_text_column wpb_content_element\" >\n\t\t<div class=\"wpb_wrapper\">\n\t\t\t<p><strong>Miete gut<\/strong> begann als Mieterbildungsprogramm im Gro\u00dfraum Portland, das davon \u00fcberzeugt ist, dass jeder das Recht hat, gut zu leben, gesund zu sein und gut zu mieten. Der Lehrplan wurde 2009 w\u00e4hrend der Rezession von einer leidenschaftlichen Gruppe von Wohnraumbef\u00fcrwortern erstellt, die aufrichtig davon \u00fcberzeugt waren, dass Mieter, die eine zweite Chance brauchten, die M\u00f6glichkeit haben sollten, eine zu bekommen. Die Verwaltung des Programms wurde 2016 an Transition Projects \u00fcbergeben. Unter ihrer F\u00fchrung wurde Rent Well zu einem landesweiten Programm in Oregon mit Zweigstellen in Zentral- und S\u00fcd-Washington und einem Synonym f\u00fcr Mieterbildung.<\/p>\n\n\t\t<\/div>\n\t<\/div>\n<\/div><\/div><\/div><div class=\"wpb_column vc_column_container vc_col-sm-6\"><div class=\"vc_column-inner\"><div class=\"wpb_wrapper\"><div class=\"vc_empty_space\"   style=\"height: 22px\" ><span class=\"vc_empty_space_inner\"><\/span><\/div>\n<div class=\"vc_empty_space\"   style=\"height: 22px\" ><span class=\"vc_empty_space_inner\"><\/span><\/div>\n<div class=\"vc_empty_space\"   style=\"height: 22px\" ><span class=\"vc_empty_space_inner\"><\/span><\/div>\n<div class=\"vc_empty_space\"   style=\"height: 22px\" ><span class=\"vc_empty_space_inner\"><\/span><\/div>\n\n\t<div class=\"wpb_video_widget wpb_content_element vc_clearfix   vc_video-aspect-ratio-169 vc_video-el-width-100 vc_video-align-left\" >\n\t\t<div class=\"wpb_wrapper\">\n\t\t\t\n\t\t\t<div class=\"wpb_video_wrapper\"><iframe loading=\"lazy\" title=\"Rent Well ist Mieterschulung\" width=\"500\" height=\"281\" src=\"https:\/\/www.youtube.com\/embed\/79R0-QtBqvs?feature=oembed\" frameborder=\"0\" allow=\"accelerometer; autoplay; clipboard-write; encrypted-media; gyroscope; picture-in-picture; web-share\" referrerpolicy=\"strict-origin-when-cross-origin\" allowfullscreen><\/iframe><\/div>\n\t\t<\/div>\n\t<\/div>\n<\/div><\/div><\/div><\/div><\/div><div class=\"container\" ><div class=\"vc_row wpb_row vc_row-fluid\"><div class=\"wpb_column vc_column_container vc_col-sm-12\"><div class=\"vc_column-inner\"><div class=\"wpb_wrapper\"><div class=\"vc_empty_space\"   style=\"height: 22px\" ><span class=\"vc_empty_space_inner\"><\/span><\/div>\n<div class=\"vc_empty_space\"   style=\"height: 22px\" ><span class=\"vc_empty_space_inner\"><\/span><\/div>\n\n\t<div class=\"wpb_text_column wpb_content_element\" >\n\t\t<div class=\"wpb_wrapper\">\n\t\t\t<h2>\u00dcber den Kurs<\/h2>\n\n\t\t<\/div>\n\t<\/div>\n<div class=\"vc_empty_space\"   style=\"height: 22px\" ><span class=\"vc_empty_space_inner\"><\/span><\/div>\n\n\t<div class=\"wpb_text_column wpb_content_element\" >\n\t\t<div class=\"wpb_wrapper\">\n\t\t\t<p>Historisch gesehen wurde dieser Lehrplan f\u00fcr diejenigen entwickelt, die zuvor Probleme mit der Wohnungssuche hatten. Zu diesen Hindernissen k\u00f6nnen unter anderem eine Obdachlosigkeit in der Vergangenheit oder auff\u00e4llige L\u00fccken in der Miethistorie, Suchtprobleme, die Beteiligung der Strafjustiz, R\u00e4umungen, schlechte Bonit\u00e4t und fr\u00fchere Immobilienschulden geh\u00f6ren. Dieser Kurs kann jedoch f\u00fcr jeden von gro\u00dfem Nutzen sein, der mehr \u00fcber seine Rechte und Pflichten als Mieter erfahren m\u00f6chte.<\/p>\n<p>Der Rent Well-Lehrplan ist in zw\u00f6lf 70-min\u00fctige Abschnitte unterteilt und kann im Pr\u00e4senzunterricht oder im Webinar-Stil von zertifizierten Dozenten unterrichtet werden. Ein Student kann auch unsere eigenst\u00e4ndige E-Kurs-Version absolvieren.<\/p>\n<p>In diesen Abschnitten wird alles behandelt, von den Gesetzen zu fairem Wohnen, dem Mietpr\u00fcfungsprozess, wie man mit einem potenziellen Vermieter \u00fcber Pr\u00fcfungsbarrieren spricht, Kreditsanierung und Bauarbeiten, wie man ein gesundes Zuhause erh\u00e4lt, dem R\u00e4umungsprozess und vielem mehr. Dank einer Partnerschaft mit erhalten Studierende au\u00dferdem eine Kopie ihres eigenen Miet\u00fcberpr\u00fcfungsberichts <a href=\"https:\/\/pacificscreening.com\" target=\"_blank\" rel=\"noopener\">Pazifik-Screening<\/a>.<\/p>\n\n\t\t<\/div>\n\t<\/div>\n\n\t<div  class=\"wpb_single_image wpb_content_element vc_align_center\">\n\t\t\n\t\t<figure class=\"wpb_wrapper vc_figure\">\n\t\t\t<div class=\"vc_single_image-wrapper   vc_box_border_grey\"><img loading=\"lazy\" decoding=\"async\" width=\"1024\" height=\"576\" src=\"https:\/\/rentwell.org\/wp-content\/uploads\/2022\/08\/CourseSections-1024x576.png\" class=\"vc_single_image-img attachment-large\" alt=\"Course Overview\" srcset=\"https:\/\/rentwell.org\/wp-content\/uploads\/2022\/08\/CourseSections-1024x576.png 1024w, https:\/\/rentwell.org\/wp-content\/uploads\/2022\/08\/CourseSections-300x169.png 300w, https:\/\/rentwell.org\/wp-content\/uploads\/2022\/08\/CourseSections-768x432.png 768w, https:\/\/rentwell.org\/wp-content\/uploads\/2022\/08\/CourseSections-1536x864.png 1536w, https:\/\/rentwell.org\/wp-content\/uploads\/2022\/08\/CourseSections-18x10.png 18w, https:\/\/rentwell.org\/wp-content\/uploads\/2022\/08\/CourseSections.png 1919w\" sizes=\"auto, (max-width: 1024px) 100vw, 1024px\" \/><\/div>\n\t\t<\/figure>\n\t<\/div>\n<div class=\"vc_empty_space\"   style=\"height: 24px\" ><span class=\"vc_empty_space_inner\"><\/span><\/div>\n<\/div><\/div><\/div><\/div><\/div>","protected":false},"excerpt":{"rendered":"Our history Rent Well began as a Portland metro area tenant education program that believes everyone has the right to live well, be well, and rent well. The curriculum was created in 2009 during the recession by a passionate group of housing champions who sincerely believed that renters who needed a second chance should have [...]","protected":false},"author":4,"featured_media":0,"parent":0,"menu_order":0,"comment_status":"closed","ping_status":"closed","template":"","meta":{"footnotes":""},"class_list":["post-115","page","type-page","status-publish","hentry"],"featured_image_src":null,"featured_image_src_square":null,"_links":{"self":[{"href":"https:\/\/rentwell.org\/de\/wp-json\/wp\/v2\/pages\/115","targetHints":{"allow":["GET"]}}],"collection":[{"href":"https:\/\/rentwell.org\/de\/wp-json\/wp\/v2\/pages"}],"about":[{"href":"https:\/\/rentwell.org\/de\/wp-json\/wp\/v2\/types\/page"}],"author":[{"embeddable":true,"href":"https:\/\/rentwell.org\/de\/wp-json\/wp\/v2\/users\/4"}],"replies":[{"embeddable":true,"href":"https:\/\/rentwell.org\/de\/wp-json\/wp\/v2\/comments?post=115"}],"version-history":[{"count":0,"href":"https:\/\/rentwell.org\/de\/wp-json\/wp\/v2\/pages\/115\/revisions"}],"wp:attachment":[{"href":"https:\/\/rentwell.org\/de\/wp-json\/wp\/v2\/media?parent=115"}],"curies":[{"name":"wp","href":"https:\/\/api.w.org\/{rel}","templated":true}]}}