{"id":1131,"date":"2022-02-27T03:33:12","date_gmt":"2022-02-27T03:33:12","guid":{"rendered":"https:\/\/rentwell.org\/?page_id=1131"},"modified":"2023-04-28T23:04:11","modified_gmt":"2023-04-28T23:04:11","slug":"payout","status":"publish","type":"page","link":"https:\/\/rentwell.org\/de\/landlords\/payout\/","title":{"rendered":"Antrag auf Auszahlung der Mietkaution"},"content":{"rendered":"<div class=\"fullwidth\" ><div class=\"vc_row wpb_row vc_row-fluid\"><div class=\"wpb_column vc_column_container vc_col-sm-12\"><div class=\"vc_column-inner\"><div class=\"wpb_wrapper\">\t\t\t<div\n\t\t\t\tclass=\"darna-heading style1\" >\n\t\t\t\t\t\t\t\t\t<h2>Antragsformular f\u00fcr die Auszahlung der Mietkaution<\/h2>\n\t\t\t\t\t\t\t\t\t\t\t<\/div>\n\t\t\t<\/div><\/div><\/div><\/div><\/div><div class=\"fullwidth\" ><div class=\"vc_row wpb_row vc_row-fluid\"><div class=\"wpb_column vc_column_container vc_col-sm-12\"><div class=\"vc_column-inner\"><div class=\"wpb_wrapper\">\n\t<div class=\"wpb_text_column wpb_content_element\" >\n\t\t<div class=\"wpb_wrapper\">\n\t\t\t<p>Bitte f\u00fcllen Sie das Zahlungsanforderungsformular f\u00fcr das Mietgarantieprogramm aus und senden Sie das Anforderungspaket an Rent Well. Vermieter m\u00fcssen den Antrag innerhalb von 30 Tagen nach Ablauf der Garantie und\/oder dem Datum, an dem der Vermieter die Wohnung vom Mieter wieder in Besitz nimmt, stellen, je nachdem, was zuerst eintritt. Die Garantie ist f\u00fcr eine Erstattung von f\u00f6rderf\u00e4higen Ausgaben in H\u00f6he von maximal $5000,00 verf\u00fcgbar. Das Anforderungspaket muss enthalten:<\/p>\n<ul>\n<li>Kontoauszug, der die vom Mieter geschuldeten Ausgaben widerspiegelt<\/li>\n<li>Kopie des Auszugszustands-\/Inspektionsberichts<\/li>\n<li>Quittungen oder Rechnungen \u00fcber eventuelle Reparaturen bei Schadensersatzforderung (bei Reparaturen durch Eigenpersonal Nachweis \u00fcber Zeitaufwand und Stundensatz erforderlich)<\/li>\n<li>Dokumentation der Nichtzahlung der Miete (72-Stunden-Benachrichtigung, Mieterbuch usw.), wenn eine Erstattung wegen Nichtzahlung der Miete beantragt wird<\/li>\n<li>Quittungen f\u00fcr etwaige R\u00e4umungsgerichtskosten, falls zutreffend<\/li>\n<li>Zufriedenheit des Urteilsformulars, falls zutreffend<\/li>\n<\/ul>\n\n\t\t<\/div>\n\t<\/div>\n<\/div><\/div><\/div><\/div><\/div><div class=\"fullwidth\" ><div class=\"vc_row wpb_row vc_row-fluid\"><div class=\"wpb_column vc_column_container vc_col-sm-12\"><div class=\"vc_column-inner\"><div class=\"wpb_wrapper\">\n<div class=\"wpcf7 no-js\" id=\"wpcf7-f1130-o1\" lang=\"en-US\" dir=\"ltr\" data-wpcf7-id=\"1130\">\n<div class=\"screen-reader-response\"><p role=\"status\" aria-live=\"polite\" aria-atomic=\"true\"><\/p> <ul><\/ul><\/div>\n<form action=\"\/de\/wp-json\/wp\/v2\/pages\/1131#wpcf7-f1130-o1\" method=\"post\" class=\"wpcf7-form init\" aria-label=\"Kontakt Formular\" enctype=\"multipart\/form-data\" novalidate=\"novalidate\" data-status=\"init\" data-trp-original-action=\"\/de\/wp-json\/wp\/v2\/pages\/1131#wpcf7-f1130-o1\">\n<fieldset class=\"hidden-fields-container\"><input type=\"hidden\" name=\"_wpcf7\" value=\"1130\" \/><input type=\"hidden\" name=\"_wpcf7_version\" value=\"6.1.5\" \/><input type=\"hidden\" name=\"_wpcf7_locale\" value=\"en_US\" \/><input type=\"hidden\" name=\"_wpcf7_unit_tag\" value=\"wpcf7-f1130-o1\" \/><input type=\"hidden\" name=\"_wpcf7_container_post\" value=\"0\" \/><input type=\"hidden\" name=\"_wpcf7_posted_data_hash\" value=\"\" \/>\n<\/fieldset>\n<div class=\"cap-form\" id=\"form\">\n\t<h1 class=\"text-center\">Immobilieninformationen\n\t<\/h1>\n\t<div class=\"left wd-100\">\n\t\t<div class=\"left wd-100\">\n\t\t\t<p><label> Name des Hausverwalters\/Vermieters\/Eigent\u00fcmers:<br \/>\n<span class=\"wpcf7-form-control-wrap\" data-name=\"ll-name\"><input size=\"40\" maxlength=\"400\" class=\"wpcf7-form-control wpcf7-text wpcf7-validates-as-required\" aria-required=\"true\" aria-invalid=\"false\" value=\"\" type=\"text\" name=\"ll-name\" \/><\/span> <\/label>\n\t\t\t<\/p>\n\t\t<\/div>\n\t\t<div class=\"left wd-100\">\n\t\t\t<p><label> Name des Anwesens:<br \/>\n<span class=\"wpcf7-form-control-wrap\" data-name=\"property-name\"><input size=\"40\" maxlength=\"400\" class=\"wpcf7-form-control wpcf7-text wpcf7-validates-as-required\" aria-required=\"true\" aria-invalid=\"false\" value=\"\" type=\"text\" name=\"property-name\" \/><\/span> <\/label>\n\t\t\t<\/p>\n\t\t<\/div>\n\t\t<div class=\"left wd-100\">\n\t\t\t<p><label> Postanschrift:<br \/>\n<span class=\"wpcf7-form-control-wrap\" data-name=\"ll-address\"><input size=\"40\" maxlength=\"400\" class=\"wpcf7-form-control wpcf7-text wpcf7-validates-as-required\" aria-required=\"true\" aria-invalid=\"false\" value=\"\" type=\"text\" name=\"ll-address\" \/><\/span> <\/label>\n\t\t\t<\/p>\n\t\t<\/div>\n\t\t<div class=\"left wd-50\">\n\t\t\t<p><label> Telefonnummer:<br \/>\n<span class=\"wpcf7-form-control-wrap\" data-name=\"ll-telephone\"><input size=\"40\" maxlength=\"400\" class=\"wpcf7-form-control wpcf7-text wpcf7-validates-as-required\" aria-required=\"true\" aria-invalid=\"false\" value=\"\" type=\"text\" name=\"ll-telephone\" \/><\/span> <\/label>\n\t\t\t<\/p>\n\t\t<\/div>\n\t\t<div class=\"left wd-50\">\n\t\t\t<p><label> E-Mail-Addresse:<br \/>\n<span class=\"wpcf7-form-control-wrap\" data-name=\"ll-email\"><input size=\"40\" maxlength=\"400\" class=\"wpcf7-form-control wpcf7-email wpcf7-validates-as-required wpcf7-text wpcf7-validates-as-email\" aria-required=\"true\" aria-invalid=\"false\" value=\"\" type=\"email\" name=\"ll-email\" \/><\/span> <\/label>\n\t\t\t<\/p>\n\t\t<\/div>\n\t\t<div class=\"left wd-100\">\n\t\t\t<h2 class=\"text-center\">Informationen zur Auszahlungsanforderung\n\t\t\t<\/h2>\n\t\t<\/div>\n\t\t<div class=\"left wd-100\">\n\t\t\t<p><label> Name des Mieters:<br \/>\n<span class=\"wpcf7-form-control-wrap\" data-name=\"t-names\"><input size=\"40\" maxlength=\"400\" class=\"wpcf7-form-control wpcf7-text wpcf7-validates-as-required\" aria-required=\"true\" aria-invalid=\"false\" value=\"\" type=\"text\" name=\"t-names\" \/><\/span> <\/label>\n\t\t\t<\/p>\n\t\t<\/div>\n\t\t<div class=\"left wd-100\">\n\t\t\t<p><label> Adresse, in die sie einziehen:<br \/>\n<span class=\"wpcf7-form-control-wrap\" data-name=\"t-address\"><input size=\"40\" maxlength=\"400\" class=\"wpcf7-form-control wpcf7-text wpcf7-validates-as-required\" aria-required=\"true\" aria-invalid=\"false\" value=\"\" type=\"text\" name=\"t-address\" \/><\/span> <\/label>\n\t\t\t<\/p>\n\t\t<\/div>\n\t\t<div class=\"left wd-50\">\n\t\t\t<p><label> Bezirk:<br \/>\n<span class=\"wpcf7-form-control-wrap\" data-name=\"t-county\"><input size=\"40\" maxlength=\"400\" class=\"wpcf7-form-control wpcf7-text wpcf7-validates-as-required\" aria-required=\"true\" aria-invalid=\"false\" value=\"\" type=\"text\" name=\"t-county\" \/><\/span> <\/label>\n\t\t\t<\/p>\n\t\t<\/div>\n\t\t<div class=\"left wd-50\">\n\t\t\t<p><label> Wann hat der Hausverwalter die Wohnung in Besitz genommen:<br \/>\n<span class=\"wpcf7-form-control-wrap\" data-name=\"effective-date\"><input class=\"wpcf7-form-control wpcf7-date wpcf7-validates-as-required wpcf7-validates-as-date\" aria-required=\"true\" aria-invalid=\"false\" value=\"\" type=\"date\" name=\"effective-date\" \/><\/span> <\/label>\n\t\t\t<\/p>\n\t\t<\/div>\n\t\t<div class=\"left wd-100\">\n\t\t\t<p><label> Grund der Auszahlungsanfrage:<br \/>\n<span class=\"wpcf7-form-control-wrap\" data-name=\"reason\"><input size=\"40\" maxlength=\"400\" class=\"wpcf7-form-control wpcf7-text wpcf7-validates-as-required\" aria-required=\"true\" aria-invalid=\"false\" value=\"\" type=\"text\" name=\"reason\" \/><\/span> <\/label>\n\t\t\t<\/p>\n\t\t<\/div>\n\t\t<div class=\"left wd-100\">\n\t\t\t<p><label> Gesamtbetrag der f\u00e4lligen Geb\u00fchren:<br \/>\n<span class=\"wpcf7-form-control-wrap\" data-name=\"charges\"><input size=\"40\" maxlength=\"400\" class=\"wpcf7-form-control wpcf7-text wpcf7-validates-as-required\" aria-required=\"true\" aria-invalid=\"false\" value=\"\" type=\"text\" name=\"charges\" \/><\/span> <\/label>\n\t\t\t<\/p>\n\t\t<\/div>\n\t\t<div class=\"left wd-100\">\n\t\t\t<p><label> Gesamtbetrag der vom Mieter gezahlten Vorauszahlungen, Mieten oder Geb\u00fchren:<br \/>\n<span class=\"wpcf7-form-control-wrap\" data-name=\"perpaid\"><input size=\"40\" maxlength=\"400\" class=\"wpcf7-form-control wpcf7-text wpcf7-validates-as-required\" aria-required=\"true\" aria-invalid=\"false\" value=\"\" type=\"text\" name=\"perpaid\" \/><\/span> <\/label>\n\t\t\t<\/p>\n\t\t<\/div>\n\t\t<div class=\"left wd-100\">\n\t\t\t<p><label> Angeforderter Auszahlungsgesamtbetrag:<br \/>\n<span class=\"wpcf7-form-control-wrap\" data-name=\"total\"><input size=\"40\" maxlength=\"400\" class=\"wpcf7-form-control wpcf7-text wpcf7-validates-as-required\" aria-required=\"true\" aria-invalid=\"false\" value=\"\" type=\"text\" name=\"total\" \/><\/span> <\/label>\n\t\t\t<\/p>\n\t\t<\/div>\n\t\t<div class=\"left wd-100\">\n\t\t\t<p><span class=\"wpcf7-form-control-wrap\" data-name=\"certify\"><span class=\"wpcf7-form-control wpcf7-acceptance\"><span class=\"wpcf7-list-item\"><input type=\"checkbox\" name=\"certify\" value=\"1\" aria-invalid=\"false\" \/><\/span><\/span><\/span> Ich versichere, dass diese Angaben nach bestem Wissen und Gewissen wahr und richtig sind. Mir ist bekannt, dass sich Transition Projects, Rent Well und die Oregon Housing and Community Services das Recht vorbehalten, die Einheit zu inspizieren. Mit dem Absenden des Antragsformulars erkl\u00e4re ich mich damit einverstanden, dass (a) ich keine Kostenr\u00fcckerstattung von einem Mieter verlangen werde, f\u00fcr den dieser Anspruch eingereicht wird, (b) wenn bereits eine Klage gegen einen Mieter eingereicht wurde, ich ein Genugtuungsurteil einreichen werde nach Zahlungseingang von Transition Projects, um sicherzustellen, dass ich keine doppelte Zahlung f\u00fcr erstattete Kosten und Auslagen erhalte. Soweit ich eine Zahlung gem\u00e4\u00df diesem Anfrageformular f\u00fcr bereits beglichene Ausgaben erhalte, erkl\u00e4re ich mich damit einverstanden, Transition Projects alle erhaltenen \u00dcberzahlungen zur\u00fcckzuzahlen, oder Transition Projects kann den gem\u00e4\u00df ihrer Anfrage erhaltenen Betrag mit allen Betr\u00e4gen verrechnen, die ich habe bereits erhalten.\n\t\t\t<\/p>\n\t\t<\/div>\n\t\t<div class=\"left wd-50\">\n\t\t\t<p><label> Dein Name:<br \/>\n<span class=\"wpcf7-form-control-wrap\" data-name=\"your-name\"><input size=\"40\" maxlength=\"400\" class=\"wpcf7-form-control wpcf7-text wpcf7-validates-as-required\" aria-required=\"true\" aria-invalid=\"false\" value=\"\" type=\"text\" name=\"your-name\" \/><\/span> <\/label>\n\t\t\t<\/p>\n\t\t<\/div>\n\t\t<div class=\"left wd-50\">\n\t\t\t<p><label> Datum:<br \/>\n<span class=\"wpcf7-form-control-wrap\" data-name=\"date\"><input size=\"40\" maxlength=\"400\" class=\"wpcf7-form-control wpcf7-text wpcf7-validates-as-required\" aria-required=\"true\" aria-invalid=\"false\" value=\"\" type=\"text\" name=\"date\" \/><\/span> <\/label>\n\t\t\t<\/p>\n\t\t<\/div>\n\t\t<p><b>Falls verf\u00fcgbar und f\u00fcr diese Auszahlungsanforderung erforderlich, laden Sie bitte Kopien der folgenden Dokumente hoch:<\/b><br \/>\n<b>Rechnungslegung:<\/b><span class=\"wpcf7-form-control-wrap\" data-name=\"Accounting\"><input size=\"40\" class=\"wpcf7-form-control wpcf7-file\" accept=\"audio\/*,video\/*,image\/*\" aria-invalid=\"false\" type=\"file\" name=\"Accounting\" \/><\/span><br \/>\n<b>Auszugszustandsbericht:<\/b><span class=\"wpcf7-form-control-wrap\" data-name=\"MoveOut\"><input size=\"40\" class=\"wpcf7-form-control wpcf7-file\" accept=\"audio\/*,video\/*,image\/*\" aria-invalid=\"false\" type=\"file\" name=\"MoveOut\" \/><\/span><br \/>\n<b>Quittungen oder Rechnungen f\u00fcr Reparaturen:<\/b><span class=\"wpcf7-form-control-wrap\" data-name=\"Receipts\"><input size=\"40\" class=\"wpcf7-form-control wpcf7-file\" accept=\"audio\/*,video\/*,image\/*\" aria-invalid=\"false\" type=\"file\" name=\"Receipts\" \/><\/span><br \/>\n<b>Dokumentation der Nichtzahlung der Miete:<\/b><span class=\"wpcf7-form-control-wrap\" data-name=\"NonPayment\"><input size=\"40\" class=\"wpcf7-form-control wpcf7-file\" accept=\"audio\/*,video\/*,image\/*\" aria-invalid=\"false\" type=\"file\" name=\"NonPayment\" \/><\/span><br \/>\n<b>Quittungen f\u00fcr alle Gerichtskosten im Zusammenhang mit einer Zwangsr\u00e4umung:<\/b><span class=\"wpcf7-form-control-wrap\" data-name=\"Court\"><input size=\"40\" class=\"wpcf7-form-control wpcf7-file\" accept=\"audio\/*,video\/*,image\/*\" aria-invalid=\"false\" type=\"file\" name=\"Court\" \/><\/span><br \/>\n<b>Befriedigung des Urteilsformulars:<\/b><span class=\"wpcf7-form-control-wrap\" data-name=\"Judgment\"><input size=\"40\" class=\"wpcf7-form-control wpcf7-file\" accept=\"audio\/*,video\/*,image\/*\" aria-invalid=\"false\" type=\"file\" name=\"Judgment\" \/><\/span>\n\t\t<\/p>\n\t\t<div class=\"wd-100 left\">\n\t\t\t<div id=\"cf7sr-69e780da0cfad\" class=\"cf7sr-g-recaptcha\" data-theme=\"light\" data-type=\"image\" data-size=\"normal\" data-sitekey=\"6LdKT5UbAAAAAGZjvOXFuNwBoBIzrWM7ONlKFU_c\"><\/div><span class=\"wpcf7-form-control-wrap cf7sr-recaptcha\" data-name=\"cf7sr-recaptcha\"><input type=\"hidden\" name=\"cf7sr-recaptcha\" value=\"\" class=\"wpcf7-form-control\"><\/span><br \/>\n<input class=\"wpcf7-form-control wpcf7-submit has-spinner\" type=\"submit\" value=\"einreichen\" \/>\n\t\t\t<\/p>\n\t\t<\/div>\n\t<\/div>\n<\/div><p style=\"display: none !important;\" class=\"akismet-fields-container\" data-prefix=\"_wpcf7_ak_\"><label>\u0394<textarea name=\"_wpcf7_ak_hp_textarea\" cols=\"45\" rows=\"8\" maxlength=\"100\"><\/textarea><\/label><input type=\"hidden\" id=\"ak_js_1\" name=\"_wpcf7_ak_js\" value=\"76\"\/><script>document.getElementById( \"ak_js_1\" ).setAttribute( \"value\", ( new Date() ).getTime() );<\/script><\/p><input type='hidden' class='wpcf7-pum' value='{\"closepopup\":false,\"closedelay\":0,\"openpopup\":false,\"openpopup_id\":0}' \/><div class=\"wpcf7-response-output\" aria-hidden=\"true\"><\/div>\n<input type=\"hidden\" name=\"trp-form-language\" value=\"de\"\/><\/form>\n<\/div>\n<\/div><\/div><\/div><\/div><\/div><div class=\"fullwidth\" ><div class=\"vc_row wpb_row vc_row-fluid\"><\/div><\/div>","protected":false},"excerpt":{"rendered":"Rent Guarantee Payout Request Form Please fill out the Rent Guarantee Program Payment Request Form and submit the request packet to Rent Well. Landlords must file the request within 30 days from the date the Guarantee expires and\/or the date the landlord takes back possession of the unit from the tenant, whichever occurs first. The [...]","protected":false},"author":4,"featured_media":0,"parent":927,"menu_order":0,"comment_status":"closed","ping_status":"closed","template":"","meta":{"footnotes":""},"class_list":["post-1131","page","type-page","status-publish","hentry"],"featured_image_src":null,"featured_image_src_square":null,"_links":{"self":[{"href":"https:\/\/rentwell.org\/de\/wp-json\/wp\/v2\/pages\/1131","targetHints":{"allow":["GET"]}}],"collection":[{"href":"https:\/\/rentwell.org\/de\/wp-json\/wp\/v2\/pages"}],"about":[{"href":"https:\/\/rentwell.org\/de\/wp-json\/wp\/v2\/types\/page"}],"author":[{"embeddable":true,"href":"https:\/\/rentwell.org\/de\/wp-json\/wp\/v2\/users\/4"}],"replies":[{"embeddable":true,"href":"https:\/\/rentwell.org\/de\/wp-json\/wp\/v2\/comments?post=1131"}],"version-history":[{"count":0,"href":"https:\/\/rentwell.org\/de\/wp-json\/wp\/v2\/pages\/1131\/revisions"}],"up":[{"embeddable":true,"href":"https:\/\/rentwell.org\/de\/wp-json\/wp\/v2\/pages\/927"}],"wp:attachment":[{"href":"https:\/\/rentwell.org\/de\/wp-json\/wp\/v2\/media?parent=1131"}],"curies":[{"name":"wp","href":"https:\/\/api.w.org\/{rel}","templated":true}]}}