{"id":1128,"date":"2021-10-07T00:50:28","date_gmt":"2021-10-07T00:50:28","guid":{"rendered":"https:\/\/rentwell.org\/?page_id=1128"},"modified":"2023-12-19T18:34:44","modified_gmt":"2023-12-19T18:34:44","slug":"rgp","status":"publish","type":"page","link":"https:\/\/rentwell.org\/de\/landlords\/rgp\/","title":{"rendered":"Einreichung des Mietgarantieprogramms"},"content":{"rendered":"<div class=\"fullwidth\" ><div class=\"vc_row wpb_row vc_row-fluid\"><div class=\"wpb_column vc_column_container vc_col-sm-12\"><div class=\"vc_column-inner\"><div class=\"wpb_wrapper\">\t\t\t<div\n\t\t\t\tclass=\"darna-heading style1\" >\n\t\t\t\t\t\t\t\t\t<h2>Einreichung des Mietgarantieprogramms<\/h2>\n\t\t\t\t\t\t\t\t\t\t\t<\/div>\n\t\t\t<\/div><\/div><\/div><\/div><\/div><div class=\"fullwidth\" ><div class=\"vc_row wpb_row vc_row-fluid\"><div class=\"wpb_column vc_column_container vc_col-sm-12\"><div class=\"vc_column-inner\"><div class=\"wpb_wrapper\">\n\t<div class=\"wpb_text_column wpb_content_element\" >\n\t\t<div class=\"wpb_wrapper\">\n\t\t\t<p>Bitte f\u00fcllen Sie das untenstehende Vertragsformular aus, f\u00fcgen Sie zus\u00e4tzliche Dokumente bei und reichen Sie es innerhalb von 30 Tagen nach Einzug des Mieters ein. Das Paket muss Folgendes enthalten:<\/p>\n<ol>\n<li>\u00a0Unterschriebene Kopie des Miet-\/Mietvertrags<\/li>\n<li>Kopie des vom Vermieter und Mieter unterzeichneten Einzugszustandsberichts\/-inspektion und<\/li>\n<li>Die vom Vermieter unterzeichnete (elektronisch oder physisch) Vereinbarung zwischen dem Anbieter des Mietgarantieprogramms und dem Vermieter<\/li>\n<\/ol>\n<p>*Das Einreichen dieses Formulars ist keine Garantie f\u00fcr die F\u00f6rderf\u00e4higkeit oder die Genehmigung der Garantie. Ein Teammitglied wird es innerhalb von 10 Werktagen \u00fcberpr\u00fcfen und die n\u00e4chsten Schritte mitteilen. Wenn Sie die Dateien nicht auf die Einreichungsseite hochladen k\u00f6nnen, h\u00e4ngen Sie sie bitte in einer E-Mail an <a href=\"mailto:info@rentwell.org\">info@rentwell.org<\/a>.<\/p>\n\n\t\t<\/div>\n\t<\/div>\n<\/div><\/div><\/div><\/div><\/div><div class=\"fullwidth\" ><div class=\"vc_row wpb_row vc_row-fluid\"><div class=\"wpb_column vc_column_container vc_col-sm-12\"><div class=\"vc_column-inner\"><div class=\"wpb_wrapper\">\n<div class=\"wpcf7 no-js\" id=\"wpcf7-f1127-o1\" lang=\"en-US\" dir=\"ltr\" data-wpcf7-id=\"1127\">\n<div class=\"screen-reader-response\"><p role=\"status\" aria-live=\"polite\" aria-atomic=\"true\"><\/p> <ul><\/ul><\/div>\n<form action=\"\/de\/wp-json\/wp\/v2\/pages\/1128#wpcf7-f1127-o1\" method=\"post\" class=\"wpcf7-form init\" aria-label=\"Kontakt Formular\" enctype=\"multipart\/form-data\" novalidate=\"novalidate\" data-status=\"init\" data-trp-original-action=\"\/de\/wp-json\/wp\/v2\/pages\/1128#wpcf7-f1127-o1\">\n<fieldset class=\"hidden-fields-container\"><input type=\"hidden\" name=\"_wpcf7\" value=\"1127\" \/><input type=\"hidden\" name=\"_wpcf7_version\" value=\"6.1.5\" \/><input type=\"hidden\" name=\"_wpcf7_locale\" value=\"en_US\" \/><input type=\"hidden\" name=\"_wpcf7_unit_tag\" value=\"wpcf7-f1127-o1\" \/><input type=\"hidden\" name=\"_wpcf7_container_post\" value=\"0\" \/><input type=\"hidden\" name=\"_wpcf7_posted_data_hash\" value=\"\" \/>\n<\/fieldset>\n<div class=\"cap-form\" id=\"form\">\n\t<h1 class=\"text-center\">Immobilieninformationen\n\t<\/h1>\n\t<div class=\"left wd-100\">\n\t\t<div class=\"left wd-100\">\n\t\t\t<p><label> Name des Hausverwalters\/Vermieters\/Eigent\u00fcmers:<br \/>\n<span class=\"wpcf7-form-control-wrap\" data-name=\"ll-name\"><input size=\"40\" maxlength=\"400\" class=\"wpcf7-form-control wpcf7-text wpcf7-validates-as-required\" aria-required=\"true\" aria-invalid=\"false\" value=\"\" type=\"text\" name=\"ll-name\" \/><\/span> <\/label>\n\t\t\t<\/p>\n\t\t<\/div>\n\t\t<div class=\"left wd-100\">\n\t\t\t<p><label> Postanschrift:<br \/>\n<span class=\"wpcf7-form-control-wrap\" data-name=\"ll-address\"><input size=\"40\" maxlength=\"400\" class=\"wpcf7-form-control wpcf7-text wpcf7-validates-as-required\" aria-required=\"true\" aria-invalid=\"false\" value=\"\" type=\"text\" name=\"ll-address\" \/><\/span> <\/label>\n\t\t\t<\/p>\n\t\t<\/div>\n\t\t<div class=\"left wd-50\">\n\t\t\t<p><label> Telefonnummer:<br \/>\n<span class=\"wpcf7-form-control-wrap\" data-name=\"ll-telephone\"><input size=\"40\" maxlength=\"400\" class=\"wpcf7-form-control wpcf7-text wpcf7-validates-as-required\" aria-required=\"true\" aria-invalid=\"false\" value=\"\" type=\"text\" name=\"ll-telephone\" \/><\/span> <\/label>\n\t\t\t<\/p>\n\t\t<\/div>\n\t\t<div class=\"left wd-50\">\n\t\t\t<p><label> E-Mail-Addresse:<br \/>\n<span class=\"wpcf7-form-control-wrap\" data-name=\"ll-email\"><input size=\"40\" maxlength=\"400\" class=\"wpcf7-form-control wpcf7-email wpcf7-validates-as-required wpcf7-text wpcf7-validates-as-email\" aria-required=\"true\" aria-invalid=\"false\" value=\"\" type=\"email\" name=\"ll-email\" \/><\/span> <\/label>\n\t\t\t<\/p>\n\t\t<\/div>\n\t\t<div class=\"left wd-100\">\n\t\t\t<h2 class=\"text-center\">Informationen zu Mieter\/Mietbrunnen-Absolventen\n\t\t\t<\/h2>\n\t\t<\/div>\n\t\t<div class=\"left wd-100\">\n\t\t\t<p><label> Name des Mieters:<br \/>\n<span class=\"wpcf7-form-control-wrap\" data-name=\"t-names\"><input size=\"40\" maxlength=\"400\" class=\"wpcf7-form-control wpcf7-text wpcf7-validates-as-required\" aria-required=\"true\" aria-invalid=\"false\" value=\"\" type=\"text\" name=\"t-names\" \/><\/span> <\/label>\n\t\t\t<\/p>\n\t\t<\/div>\n\t\t<div class=\"left wd-50\">\n\t\t\t<p><label> Zertifikats-ID-Nummer (falls vorhanden):<br \/>\n<span class=\"wpcf7-form-control-wrap\" data-name=\"t-certid\"><input size=\"40\" maxlength=\"400\" class=\"wpcf7-form-control wpcf7-text wpcf7-validates-as-required\" aria-required=\"true\" aria-invalid=\"false\" value=\"\" type=\"text\" name=\"t-certid\" \/><\/span> <\/label>\n\t\t\t<\/p>\n\t\t<\/div>\n\t\t<div class=\"left wd-50\">\n\t\t\t<p><label> Beh\u00f6rde oder Landkreis, in dem das Zertifikat ausgestellt wurde:<br \/>\n<span class=\"wpcf7-form-control-wrap\" data-name=\"t-agency\"><input size=\"40\" maxlength=\"400\" class=\"wpcf7-form-control wpcf7-text wpcf7-validates-as-required\" aria-required=\"true\" aria-invalid=\"false\" value=\"\" type=\"text\" name=\"t-agency\" \/><\/span> <\/label>\n\t\t\t<\/p>\n\t\t<\/div>\n\t\t<div class=\"left wd-100\">\n\t\t\t<p><label> Adresse, in die sie einziehen:<br \/>\n<span class=\"wpcf7-form-control-wrap\" data-name=\"t-address\"><input size=\"40\" maxlength=\"400\" class=\"wpcf7-form-control wpcf7-text wpcf7-validates-as-required\" aria-required=\"true\" aria-invalid=\"false\" value=\"\" type=\"text\" name=\"t-address\" \/><\/span> <\/label>\n\t\t\t<\/p>\n\t\t<\/div>\n\t\t<div class=\"left wd-50\">\n\t\t\t<p><label> Bezirk:<br \/>\n<span class=\"wpcf7-form-control-wrap\" data-name=\"t-county\"><input size=\"40\" maxlength=\"400\" class=\"wpcf7-form-control wpcf7-text wpcf7-validates-as-required\" aria-required=\"true\" aria-invalid=\"false\" value=\"\" type=\"text\" name=\"t-county\" \/><\/span> <\/label>\n\t\t\t<\/p>\n\t\t<\/div>\n\t\t<div class=\"left wd-50\">\n\t\t\t<p><label> Telefonnummer:<br \/>\n<span class=\"wpcf7-form-control-wrap\" data-name=\"t-phone\"><input size=\"40\" maxlength=\"400\" class=\"wpcf7-form-control wpcf7-text wpcf7-validates-as-required\" aria-required=\"true\" aria-invalid=\"false\" value=\"\" type=\"text\" name=\"t-phone\" \/><\/span> <\/label>\n\t\t\t<\/p>\n\t\t<\/div>\n\t\t<div class=\"left wd-50\">\n\t\t\t<p><label> Email:<br \/>\n<span class=\"wpcf7-form-control-wrap\" data-name=\"t-email\"><input size=\"40\" maxlength=\"400\" class=\"wpcf7-form-control wpcf7-text wpcf7-validates-as-required\" aria-required=\"true\" aria-invalid=\"false\" value=\"\" type=\"text\" name=\"t-email\" \/><\/span> <\/label>\n\t\t\t<\/p>\n\t\t<\/div>\n\t\t<div class=\"left wd-50\">\n\t\t\t<p><label> Was ist das Datum des Inkrafttretens des Mietverh\u00e4ltnisses:<br \/>\n<span class=\"wpcf7-form-control-wrap\" data-name=\"effective-date\"><input class=\"wpcf7-form-control wpcf7-date wpcf7-validates-as-required wpcf7-validates-as-date\" aria-required=\"true\" aria-invalid=\"false\" value=\"\" type=\"date\" name=\"effective-date\" \/><\/span> <\/label>\n\t\t\t<\/p>\n\t\t<\/div>\n\t\t<div class=\"left wd-50\">\n\t\t\t<p><label> Monatliche Mieth\u00f6he:<br \/>\n<span class=\"wpcf7-form-control-wrap\" data-name=\"t-rent\"><input size=\"40\" maxlength=\"400\" class=\"wpcf7-form-control wpcf7-text wpcf7-validates-as-required\" aria-required=\"true\" aria-invalid=\"false\" value=\"\" type=\"text\" name=\"t-rent\" \/><\/span> <\/label>\n\t\t\t<\/p>\n\t\t<\/div>\n\t\t<div class=\"left wd-50\">\n\t\t\t<p><label> Sonstige Einzahlungs-\/Geb\u00fchrenbetr\u00e4ge:<br \/>\n<span class=\"wpcf7-form-control-wrap\" data-name=\"t-deposit\"><input size=\"40\" maxlength=\"400\" class=\"wpcf7-form-control wpcf7-text wpcf7-validates-as-required\" aria-required=\"true\" aria-invalid=\"false\" value=\"\" type=\"text\" name=\"t-deposit\" \/><\/span> <\/label>\n\t\t\t<\/p>\n\t\t<\/div>\n\t\t<div class=\"left wd-100\">\n\t\t\t<p><b> Hat Ihnen die Absicherung durch diese Garantie die Entscheidung, an diese Person zu vermieten, erleichtert?: <\/b><br \/>\n<span class=\"wpcf7-form-control-wrap\" data-name=\"wo-certificate\"><span class=\"wpcf7-form-control wpcf7-checkbox wpcf7-validates-as-required\"><span class=\"wpcf7-list-item first\"><label><input type=\"checkbox\" name=\"wo-certificate[]\" value=\"Yes\" \/><span class=\"wpcf7-list-item-label\">Jawohl<\/span><\/label><\/span><span class=\"wpcf7-list-item last\"><label><input type=\"checkbox\" name=\"wo-certificate[]\" value=\"No\" \/><span class=\"wpcf7-list-item-label\">Nein<\/span><\/label><\/span><\/span><\/span>\n\t\t\t<\/p>\n\t\t<\/div>\n\t\t<div class=\"left wd-100\">\n\t\t\t<p><label> Ich verifiziere folgendes:<br \/>\n<span class=\"wpcf7-form-control-wrap\" data-name=\"verify\"><select class=\"wpcf7-form-control wpcf7-select wpcf7-validates-as-required\" aria-required=\"true\" aria-invalid=\"false\" name=\"verify\"><option value=\"\">-Bitte w\u00e4hle eine Option aus-<\/option><option value=\"I am the Property Manager\/Owner and I certify that I have read the terms and conditions below.\">Ich bin der Hausverwalter\/Eigent\u00fcmer und best\u00e4tige, dass ich die nachstehenden Bedingungen gelesen habe.<\/option><option value=\"I am the gradate and I certify that you can reach out to my Property Manager to complete this application on my behalf.\">Ich bin der Absolvent und best\u00e4tige, dass Sie sich an meinen Property Manager wenden k\u00f6nnen, um diesen Antrag in meinem Namen auszuf\u00fcllen.<\/option><\/select><\/span> <\/label>\n\t\t\t<\/p>\n\t\t<\/div>\n\t\t<p><b>Die AGB finden Sie <a href=\"https:\/\/rentwell.org\/de\/rgp-terms\/\">Hier.<\/a><\/b>\n\t\t<\/p>\n\t\t<div class=\"left wd-50\">\n\t\t\t<p><label> Dein Name:<br \/>\n<span class=\"wpcf7-form-control-wrap\" data-name=\"your-name\"><input size=\"40\" maxlength=\"400\" class=\"wpcf7-form-control wpcf7-text wpcf7-validates-as-required\" aria-required=\"true\" aria-invalid=\"false\" value=\"\" type=\"text\" name=\"your-name\" \/><\/span> <\/label>\n\t\t\t<\/p>\n\t\t<\/div>\n\t\t<div class=\"left wd-50\">\n\t\t\t<p><label> Datum:<br \/>\n<span class=\"wpcf7-form-control-wrap\" data-name=\"date\"><input size=\"40\" maxlength=\"400\" class=\"wpcf7-form-control wpcf7-text wpcf7-validates-as-required\" aria-required=\"true\" aria-invalid=\"false\" value=\"\" type=\"text\" name=\"date\" \/><\/span> <\/label>\n\t\t\t<\/p>\n\t\t<\/div>\n\t\t<p>Falls bis zu diesem Zeitpunkt vorhanden, laden Sie bitte Kopien des Mietvertrags und des Einzugszustandsberichts hoch, die sowohl vom Vermieter als auch vom Mieter unterschrieben sind.<br \/>\n<span class=\"wpcf7-form-control-wrap\" data-name=\"Lease\"><input size=\"40\" class=\"wpcf7-form-control wpcf7-file\" accept=\".pdf,.jpeg,.png\" aria-invalid=\"false\" type=\"file\" name=\"Lease\" \/><\/span><br \/>\n<span class=\"wpcf7-form-control-wrap\" data-name=\"Move-in\"><input size=\"40\" class=\"wpcf7-form-control wpcf7-file\" accept=\".pdf,.jpeg,.png\" aria-invalid=\"false\" type=\"file\" name=\"Move-in\" \/><\/span><br \/>\n<span class=\"wpcf7-form-control-wrap\" data-name=\"Other\"><input size=\"40\" class=\"wpcf7-form-control wpcf7-file\" accept=\".pdf,.jpeg,.png\" aria-invalid=\"false\" type=\"file\" name=\"Other\" \/><\/span>\n\t\t<\/p>\n\t\t<div class=\"wd-100 left\">\n\t\t\t<div id=\"cf7sr-69e8afb3ce39b\" class=\"cf7sr-g-recaptcha\" data-theme=\"light\" data-type=\"image\" data-size=\"normal\" data-sitekey=\"6LdKT5UbAAAAAGZjvOXFuNwBoBIzrWM7ONlKFU_c\"><\/div><span class=\"wpcf7-form-control-wrap cf7sr-recaptcha\" data-name=\"cf7sr-recaptcha\"><input type=\"hidden\" name=\"cf7sr-recaptcha\" value=\"\" class=\"wpcf7-form-control\"><\/span><br \/>\n<input class=\"wpcf7-form-control wpcf7-submit has-spinner\" type=\"submit\" value=\"einreichen\" \/>\n\t\t\t<\/p>\n\t\t<\/div>\n\t<\/div>\n<\/div><p style=\"display: none !important;\" class=\"akismet-fields-container\" data-prefix=\"_wpcf7_ak_\"><label>\u0394<textarea name=\"_wpcf7_ak_hp_textarea\" cols=\"45\" rows=\"8\" maxlength=\"100\"><\/textarea><\/label><input type=\"hidden\" id=\"ak_js_1\" name=\"_wpcf7_ak_js\" value=\"92\"\/><script>document.getElementById( \"ak_js_1\" ).setAttribute( \"value\", ( new Date() ).getTime() );<\/script><\/p><input type='hidden' class='wpcf7-pum' value='{\"closepopup\":false,\"closedelay\":0,\"openpopup\":false,\"openpopup_id\":0}' \/><div class=\"wpcf7-response-output\" aria-hidden=\"true\"><\/div>\n<input type=\"hidden\" name=\"trp-form-language\" value=\"de\"\/><\/form>\n<\/div>\n<\/div><\/div><\/div><\/div><\/div>","protected":false},"excerpt":{"rendered":"Rent Guarantee Program Submission Please fill out the Agreement form below, attach additional documents, and submit it within 30 days of the tenant\u2019s occupancy. The packet must include: \u00a0Signed Copy of the Lease\/Rental Agreement Copy of the Move-In Condition Report\/Inspection signed by both the landlord and tenant and The Rent Guarantee Program Provider\/Landlord Agreement signed [...]","protected":false},"author":4,"featured_media":0,"parent":927,"menu_order":0,"comment_status":"closed","ping_status":"closed","template":"","meta":{"footnotes":""},"class_list":["post-1128","page","type-page","status-publish","hentry"],"featured_image_src":null,"featured_image_src_square":null,"_links":{"self":[{"href":"https:\/\/rentwell.org\/de\/wp-json\/wp\/v2\/pages\/1128","targetHints":{"allow":["GET"]}}],"collection":[{"href":"https:\/\/rentwell.org\/de\/wp-json\/wp\/v2\/pages"}],"about":[{"href":"https:\/\/rentwell.org\/de\/wp-json\/wp\/v2\/types\/page"}],"author":[{"embeddable":true,"href":"https:\/\/rentwell.org\/de\/wp-json\/wp\/v2\/users\/4"}],"replies":[{"embeddable":true,"href":"https:\/\/rentwell.org\/de\/wp-json\/wp\/v2\/comments?post=1128"}],"version-history":[{"count":0,"href":"https:\/\/rentwell.org\/de\/wp-json\/wp\/v2\/pages\/1128\/revisions"}],"up":[{"embeddable":true,"href":"https:\/\/rentwell.org\/de\/wp-json\/wp\/v2\/pages\/927"}],"wp:attachment":[{"href":"https:\/\/rentwell.org\/de\/wp-json\/wp\/v2\/media?parent=1128"}],"curies":[{"name":"wp","href":"https:\/\/api.w.org\/{rel}","templated":true}]}}