{"id":1109,"date":"2021-08-26T20:59:20","date_gmt":"2021-08-26T20:59:20","guid":{"rendered":"https:\/\/rentwell.org\/?page_id=1109"},"modified":"2024-11-21T19:14:45","modified_gmt":"2024-11-21T19:14:45","slug":"agreement","status":"publish","type":"page","link":"https:\/\/rentwell.org\/de\/tenants\/ecourse\/agreement\/","title":{"rendered":"Studentenbedingungen und -vereinbarung"},"content":{"rendered":"<div class=\"fullwidth\" ><div class=\"vc_row wpb_row vc_row-fluid\"><div class=\"wpb_column vc_column_container vc_col-sm-12\"><div class=\"vc_column-inner\"><div class=\"wpb_wrapper\">\t\t\t<div\n\t\t\t\tclass=\"darna-heading style1\" >\n\t\t\t\t\t\t\t\t\t<h2>Bedingungen und Vereinbarung<\/h2>\n\t\t\t\t\t\t\t\t\t\t\t<\/div>\n\t\t\t<div class=\"vc_empty_space\"   style=\"height: 32px\" ><span class=\"vc_empty_space_inner\"><\/span><\/div>\n<\/div><\/div><\/div><\/div><\/div><div class=\"fullwidth\" ><div class=\"vc_row wpb_row vc_row-fluid\"><div class=\"wpb_column vc_column_container vc_col-sm-12\"><div class=\"vc_column-inner\"><div class=\"wpb_wrapper\">\n\t<div class=\"wpb_text_column wpb_content_element\" >\n\t\t<div class=\"wpb_wrapper\">\n\t\t\t<p>Mir ist bekannt, dass dieser Lehrplan nur f\u00fcr allgemeine Bildungszwecke bestimmt ist und keine Rechtsberatung darstellt. Er ersetzt auch nicht die Beratung durch einen Anwalt. Bei konkreten Rechtsfragen wenden Sie sich bitte an einen Anwalt. Dieser Lehrplan wurde im Oktober 2009 erstellt und 2014, 2017 und 2019 aktualisiert. Obwohl alle angemessenen Anstrengungen unternommen wurden, um die Richtigkeit der Informationen in diesem Lehrplan zu gew\u00e4hrleisten, \u00fcbernehmen die Stadt Portland, Transition Projects, das Rent Well-Programm und die zertifizierten Rent Well-Lehrer keine Haftung f\u00fcr Fehlinformationen oder veraltete Informationen in diesem Lehrplan.<\/p>\n<p>Rent Well ist eine Reihe von Schulungsmaterialien, die Vermietern und Mietern helfen, gemeinsam f\u00fcr stabile, sichere und gesunde Mietwohnungen zu sorgen. Rent Well und seine Schulungsmaterialien und Lehrpl\u00e4ne sind eingetragene Marken von TRANSITION PROJECTS, INC. Daher verstehe ich, dass ich die Materialien und Lehrpl\u00e4ne weder ganz noch teilweise ohne vorherige schriftliche Zustimmung nachbilden oder reproduzieren darf.<\/p>\n<p>Mir ist bewusst, dass ich zwar alle Richtlinien zum Abschluss des von TRANSITION PROJECTS angebotenen Rent Well-Mieterschulungskurses erf\u00fclle, f\u00fcr den Zugriff auf den Vermieter-Anreizfonds jedoch \u00fcber meine blo\u00dfe Teilnahme und den Abschluss des Rent Well-Kurses hinaus weitere Anforderungen gelten. <span data-teams=\"true\">Um f\u00fcr das Rent Guarantee Program (RGP) in Frage zu kommen, muss ich best\u00e4tigen, dass mein monatliches Einkommen h\u00f6chstens 60% des mittleren Familieneinkommens betr\u00e4gt, wie es durch die Einkommens- und Mietgrenzen der HOME- und CDBG-Zusch\u00fcsse f\u00fcr das laufende Jahr definiert ist.<\/span> (<a href=\"https:\/\/www.oregon.gov\/ohcs\/compliance-monitoring\/Pages\/rent-income-limits.aspx\" target=\"_blank\" rel=\"noopener\">www.oregon.gov\/ohcs\/pages\/research-income-rent-limits.aspx)<\/a> und dass ich, wie in meinem Studierendeninformationsformular angegeben, Schwierigkeiten habe, eine dauerhafte Unterkunft zu finden. Ich erteile meinem Dozenten, meinem Fallmanager und\/oder deren Agentur die Erlaubnis, Rent Well, einem Programm von \u00dcbergangsprojekten, meine Berechtigung f\u00fcr das Mietgarantieprogramm (RGP) zu dokumentieren. Dieser Nachweis umfasst unter anderem eine Kopie eines Muster-Checks zur Mieterschulung, Inkassobriefe, Zivilberichte, Polizeiakten, Mietbuch, Kreditauskunft, Referenzschreiben, Fallmanagementnotizen und\/oder eine Kopie des Wohnungsportfolios\/Anschreibens.<\/p>\n<p>Mir ist bekannt, dass diese Freigabe erforderlich ist, damit das Rent Well-Programm Vermieter-Incentive-Fonds, wie beispielsweise das Rent Guarantee Program, erfolgreich in meinem Namen registrieren kann. Ich erlaube mir, meine Berechtigung f\u00fcr das Rent Guarantee Program (RGP) bei Oregon Housing and Community Services, der Agentur, die die RGP-Finanzierungsquelle \u00fcberwacht, sowie bei zuk\u00fcnftigen Vermietern, bei denen ich mein Rent Well-Zertifikat bis zu 18 Monate nach meinem Abschluss verwenden m\u00f6chte, zu \u00fcberpr\u00fcfen und zu best\u00e4tigen.<\/p>\n<p>Sobald das Zertifikat und das Mietgarantieprogramm bei meinem zuk\u00fcnftigen Vermieter registriert sind, erteile ich Rent Well die Erlaubnis, bis zu 13 Monate nach dem Einzugsdatum meines neuen Mietverh\u00e4ltnisses mit meinem Vermieter zu sprechen. In dieser Mitteilung geht es darum, ob die RGP-Finanzierung in meinem Namen ben\u00f6tigt wird, wenn ich im ersten Jahr des Mietverh\u00e4ltnisses ausziehe und unbezahlte Miete, Sch\u00e4den oder Rechtskosten hinterlasse.<\/p>\n<p>Wenn diese Erkl\u00e4rung nicht unterzeichnet ist und der Zugriff auf die erforderlichen Dokumente verweigert wird, kann der Vermieter-Incentive-Fonds nicht registriert werden. Ich bin mir bewusst, dass ich f\u00fcr alle Schulden im Zusammenhang mit meinem Mietverh\u00e4ltnis verantwortlich bin. Ich erteile meine Zustimmung freiwillig und bin mir bewusst, dass ich sie jederzeit schriftlich gegen\u00fcber der Stelle, die die Informationen bereitstellt oder empf\u00e4ngt, widerrufen kann. Ein solcher Widerruf gilt jedoch nicht f\u00fcr bereits freigegebene Informationen. Ich habe das Recht, die im Rahmen dieser Freigabe bereitgestellten Informationen jederzeit einzusehen.<\/p>\n<p>Meine Genehmigung entbindet das Rent Well Program, Transition Projects, Oregon Housing and Community Services und meinen Vermieter\/Hausverwalter von jeglicher Haftung f\u00fcr Sch\u00e4den, die aus der Anfrage, Beschaffung, Bereitstellung und\/oder Ergreifung von Ma\u00dfnahmen auf Grundlage der in dieser Freigabe enthaltenen Informationen entstehen.<\/p>\n<p>Indem ich unten meinen Namen eintrage oder unterschreibe, best\u00e4tige ich an diesem Datum, dass die Informationen, die ich eingegeben und diesem Formular beigef\u00fcgt habe, nach meinem besten Wissen wahr und richtig sind. Mir ist bekannt, dass falsche Angaben einen Betrug darstellen. Abschnitt 1001 von Titel 18 des US Code stellt vors\u00e4tzliche, falsche oder falsche Angaben gegen\u00fcber einem Ministerium oder einer Beh\u00f6rde der Vereinigten Staaten oder gegen\u00fcber einer Angelegenheit in deren Zust\u00e4ndigkeitsbereich unter Strafe. Das F\u00e4lschen, Verbergen oder Vertuschen von Material durch Tricks, Pl\u00e4ne oder Vorrichtungen oder das Abgeben falscher, fiktiver oder betr\u00fcgerischer Angaben oder Angaben werden mit einer Geldstrafe von maximal $10.000 oder einer Freiheitsstrafe von nicht mehr als 5 Jahren oder beidem geahndet und k\u00f6nnen die R\u00fcckzahlung aller oder eines Teils der \u00fcber das Mietgarantieprogramm erhaltenen Gelder, Haftungen und Strafen gem\u00e4\u00df dem US Code oder dem Oregon False Claims Act (ORS 180.750 bis 180.785) sowie andere gesetzlich verf\u00fcgbare Rechtsmittel erfordern.<\/p>\n<p>Ich best\u00e4tige, dass ich diese Mitteilung gelesen habe oder mir vorlesen lie\u00df und ihren Inhalt verstehe. Ich bin mir bewusst, dass ich Anspruch auf eine Kopie dieser Mitteilung habe.<\/p>\n\n\t\t<\/div>\n\t<\/div>\n<div class=\"vc_empty_space\"   style=\"height: 32px\" ><span class=\"vc_empty_space_inner\"><\/span><\/div>\n<\/div><\/div><\/div><\/div><\/div><div class=\"fullwidth\" ><div class=\"vc_row wpb_row vc_row-fluid\"><div class=\"wpb_column vc_column_container vc_col-sm-12\"><div class=\"vc_column-inner\"><div class=\"wpb_wrapper\"><\/div><\/div><\/div><\/div><\/div>","protected":false},"excerpt":{"rendered":"Terms and Agreement I understand this curriculum is for general educational use only and does not constitute legal advice. Further, it is not a substitute for the advice of an attorney. If you have a specific legal question, you should contact an attorney. This curriculum was written in October 2009 and updated in 2014, 2017, [...]","protected":false},"author":4,"featured_media":0,"parent":3301,"menu_order":0,"comment_status":"closed","ping_status":"closed","template":"","meta":{"footnotes":""},"class_list":["post-1109","page","type-page","status-publish","hentry"],"featured_image_src":null,"featured_image_src_square":null,"_links":{"self":[{"href":"https:\/\/rentwell.org\/de\/wp-json\/wp\/v2\/pages\/1109","targetHints":{"allow":["GET"]}}],"collection":[{"href":"https:\/\/rentwell.org\/de\/wp-json\/wp\/v2\/pages"}],"about":[{"href":"https:\/\/rentwell.org\/de\/wp-json\/wp\/v2\/types\/page"}],"author":[{"embeddable":true,"href":"https:\/\/rentwell.org\/de\/wp-json\/wp\/v2\/users\/4"}],"replies":[{"embeddable":true,"href":"https:\/\/rentwell.org\/de\/wp-json\/wp\/v2\/comments?post=1109"}],"version-history":[{"count":0,"href":"https:\/\/rentwell.org\/de\/wp-json\/wp\/v2\/pages\/1109\/revisions"}],"up":[{"embeddable":true,"href":"https:\/\/rentwell.org\/de\/wp-json\/wp\/v2\/pages\/3301"}],"wp:attachment":[{"href":"https:\/\/rentwell.org\/de\/wp-json\/wp\/v2\/media?parent=1109"}],"curies":[{"name":"wp","href":"https:\/\/api.w.org\/{rel}","templated":true}]}}