{"id":106,"date":"2015-07-18T09:20:40","date_gmt":"2015-07-18T09:20:40","guid":{"rendered":"https:\/\/rentwell.org\/?page_id=106"},"modified":"2024-03-12T23:25:59","modified_gmt":"2024-03-12T23:25:59","slug":"home-1","status":"publish","type":"page","link":"https:\/\/rentwell.org\/de\/","title":{"rendered":"Heim"},"content":{"rendered":"<div class=\"container\" ><div class=\"vc_row wpb_row vc_row-fluid text-center margin-bottom-100\"><div class=\"col-md-5 col-sm-12 col-xs-12 wpb_column vc_column_container vc_col-sm-5\"><div class=\"vc_column-inner\"><div class=\"wpb_wrapper\"><div class=\"vc_empty_space  home-space\"   style=\"height: 250px\" ><span class=\"vc_empty_space_inner\"><\/span><\/div>\n\n\t<div  class=\"wpb_single_image wpb_content_element vc_align_center   home-image\">\n\t\t\n\t\t<figure class=\"wpb_wrapper vc_figure\">\n\t\t\t<div class=\"vc_single_image-wrapper   vc_box_border_grey\"><img loading=\"lazy\" decoding=\"async\" width=\"260\" height=\"300\" src=\"https:\/\/rentwell.org\/wp-content\/uploads\/2023\/02\/program-of-Transition-Projects.png\" class=\"vc_single_image-img attachment-medium\" alt=\"rent well program\" srcset=\"https:\/\/rentwell.org\/wp-content\/uploads\/2023\/02\/program-of-Transition-Projects.png 260w, https:\/\/rentwell.org\/wp-content\/uploads\/2023\/02\/program-of-Transition-Projects-10x12.png 10w\" sizes=\"auto, (max-width: 260px) 100vw, 260px\" \/><\/div>\n\t\t<\/figure>\n\t<\/div>\n<\/div><\/div><\/div><div class=\"col-md-7 col-sm-12 col-xs-12 wpb_column vc_column_container vc_col-sm-7\"><div class=\"vc_column-inner vc_custom_1437475347965\"><div class=\"wpb_wrapper\">\t\t\t<div\n\t\t\t\tclass=\"darna-heading style1\" >\n\t\t\t\t\t\t\t\t\t<h2>Holen Sie sich die Schl\u00fcssel, behalten Sie die Schl\u00fcssel<\/h2>\n\t\t\t\t\t\t\t\t\t\t\t<\/div>\n\t\t\t\n\t<div class=\"wpb_text_column wpb_content_element  vc_custom_1710285956748\" >\n\t\t<div class=\"wpb_wrapper\">\n\t\t\t<p><strong>Rent Well, ein Programm von \u00dcbergangsprojekten, <\/strong>ist ein 15-st\u00fcndiges Schulungsprogramm f\u00fcr Mieter, das Bewohnern von Oregon und Washington das Wissen und die F\u00e4higkeiten vermittelt, die sie brauchen, um erfolgreich mit dem Mieten umzugehen. Die Lektionen behandeln Budgetierung, Bewerbungsprozess, Kommunikationsf\u00e4higkeiten, Mieterrechte, Erwartungen des Vermieters, Wohnungswartung, Umzugstipps und vieles mehr.<\/p>\n<p>Rent Well-Kurse sind in drei verschiedenen Ausf\u00fchrungen verf\u00fcgbar, um den Bed\u00fcrfnissen der Community gerecht zu werden: Pr\u00e4senzsitzungen, Webinar-Stil und als Online-eCourse. Derzeit ist der eCourse nur f\u00fcr Einwohner von Oregon verf\u00fcgbar. Pr\u00e4senz- und Webinar-Kurse werden von zertifizierten Lehrern bei Partneragenturen abgehalten, die unsere Tenant Educator Academy abgeschlossen haben und durch Rezertifizierungen auf dem neuesten Stand bleiben. Diese Schulung ist eine intensive Vertiefung in die Art und Weise, wie der Kurs in ihrer Agentur abgehalten wird.<\/p>\n<h4 style=\"text-align: center;\"><strong>Wir glauben, dass jeder das Recht verdient, gut zu leben, gesund zu sein und gut zu vermieten.<\/strong><\/h4>\n\n\t\t<\/div>\n\t<\/div>\n\t\t\t\t\t\t<a class=\"darna-button size-xs style1 icon-left\"\n\t\t\t   href=\"https:\/\/rentwell.org\/de\/about\/\"\n\t\t\t   title=\"ERFAHREN SIE MEHR\"\n\t\t\t   target=\"_self\"\n\t\t\t\t>\n\t\t\t\tERFAHREN SIE MEHR\t\t\t<\/a>\n\t\t\t\t\t<\/div><\/div><\/div><\/div><\/div><div class=\"container\" ><div class=\"vc_row wpb_row vc_row-fluid text-center\"><div class=\"wpb_column vc_column_container vc_col-sm-12\"><div class=\"vc_column-inner\"><div class=\"wpb_wrapper\">\t\t\t<div\n\t\t\t\tclass=\"darna-heading style1\" >\n\t\t\t\t\t\t\t\t\t<h2>Unsere Dienstleistungen<\/h2>\n\t\t\t\t\t\t\t\t\t\t\t<\/div>\n\t\t\t<div class=\"vc_empty_space\"   style=\"height: 42px\" ><span class=\"vc_empty_space_inner\"><\/span><\/div>\n<\/div><\/div><\/div><div class=\"wpb_column vc_column_container vc_col-sm-4\"><div class=\"vc_column-inner\"><div class=\"wpb_wrapper\">\n\t<div  class=\"wpb_single_image wpb_content_element vc_align_center\">\n\t\t\n\t\t<figure class=\"wpb_wrapper vc_figure\">\n\t\t\t<div class=\"vc_single_image-wrapper   vc_box_border_grey\"><img loading=\"lazy\" decoding=\"async\" width=\"150\" height=\"150\" src=\"https:\/\/rentwell.org\/wp-content\/uploads\/2023\/04\/Home_TenantIcon-150x150.png\" class=\"vc_single_image-img attachment-thumbnail\" alt=\"\" srcset=\"https:\/\/rentwell.org\/wp-content\/uploads\/2023\/04\/Home_TenantIcon-150x150.png 150w, https:\/\/rentwell.org\/wp-content\/uploads\/2023\/04\/Home_TenantIcon-300x300.png 300w, https:\/\/rentwell.org\/wp-content\/uploads\/2023\/04\/Home_TenantIcon-1024x1024.png 1024w, https:\/\/rentwell.org\/wp-content\/uploads\/2023\/04\/Home_TenantIcon-768x768.png 768w, https:\/\/rentwell.org\/wp-content\/uploads\/2023\/04\/Home_TenantIcon-12x12.png 12w, https:\/\/rentwell.org\/wp-content\/uploads\/2023\/04\/Home_TenantIcon-600x600.png 600w, https:\/\/rentwell.org\/wp-content\/uploads\/2023\/04\/Home_TenantIcon.png 1316w\" sizes=\"auto, (max-width: 150px) 100vw, 150px\" \/><\/div>\n\t\t<\/figure>\n\t<\/div>\n<div class=\"vc_empty_space\"   style=\"height: 12px\" ><span class=\"vc_empty_space_inner\"><\/span><\/div>\n\n\t<div class=\"wpb_text_column wpb_content_element\" >\n\t\t<div class=\"wpb_wrapper\">\n\t\t\t<h2 style=\"text-align: center;\">F\u00dcR MIETER<\/h2>\n<p style=\"text-align: center;\">Erfahren Sie, wie Sie Ihre H\u00fcrden beim Wohnungsbau abbauen k\u00f6nnen, indem Sie an dem Mieterschulungskurs von Rent Well teilnehmen.<\/p>\n\n\t\t<\/div>\n\t<\/div>\n\t\t\t\t\t\t<a class=\"darna-button size-md style1 icon-left\"\n\t\t\t   href=\"https:\/\/rentwell.org\/de\/tenants\/\"\n\t\t\t   title=\"Weiterlesen\"\n\t\t\t   target=\"_self\"\n\t\t\t\t>\n\t\t\t\tWeiterlesen\t\t\t<\/a>\n\t\t\t\t\t<div class=\"vc_empty_space\"   style=\"height: 12px\" ><span class=\"vc_empty_space_inner\"><\/span><\/div>\n<\/div><\/div><\/div><div class=\"wpb_column vc_column_container vc_col-sm-4\"><div class=\"vc_column-inner\"><div class=\"wpb_wrapper\">\n\t<div  class=\"wpb_single_image wpb_content_element vc_align_center\">\n\t\t\n\t\t<figure class=\"wpb_wrapper vc_figure\">\n\t\t\t<div class=\"vc_single_image-wrapper   vc_box_border_grey\"><img loading=\"lazy\" decoding=\"async\" width=\"150\" height=\"150\" src=\"https:\/\/rentwell.org\/wp-content\/uploads\/2023\/04\/Home_AgencyIcon-150x150.png\" class=\"vc_single_image-img attachment-thumbnail\" alt=\"\" srcset=\"https:\/\/rentwell.org\/wp-content\/uploads\/2023\/04\/Home_AgencyIcon-150x150.png 150w, https:\/\/rentwell.org\/wp-content\/uploads\/2023\/04\/Home_AgencyIcon-300x300.png 300w, https:\/\/rentwell.org\/wp-content\/uploads\/2023\/04\/Home_AgencyIcon-1024x1024.png 1024w, https:\/\/rentwell.org\/wp-content\/uploads\/2023\/04\/Home_AgencyIcon-768x768.png 768w, https:\/\/rentwell.org\/wp-content\/uploads\/2023\/04\/Home_AgencyIcon-12x12.png 12w, https:\/\/rentwell.org\/wp-content\/uploads\/2023\/04\/Home_AgencyIcon-600x600.png 600w, https:\/\/rentwell.org\/wp-content\/uploads\/2023\/04\/Home_AgencyIcon.png 1259w\" sizes=\"auto, (max-width: 150px) 100vw, 150px\" \/><\/div>\n\t\t<\/figure>\n\t<\/div>\n<div class=\"vc_empty_space\"   style=\"height: 12px\" ><span class=\"vc_empty_space_inner\"><\/span><\/div>\n\n\t<div class=\"wpb_text_column wpb_content_element\" >\n\t\t<div class=\"wpb_wrapper\">\n\t\t\t<h2 style=\"text-align: center;\">F\u00dcR P\u00c4DAGOGEN<\/h2>\n<p style=\"text-align: center;\">Unterst\u00fctzen Sie Klienten auf ihrem Weg zum Wohnen, indem Sie P\u00e4dagoge oder kommunaler Agenturpartner werden.<\/p>\n\n\t\t<\/div>\n\t<\/div>\n\t\t\t\t\t\t<a class=\"darna-button size-md style1 icon-left\"\n\t\t\t   href=\"https:\/\/rentwell.org\/de\/educators\/\"\n\t\t\t   title=\"Weiterlesen\"\n\t\t\t   target=\"_self\"\n\t\t\t\t>\n\t\t\t\tWeiterlesen\t\t\t<\/a>\n\t\t\t\t\t<div class=\"vc_empty_space\"   style=\"height: 48px\" ><span class=\"vc_empty_space_inner\"><\/span><\/div>\n<\/div><\/div><\/div><div class=\"wpb_column vc_column_container vc_col-sm-4\"><div class=\"vc_column-inner\"><div class=\"wpb_wrapper\">\n\t<div  class=\"wpb_single_image wpb_content_element vc_align_center\">\n\t\t\n\t\t<figure class=\"wpb_wrapper vc_figure\">\n\t\t\t<div class=\"vc_single_image-wrapper   vc_box_border_grey\"><img loading=\"lazy\" decoding=\"async\" width=\"150\" height=\"150\" src=\"https:\/\/rentwell.org\/wp-content\/uploads\/2023\/04\/Home_LandlordIcon-150x150.png\" class=\"vc_single_image-img attachment-thumbnail\" alt=\"\" srcset=\"https:\/\/rentwell.org\/wp-content\/uploads\/2023\/04\/Home_LandlordIcon-150x150.png 150w, https:\/\/rentwell.org\/wp-content\/uploads\/2023\/04\/Home_LandlordIcon-300x300.png 300w, https:\/\/rentwell.org\/wp-content\/uploads\/2023\/04\/Home_LandlordIcon-1024x1024.png 1024w, https:\/\/rentwell.org\/wp-content\/uploads\/2023\/04\/Home_LandlordIcon-768x768.png 768w, https:\/\/rentwell.org\/wp-content\/uploads\/2023\/04\/Home_LandlordIcon-12x12.png 12w, https:\/\/rentwell.org\/wp-content\/uploads\/2023\/04\/Home_LandlordIcon-600x600.png 600w, https:\/\/rentwell.org\/wp-content\/uploads\/2023\/04\/Home_LandlordIcon.png 1456w\" sizes=\"auto, (max-width: 150px) 100vw, 150px\" \/><\/div>\n\t\t<\/figure>\n\t<\/div>\n<div class=\"vc_empty_space\"   style=\"height: 12px\" ><span class=\"vc_empty_space_inner\"><\/span><\/div>\n\n\t<div class=\"wpb_text_column wpb_content_element\" >\n\t\t<div class=\"wpb_wrapper\">\n\t\t\t<h2 style=\"text-align: center;\">F\u00dcR VERMIETER<\/h2>\n<p style=\"text-align: center;\">Erfahren Sie mehr \u00fcber die Vorteile der Vermietung an einen Absolventen von Rent Well, beispielsweise \u00fcber den Vermieter-Incentive-Fonds.<\/p>\n\n\t\t<\/div>\n\t<\/div>\n\t\t\t\t\t\t<a class=\"darna-button size-md style1 icon-left\"\n\t\t\t   href=\"https:\/\/rentwell.org\/de\/landlords\/\"\n\t\t\t   title=\"Weiterlesen\"\n\t\t\t   target=\"_self\"\n\t\t\t\t>\n\t\t\t\tWeiterlesen\t\t\t<\/a>\n\t\t\t\t\t<div class=\"vc_empty_space\"   style=\"height: 12px\" ><span class=\"vc_empty_space_inner\"><\/span><\/div>\n<\/div><\/div><\/div><\/div><\/div>","protected":false},"excerpt":{"rendered":"Get the Keys, Keep the Keys Rent Well, a program of Transition Projects, is a 15-hour tenant education program that helps empower OR &amp; WA residents with the knowledge and skills to navigate renting successfully. The lessons cover budgeting, the application process, communication skills, tenant rights, landlord expectations, unit maintenance, moving tips, and much more. [...]","protected":false},"author":2,"featured_media":0,"parent":0,"menu_order":0,"comment_status":"closed","ping_status":"closed","template":"","meta":{"footnotes":""},"class_list":["post-106","page","type-page","status-publish","hentry"],"featured_image_src":null,"featured_image_src_square":null,"_links":{"self":[{"href":"https:\/\/rentwell.org\/de\/wp-json\/wp\/v2\/pages\/106","targetHints":{"allow":["GET"]}}],"collection":[{"href":"https:\/\/rentwell.org\/de\/wp-json\/wp\/v2\/pages"}],"about":[{"href":"https:\/\/rentwell.org\/de\/wp-json\/wp\/v2\/types\/page"}],"author":[{"embeddable":true,"href":"https:\/\/rentwell.org\/de\/wp-json\/wp\/v2\/users\/2"}],"replies":[{"embeddable":true,"href":"https:\/\/rentwell.org\/de\/wp-json\/wp\/v2\/comments?post=106"}],"version-history":[{"count":0,"href":"https:\/\/rentwell.org\/de\/wp-json\/wp\/v2\/pages\/106\/revisions"}],"wp:attachment":[{"href":"https:\/\/rentwell.org\/de\/wp-json\/wp\/v2\/media?parent=106"}],"curies":[{"name":"wp","href":"https:\/\/api.w.org\/{rel}","templated":true}]}}